{"id":236,"date":"2026-03-23T10:24:25","date_gmt":"2026-03-23T02:24:25","guid":{"rendered":"https:\/\/www.envsin-testchamber.com\/?post_type=product&#038;p=236"},"modified":"2026-04-11T22:15:59","modified_gmt":"2026-04-11T14:15:59","slug":"walk-in-wet-heat-cycle-laboratory","status":"publish","type":"product","link":"https:\/\/www.envsin-testchamber.com\/ru\/product\/walk-in-wet-heat-cycle-laboratory\/","title":{"rendered":"\u041f\u0440\u043e\u0445\u043e\u0434\u043d\u0430\u044f \u043b\u0430\u0431\u043e\u0440\u0430\u0442\u043e\u0440\u0438\u044f \u043c\u043e\u043a\u0440\u043e\u0433\u043e \u0442\u0435\u043f\u043b\u043e\u0432\u043e\u0433\u043e \u0446\u0438\u043a\u043b\u0430"},"content":{"rendered":"<p><strong>\u0425\u0430\u0440\u0430\u043a\u0442\u0435\u0440\u0438\u0441\u0442\u0438\u043a\u0438 \u0442\u043e\u0432\u0430\u0440\u0430<\/strong><\/p>\n<p>1. \u041f\u0440\u0438\u043c\u0435\u043d\u044f\u044f \u0441\u0430\u043c\u044b\u0435 \u043f\u0435\u0440\u0435\u0434\u043e\u0432\u044b\u0435 \u043c\u0435\u0436\u0434\u0443\u043d\u0430\u0440\u043e\u0434\u043d\u044b\u0435 \u0442\u0435\u0445\u043d\u043e\u043b\u043e\u0433\u0438\u0438 \u043e\u0431\u0440\u0430\u0431\u043e\u0442\u043a\u0438 \u0441\u043a\u043b\u0430\u0434\u0430, \u0441\u043e\u0432\u0440\u0435\u043c\u0435\u043d\u043d\u044b\u0439 \u0434\u0438\u0437\u0430\u0439\u043d \u0438 \u0441\u043e\u0432\u0435\u0440\u0448\u0435\u043d\u043d\u044b\u0435 \u0432\u043e\u0437\u043c\u043e\u0436\u043d\u043e\u0441\u0442\u0438 \u0443\u043f\u0440\u0430\u0432\u043b\u0435\u043d\u0438\u044f.<br \/>\n2. \u0412\u0435\u0434\u0443\u0449\u0430\u044f \u043a\u043e\u043c\u0431\u0438\u043d\u0430\u0446\u0438\u044f \u043f\u043e\u043b\u043d\u0430\u044f \u0441\u0432\u0430\u0440\u043a\u0430 \u043f\u0440\u043e\u0446\u0435\u0441\u0441 \u0443\u0441\u0442\u0430\u043d\u043e\u0432\u043a\u0438 \u0442\u0435\u0445\u043d\u043e\u043b\u043e\u0433\u0438\u0438, \u043f\u043e\u0441\u0442\u043e\u044f\u043d\u043d\u0430\u044f \u0432\u044b\u0441\u043e\u043a\u0430\u044f \u0442\u0435\u043c\u043f\u0435\u0440\u0430\u0442\u0443\u0440\u0430 \u0438 \u0432\u044b\u0441\u043e\u043a\u0430\u044f \u0432\u043b\u0430\u0436\u043d\u043e\u0441\u0442\u044c \u0438\u043b\u0438 \u0432\u044b\u0441\u043e\u043a\u0430\u044f \u0442\u0435\u043c\u043f\u0435\u0440\u0430\u0442\u0443\u0440\u0430 \u0431\u0435\u0437 \u0434\u0435\u0444\u043e\u0440\u043c\u0430\u0446\u0438\u0438.<br \/>\n3. \u0421\u043f\u0435\u0446\u0438\u0430\u043b\u044c\u043d\u0430\u044f \u043a\u043e\u043d\u0441\u0442\u0440\u0443\u043a\u0446\u0438\u044f \u0431\u0435\u0437\u043e\u043f\u0430\u0441\u043d\u043e\u0441\u0442\u0438 \u0441 \u0444\u0443\u043d\u043a\u0446\u0438\u044f\u043c\u0438 \u0437\u0430\u0449\u0438\u0442\u044b \u043e\u0442 \u043f\u0435\u0440\u0435\u0433\u0440\u0435\u0432\u0430, \u0437\u0430\u0434\u044b\u043c\u043b\u0435\u043d\u0438\u044f, \u043e\u0442\u0441\u0443\u0442\u0441\u0442\u0432\u0438\u044f \u0432\u0435\u0442\u0440\u0430 \u0438 \u043e\u0442\u043a\u043b\u044e\u0447\u0435\u043d\u0438\u044f \u044d\u043b\u0435\u043a\u0442\u0440\u043e\u044d\u043d\u0435\u0440\u0433\u0438\u0438.<br \/>\n4. \u0420\u0430\u0441\u0448\u0438\u0440\u044f\u0435\u043c\u0430\u044f \u0437\u0430\u043f\u0430\u0442\u0435\u043d\u0442\u043e\u0432\u0430\u043d\u043d\u0430\u044f \u043a\u043e\u043d\u0441\u0442\u0440\u0443\u043a\u0446\u0438\u044f \u0443\u043b\u044c\u0442\u0440\u0430\u0437\u0432\u0443\u043a\u043e\u0432\u043e\u0439 \u0441\u0438\u0441\u0442\u0435\u043c\u044b \u0443\u0432\u043b\u0430\u0436\u043d\u0435\u043d\u0438\u044f \u043e\u0431\u0435\u0441\u043f\u0435\u0447\u0438\u0432\u0430\u0435\u0442 \u0434\u0438\u0430\u043f\u0430\u0437\u043e\u043d \u043f\u0440\u0438\u043c\u0435\u043d\u0435\u043d\u0438\u044f \u0441\u0432\u0435\u0440\u0445\u0432\u044b\u0441\u043e\u043a\u043e\u0439 \u0442\u0435\u043f\u043b\u043e\u0432\u043e\u0439 \u043d\u0430\u0433\u0440\u0443\u0437\u043a\u0438.<br \/>\n5. \u0426\u0432\u0435\u0442\u043d\u043e\u0439 \u044d\u043a\u0440\u0430\u043d 32-\u0431\u0438\u0442\u043d\u0430\u044f \u0441\u0438\u0441\u0442\u0435\u043c\u0430 \u0443\u043f\u0440\u0430\u0432\u043b\u0435\u043d\u0438\u044f \u0441 Ethernet E-management \u0438 \u0444\u0443\u043d\u043a\u0446\u0438\u0435\u0439 \u0434\u043e\u0441\u0442\u0443\u043f\u0430 \u043a \u0434\u0430\u043d\u043d\u044b\u043c \u0447\u0435\u0440\u0435\u0437 USB.<br \/>\n6. \u041c\u0430\u0441\u0448\u0442\u0430\u0431\u0438\u0440\u0443\u0435\u043c\u043e\u0435 \u0443\u043f\u0440\u0430\u0432\u043b\u0435\u043d\u0438\u0435 \u043c\u043e\u0431\u0438\u043b\u044c\u043d\u043e\u0439 \u043f\u043b\u0430\u0442\u0444\u043e\u0440\u043c\u043e\u0439 APP.<br \/>\n7. \u041f\u0440\u043e\u0433\u0440\u0430\u043c\u043c\u0438\u0440\u0443\u0435\u043c\u044b\u0439 \u0438\u0441\u0442\u043e\u0447\u043d\u0438\u043a \u043f\u0438\u0442\u0430\u043d\u0438\u044f \u043d\u0430\u0433\u0440\u0443\u0437\u043a\u0438 \u0441 4-\u043a\u0430\u043d\u0430\u043b\u044c\u043d\u044b\u043c \u0443\u043f\u0440\u0430\u0432\u043b\u0435\u043d\u0438\u0435\u043c \u0432\u044b\u0445\u043e\u0434\u043e\u043c ON\/OFF, \u0437\u0430\u0449\u0438\u0449\u0430\u044e\u0449\u0438\u0439 \u0431\u0435\u0437\u043e\u043f\u0430\u0441\u043d\u043e\u0441\u0442\u044c \u0442\u0435\u0441\u0442\u0438\u0440\u0443\u0435\u043c\u043e\u0433\u043e \u043f\u0440\u043e\u0434\u0443\u043a\u0442\u0430 \u0438 \u043e\u0431\u043e\u0440\u0443\u0434\u043e\u0432\u0430\u043d\u0438\u044f.<br \/>\n8. \u0417\u0430\u043f\u0430\u0442\u0435\u043d\u0442\u043e\u0432\u0430\u043d\u043d\u0430\u044f \u043a\u043e\u043d\u0441\u0442\u0440\u0443\u043a\u0446\u0438\u044f \u0443\u043d\u0438\u043a\u0430\u043b\u044c\u043d\u043e\u0439 \u0441\u0438\u0441\u0442\u0435\u043c\u044b \u0446\u0438\u0440\u043a\u0443\u043b\u044f\u0446\u0438\u0438 \u0432\u043e\u0437\u0434\u0443\u0445\u0430 \u043e\u0431\u0435\u0441\u043f\u0435\u0447\u0438\u0432\u0430\u0435\u0442 \u0442\u043e\u0447\u043d\u043e\u0441\u0442\u044c \u043f\u0440\u043e\u0432\u0435\u0440\u044f\u0435\u043c\u043e\u0433\u043e \u043f\u0440\u043e\u0434\u0443\u043a\u0442\u0430.<br \/>\n9. \u0424\u0443\u043d\u043a\u0446\u0438\u044f \u0437\u0430\u0449\u0438\u0442\u044b \u043e\u0442 \u043a\u043e\u043d\u0434\u0435\u043d\u0441\u0430\u0442\u0430 \u0438 \u043f\u0435\u0440\u0435\u0433\u0440\u0435\u0432\u0430, \u0431\u0435\u0437\u0432\u0435\u0442\u0440\u0438\u044f \u0438 \u0434\u044b\u043c\u0430 \u0432 \u043d\u0435\u0437\u0430\u0432\u0438\u0441\u0438\u043c\u043e\u043c \u0438\u0441\u043f\u044b\u0442\u0430\u0442\u0435\u043b\u044c\u043d\u043e\u043c \u043e\u0431\u0440\u0430\u0437\u0446\u0435.<br \/>\n10. \u041e\u043d \u043c\u043e\u0436\u0435\u0442 \u0440\u0430\u0441\u0448\u0438\u0440\u0438\u0442\u044c \u0444\u0443\u043d\u043a\u0446\u0438\u0438 \u0441\u0435\u0442\u0435\u0432\u043e\u0433\u043e \u0432\u0438\u0434\u0435\u043e\u043c\u043e\u043d\u0438\u0442\u043e\u0440\u0438\u043d\u0433\u0430 \u0438 \u0441\u0438\u043d\u0445\u0440\u043e\u043d\u0438\u0437\u0438\u0440\u043e\u0432\u0430\u0442\u044c\u0441\u044f \u0441 \u0442\u0435\u0441\u0442\u0438\u0440\u043e\u0432\u0430\u043d\u0438\u0435\u043c \u0434\u0430\u043d\u043d\u044b\u0445.<br \/>\n11. \u041e\u0441\u043d\u0430\u0449\u0435\u043d \u0430\u0432\u0442\u043e\u043c\u0430\u0442\u0438\u0447\u0435\u0441\u043a\u043e\u0439 \u043f\u043e\u0434\u0430\u0447\u0435\u0439 \u0432\u043e\u0434\u044b \u0441 \u0441\u0438\u0441\u0442\u0435\u043c\u043e\u0439 \u0443\u043b\u044c\u0442\u0440\u0430\u0447\u0438\u0441\u0442\u043e\u0439 \u0444\u0438\u043b\u044c\u0442\u0440\u0430\u0446\u0438\u0438 \u0438 \u0444\u0443\u043d\u043a\u0446\u0438\u0435\u0439 \u043f\u0440\u0435\u0434\u0443\u043f\u0440\u0435\u0436\u0434\u0435\u043d\u0438\u044f \u043e \u043d\u0435\u0445\u0432\u0430\u0442\u043a\u0435 \u0432\u043e\u0434\u044b.<br \/>\n12. \u041d\u0430\u0438\u0431\u043e\u043b\u0435\u0435 \u044d\u043a\u043e\u043b\u043e\u0433\u0438\u0447\u043d\u043e\u0435 \u0443\u043f\u0440\u0430\u0432\u043b\u0435\u043d\u0438\u0435 \u043e\u0445\u043b\u0430\u0436\u0434\u0430\u044e\u0449\u0438\u043c \u043f\u043e\u0442\u043e\u043a\u043e\u043c, \u044d\u043d\u0435\u0440\u0433\u043e\u0441\u0431\u0435\u0440\u0435\u0433\u0430\u044e\u0449\u0435\u0435 \u0438 \u0431\u044b\u0441\u0442\u0440\u043e\u0435 \u043f\u043e\u0432\u044b\u0448\u0435\u043d\u0438\u0435 \u0438 \u043f\u043e\u043d\u0438\u0436\u0435\u043d\u0438\u0435 \u0442\u0435\u043c\u043f\u0435\u0440\u0430\u0442\u0443\u0440\u044b.<br \/>\n13. \u0415\u0434\u0438\u043d\u0441\u0442\u0432\u0435\u043d\u043d\u0430\u044f \u0432 \u043e\u0442\u0440\u0430\u0441\u043b\u0438 \u0432\u043e\u0437\u043c\u043e\u0436\u043d\u043e\u0441\u0442\u044c \u0434\u043b\u0438\u0442\u0435\u043b\u044c\u043d\u043e\u0439 \u0440\u0430\u0431\u043e\u0442\u044b \u043f\u0440\u0438 \u043d\u0438\u0437\u043a\u0438\u0445 \u0442\u0435\u043c\u043f\u0435\u0440\u0430\u0442\u0443\u0440\u0430\u0445 \u0431\u0435\u0437 \u0444\u0443\u043d\u043a\u0446\u0438\u0438 \u0440\u0430\u0437\u043c\u043e\u0440\u0430\u0436\u0438\u0432\u0430\u043d\u0438\u044f.<br \/>\n14. \u0423\u043d\u0438\u043a\u0430\u043b\u044c\u043d\u044b\u0439 \u0434\u0438\u0437\u0430\u0439\u043d \u0440\u0435\u0436\u0438\u043c\u0430 \u0440\u0430\u0431\u043e\u0442\u044b, \u0431\u043e\u043a\u0441 \u0432\u043e\u0437\u0432\u0440\u0430\u0449\u0430\u0435\u0442\u0441\u044f \u043a \u043a\u043e\u043c\u043d\u0430\u0442\u043d\u043e\u0439 \u0442\u0435\u043c\u043f\u0435\u0440\u0430\u0442\u0443\u0440\u0435 \u043f\u043e\u0441\u043b\u0435 \u044d\u043a\u0441\u043f\u0435\u0440\u0438\u043c\u0435\u043d\u0442\u0430, \u0447\u0442\u043e\u0431\u044b \u0437\u0430\u0449\u0438\u0442\u0438\u0442\u044c \u0441\u043e\u0441\u0442\u043e\u044f\u043d\u0438\u0435 \u0438\u0441\u043f\u044b\u0442\u0443\u0435\u043c\u043e\u0433\u043e \u043e\u0431\u044a\u0435\u043a\u0442\u0430.<br \/>\n15. \u0410\u0432\u0442\u043e\u043c\u0430\u0442\u0438\u0447\u0435\u0441\u043a\u043e\u0435 \u043d\u0430\u043f\u043e\u043c\u0438\u043d\u0430\u043d\u0438\u0435 \u043e \u0432\u0440\u0435\u043c\u0435\u043d\u0438 \u043e\u0431\u0441\u043b\u0443\u0436\u0438\u0432\u0430\u043d\u0438\u044f \u043e\u0431\u043e\u0440\u0443\u0434\u043e\u0432\u0430\u043d\u0438\u044f \u0441\u0438\u0441\u0442\u0435\u043c\u044b \u0443\u043f\u0440\u0430\u0432\u043b\u0435\u043d\u0438\u044f \u0438 \u0444\u0443\u043d\u043a\u0446\u0438\u044f \u0440\u0430\u0437\u0440\u0430\u0431\u043e\u0442\u043a\u0438 \u043f\u0440\u043e\u0433\u0440\u0430\u043c\u043c\u043d\u043e\u0433\u043e \u043e\u0431\u0435\u0441\u043f\u0435\u0447\u0435\u043d\u0438\u044f \u0434\u043b\u044f \u043c\u0435\u0434\u0438\u0446\u0438\u043d\u0441\u043a\u0438\u0445 \u043a\u0430\u0440\u0442 \u043d\u0435\u0438\u0441\u043f\u0440\u0430\u0432\u043d\u043e\u0441\u0442\u0435\u0439.<br \/>\n16. \u0423\u0441\u0442\u0440\u043e\u0439\u0441\u0442\u0432\u043e \u043c\u043e\u0436\u0435\u0442 \u0440\u0430\u0441\u0448\u0438\u0440\u044f\u0442\u044c \u0444\u0443\u043d\u043a\u0446\u0438\u0438 \u0443\u0434\u0430\u043b\u0435\u043d\u043d\u043e\u0433\u043e \u043e\u0431\u0441\u043b\u0443\u0436\u0438\u0432\u0430\u043d\u0438\u044f \u0438 \u043f\u0440\u0435\u0434\u043e\u0441\u0442\u0430\u0432\u043b\u044f\u0442\u044c \u043e\u0431\u0443\u0447\u0430\u044e\u0449\u0438\u0435 \u043a\u043e\u043c\u043f\u0430\u043a\u0442-\u0434\u0438\u0441\u043a\u0438 \u0434\u043b\u044f \u0438\u0441\u043f\u043e\u043b\u044c\u0437\u043e\u0432\u0430\u043d\u0438\u044f \u043c\u0430\u0448\u0438\u043d\u044b.<\/p>\n<p style=\"text-align: center;\"><strong>Product Parameters<\/strong><\/p>\n<table style=\"width: 100%; border-collapse: collapse; border: 2px solid #000; font-family: Arial, sans-serif;\">\n<thead>\n<tr style=\"background-color: #f0f4f9;\">\n<th style=\"border: 1px solid #000; padding: 12px; text-align: center; font-weight: bold; font-size: 16px;\">PARAMETER<\/th>\n<th style=\"border: 1px solid #000; padding: 12px; text-align: left; font-weight: bold; font-size: 16px;\">VALUE \/ SPECIFICATION<\/th>\n<\/tr>\n<\/thead>\n<tbody>\n<tr>\n<td style=\"border: 1px solid #000; padding: 10px; font-size: 15px;\">Test Volume<\/td>\n<td style=\"border: 1px solid #000; padding: 10px; font-size: 15px;\">22m<sup>3<\/sup><\/td>\n<\/tr>\n<tr>\n<td style=\"border: 1px solid #000; padding: 10px; font-size: 15px;\">Working Chamber Dimensions<\/td>\n<td style=\"border: 1px solid #000; padding: 10px; font-size: 15px;\">2500mm \u00d7 4000mm \u00d7 2250mm (W \u00d7 D \u00d7 H)<\/td>\n<\/tr>\n<tr>\n<td style=\"border: 1px solid #000; padding: 10px; font-size: 15px;\">Overall Dimensions<\/td>\n<td style=\"border: 1px solid #000; padding: 10px; font-size: 15px;\">Approx: 4400mm \u00d7 4480mm \u00d7 2650mm (W \u00d7 D \u00d7 H)<\/td>\n<\/tr>\n<tr>\n<td style=\"border: 1px solid #000; padding: 10px; font-size: 15px;\">Power Supply<\/td>\n<td style=\"border: 1px solid #000; padding: 10px; font-size: 15px;\">AC380V \u00b110%, 50Hz \u00b11, Three-phase four-wire +<br \/>\ngrounding wire (3\/N\/PE), grounding resistance &lt; 4\u03a9<\/td>\n<\/tr>\n<tr>\n<td style=\"border: 1px solid #000; padding: 10px; font-size: 15px;\">Maximum Operating Power<\/td>\n<td style=\"border: 1px solid #000; padding: 10px; font-size: 15px;\">Approx: 65.2KW (Actual based on final engineering<br \/>\ndesign)<\/td>\n<\/tr>\n<tr>\n<td style=\"border: 1px solid #000; padding: 10px; font-size: 15px;\">Maximum Operating Current<\/td>\n<td style=\"border: 1px solid #000; padding: 10px; font-size: 15px;\">Approx: 113.9A (Actual based on final engineering<br \/>\ndesign)<\/td>\n<\/tr>\n<tr>\n<td style=\"border: 1px solid #000; padding: 10px; font-size: 15px;\">Cooling Method<\/td>\n<td style=\"border: 1px solid #000; padding: 10px; font-size: 15px;\">Water Cooling<\/td>\n<\/tr>\n<tr>\n<td style=\"border: 1px solid #000; padding: 10px; font-size: 15px;\">Temperature Range<\/td>\n<td style=\"border: 1px solid #000; padding: 10px; font-size: 15px;\">-40\u2103 ~ +100\u2103<\/td>\n<\/tr>\n<tr>\n<td style=\"border: 1px solid #000; padding: 10px; font-size: 15px;\">Temperature Uniformity<\/td>\n<td style=\"border: 1px solid #000; padding: 10px; font-size: 15px;\">\u22642\u2103<\/td>\n<\/tr>\n<tr>\n<td style=\"border: 1px solid #000; padding: 10px; font-size: 15px;\">Temperature Fluctuation<\/td>\n<td style=\"border: 1px solid #000; padding: 10px; font-size: 15px;\">\u00b10.5\u2103<\/td>\n<\/tr>\n<tr>\n<td style=\"border: 1px solid #000; padding: 10px; font-size: 15px;\">Temperature Deviation<\/td>\n<td style=\"border: 1px solid #000; padding: 10px; font-size: 15px;\">\u00b12\u2103<\/td>\n<\/tr>\n<tr>\n<td style=\"border: 1px solid #000; padding: 10px; font-size: 15px;\">Heating Rate<\/td>\n<td style=\"border: 1px solid #000; padding: 10px; font-size: 15px;\">3\u2103\/min (Average over full range)<\/td>\n<\/tr>\n<tr>\n<td style=\"border: 1px solid #000; padding: 10px; font-size: 15px;\">Cooling Rate<\/td>\n<td style=\"border: 1px solid #000; padding: 10px; font-size: 15px;\">2\u2103\/min (Average over full range)<\/td>\n<\/tr>\n<tr>\n<td style=\"border: 1px solid #000; padding: 10px; font-size: 15px;\">Temperature Control Range<\/td>\n<td style=\"border: 1px solid #000; padding: 10px; font-size: 15px;\">10\u2103 ~ 85\u2103<\/td>\n<\/tr>\n<tr>\n<td style=\"border: 1px solid #000; padding: 10px; font-size: 15px;\">Humidity Range<\/td>\n<td style=\"border: 1px solid #000; padding: 10px; font-size: 15px;\">10%RH ~ 98%RH<\/td>\n<\/tr>\n<tr>\n<td style=\"border: 1px solid #000; padding: 10px; font-size: 15px;\">Humidity Uniformity<\/td>\n<td style=\"border: 1px solid #000; padding: 10px; font-size: 15px;\">\u00b15.0%RH<\/td>\n<\/tr>\n<tr>\n<td style=\"border: 1px solid #000; padding: 10px; font-size: 15px;\">Damp Heat Test<\/td>\n<td style=\"border: 1px solid #000; padding: 10px; font-size: 15px;\">Humidity Fluctuation: \u00b13.0%RH<\/td>\n<\/tr>\n<tr>\n<td style=\"border: 1px solid #000; padding: 10px; font-size: 15px;\">Humidity Deviation<\/td>\n<td style=\"border: 1px solid #000; padding: 10px; font-size: 15px;\">+2% ~ -3% (&gt;75%RH)<\/td>\n<\/tr>\n<tr>\n<td style=\"border: 1px solid #000; padding: 10px; font-size: 15px;\">Applicable Test Standards<\/td>\n<td style=\"border: 1px solid #000; padding: 10px; font-size: 15px;\">\n<ul style=\"margin: 0; padding-left: 20px; list-style-type: disc;\">\n<li>GB\/T 2423.1-2008 Test A: Low Temperature Test Method<\/li>\n<li>GB\/T 2423.2-2008 Test B: High Temperature Test Method<\/li>\n<li>GB\/T 2423.3-2008 Test Ca: Constant Damp Heat Test Method<\/li>\n<li>GB\/T 2423.4-2008 Test Db: Alternating Damp Heat Test Method<\/li>\n<li>GB150.3A-2009 High Temperature Test<\/li>\n<li>GB150.4A-2009 Low Temperature Test<\/li>\n<li>GB150.9A-2009 Damp Heat Test<\/li>\n<\/ul>\n<\/td>\n<\/tr>\n<\/tbody>\n<\/table>\n<p><strong>\u041f\u0440\u0438\u043c\u0435\u043d\u0435\u043d\u0438\u0435 \u0438 \u0441\u0446\u0435\u043d\u0430\u0440\u0438\u0439<\/strong><\/p>\n<p>1. \u042d\u043b\u0435\u043a\u0442\u0440\u043e\u043d\u0438\u043a\u0430 \u0438 \u044d\u043b\u0435\u043a\u0442\u0440\u043e\u0442\u0435\u0445\u043d\u0438\u0447\u0435\u0441\u043a\u0430\u044f \u043f\u0440\u043e\u043c\u044b\u0448\u043b\u0435\u043d\u043d\u043e\u0441\u0442\u044c:<br \/>\n\u0422\u0435\u0441\u0442\u0438\u0440\u043e\u0432\u0430\u043d\u0438\u0435 \u0445\u0430\u0440\u0430\u043a\u0442\u0435\u0440\u0438\u0441\u0442\u0438\u043a \u044d\u043b\u0435\u043a\u0442\u0440\u043e\u043d\u043d\u044b\u0445 \u043a\u043e\u043c\u043f\u043e\u043d\u0435\u043d\u0442\u043e\u0432, \u0438\u043d\u0442\u0435\u0433\u0440\u0430\u043b\u044c\u043d\u044b\u0445 \u0441\u0445\u0435\u043c \u0438 \u043f\u0435\u0447\u0430\u0442\u043d\u044b\u0445 \u043f\u043b\u0430\u0442 \u0432 \u0443\u0441\u043b\u043e\u0432\u0438\u044f\u0445 \u0432\u044b\u0441\u043e\u043a\u043e\u0439, \u043d\u0438\u0437\u043a\u043e\u0439 \u0438 \u043f\u043e\u0432\u044b\u0448\u0435\u043d\u043d\u043e\u0439 \u0432\u043b\u0430\u0436\u043d\u043e\u0441\u0442\u0438, \u0447\u0442\u043e\u0431\u044b \u0443\u0431\u0435\u0434\u0438\u0442\u044c\u0441\u044f, \u0447\u0442\u043e \u0438\u0437\u0434\u0435\u043b\u0438\u044f \u0440\u0430\u0431\u043e\u0442\u0430\u044e\u0442 \u0434\u043e\u043b\u0436\u043d\u044b\u043c \u043e\u0431\u0440\u0430\u0437\u043e\u043c \u0432 \u0440\u0430\u0437\u043b\u0438\u0447\u043d\u044b\u0445 \u0441\u0440\u0435\u0434\u0430\u0445.<\/p>\n<p>2. \u0410\u0432\u0442\u043e\u043c\u043e\u0431\u0438\u043b\u044c\u043d\u0430\u044f \u043f\u0440\u043e\u043c\u044b\u0448\u043b\u0435\u043d\u043d\u043e\u0441\u0442\u044c:<br \/>\n\u041f\u0440\u043e\u0432\u0435\u0434\u0435\u043d\u0438\u0435 \u0432\u044b\u0441\u043e\u043a\u043e- \u0438 \u043d\u0438\u0437\u043a\u043e\u0442\u0435\u043c\u043f\u0435\u0440\u0430\u0442\u0443\u0440\u043d\u044b\u0445 \u0438\u0441\u043f\u044b\u0442\u0430\u043d\u0438\u0439, \u0430 \u0442\u0430\u043a\u0436\u0435 \u0438\u0441\u043f\u044b\u0442\u0430\u043d\u0438\u0439 \u0432 \u0440\u0435\u0436\u0438\u043c\u0435 \u0432\u043b\u0430\u0436\u043d\u043e\u0433\u043e \u0442\u0435\u0440\u043c\u043e\u0446\u0438\u043a\u043b\u0430 \u043d\u0430 \u0430\u0432\u0442\u043e\u043c\u043e\u0431\u0438\u043b\u044c\u043d\u044b\u0445 \u043a\u043e\u043c\u043f\u043e\u043d\u0435\u043d\u0442\u0430\u0445, \u0442\u0430\u043a\u0438\u0445 \u043a\u0430\u043a \u0434\u0432\u0438\u0433\u0430\u0442\u0435\u043b\u0438, \u043f\u0440\u0438\u0431\u043e\u0440\u043d\u044b\u0435 \u043f\u0430\u043d\u0435\u043b\u0438, \u0430\u043a\u043a\u0443\u043c\u0443\u043b\u044f\u0442\u043e\u0440\u044b \u0438 \u0442.\u0434., \u0434\u043b\u044f \u043e\u0446\u0435\u043d\u043a\u0438 \u0438\u0445 \u043d\u0430\u0434\u0435\u0436\u043d\u043e\u0441\u0442\u0438 \u0438 \u0441\u0440\u043e\u043a\u0430 \u0441\u043b\u0443\u0436\u0431\u044b \u0432 \u044d\u043a\u0441\u0442\u0440\u0435\u043c\u0430\u043b\u044c\u043d\u044b\u0445 \u0443\u0441\u043b\u043e\u0432\u0438\u044f\u0445.<\/p>\n<p>3. \u0410\u044d\u0440\u043e\u043a\u043e\u0441\u043c\u0438\u0447\u0435\u0441\u043a\u0430\u044f \u043f\u0440\u043e\u043c\u044b\u0448\u043b\u0435\u043d\u043d\u043e\u0441\u0442\u044c:<br \/>\n\u041f\u0440\u043e\u0432\u0435\u0434\u0435\u043d\u0438\u0435 \u0438\u043c\u0438\u0442\u0430\u0446\u0438\u043e\u043d\u043d\u044b\u0445 \u0438\u0441\u043f\u044b\u0442\u0430\u043d\u0438\u0439 \u043a\u043b\u044e\u0447\u0435\u0432\u044b\u0445 \u043a\u043e\u043c\u043f\u043e\u043d\u0435\u043d\u0442\u043e\u0432 \u0441\u0430\u043c\u043e\u043b\u0435\u0442\u043e\u0432 \u0438 \u043a\u043e\u0441\u043c\u0438\u0447\u0435\u0441\u043a\u0438\u0445 \u0430\u043f\u043f\u0430\u0440\u0430\u0442\u043e\u0432 \u0434\u043b\u044f \u043e\u0431\u0435\u0441\u043f\u0435\u0447\u0435\u043d\u0438\u044f \u0438\u0445 \u0440\u0430\u0431\u043e\u0442\u043e\u0441\u043f\u043e\u0441\u043e\u0431\u043d\u043e\u0441\u0442\u0438 \u0432 \u0443\u0441\u043b\u043e\u0432\u0438\u044f\u0445 \u0432\u044b\u0441\u043e\u043a\u043e\u0433\u043e\u0440\u044c\u044f, \u044d\u043a\u0441\u0442\u0440\u0435\u043c\u0430\u043b\u044c\u043d\u044b\u0445 \u0442\u0435\u043c\u043f\u0435\u0440\u0430\u0442\u0443\u0440 \u0438 \u0432\u043b\u0430\u0436\u043d\u043e\u0441\u0442\u0438.<\/p>\n<p>4. \u041c\u0430\u0442\u0435\u0440\u0438\u0430\u043b\u043e\u0432\u0435\u0434\u0435\u043d\u0438\u0435:<br \/>\n\u041f\u0440\u043e\u0432\u0435\u0434\u0435\u043d\u0438\u0435 \u0438\u0441\u043f\u044b\u0442\u0430\u043d\u0438\u0439 \u043d\u043e\u0432\u044b\u0445 \u043c\u0430\u0442\u0435\u0440\u0438\u0430\u043b\u043e\u0432 \u043f\u0440\u0438 \u0432\u044b\u0441\u043e\u043a\u0438\u0445 \u0438 \u043d\u0438\u0437\u043a\u0438\u0445 \u0442\u0435\u043c\u043f\u0435\u0440\u0430\u0442\u0443\u0440\u0430\u0445 \u0438 \u0432\u043b\u0430\u0436\u043d\u043e\u043c \u043d\u0430\u0433\u0440\u0435\u0432\u0435 \u0434\u043b\u044f \u043e\u0446\u0435\u043d\u043a\u0438 \u0438\u0445 \u0444\u0438\u0437\u0438\u0447\u0435\u0441\u043a\u0438\u0445 \u0438 \u0445\u0438\u043c\u0438\u0447\u0435\u0441\u043a\u0438\u0445 \u0441\u0432\u043e\u0439\u0441\u0442\u0432, \u0442\u0430\u043a\u0438\u0445 \u043a\u0430\u043a \u043f\u0440\u043e\u0447\u043d\u043e\u0441\u0442\u044c \u043d\u0430 \u0440\u0430\u0437\u0440\u044b\u0432, \u043a\u043e\u0440\u0440\u043e\u0437\u0438\u043e\u043d\u043d\u0430\u044f \u0441\u0442\u043e\u0439\u043a\u043e\u0441\u0442\u044c \u0438 \u0442\u0435\u043f\u043b\u043e\u0432\u043e\u0435 \u0440\u0430\u0441\u0448\u0438\u0440\u0435\u043d\u0438\u0435.<\/p>\n<p>5. \u0424\u0430\u0440\u043c\u0430\u0446\u0435\u0432\u0442\u0438\u043a\u0430 \u0438 \u0431\u0438\u043e\u0442\u0435\u0445\u043d\u043e\u043b\u043e\u0433\u0438\u044f:<br \/>\n\u0418\u0441\u043f\u043e\u043b\u044c\u0437\u0443\u0435\u0442\u0441\u044f \u0434\u043b\u044f \u0442\u0435\u0441\u0442\u0438\u0440\u043e\u0432\u0430\u043d\u0438\u044f \u0441\u0442\u0430\u0431\u0438\u043b\u044c\u043d\u043e\u0441\u0442\u0438 \u043b\u0435\u043a\u0430\u0440\u0441\u0442\u0432, \u043c\u043e\u0434\u0435\u043b\u0438\u0440\u0443\u0435\u0442 \u0443\u0441\u043b\u043e\u0432\u0438\u044f \u0445\u0440\u0430\u043d\u0435\u043d\u0438\u044f \u043b\u0435\u043a\u0430\u0440\u0441\u0442\u0432 \u043f\u0440\u0438 \u0440\u0430\u0437\u043b\u0438\u0447\u043d\u044b\u0445 \u0442\u0435\u043c\u043f\u0435\u0440\u0430\u0442\u0443\u0440\u0430\u0445 \u0438 \u0432\u043b\u0430\u0436\u043d\u043e\u0441\u0442\u0438, \u043e\u0431\u0435\u0441\u043f\u0435\u0447\u0438\u0432\u0430\u044f \u044d\u0444\u0444\u0435\u043a\u0442\u0438\u0432\u043d\u043e\u0441\u0442\u044c \u0438 \u0431\u0435\u0437\u043e\u043f\u0430\u0441\u043d\u043e\u0441\u0442\u044c \u043b\u0435\u043a\u0430\u0440\u0441\u0442\u0432 \u0432 \u0442\u0435\u0447\u0435\u043d\u0438\u0435 \u0441\u0440\u043e\u043a\u0430 \u0433\u043e\u0434\u043d\u043e\u0441\u0442\u0438.<\/p>\n<p>6. \u0421\u0442\u0440\u043e\u0438\u0442\u0435\u043b\u044c\u0441\u0442\u0432\u043e \u0438 \u0441\u0442\u0440\u043e\u0438\u0442\u0435\u043b\u044c\u043d\u044b\u0435 \u043c\u0430\u0442\u0435\u0440\u0438\u0430\u043b\u044b:<br \/>\n\u0418\u0441\u043f\u044b\u0442\u0430\u043d\u0438\u044f \u0441\u0442\u0440\u043e\u0438\u0442\u0435\u043b\u044c\u043d\u044b\u0445 \u043c\u0430\u0442\u0435\u0440\u0438\u0430\u043b\u043e\u0432, \u0442\u0430\u043a\u0438\u0445 \u043a\u0430\u043a \u0431\u0435\u0442\u043e\u043d, \u0441\u0442\u0430\u043b\u044c \u0438 \u0434\u0435\u0440\u0435\u0432\u043e, \u0432 \u0443\u0441\u043b\u043e\u0432\u0438\u044f\u0445 \u0432\u044b\u0441\u043e\u043a\u043e\u0439, \u043d\u0438\u0437\u043a\u043e\u0439 \u0438 \u0432\u043b\u0430\u0436\u043d\u043e\u0439 \u0441\u0440\u0435\u0434\u044b \u0434\u043b\u044f \u043e\u0431\u0435\u0441\u043f\u0435\u0447\u0435\u043d\u0438\u044f \u0431\u0435\u0437\u043e\u043f\u0430\u0441\u043d\u043e\u0441\u0442\u0438 \u0438 \u0434\u043e\u043b\u0433\u043e\u0432\u0435\u0447\u043d\u043e\u0441\u0442\u0438 \u0441\u0442\u0440\u043e\u0438\u0442\u0435\u043b\u044c\u043d\u044b\u0445 \u043a\u043e\u043d\u0441\u0442\u0440\u0443\u043a\u0446\u0438\u0439 \u0432 \u0440\u0430\u0437\u043b\u0438\u0447\u043d\u044b\u0445 \u043a\u043b\u0438\u043c\u0430\u0442\u0438\u0447\u0435\u0441\u043a\u0438\u0445 \u0443\u0441\u043b\u043e\u0432\u0438\u044f\u0445.<\/p>\n<p>7. \u0412\u043e\u0435\u043d\u043d\u044b\u0435 \u0438 \u043e\u0431\u043e\u0440\u043e\u043d\u0430:<br \/>\n\u041f\u0440\u043e\u0432\u0435\u0434\u0435\u043d\u0438\u0435 \u0438\u043c\u0438\u0442\u0430\u0446\u0438\u043e\u043d\u043d\u044b\u0445 \u0438\u0441\u043f\u044b\u0442\u0430\u043d\u0438\u0439 \u0441\u0438\u0441\u0442\u0435\u043c \u0432\u043e\u043e\u0440\u0443\u0436\u0435\u043d\u0438\u044f, \u0441\u0440\u0435\u0434\u0441\u0442\u0432 \u0441\u0432\u044f\u0437\u0438 \u0438 \u0442.\u0434. \u0434\u043b\u044f \u043e\u0431\u0435\u0441\u043f\u0435\u0447\u0435\u043d\u0438\u044f \u0438\u0445 \u043d\u0430\u0434\u0435\u0436\u043d\u043e\u0441\u0442\u0438 \u0432 \u0443\u0441\u043b\u043e\u0432\u0438\u044f\u0445 \u0431\u043e\u0435\u0432\u044b\u0445 \u0434\u0435\u0439\u0441\u0442\u0432\u0438\u0439.<\/p>","protected":false},"author":1,"featured_media":657,"template":"","meta":{"_acf_changed":false},"product_category":[20,15],"class_list":["post-236","product","type-product","status-publish","has-post-thumbnail","hentry","product_category-popular-products","product_category-temperature-humidity-test-series"],"acf":[],"_links":{"self":[{"href":"https:\/\/www.envsin-testchamber.com\/ru\/wp-json\/wp\/v2\/product\/236","targetHints":{"allow":["GET"]}}],"collection":[{"href":"https:\/\/www.envsin-testchamber.com\/ru\/wp-json\/wp\/v2\/product"}],"about":[{"href":"https:\/\/www.envsin-testchamber.com\/ru\/wp-json\/wp\/v2\/types\/product"}],"author":[{"embeddable":true,"href":"https:\/\/www.envsin-testchamber.com\/ru\/wp-json\/wp\/v2\/users\/1"}],"wp:featuredmedia":[{"embeddable":true,"href":"https:\/\/www.envsin-testchamber.com\/ru\/wp-json\/wp\/v2\/media\/657"}],"wp:attachment":[{"href":"https:\/\/www.envsin-testchamber.com\/ru\/wp-json\/wp\/v2\/media?parent=236"}],"wp:term":[{"taxonomy":"product_category","embeddable":true,"href":"https:\/\/www.envsin-testchamber.com\/ru\/wp-json\/wp\/v2\/product_category?post=236"}],"curies":[{"name":"wp","href":"https:\/\/api.w.org\/{rel}","templated":true}]}}