{"id":234,"date":"2026-03-23T10:21:18","date_gmt":"2026-03-23T02:21:18","guid":{"rendered":"https:\/\/www.envsin-testchamber.com\/?post_type=product&#038;p=234"},"modified":"2026-04-11T22:13:46","modified_gmt":"2026-04-11T14:13:46","slug":"walk-in-high-and-low-temperature-humidity-cycle-test-room","status":"publish","type":"product","link":"https:\/\/www.envsin-testchamber.com\/ru\/product\/walk-in-high-and-low-temperature-humidity-cycle-test-room\/","title":{"rendered":"\u041f\u0440\u043e\u0445\u043e\u0434\u043d\u0430\u044f \u043a\u043e\u043c\u043d\u0430\u0442\u0430 \u0434\u043b\u044f \u0438\u0441\u043f\u044b\u0442\u0430\u043d\u0438\u0439 \u0446\u0438\u043a\u043b\u043e\u0432 \u0432\u044b\u0441\u043e\u043a\u043e\u0439 \u0438 \u043d\u0438\u0437\u043a\u043e\u0439 \u0442\u0435\u043c\u043f\u0435\u0440\u0430\u0442\u0443\u0440\u044b \u0438 \u0432\u043b\u0430\u0436\u043d\u043e\u0441\u0442\u0438"},"content":{"rendered":"<p><strong>Product \u00b7 Features<\/strong><\/p>\n<p>1. \u041f\u0440\u0438\u043c\u0435\u043d\u044f\u044f \u0441\u0430\u043c\u044b\u0435 \u043f\u0435\u0440\u0435\u0434\u043e\u0432\u044b\u0435 \u043c\u0435\u0436\u0434\u0443\u043d\u0430\u0440\u043e\u0434\u043d\u044b\u0435 \u0442\u0435\u0445\u043d\u043e\u043b\u043e\u0433\u0438\u0438 \u043e\u0431\u0440\u0430\u0431\u043e\u0442\u043a\u0438 \u0441\u043a\u043b\u0430\u0434\u0430, \u0441\u043e\u0432\u0440\u0435\u043c\u0435\u043d\u043d\u044b\u0439 \u0434\u0438\u0437\u0430\u0439\u043d \u0438 \u0441\u043e\u0432\u0435\u0440\u0448\u0435\u043d\u043d\u044b\u0435 \u0432\u043e\u0437\u043c\u043e\u0436\u043d\u043e\u0441\u0442\u0438 \u0443\u043f\u0440\u0430\u0432\u043b\u0435\u043d\u0438\u044f.<br \/>\n2. \u0412\u0435\u0434\u0443\u0449\u0430\u044f \u043a\u043e\u043c\u0431\u0438\u043d\u0430\u0446\u0438\u044f \u043f\u043e\u043b\u043d\u0430\u044f \u0441\u0432\u0430\u0440\u043a\u0430 \u043f\u0440\u043e\u0446\u0435\u0441\u0441 \u0443\u0441\u0442\u0430\u043d\u043e\u0432\u043a\u0438 \u0442\u0435\u0445\u043d\u043e\u043b\u043e\u0433\u0438\u0438, \u043f\u043e\u0441\u0442\u043e\u044f\u043d\u043d\u0430\u044f \u0432\u044b\u0441\u043e\u043a\u0430\u044f \u0442\u0435\u043c\u043f\u0435\u0440\u0430\u0442\u0443\u0440\u0430 \u0438 \u0432\u044b\u0441\u043e\u043a\u0430\u044f \u0432\u043b\u0430\u0436\u043d\u043e\u0441\u0442\u044c \u0438\u043b\u0438 \u0432\u044b\u0441\u043e\u043a\u0430\u044f \u0442\u0435\u043c\u043f\u0435\u0440\u0430\u0442\u0443\u0440\u0430 \u0431\u0435\u0437 \u0434\u0435\u0444\u043e\u0440\u043c\u0430\u0446\u0438\u0438.<br \/>\n3. \u0421\u043f\u0435\u0446\u0438\u0430\u043b\u044c\u043d\u0430\u044f \u043a\u043e\u043d\u0441\u0442\u0440\u0443\u043a\u0446\u0438\u044f \u0431\u0435\u0437\u043e\u043f\u0430\u0441\u043d\u043e\u0441\u0442\u0438 \u0441 \u0444\u0443\u043d\u043a\u0446\u0438\u044f\u043c\u0438 \u0437\u0430\u0449\u0438\u0442\u044b \u043e\u0442 \u043f\u0435\u0440\u0435\u0433\u0440\u0435\u0432\u0430, \u0437\u0430\u0434\u044b\u043c\u043b\u0435\u043d\u0438\u044f, \u043e\u0442\u0441\u0443\u0442\u0441\u0442\u0432\u0438\u044f \u0432\u0435\u0442\u0440\u0430 \u0438 \u043e\u0442\u043a\u043b\u044e\u0447\u0435\u043d\u0438\u044f \u044d\u043b\u0435\u043a\u0442\u0440\u043e\u044d\u043d\u0435\u0440\u0433\u0438\u0438.<br \/>\n4. \u0420\u0430\u0441\u0448\u0438\u0440\u044f\u0435\u043c\u0430\u044f \u0437\u0430\u043f\u0430\u0442\u0435\u043d\u0442\u043e\u0432\u0430\u043d\u043d\u0430\u044f \u043a\u043e\u043d\u0441\u0442\u0440\u0443\u043a\u0446\u0438\u044f \u0443\u043b\u044c\u0442\u0440\u0430\u0437\u0432\u0443\u043a\u043e\u0432\u043e\u0439 \u0441\u0438\u0441\u0442\u0435\u043c\u044b \u0443\u0432\u043b\u0430\u0436\u043d\u0435\u043d\u0438\u044f \u043e\u0431\u0435\u0441\u043f\u0435\u0447\u0438\u0432\u0430\u0435\u0442 \u0434\u0438\u0430\u043f\u0430\u0437\u043e\u043d \u043f\u0440\u0438\u043c\u0435\u043d\u0435\u043d\u0438\u044f \u0441\u0432\u0435\u0440\u0445\u0432\u044b\u0441\u043e\u043a\u043e\u0439 \u0442\u0435\u043f\u043b\u043e\u0432\u043e\u0439 \u043d\u0430\u0433\u0440\u0443\u0437\u043a\u0438.<br \/>\n5. \u0426\u0432\u0435\u0442\u043d\u043e\u0439 \u044d\u043a\u0440\u0430\u043d 32-\u0431\u0438\u0442\u043d\u0430\u044f \u0441\u0438\u0441\u0442\u0435\u043c\u0430 \u0443\u043f\u0440\u0430\u0432\u043b\u0435\u043d\u0438\u044f \u0441 Ethernet E-management \u0438 \u0444\u0443\u043d\u043a\u0446\u0438\u0435\u0439 \u0434\u043e\u0441\u0442\u0443\u043f\u0430 \u043a \u0434\u0430\u043d\u043d\u044b\u043c \u0447\u0435\u0440\u0435\u0437 USB.<br \/>\n6. \u041c\u0430\u0441\u0448\u0442\u0430\u0431\u0438\u0440\u0443\u0435\u043c\u043e\u0435 \u0443\u043f\u0440\u0430\u0432\u043b\u0435\u043d\u0438\u0435 \u043c\u043e\u0431\u0438\u043b\u044c\u043d\u043e\u0439 \u043f\u043b\u0430\u0442\u0444\u043e\u0440\u043c\u043e\u0439 APP.<br \/>\n7. \u041f\u0440\u043e\u0433\u0440\u0430\u043c\u043c\u0438\u0440\u0443\u0435\u043c\u044b\u0439 \u0438\u0441\u0442\u043e\u0447\u043d\u0438\u043a \u043f\u0438\u0442\u0430\u043d\u0438\u044f \u043d\u0430\u0433\u0440\u0443\u0437\u043a\u0438 \u0441 4-\u043a\u0430\u043d\u0430\u043b\u044c\u043d\u044b\u043c \u0443\u043f\u0440\u0430\u0432\u043b\u0435\u043d\u0438\u0435\u043c \u0432\u044b\u0445\u043e\u0434\u043e\u043c ON\/OFF, \u0437\u0430\u0449\u0438\u0449\u0430\u044e\u0449\u0438\u0439 \u0431\u0435\u0437\u043e\u043f\u0430\u0441\u043d\u043e\u0441\u0442\u044c \u0442\u0435\u0441\u0442\u0438\u0440\u0443\u0435\u043c\u043e\u0433\u043e \u043f\u0440\u043e\u0434\u0443\u043a\u0442\u0430 \u0438 \u043e\u0431\u043e\u0440\u0443\u0434\u043e\u0432\u0430\u043d\u0438\u044f.<br \/>\n8. \u0417\u0430\u043f\u0430\u0442\u0435\u043d\u0442\u043e\u0432\u0430\u043d\u043d\u0430\u044f \u043a\u043e\u043d\u0441\u0442\u0440\u0443\u043a\u0446\u0438\u044f \u0443\u043d\u0438\u043a\u0430\u043b\u044c\u043d\u043e\u0439 \u0441\u0438\u0441\u0442\u0435\u043c\u044b \u0446\u0438\u0440\u043a\u0443\u043b\u044f\u0446\u0438\u0438 \u0432\u043e\u0437\u0434\u0443\u0445\u0430 \u043e\u0431\u0435\u0441\u043f\u0435\u0447\u0438\u0432\u0430\u0435\u0442 \u0442\u043e\u0447\u043d\u043e\u0441\u0442\u044c \u043f\u0440\u043e\u0432\u0435\u0440\u044f\u0435\u043c\u043e\u0433\u043e \u043f\u0440\u043e\u0434\u0443\u043a\u0442\u0430.<br \/>\n9. \u0424\u0443\u043d\u043a\u0446\u0438\u044f \u0437\u0430\u0449\u0438\u0442\u044b \u043e\u0442 \u043a\u043e\u043d\u0434\u0435\u043d\u0441\u0430\u0442\u0430 \u0438 \u043f\u0435\u0440\u0435\u0433\u0440\u0435\u0432\u0430, \u0431\u0435\u0437\u0432\u0435\u0442\u0440\u0438\u044f \u0438 \u0434\u044b\u043c\u0430 \u0432 \u043d\u0435\u0437\u0430\u0432\u0438\u0441\u0438\u043c\u043e\u043c \u0438\u0441\u043f\u044b\u0442\u0430\u0442\u0435\u043b\u044c\u043d\u043e\u043c \u043e\u0431\u0440\u0430\u0437\u0446\u0435.<br \/>\n10. \u041e\u043d \u043c\u043e\u0436\u0435\u0442 \u0440\u0430\u0441\u0448\u0438\u0440\u0438\u0442\u044c \u0444\u0443\u043d\u043a\u0446\u0438\u0438 \u0441\u0435\u0442\u0435\u0432\u043e\u0433\u043e \u0432\u0438\u0434\u0435\u043e\u043c\u043e\u043d\u0438\u0442\u043e\u0440\u0438\u043d\u0433\u0430 \u0438 \u0441\u0438\u043d\u0445\u0440\u043e\u043d\u0438\u0437\u0438\u0440\u043e\u0432\u0430\u0442\u044c\u0441\u044f \u0441 \u0442\u0435\u0441\u0442\u0438\u0440\u043e\u0432\u0430\u043d\u0438\u0435\u043c \u0434\u0430\u043d\u043d\u044b\u0445.<br \/>\n11. \u041e\u0441\u043d\u0430\u0449\u0435\u043d \u0430\u0432\u0442\u043e\u043c\u0430\u0442\u0438\u0447\u0435\u0441\u043a\u043e\u0439 \u043f\u043e\u0434\u0430\u0447\u0435\u0439 \u0432\u043e\u0434\u044b \u0441 \u0441\u0438\u0441\u0442\u0435\u043c\u043e\u0439 \u0443\u043b\u044c\u0442\u0440\u0430\u0447\u0438\u0441\u0442\u043e\u0439 \u0444\u0438\u043b\u044c\u0442\u0440\u0430\u0446\u0438\u0438 \u0438 \u0444\u0443\u043d\u043a\u0446\u0438\u0435\u0439 \u043f\u0440\u0435\u0434\u0443\u043f\u0440\u0435\u0436\u0434\u0435\u043d\u0438\u044f \u043e \u043d\u0435\u0445\u0432\u0430\u0442\u043a\u0435 \u0432\u043e\u0434\u044b.<br \/>\n12. \u041d\u0430\u0438\u0431\u043e\u043b\u0435\u0435 \u044d\u043a\u043e\u043b\u043e\u0433\u0438\u0447\u043d\u043e\u0435 \u0443\u043f\u0440\u0430\u0432\u043b\u0435\u043d\u0438\u0435 \u043e\u0445\u043b\u0430\u0436\u0434\u0430\u044e\u0449\u0438\u043c \u043f\u043e\u0442\u043e\u043a\u043e\u043c, \u044d\u043d\u0435\u0440\u0433\u043e\u0441\u0431\u0435\u0440\u0435\u0433\u0430\u044e\u0449\u0435\u0435 \u0438 \u0431\u044b\u0441\u0442\u0440\u043e\u0435 \u043f\u043e\u0432\u044b\u0448\u0435\u043d\u0438\u0435 \u0438 \u043f\u043e\u043d\u0438\u0436\u0435\u043d\u0438\u0435 \u0442\u0435\u043c\u043f\u0435\u0440\u0430\u0442\u0443\u0440\u044b.<br \/>\n13. The industry&#8217;s only long-term low-temperature operation without defrosting function.<br \/>\n14. \u0423\u043d\u0438\u043a\u0430\u043b\u044c\u043d\u044b\u0439 \u0434\u0438\u0437\u0430\u0439\u043d \u0440\u0435\u0436\u0438\u043c\u0430 \u0440\u0430\u0431\u043e\u0442\u044b, \u0431\u043e\u043a\u0441 \u0432\u043e\u0437\u0432\u0440\u0430\u0449\u0430\u0435\u0442\u0441\u044f \u043a \u043a\u043e\u043c\u043d\u0430\u0442\u043d\u043e\u0439 \u0442\u0435\u043c\u043f\u0435\u0440\u0430\u0442\u0443\u0440\u0435 \u043f\u043e\u0441\u043b\u0435 \u044d\u043a\u0441\u043f\u0435\u0440\u0438\u043c\u0435\u043d\u0442\u0430, \u0447\u0442\u043e\u0431\u044b \u0437\u0430\u0449\u0438\u0442\u0438\u0442\u044c \u0441\u043e\u0441\u0442\u043e\u044f\u043d\u0438\u0435 \u0438\u0441\u043f\u044b\u0442\u0443\u0435\u043c\u043e\u0433\u043e \u043e\u0431\u044a\u0435\u043a\u0442\u0430.<br \/>\n15. \u0410\u0432\u0442\u043e\u043c\u0430\u0442\u0438\u0447\u0435\u0441\u043a\u043e\u0435 \u043d\u0430\u043f\u043e\u043c\u0438\u043d\u0430\u043d\u0438\u0435 \u043e \u0432\u0440\u0435\u043c\u0435\u043d\u0438 \u043e\u0431\u0441\u043b\u0443\u0436\u0438\u0432\u0430\u043d\u0438\u044f \u043e\u0431\u043e\u0440\u0443\u0434\u043e\u0432\u0430\u043d\u0438\u044f \u0441\u0438\u0441\u0442\u0435\u043c\u044b \u0443\u043f\u0440\u0430\u0432\u043b\u0435\u043d\u0438\u044f \u0438 \u0444\u0443\u043d\u043a\u0446\u0438\u044f \u0440\u0430\u0437\u0440\u0430\u0431\u043e\u0442\u043a\u0438 \u043f\u0440\u043e\u0433\u0440\u0430\u043c\u043c\u043d\u043e\u0433\u043e \u043e\u0431\u0435\u0441\u043f\u0435\u0447\u0435\u043d\u0438\u044f \u0434\u043b\u044f \u043c\u0435\u0434\u0438\u0446\u0438\u043d\u0441\u043a\u0438\u0445 \u043a\u0430\u0440\u0442 \u043d\u0435\u0438\u0441\u043f\u0440\u0430\u0432\u043d\u043e\u0441\u0442\u0435\u0439.<br \/>\n16. \u0423\u0441\u0442\u0440\u043e\u0439\u0441\u0442\u0432\u043e \u043c\u043e\u0436\u0435\u0442 \u0440\u0430\u0441\u0448\u0438\u0440\u044f\u0442\u044c \u0444\u0443\u043d\u043a\u0446\u0438\u0438 \u0443\u0434\u0430\u043b\u0435\u043d\u043d\u043e\u0433\u043e \u043e\u0431\u0441\u043b\u0443\u0436\u0438\u0432\u0430\u043d\u0438\u044f \u0438 \u043f\u0440\u0435\u0434\u043e\u0441\u0442\u0430\u0432\u043b\u044f\u0442\u044c \u043e\u0431\u0443\u0447\u0430\u044e\u0449\u0438\u0435 \u043a\u043e\u043c\u043f\u0430\u043a\u0442-\u0434\u0438\u0441\u043a\u0438 \u0434\u043b\u044f \u0438\u0441\u043f\u043e\u043b\u044c\u0437\u043e\u0432\u0430\u043d\u0438\u044f \u043c\u0430\u0448\u0438\u043d\u044b.<\/p>\n<p style=\"text-align: center;\"><strong>Product Parameters<\/strong><\/p>\n<div style=\"overflow-x: auto; margin: 20px 0;\">\n<table class=\"wp-block-table\" style=\"width: 100%; border-collapse: collapse; border: 1px solid #ccc !important;\">\n<thead>\n<tr style=\"background: #e9ecef; text-align: center; font-weight: bold;\">\n<th style=\"border: 1px solid #ccc !important; padding: 8px;\">Test Parameter<\/th>\n<th style=\"border: 1px solid #ccc !important; padding: 8px;\">Value \/ Specification<\/th>\n<\/tr>\n<\/thead>\n<tbody>\n<tr>\n<td style=\"border: 1px solid #ccc !important; padding: 8px;\">Test Volume<\/td>\n<td style=\"border: 1px solid #ccc !important; padding: 8px;\">28 m\u00b3<\/td>\n<\/tr>\n<tr>\n<td style=\"border: 1px solid #ccc !important; padding: 8px;\">Interior Dimensions (W\u00d7D\u00d7H)<\/td>\n<td style=\"border: 1px solid #ccc !important; padding: 8px;\">2500mm \u00d7 5000mm \u00d7 2250mm (W\u00d7D\u00d7H)<\/td>\n<\/tr>\n<tr>\n<td style=\"border: 1px solid #ccc !important; padding: 8px;\">Overall Dimensions (W\u00d7D\u00d7H)<\/td>\n<td style=\"border: 1px solid #ccc !important; padding: 8px;\">Approx. 4400mm \u00d7 5480mm \u00d7 2650mm (W\u00d7D\u00d7H)<\/td>\n<\/tr>\n<tr>\n<td style=\"border: 1px solid #ccc !important; padding: 8px;\">Power Supply<\/td>\n<td style=\"border: 1px solid #ccc !important; padding: 8px;\">AC380V\u00b110%, 50Hz\u00b11, 3 Phase + Neutral + PE (3\/N\/PE), Grounding resistance &lt;4\u03a9<\/td>\n<\/tr>\n<tr>\n<td style=\"border: 1px solid #ccc !important; padding: 8px;\">Maximum Operating Power<\/td>\n<td style=\"border: 1px solid #ccc !important; padding: 8px;\">Approx. 76.2KW (Actual design shall prevail for final engineering)<\/td>\n<\/tr>\n<tr>\n<td style=\"border: 1px solid #ccc !important; padding: 8px;\">Maximum Operating Current<\/td>\n<td style=\"border: 1px solid #ccc !important; padding: 8px;\">Approx. 130A (Actual design shall prevail for final engineering)<\/td>\n<\/tr>\n<tr>\n<td style=\"border: 1px solid #ccc !important; padding: 8px;\">Cooling Method<\/td>\n<td style=\"border: 1px solid #ccc !important; padding: 8px;\">Water-cooled<\/td>\n<\/tr>\n<tr>\n<td style=\"border: 1px solid #ccc !important; padding: 8px;\">Temperature Range<\/td>\n<td style=\"border: 1px solid #ccc !important; padding: 8px;\">-40\u2103 ~ +100\u2103<\/td>\n<\/tr>\n<tr>\n<td style=\"border: 1px solid #ccc !important; padding: 8px;\">Temperature Uniformity<\/td>\n<td style=\"border: 1px solid #ccc !important; padding: 8px;\">\u22642\u2103<\/td>\n<\/tr>\n<tr>\n<td style=\"border: 1px solid #ccc !important; padding: 8px;\">Temperature Fluctuation<\/td>\n<td style=\"border: 1px solid #ccc !important; padding: 8px;\">\u00b10.5\u2103<\/td>\n<\/tr>\n<tr>\n<td style=\"border: 1px solid #ccc !important; padding: 8px;\">Temperature Deviation<\/td>\n<td style=\"border: 1px solid #ccc !important; padding: 8px;\">\u00b12\u2103<\/td>\n<\/tr>\n<tr>\n<td style=\"border: 1px solid #ccc !important; padding: 8px;\">Heating Rate (Overall Average)<\/td>\n<td style=\"border: 1px solid #ccc !important; padding: 8px;\">3\u2103\/min<\/td>\n<\/tr>\n<tr>\n<td style=\"border: 1px solid #ccc !important; padding: 8px;\">Cooling Rate (Overall Average)<\/td>\n<td style=\"border: 1px solid #ccc !important; padding: 8px;\">2\u2103\/min<\/td>\n<\/tr>\n<tr>\n<td style=\"border: 1px solid #ccc !important; padding: 8px;\">Controlled Temperature Range<\/td>\n<td style=\"border: 1px solid #ccc !important; padding: 8px;\">10\u2103 ~ +85\u2103<\/td>\n<\/tr>\n<tr>\n<td style=\"border: 1px solid #ccc !important; padding: 8px;\">Humidity Range<\/td>\n<td style=\"border: 1px solid #ccc !important; padding: 8px;\">10%RH ~ 98%RH<\/td>\n<\/tr>\n<tr>\n<td style=\"border: 1px solid #ccc !important; padding: 8px;\">Humidity Uniformity<\/td>\n<td style=\"border: 1px solid #ccc !important; padding: 8px;\">\u00b15.0%RH<\/td>\n<\/tr>\n<tr>\n<td style=\"border: 1px solid #ccc !important; padding: 8px;\">Damp Heat Test<br \/>\n(Humidity Fluctuation)<\/td>\n<td style=\"border: 1px solid #ccc !important; padding: 8px;\">\u00b13.0%RH<\/td>\n<\/tr>\n<tr>\n<td style=\"border: 1px solid #ccc !important; padding: 8px;\">Humidity Deviation<\/td>\n<td style=\"border: 1px solid #ccc !important; padding: 8px;\">+2% ~ -3% (&gt;75%RH)<\/td>\n<\/tr>\n<tr>\n<td style=\"border: 1px solid #ccc !important; padding: 8px;\">Applicable Test Standards<\/td>\n<td style=\"border: 1px solid #ccc !important; padding: 8px;\">\u2022 1. GB\/T 2423.1-2008 Test A: Low Temperature Test Method<br \/>\n\u2022 2. GB\/T 2423.2-2008 Test B: High Temperature Test Method<br \/>\n\u2022 3. GB\/T 2423.3-2008 Test C: Damp Heat Steady State Test<br \/>\n\u2022 4. GB\/T 2423.4-2008 Test D: Damp Heat Cyclic Test<br \/>\n\u2022 5. GB150.3A-2009 High Temperature Test<br \/>\n\u2022 6. GB150.4A-2009 Low Temperature Test<br \/>\n\u2022 7. GB150.9A-2009 Damp Heat Test<br \/>\n\u2022 8. GB\/T 5170.2-2008 Temperature Test Equipment<br \/>\n\u2022 9. GB\/T 5170.5-2008 Humidity Test Equipment<\/td>\n<\/tr>\n<\/tbody>\n<\/table>\n<\/div>\n<p><strong>\u041f\u0440\u0438\u043c\u0435\u043d\u0435\u043d\u0438\u0435 \u0438 \u0441\u0446\u0435\u043d\u0430\u0440\u0438\u0439<\/strong><\/p>\n<p>1. \u042d\u043b\u0435\u043a\u0442\u0440\u043e\u043d\u0438\u043a\u0430 \u0438 \u044d\u043b\u0435\u043a\u0442\u0440\u043e\u0442\u0435\u0445\u043d\u0438\u0447\u0435\u0441\u043a\u0430\u044f \u043f\u0440\u043e\u043c\u044b\u0448\u043b\u0435\u043d\u043d\u043e\u0441\u0442\u044c:<br \/>\n\u0422\u0435\u0441\u0442\u0438\u0440\u043e\u0432\u0430\u043d\u0438\u0435 \u0445\u0430\u0440\u0430\u043a\u0442\u0435\u0440\u0438\u0441\u0442\u0438\u043a \u044d\u043b\u0435\u043a\u0442\u0440\u043e\u043d\u043d\u044b\u0445 \u043a\u043e\u043c\u043f\u043e\u043d\u0435\u043d\u0442\u043e\u0432, \u0438\u043d\u0442\u0435\u0433\u0440\u0430\u043b\u044c\u043d\u044b\u0445 \u0441\u0445\u0435\u043c \u0438 \u043f\u0435\u0447\u0430\u0442\u043d\u044b\u0445 \u043f\u043b\u0430\u0442 \u0432 \u0443\u0441\u043b\u043e\u0432\u0438\u044f\u0445 \u0432\u044b\u0441\u043e\u043a\u043e\u0439, \u043d\u0438\u0437\u043a\u043e\u0439 \u0438 \u043f\u043e\u0432\u044b\u0448\u0435\u043d\u043d\u043e\u0439 \u0432\u043b\u0430\u0436\u043d\u043e\u0441\u0442\u0438, \u0447\u0442\u043e\u0431\u044b \u0443\u0431\u0435\u0434\u0438\u0442\u044c\u0441\u044f, \u0447\u0442\u043e \u0438\u0437\u0434\u0435\u043b\u0438\u044f \u0440\u0430\u0431\u043e\u0442\u0430\u044e\u0442 \u0434\u043e\u043b\u0436\u043d\u044b\u043c \u043e\u0431\u0440\u0430\u0437\u043e\u043c \u0432 \u0440\u0430\u0437\u043b\u0438\u0447\u043d\u044b\u0445 \u0441\u0440\u0435\u0434\u0430\u0445.<\/p>\n<p>2. \u0410\u0432\u0442\u043e\u043c\u043e\u0431\u0438\u043b\u044c\u043d\u0430\u044f \u043f\u0440\u043e\u043c\u044b\u0448\u043b\u0435\u043d\u043d\u043e\u0441\u0442\u044c:<br \/>\n\u041f\u0440\u043e\u0432\u0435\u0434\u0435\u043d\u0438\u0435 \u0432\u044b\u0441\u043e\u043a\u043e- \u0438 \u043d\u0438\u0437\u043a\u043e\u0442\u0435\u043c\u043f\u0435\u0440\u0430\u0442\u0443\u0440\u043d\u044b\u0445 \u0438\u0441\u043f\u044b\u0442\u0430\u043d\u0438\u0439, \u0430 \u0442\u0430\u043a\u0436\u0435 \u0438\u0441\u043f\u044b\u0442\u0430\u043d\u0438\u0439 \u0432 \u0440\u0435\u0436\u0438\u043c\u0435 \u0432\u043b\u0430\u0436\u043d\u043e\u0433\u043e \u0442\u0435\u0440\u043c\u043e\u0446\u0438\u043a\u043b\u0430 \u043d\u0430 \u0430\u0432\u0442\u043e\u043c\u043e\u0431\u0438\u043b\u044c\u043d\u044b\u0445 \u043a\u043e\u043c\u043f\u043e\u043d\u0435\u043d\u0442\u0430\u0445, \u0442\u0430\u043a\u0438\u0445 \u043a\u0430\u043a \u0434\u0432\u0438\u0433\u0430\u0442\u0435\u043b\u0438, \u043f\u0440\u0438\u0431\u043e\u0440\u043d\u044b\u0435 \u043f\u0430\u043d\u0435\u043b\u0438, \u0430\u043a\u043a\u0443\u043c\u0443\u043b\u044f\u0442\u043e\u0440\u044b \u0438 \u0442.\u0434., \u0434\u043b\u044f \u043e\u0446\u0435\u043d\u043a\u0438 \u0438\u0445 \u043d\u0430\u0434\u0435\u0436\u043d\u043e\u0441\u0442\u0438 \u0438 \u0441\u0440\u043e\u043a\u0430 \u0441\u043b\u0443\u0436\u0431\u044b \u0432 \u044d\u043a\u0441\u0442\u0440\u0435\u043c\u0430\u043b\u044c\u043d\u044b\u0445 \u0443\u0441\u043b\u043e\u0432\u0438\u044f\u0445.<\/p>\n<p>3. \u0410\u044d\u0440\u043e\u043a\u043e\u0441\u043c\u0438\u0447\u0435\u0441\u043a\u0430\u044f \u043f\u0440\u043e\u043c\u044b\u0448\u043b\u0435\u043d\u043d\u043e\u0441\u0442\u044c:<br \/>\n\u041f\u0440\u043e\u0432\u0435\u0434\u0435\u043d\u0438\u0435 \u0438\u043c\u0438\u0442\u0430\u0446\u0438\u043e\u043d\u043d\u044b\u0445 \u0438\u0441\u043f\u044b\u0442\u0430\u043d\u0438\u0439 \u043a\u043b\u044e\u0447\u0435\u0432\u044b\u0445 \u043a\u043e\u043c\u043f\u043e\u043d\u0435\u043d\u0442\u043e\u0432 \u0441\u0430\u043c\u043e\u043b\u0435\u0442\u043e\u0432 \u0438 \u043a\u043e\u0441\u043c\u0438\u0447\u0435\u0441\u043a\u0438\u0445 \u0430\u043f\u043f\u0430\u0440\u0430\u0442\u043e\u0432 \u0434\u043b\u044f \u043e\u0431\u0435\u0441\u043f\u0435\u0447\u0435\u043d\u0438\u044f \u0438\u0445 \u0440\u0430\u0431\u043e\u0442\u043e\u0441\u043f\u043e\u0441\u043e\u0431\u043d\u043e\u0441\u0442\u0438 \u0432 \u0443\u0441\u043b\u043e\u0432\u0438\u044f\u0445 \u0432\u044b\u0441\u043e\u043a\u043e\u0433\u043e\u0440\u044c\u044f, \u044d\u043a\u0441\u0442\u0440\u0435\u043c\u0430\u043b\u044c\u043d\u044b\u0445 \u0442\u0435\u043c\u043f\u0435\u0440\u0430\u0442\u0443\u0440 \u0438 \u0432\u043b\u0430\u0436\u043d\u043e\u0441\u0442\u0438.<\/p>\n<p>4. \u041c\u0430\u0442\u0435\u0440\u0438\u0430\u043b\u043e\u0432\u0435\u0434\u0435\u043d\u0438\u0435:<br \/>\n\u041f\u0440\u043e\u0432\u0435\u0434\u0435\u043d\u0438\u0435 \u0438\u0441\u043f\u044b\u0442\u0430\u043d\u0438\u0439 \u043d\u043e\u0432\u044b\u0445 \u043c\u0430\u0442\u0435\u0440\u0438\u0430\u043b\u043e\u0432 \u043f\u0440\u0438 \u0432\u044b\u0441\u043e\u043a\u0438\u0445 \u0438 \u043d\u0438\u0437\u043a\u0438\u0445 \u0442\u0435\u043c\u043f\u0435\u0440\u0430\u0442\u0443\u0440\u0430\u0445 \u0438 \u0432\u043b\u0430\u0436\u043d\u043e\u043c \u043d\u0430\u0433\u0440\u0435\u0432\u0435 \u0434\u043b\u044f \u043e\u0446\u0435\u043d\u043a\u0438 \u0438\u0445 \u0444\u0438\u0437\u0438\u0447\u0435\u0441\u043a\u0438\u0445 \u0438 \u0445\u0438\u043c\u0438\u0447\u0435\u0441\u043a\u0438\u0445 \u0441\u0432\u043e\u0439\u0441\u0442\u0432, \u0442\u0430\u043a\u0438\u0445 \u043a\u0430\u043a \u043f\u0440\u043e\u0447\u043d\u043e\u0441\u0442\u044c \u043d\u0430 \u0440\u0430\u0437\u0440\u044b\u0432, \u043a\u043e\u0440\u0440\u043e\u0437\u0438\u043e\u043d\u043d\u0430\u044f \u0441\u0442\u043e\u0439\u043a\u043e\u0441\u0442\u044c \u0438 \u0442\u0435\u043f\u043b\u043e\u0432\u043e\u0435 \u0440\u0430\u0441\u0448\u0438\u0440\u0435\u043d\u0438\u0435.<\/p>\n<p>5. \u0424\u0430\u0440\u043c\u0430\u0446\u0435\u0432\u0442\u0438\u043a\u0430 \u0438 \u0431\u0438\u043e\u0442\u0435\u0445\u043d\u043e\u043b\u043e\u0433\u0438\u044f:<br \/>\n\u0418\u0441\u043f\u043e\u043b\u044c\u0437\u0443\u0435\u0442\u0441\u044f \u0434\u043b\u044f \u0442\u0435\u0441\u0442\u0438\u0440\u043e\u0432\u0430\u043d\u0438\u044f \u0441\u0442\u0430\u0431\u0438\u043b\u044c\u043d\u043e\u0441\u0442\u0438 \u043b\u0435\u043a\u0430\u0440\u0441\u0442\u0432, \u043c\u043e\u0434\u0435\u043b\u0438\u0440\u0443\u0435\u0442 \u0443\u0441\u043b\u043e\u0432\u0438\u044f \u0445\u0440\u0430\u043d\u0435\u043d\u0438\u044f \u043b\u0435\u043a\u0430\u0440\u0441\u0442\u0432 \u043f\u0440\u0438 \u0440\u0430\u0437\u043b\u0438\u0447\u043d\u044b\u0445 \u0442\u0435\u043c\u043f\u0435\u0440\u0430\u0442\u0443\u0440\u0430\u0445 \u0438 \u0432\u043b\u0430\u0436\u043d\u043e\u0441\u0442\u0438, \u043e\u0431\u0435\u0441\u043f\u0435\u0447\u0438\u0432\u0430\u044f \u044d\u0444\u0444\u0435\u043a\u0442\u0438\u0432\u043d\u043e\u0441\u0442\u044c \u0438 \u0431\u0435\u0437\u043e\u043f\u0430\u0441\u043d\u043e\u0441\u0442\u044c \u043b\u0435\u043a\u0430\u0440\u0441\u0442\u0432 \u0432 \u0442\u0435\u0447\u0435\u043d\u0438\u0435 \u0441\u0440\u043e\u043a\u0430 \u0433\u043e\u0434\u043d\u043e\u0441\u0442\u0438.<\/p>\n<p>6. \u0421\u0442\u0440\u043e\u0438\u0442\u0435\u043b\u044c\u0441\u0442\u0432\u043e \u0438 \u0441\u0442\u0440\u043e\u0438\u0442\u0435\u043b\u044c\u043d\u044b\u0435 \u043c\u0430\u0442\u0435\u0440\u0438\u0430\u043b\u044b:<br \/>\n\u0418\u0441\u043f\u044b\u0442\u0430\u043d\u0438\u044f \u0441\u0442\u0440\u043e\u0438\u0442\u0435\u043b\u044c\u043d\u044b\u0445 \u043c\u0430\u0442\u0435\u0440\u0438\u0430\u043b\u043e\u0432, \u0442\u0430\u043a\u0438\u0445 \u043a\u0430\u043a \u0431\u0435\u0442\u043e\u043d, \u0441\u0442\u0430\u043b\u044c \u0438 \u0434\u0435\u0440\u0435\u0432\u043e, \u0432 \u0443\u0441\u043b\u043e\u0432\u0438\u044f\u0445 \u0432\u044b\u0441\u043e\u043a\u043e\u0439, \u043d\u0438\u0437\u043a\u043e\u0439 \u0438 \u0432\u043b\u0430\u0436\u043d\u043e\u0439 \u0441\u0440\u0435\u0434\u044b \u0434\u043b\u044f \u043e\u0431\u0435\u0441\u043f\u0435\u0447\u0435\u043d\u0438\u044f \u0431\u0435\u0437\u043e\u043f\u0430\u0441\u043d\u043e\u0441\u0442\u0438 \u0438 \u0434\u043e\u043b\u0433\u043e\u0432\u0435\u0447\u043d\u043e\u0441\u0442\u0438 \u0441\u0442\u0440\u043e\u0438\u0442\u0435\u043b\u044c\u043d\u044b\u0445 \u043a\u043e\u043d\u0441\u0442\u0440\u0443\u043a\u0446\u0438\u0439 \u0432 \u0440\u0430\u0437\u043b\u0438\u0447\u043d\u044b\u0445 \u043a\u043b\u0438\u043c\u0430\u0442\u0438\u0447\u0435\u0441\u043a\u0438\u0445 \u0443\u0441\u043b\u043e\u0432\u0438\u044f\u0445.<\/p>\n<p>7. \u0412\u043e\u0435\u043d\u043d\u044b\u0435 \u0438 \u043e\u0431\u043e\u0440\u043e\u043d\u0430:<br \/>\n\u041f\u0440\u043e\u0432\u0435\u0434\u0435\u043d\u0438\u0435 \u0438\u043c\u0438\u0442\u0430\u0446\u0438\u043e\u043d\u043d\u044b\u0445 \u0438\u0441\u043f\u044b\u0442\u0430\u043d\u0438\u0439 \u0441\u0438\u0441\u0442\u0435\u043c \u0432\u043e\u043e\u0440\u0443\u0436\u0435\u043d\u0438\u044f, \u0441\u0440\u0435\u0434\u0441\u0442\u0432 \u0441\u0432\u044f\u0437\u0438 \u0438 \u0442.\u0434. \u0434\u043b\u044f \u043e\u0431\u0435\u0441\u043f\u0435\u0447\u0435\u043d\u0438\u044f \u0438\u0445 \u043d\u0430\u0434\u0435\u0436\u043d\u043e\u0441\u0442\u0438 \u0432 \u0443\u0441\u043b\u043e\u0432\u0438\u044f\u0445 \u0431\u043e\u0435\u0432\u044b\u0445 \u0434\u0435\u0439\u0441\u0442\u0432\u0438\u0439.<\/p>","protected":false},"author":1,"featured_media":421,"template":"","meta":{"_acf_changed":false},"product_category":[15],"class_list":["post-234","product","type-product","status-publish","has-post-thumbnail","hentry","product_category-temperature-humidity-test-series"],"acf":[],"_links":{"self":[{"href":"https:\/\/www.envsin-testchamber.com\/ru\/wp-json\/wp\/v2\/product\/234","targetHints":{"allow":["GET"]}}],"collection":[{"href":"https:\/\/www.envsin-testchamber.com\/ru\/wp-json\/wp\/v2\/product"}],"about":[{"href":"https:\/\/www.envsin-testchamber.com\/ru\/wp-json\/wp\/v2\/types\/product"}],"author":[{"embeddable":true,"href":"https:\/\/www.envsin-testchamber.com\/ru\/wp-json\/wp\/v2\/users\/1"}],"wp:featuredmedia":[{"embeddable":true,"href":"https:\/\/www.envsin-testchamber.com\/ru\/wp-json\/wp\/v2\/media\/421"}],"wp:attachment":[{"href":"https:\/\/www.envsin-testchamber.com\/ru\/wp-json\/wp\/v2\/media?parent=234"}],"wp:term":[{"taxonomy":"product_category","embeddable":true,"href":"https:\/\/www.envsin-testchamber.com\/ru\/wp-json\/wp\/v2\/product_category?post=234"}],"curies":[{"name":"wp","href":"https:\/\/api.w.org\/{rel}","templated":true}]}}