{"id":565,"date":"2026-04-02T17:00:07","date_gmt":"2026-04-02T09:00:07","guid":{"rendered":"https:\/\/www.envsin-testchamber.com\/?post_type=product&#038;p=565"},"modified":"2026-04-11T22:09:16","modified_gmt":"2026-04-11T14:09:16","slug":"high-altitude-test-chamber","status":"publish","type":"product","link":"https:\/\/www.envsin-testchamber.com\/pt\/product\/high-altitude-test-chamber\/","title":{"rendered":"C\u00e2mara de teste de alta altitude"},"content":{"rendered":"<p style=\"text-align: center;\"><strong><span style=\"font-family: arial, helvetica, sans-serif; font-size: 16px;\">Product Parameters<\/span><\/strong><\/p>\n<table style=\"width: 100%; border-collapse: collapse; border: 2px solid #000;\" border=\"1\" cellspacing=\"0\" cellpadding=\"6\">\n<tbody>\n<tr>\n<td style=\"border: 1px solid #000; font-weight: bold;\">Temperature Chambers:<\/td>\n<td style=\"border: 1px solid #000;\">ETQ7200<\/td>\n<\/tr>\n<tr>\n<td style=\"border: 1px solid #000; font-weight: bold;\">Climate Chambers:<\/td>\n<td style=\"border: 1px solid #000;\">ECQ7200<\/td>\n<\/tr>\n<tr>\n<td style=\"border: 1px solid #000; font-weight: bold;\">Test Space Volume (L)<\/td>\n<td style=\"border: 1px solid #000;\">2000<\/td>\n<\/tr>\n<tr>\n<td style=\"border: 1px solid #000; font-weight: bold;\">Temp. Test Parameters:<\/td>\n<td style=\"border: 1px solid #000;\"><\/td>\n<\/tr>\n<tr>\n<td style=\"border: 1px solid #000; font-weight: bold;\">Temp. Range (\u00b0C)<\/td>\n<td style=\"border: 1px solid #000;\">-70~+150<\/td>\n<\/tr>\n<tr>\n<td style=\"border: 1px solid #000; font-weight: bold;\">Temp. Constancy (\u00b0C)<\/td>\n<td style=\"border: 1px solid #000;\">\u00b10.1-\u00b10.8 (Atmospheric Pressure No Load)<\/td>\n<\/tr>\n<tr>\n<td style=\"border: 1px solid #000; font-weight: bold;\">Temp. Homogeneity(\u00b0C)<\/td>\n<td style=\"border: 1px solid #000;\">\u00b10.5-\u00b12.0 (Atmospheric Pressure No Load)<\/td>\n<\/tr>\n<tr>\n<td style=\"border: 1px solid #000; font-weight: bold;\">Temp. Accuracy (\u00b0C)<\/td>\n<td style=\"border: 1px solid #000;\">\u00b12.0 (Atmospheric Pressure No Load)<\/td>\n<\/tr>\n<tr>\n<td style=\"border: 1px solid #000; font-weight: bold;\">Heat Up Time (min) (+ 20\u00b0C to ~150\u00b0C)<\/td>\n<td style=\"border: 1px solid #000;\">60<\/td>\n<\/tr>\n<tr>\n<td style=\"border: 1px solid #000; font-weight: bold;\">Cooling Down Time (min) (+ 20\u00b0C to~60\u00b0C)<\/td>\n<td style=\"border: 1px solid #000;\">80<\/td>\n<\/tr>\n<tr>\n<td style=\"border: 1px solid #000; font-weight: bold;\">Pressure Range (Kpa)<\/td>\n<td style=\"border: 1px solid #000;\">Atmospheric Pressure ~1.0 Atmospheric Pressure ~0.5<\/td>\n<\/tr>\n<tr>\n<td style=\"border: 1px solid #000; font-weight: bold;\">Pressure Accuracy (Kpa)<\/td>\n<td style=\"border: 1px solid #000;\">\u00b12 (Atmospheric Pressure ~40KPa); \u00b15%(40KPa~4KPa); \u00b10.1(4KPa~1KPa)<\/td>\n<\/tr>\n<tr>\n<td style=\"border: 1px solid #000; font-weight: bold;\">Pressure Release Time (min)<\/td>\n<td style=\"border: 1px solid #000;\">45(Atmospheric Pressure\u21921KPa)<\/td>\n<\/tr>\n<tr>\n<td style=\"border: 1px solid #000; font-weight: bold;\">Rapid Release of Pressure Function (optional)<\/td>\n<td style=\"border: 1px solid #000;\">Pressure Release Range: 75.2KPa \u2192 18.8KPa; Pressure Release Time: 15sec<\/td>\n<\/tr>\n<tr>\n<td style=\"border: 1px solid #000; font-weight: bold;\">Climate Test Parameters for ECQ series:<\/td>\n<td style=\"border: 1px solid #000;\"><\/td>\n<\/tr>\n<tr>\n<td style=\"border: 1px solid #000; font-weight: bold;\">Temp. Range (\u00b0C)<\/td>\n<td style=\"border: 1px solid #000;\">+10~+95<\/td>\n<\/tr>\n<tr>\n<td style=\"border: 1px solid #000; font-weight: bold;\">Temp.Constancy (\u00b0C)<\/td>\n<td style=\"border: 1px solid #000;\">\u00b10.1~\u00b10.8 (Atmospheric Pressure No Load)<\/td>\n<\/tr>\n<tr>\n<td style=\"border: 1px solid #000; font-weight: bold;\">Temp. Homogeneity (\u00b0C)<\/td>\n<td style=\"border: 1px solid #000;\">\u00b10.1~\u00b12.0 (Atmospheric Pressure No Load)<\/td>\n<\/tr>\n<tr>\n<td style=\"border: 1px solid #000; font-weight: bold;\">Humid. Range (%RH)<\/td>\n<td style=\"border: 1px solid #000;\">(10) 20-98 (Atmospheric Pressure No Load)<\/td>\n<\/tr>\n<tr>\n<td style=\"border: 1px solid #000; font-weight: bold;\">Humid. Constancy (%RH)<\/td>\n<td style=\"border: 1px solid #000;\">\u00b11-\u00b13 (Atmospheric Pressure No Load)<\/td>\n<\/tr>\n<tr>\n<td style=\"border: 1px solid #000; font-weight: bold;\">Test Space Dimension (mm)<\/td>\n<td style=\"border: 1px solid #000;\">1400W*1200D*1200H<\/td>\n<\/tr>\n<tr>\n<td style=\"border: 1px solid #000; font-weight: bold;\">External Dimension (mm)<\/td>\n<td style=\"border: 1px solid #000;\">1810W*3710D*2310H<\/td>\n<\/tr>\n<tr>\n<td style=\"border: 1px solid #000; font-weight: bold;\">Power<\/td>\n<td style=\"border: 1px solid #000;\">AC380V\u00b110%, 50HZ, 3\/N\/PE<\/td>\n<\/tr>\n<tr>\n<td style=\"border: 1px solid #000; font-weight: bold;\">Cooling Methods<\/td>\n<td style=\"border: 1px solid #000;\">Water-Cooled<\/td>\n<\/tr>\n<\/tbody>\n<\/table>\n<p><strong>Carater\u00edsticas do produto<\/strong><\/p>\n<p>Integral, (high altitude test chamber\u00a0door direction is in the front) for the studio, refrigeration unit\u00a0for the lower,\u00a0after the electric control cabinet and electric control device, the main control interface\u00a0is located in\u00a0front of the\u00a0high altitude test chamber\u00a0door, the expansion control panel is located in\u00a0the right back of the\u00a0high altitude test chamber. Wide open door, back and side of the studio for\u00a0circulating air\u00a0duct system and\u00a0air\u00a0conditioning system: air centrifugal fan, air diversion unit, low\u00a0pressure heat\u00a0radiation unit, heater,\u00a0humidifier, refrigeration heat exchanger, temperature\/low pressure\u00a0sensing unit.<\/p>\n<p><strong>Aplica\u00e7\u00f5es<\/strong><\/p>\n<p>1. Ind\u00fastria da eletr\u00f3nica e dos aparelhos el\u00e9ctricos<br \/>\nTeste de componentes: Avalia o desempenho e a fiabilidade de componentes electr\u00f3nicos, tais como resist\u00eancias, condensadores e dispositivos semicondutores, em ambientes de alta e baixa temperatura.<br \/>\nTeste de equipamentos completos: Testa o estado de funcionamento de equipamentos completos, como telem\u00f3veis, computadores e televisores, em diferentes ambientes de temperatura e humidade, garantindo a sua estabilidade em condi\u00e7\u00f5es extremas.<\/p>\n<p>2. Ind\u00fastria autom\u00f3vel<br \/>\nTeste de componentes: Testa a durabilidade e o desempenho de motores de autom\u00f3veis, sistemas de controlo eletr\u00f3nico, pain\u00e9is de instrumentos e outros componentes em ambientes de alta e baixa temperatura.<br \/>\nTeste de ve\u00edculos: Simula o desempenho do ve\u00edculo em diferentes condi\u00e7\u00f5es clim\u00e1ticas para avaliar o arranque, o funcionamento e o desempenho do estacionamento do ve\u00edculo em ambientes extremos.<\/p>\n<p>3. Aeroespacial<br \/>\nEnsaios de equipamentos: Avalia a fiabilidade de equipamentos e materiais aeroespaciais (tais como sistemas de controlo de aeronaves e equipamentos de navega\u00e7\u00e3o) em ambientes de alta e baixa temperatura.<br \/>\nEnsaios de materiais: Testa as propriedades f\u00edsicas e a estabilidade qu\u00edmica dos materiais aeroespaciais em diferentes condi\u00e7\u00f5es de temperatura.<\/p>\n<p>4. Produtos farmac\u00eauticos e biotecnologia<br \/>\nTestes de estabilidade farmac\u00eautica: Avalia a estabilidade de produtos farmac\u00eauticos em diferentes ambientes de temperatura e humidade para determinar o prazo de validade e as condi\u00e7\u00f5es de armazenamento.<br \/>\nEnsaios biofarmac\u00eauticos: Testa a efic\u00e1cia e a seguran\u00e7a de produtos biol\u00f3gicos, tais como vacinas e soros, em diferentes condi\u00e7\u00f5es ambientais.<\/p>\n<p>5. Ci\u00eancia dos materiais<br \/>\nEnsaios de durabilidade de materiais: Avalia a durabilidade e as carater\u00edsticas de envelhecimento de metais, pl\u00e1sticos e materiais compostos em ambientes de alta e baixa temperatura.<br \/>\nEnsaios de revestimentos e materiais de prote\u00e7\u00e3o: Testa o desempenho de revestimentos anti-corros\u00e3o, materiais de isolamento, etc., em diferentes ambientes.<\/p>\n<p>6. Militar e Defesa<br \/>\nTestes de armamento: Avalia o desempenho e a fiabilidade dos sistemas de armas e do equipamento de prote\u00e7\u00e3o em condi\u00e7\u00f5es ambientais extremas.<br \/>\nEnsaios de equipamentos electr\u00f3nicos militares: Ensaio da estabilidade operacional de equipamento de comunica\u00e7\u00e3o militar, sistemas de navega\u00e7\u00e3o, etc., em ambientes de alta e baixa temperatura.<\/p>\n<p>7. Novas energias<br \/>\nTeste de equipamento solar: Avalia\u00e7\u00e3o da efici\u00eancia e durabilidade de pain\u00e9is solares e equipamentos relacionados sob diferentes condi\u00e7\u00f5es de temperatura.<br \/>\nTeste de equipamentos de armazenamento de energia: Testes de desempenho e seguran\u00e7a de baterias e sistemas de armazenamento de energia em ambientes de alta e baixa temperatura.<\/p>\n<p>8. Constru\u00e7\u00e3o e engenharia civil<br \/>\nEnsaios de materiais de constru\u00e7\u00e3o: Avaliar o desempenho e a durabilidade de materiais de constru\u00e7\u00e3o como o bet\u00e3o, o a\u00e7o e os materiais de isolamento em diferentes condi\u00e7\u00f5es ambientais.<br \/>\nEnsaios estruturais: Simula\u00e7\u00e3o do comportamento de estruturas de edif\u00edcios em condi\u00e7\u00f5es extremas de temperatura para garantir a sua estabilidade e seguran\u00e7a em v\u00e1rias condi\u00e7\u00f5es climat\u00e9ricas.<\/p>\n<p>9. Produtos alimentares e de consumo<br \/>\nTeste do prazo de validade dos alimentos: Avalia\u00e7\u00e3o do prazo de validade e das altera\u00e7\u00f5es de qualidade de alimentos e bebidas sob diferentes condi\u00e7\u00f5es de temperatura.<br \/>\nEnsaio de materiais de embalagem: Testar o desempenho dos materiais de embalagem em ambientes de alta e baixa temperatura para garantir a seguran\u00e7a do produto durante o transporte e o armazenamento.<\/p>\n<p>10. Investiga\u00e7\u00e3o acad\u00e9mica<br \/>\nSimula\u00e7\u00e3o ambiental: Utilizada na investiga\u00e7\u00e3o clim\u00e1tica, na investiga\u00e7\u00e3o do ambiente ecol\u00f3gico e noutros dom\u00ednios para simular diferentes condi\u00e7\u00f5es ambientais naturais e estudar o seu impacto nos organismos e materiais.<br \/>\nInvestiga\u00e7\u00e3o cient\u00edfica fundamental: Simula\u00e7\u00e3o de condi\u00e7\u00f5es ambientais extremas para experi\u00eancias e testes em investiga\u00e7\u00e3o cient\u00edfica fundamental, como a f\u00edsica e a qu\u00edmica.<\/p>\n<p>11. Ind\u00fastria t\u00eaxtil e do vestu\u00e1rio<br \/>\nEnsaios de materiais: Avalia\u00e7\u00e3o da durabilidade e estabilidade de materiais t\u00eaxteis em ambientes de alta temperatura, baixa temperatura e h\u00famidos.<br \/>\nTestes de vestu\u00e1rio: Testar o conforto e o desempenho do vestu\u00e1rio em diferentes condi\u00e7\u00f5es de temperatura e humidade.<\/p>\n<p>12. Log\u00edstica e transportes<br \/>\nSimula\u00e7\u00e3o do ambiente de transporte: Simula\u00e7\u00e3o de condi\u00e7\u00f5es extremas de temperatura e humidade que podem ser encontradas durante o transporte para avaliar a resist\u00eancia e a seguran\u00e7a dos produtos durante o transporte.<br \/>\nEnsaios de embalagens: Testar o desempenho de prote\u00e7\u00e3o de materiais e concep\u00e7\u00f5es de embalagens em diferentes condi\u00e7\u00f5es ambientais.<\/p>","protected":false},"author":1,"featured_media":568,"template":"","meta":{"_acf_changed":false},"product_category":[6],"class_list":["post-565","product","type-product","status-publish","has-post-thumbnail","hentry","product_category-environmental-stress-screening-ess-series"],"acf":[],"_links":{"self":[{"href":"https:\/\/www.envsin-testchamber.com\/pt\/wp-json\/wp\/v2\/product\/565","targetHints":{"allow":["GET"]}}],"collection":[{"href":"https:\/\/www.envsin-testchamber.com\/pt\/wp-json\/wp\/v2\/product"}],"about":[{"href":"https:\/\/www.envsin-testchamber.com\/pt\/wp-json\/wp\/v2\/types\/product"}],"author":[{"embeddable":true,"href":"https:\/\/www.envsin-testchamber.com\/pt\/wp-json\/wp\/v2\/users\/1"}],"wp:featuredmedia":[{"embeddable":true,"href":"https:\/\/www.envsin-testchamber.com\/pt\/wp-json\/wp\/v2\/media\/568"}],"wp:attachment":[{"href":"https:\/\/www.envsin-testchamber.com\/pt\/wp-json\/wp\/v2\/media?parent=565"}],"wp:term":[{"taxonomy":"product_category","embeddable":true,"href":"https:\/\/www.envsin-testchamber.com\/pt\/wp-json\/wp\/v2\/product_category?post=565"}],"curies":[{"name":"wp","href":"https:\/\/api.w.org\/{rel}","templated":true}]}}