{"id":357,"date":"2026-03-23T14:29:45","date_gmt":"2026-03-23T06:29:45","guid":{"rendered":"https:\/\/www.envsin-testchamber.com\/?post_type=product&#038;p=357"},"modified":"2026-03-23T14:29:45","modified_gmt":"2026-03-23T06:29:45","slug":"keyboard-feel-full-inspection-tester-sa-20aj64b","status":"publish","type":"product","link":"https:\/\/www.envsin-testchamber.com\/pt\/product\/keyboard-feel-full-inspection-tester-sa-20aj64b\/","title":{"rendered":"Testador de inspe\u00e7\u00e3o completa do tato do teclado SA-20AJ64B"},"content":{"rendered":"<p>Especifica\u00e7\u00f5es da m\u00e1quina:<br \/>\nSele\u00e7\u00e3o da capacidade: 5kg\/10kgf\/20kg\/50kg\/100kg\/200kg (selectable);<br \/>\nComuta\u00e7\u00e3o de unidades: gf, kgf, N, lbf, kN (pode ser convertido arbitrariamente);<br \/>\nResolu\u00e7\u00e3o: 1\/1,000,000<br \/>\nClasse de m\u00e1quina: 0.2<br \/>\nCurso m\u00e1ximo: 600mm (excluindo pin\u00e7as);<br \/>\nVelocidade de ensaio: 5-300mm\/min, 10-300mm\/min, 50-500mm\/min (selecion\u00e1vel a partir de qualquer uma destas tr\u00eas gamas de velocidade).<\/p>\n<p>(Velocidade ajust\u00e1vel em cada mudan\u00e7a);<br \/>\nMotor: Motor de Taiwan + conversor de frequ\u00eancia<br \/>\nSistema de transmiss\u00e3o: Parafuso de esferas de precis\u00e3o de Taiwan<br \/>\nSistema e software de controlo: Software de teste UTM<br \/>\nSensor de for\u00e7a: Pode ser configurado de acordo com os requisitos do cliente<br \/>\nCaixa da m\u00e1quina e placa de press\u00e3o: A\u00e7o de norma nacional 45# com acabamento em esmalte cozido e perfil de alum\u00ednio<br \/>\nFuncionamento: Funcionamento totalmente computorizado<br \/>\nTamanho da m\u00e1quina: 500\u00d7500\u00d71150cm<br \/>\nPeso: Aprox. 60Kg<br \/>\nAlimenta\u00e7\u00e3o el\u00e9ctrica: 220V\/50Hz<br \/>\nCarater\u00edsticas da m\u00e1quina:<br \/>\n1. Pode efetuar ensaios de tra\u00e7\u00e3o, compress\u00e3o, descama\u00e7\u00e3o, rasgamento e for\u00e7a de liberta\u00e7\u00e3o, e pode visualizar simultaneamente a for\u00e7a e a deforma\u00e7\u00e3o;<br \/>\n2. Unidades m\u00e9tricas e imperiais incorporadas, que podem ser comutadas \u00e0 vontade;<br \/>\n3. Utiliza o motor Taiwan Taibang + driver; conetor de liberta\u00e7\u00e3o r\u00e1pida, pode utilizar v\u00e1rios grampos diferentes;<br \/>\n4. Pode ser ligado diretamente a uma impressora para emitir relat\u00f3rios, opera\u00e7\u00e3o totalmente informatizada, para controlo da m\u00e1quina, an\u00e1lise de dados e impress\u00e3o de relat\u00f3rios. Fun\u00e7\u00f5es;<\/p>\n<p>5. M\u00e9todo de transmiss\u00e3o: Parafuso de esferas de precis\u00e3o com tampa anti-p\u00f3 para proteger o parafuso e aumentar a vida \u00fatil e a precis\u00e3o;<\/p>\n<p>6. Prote\u00e7\u00e3o de seguran\u00e7a do hardware: prote\u00e7\u00e3o dos limites superior e inferior e prote\u00e7\u00e3o do bot\u00e3o de paragem de emerg\u00eancia.<\/p>","protected":false},"author":1,"featured_media":358,"template":"","meta":{"_acf_changed":false},"product_category":[7],"class_list":["post-357","product","type-product","status-publish","has-post-thumbnail","hentry","product_category-reliability-life-test-series"],"acf":[],"_links":{"self":[{"href":"https:\/\/www.envsin-testchamber.com\/pt\/wp-json\/wp\/v2\/product\/357","targetHints":{"allow":["GET"]}}],"collection":[{"href":"https:\/\/www.envsin-testchamber.com\/pt\/wp-json\/wp\/v2\/product"}],"about":[{"href":"https:\/\/www.envsin-testchamber.com\/pt\/wp-json\/wp\/v2\/types\/product"}],"author":[{"embeddable":true,"href":"https:\/\/www.envsin-testchamber.com\/pt\/wp-json\/wp\/v2\/users\/1"}],"wp:featuredmedia":[{"embeddable":true,"href":"https:\/\/www.envsin-testchamber.com\/pt\/wp-json\/wp\/v2\/media\/358"}],"wp:attachment":[{"href":"https:\/\/www.envsin-testchamber.com\/pt\/wp-json\/wp\/v2\/media?parent=357"}],"wp:term":[{"taxonomy":"product_category","embeddable":true,"href":"https:\/\/www.envsin-testchamber.com\/pt\/wp-json\/wp\/v2\/product_category?post=357"}],"curies":[{"name":"wp","href":"https:\/\/api.w.org\/{rel}","templated":true}]}}