{"id":355,"date":"2026-03-23T14:28:11","date_gmt":"2026-03-23T06:28:11","guid":{"rendered":"https:\/\/www.envsin-testchamber.com\/?post_type=product&#038;p=355"},"modified":"2026-03-23T14:28:11","modified_gmt":"2026-03-23T06:28:11","slug":"keyboard-online-cr-testing-machine-sa-20aj84g","status":"publish","type":"product","link":"https:\/\/www.envsin-testchamber.com\/pt\/product\/keyboard-online-cr-testing-machine-sa-20aj84g\/","title":{"rendered":"M\u00e1quina de teste CR online de teclado SA-20AJ84G"},"content":{"rendered":"<p>Fun\u00e7\u00f5es da m\u00e1quina: Detecta picos e vales de teclas, feedback t\u00e1til, etc.<\/p>\n<p>Carater\u00edsticas da m\u00e1quina: Emprega a tecnologia DSP para controlar o sistema de aquisi\u00e7\u00e3o de dados, com uma taxa de amostragem de at\u00e9 50.000Hz (nossa inven\u00e7\u00e3o patenteada), oferecendo fortes capacidades anti-interfer\u00eancia.<\/p>\n<p>Podem ser carregados dados de dete\u00e7\u00e3o e c\u00f3digos de barras para cada chave.<\/p>\n<p>Os produtos defeituosos podem ser marcados automaticamente.<\/p>\n<p>Destaques da m\u00e1quina: Velocidade de teste r\u00e1pida; um \u00fanico teclado pode ser testado em 6 segundos, adequado para a inspe\u00e7\u00e3o completa do produto.<\/p>\n<p>A nossa empresa investiga, desenvolve, fabrica e vende de forma independente v\u00e1rios instrumentos de teste de tra\u00e7\u00e3o, compress\u00e3o, tra\u00e7\u00e3o-compress\u00e3o e tor\u00e7\u00e3o, bem como m\u00e1quinas de teste de durabilidade e vida \u00fatil. A taxa de amostragem atinge 50.000 Hz, e a precis\u00e3o da carga pode atingir 0,2% (a 1\/200 da escala completa da c\u00e9lula de carga).<\/p>","protected":false},"author":1,"featured_media":356,"template":"","meta":{"_acf_changed":false},"product_category":[7],"class_list":["post-355","product","type-product","status-publish","has-post-thumbnail","hentry","product_category-reliability-life-test-series"],"acf":[],"_links":{"self":[{"href":"https:\/\/www.envsin-testchamber.com\/pt\/wp-json\/wp\/v2\/product\/355","targetHints":{"allow":["GET"]}}],"collection":[{"href":"https:\/\/www.envsin-testchamber.com\/pt\/wp-json\/wp\/v2\/product"}],"about":[{"href":"https:\/\/www.envsin-testchamber.com\/pt\/wp-json\/wp\/v2\/types\/product"}],"author":[{"embeddable":true,"href":"https:\/\/www.envsin-testchamber.com\/pt\/wp-json\/wp\/v2\/users\/1"}],"wp:featuredmedia":[{"embeddable":true,"href":"https:\/\/www.envsin-testchamber.com\/pt\/wp-json\/wp\/v2\/media\/356"}],"wp:attachment":[{"href":"https:\/\/www.envsin-testchamber.com\/pt\/wp-json\/wp\/v2\/media?parent=355"}],"wp:term":[{"taxonomy":"product_category","embeddable":true,"href":"https:\/\/www.envsin-testchamber.com\/pt\/wp-json\/wp\/v2\/product_category?post=355"}],"curies":[{"name":"wp","href":"https:\/\/api.w.org\/{rel}","templated":true}]}}