{"id":353,"date":"2026-03-23T14:27:01","date_gmt":"2026-03-23T06:27:01","guid":{"rendered":"https:\/\/www.envsin-testchamber.com\/?post_type=product&#038;p=353"},"modified":"2026-03-23T14:27:01","modified_gmt":"2026-03-23T06:27:01","slug":"five-axis-continuity-tester-sa-8005b","status":"publish","type":"product","link":"https:\/\/www.envsin-testchamber.com\/pt\/product\/five-axis-continuity-tester-sa-8005b\/","title":{"rendered":"Testador de continuidade de cinco eixos SA-8005B"},"content":{"rendered":"<p>Fun\u00e7\u00f5es da m\u00e1quina: Detecta picos e vales de teclas, feedback t\u00e1til, deslocamento, for\u00e7a de contacto, resist\u00eancia de contacto, curso de contacto, etc.<\/p>\n<p>Carater\u00edsticas da m\u00e1quina: Emprega a tecnologia DSP para controlar o sistema de aquisi\u00e7\u00e3o de dados, com uma taxa de amostragem de at\u00e9 50.000Hz (nossa inven\u00e7\u00e3o patenteada), oferecendo fortes capacidades anti-interfer\u00eancia.<\/p>\n<p>Podem ser carregados dados de dete\u00e7\u00e3o e c\u00f3digos de barras para cada chave.<\/p>\n<p>Os produtos defeituosos podem ser marcados automaticamente.<\/p>\n<p>Destaques da m\u00e1quina:<\/p>\n<p>1. Velocidade de teste r\u00e1pida: uma chave pode ser testada em 9 segundos, adequada para uma inspe\u00e7\u00e3o completa em linha;<\/p>\n<p>2. Pode ser diretamente integrado em linhas de produ\u00e7\u00e3o automatizadas.<\/p>","protected":false},"author":1,"featured_media":354,"template":"","meta":{"_acf_changed":false},"product_category":[7],"class_list":["post-353","product","type-product","status-publish","has-post-thumbnail","hentry","product_category-reliability-life-test-series"],"acf":[],"_links":{"self":[{"href":"https:\/\/www.envsin-testchamber.com\/pt\/wp-json\/wp\/v2\/product\/353","targetHints":{"allow":["GET"]}}],"collection":[{"href":"https:\/\/www.envsin-testchamber.com\/pt\/wp-json\/wp\/v2\/product"}],"about":[{"href":"https:\/\/www.envsin-testchamber.com\/pt\/wp-json\/wp\/v2\/types\/product"}],"author":[{"embeddable":true,"href":"https:\/\/www.envsin-testchamber.com\/pt\/wp-json\/wp\/v2\/users\/1"}],"wp:featuredmedia":[{"embeddable":true,"href":"https:\/\/www.envsin-testchamber.com\/pt\/wp-json\/wp\/v2\/media\/354"}],"wp:attachment":[{"href":"https:\/\/www.envsin-testchamber.com\/pt\/wp-json\/wp\/v2\/media?parent=353"}],"wp:term":[{"taxonomy":"product_category","embeddable":true,"href":"https:\/\/www.envsin-testchamber.com\/pt\/wp-json\/wp\/v2\/product_category?post=353"}],"curies":[{"name":"wp","href":"https:\/\/api.w.org\/{rel}","templated":true}]}}