{"id":349,"date":"2026-03-23T14:20:59","date_gmt":"2026-03-23T06:20:59","guid":{"rendered":"https:\/\/www.envsin-testchamber.com\/?post_type=product&#038;p=349"},"modified":"2026-03-23T14:20:59","modified_gmt":"2026-03-23T06:20:59","slug":"solder-joint-height-testing-machine-sa-505bh","status":"publish","type":"product","link":"https:\/\/www.envsin-testchamber.com\/pt\/product\/solder-joint-height-testing-machine-sa-505bh\/","title":{"rendered":"M\u00e1quina de ensaio da altura da junta de soldadura SA-505BH"},"content":{"rendered":"<p>A m\u00e1quina de ensaio de impacto de teclado pode testar v\u00e1rios produtos em simult\u00e2neo (cada produto pode ser testado em v\u00e1rios pontos), e cada sonda de tecla pode ser definida com diferentes press\u00f5es e alturas. Possui ciclos de ensaio e velocidade de ensaio ajust\u00e1veis, o que a torna, sem d\u00favida, a m\u00e1quina de ensaio de impacto mais econ\u00f3mica do mercado.<\/p>\n<p>Princ\u00edpio da m\u00e1quina: A m\u00e1quina de ensaio de impacto de teclado \u00e9 alimentada por um motor, utilizando uma roda exc\u00eantrica para criar um movimento rec\u00edproco. O dispositivo de roda exc\u00eantrica assegura que o motor roda apenas numa dire\u00e7\u00e3o, reduzindo significativamente a taxa de falha do instrumento e aumentando a velocidade de teste, poupando-lhe tempo valioso. O dispositivo de transmiss\u00e3o utiliza guias lineares, eliminando o problema de desalinhamento ap\u00f3s testes repetidos.<\/p>","protected":false},"author":1,"featured_media":350,"template":"","meta":{"_acf_changed":false},"product_category":[7],"class_list":["post-349","product","type-product","status-publish","has-post-thumbnail","hentry","product_category-reliability-life-test-series"],"acf":[],"_links":{"self":[{"href":"https:\/\/www.envsin-testchamber.com\/pt\/wp-json\/wp\/v2\/product\/349","targetHints":{"allow":["GET"]}}],"collection":[{"href":"https:\/\/www.envsin-testchamber.com\/pt\/wp-json\/wp\/v2\/product"}],"about":[{"href":"https:\/\/www.envsin-testchamber.com\/pt\/wp-json\/wp\/v2\/types\/product"}],"author":[{"embeddable":true,"href":"https:\/\/www.envsin-testchamber.com\/pt\/wp-json\/wp\/v2\/users\/1"}],"wp:featuredmedia":[{"embeddable":true,"href":"https:\/\/www.envsin-testchamber.com\/pt\/wp-json\/wp\/v2\/media\/350"}],"wp:attachment":[{"href":"https:\/\/www.envsin-testchamber.com\/pt\/wp-json\/wp\/v2\/media?parent=349"}],"wp:term":[{"taxonomy":"product_category","embeddable":true,"href":"https:\/\/www.envsin-testchamber.com\/pt\/wp-json\/wp\/v2\/product_category?post=349"}],"curies":[{"name":"wp","href":"https:\/\/api.w.org\/{rel}","templated":true}]}}