{"id":347,"date":"2026-03-23T14:20:01","date_gmt":"2026-03-23T06:20:01","guid":{"rendered":"https:\/\/www.envsin-testchamber.com\/?post_type=product&#038;p=347"},"modified":"2026-03-23T14:20:01","modified_gmt":"2026-03-23T06:20:01","slug":"triaxial-milligram-force-tester-sa-5053b","status":"publish","type":"product","link":"https:\/\/www.envsin-testchamber.com\/pt\/product\/triaxial-milligram-force-tester-sa-5053b\/","title":{"rendered":"Aparelho de teste de for\u00e7a triaxial em miligrama SA-5053B"},"content":{"rendered":"<p>Especifica\u00e7\u00f5es da m\u00e1quina<\/p>\n<p>Capacidade de carga medida: 2kg\/5kg (selecion\u00e1vel)<br \/>\nResolu\u00e7\u00e3o m\u00ednima da for\u00e7a: 0.01g<br \/>\nResolu\u00e7\u00e3o m\u00ednima do curso (altura): 0,001mm<br \/>\nClasse de m\u00e1quina: Classe 0.5<br \/>\nPrecis\u00e3o da carga: 0,5% + 0,004%FS do valor indicado (at\u00e9 1\/200 da escala completa da c\u00e9lula de carga)<br \/>\nPrecis\u00e3o de medi\u00e7\u00e3o do calibre de 0,5 mm do eixo Z: 0,004 mm<br \/>\nPrecis\u00e3o da velocidade de teste do eixo Z: \u00b11%<br \/>\nRepetibilidade da carga: 0,5% do valor indicado (m\u00ednimo 0,02%FS) (velocidade de 30mm\/min, captura de pontos de 1\u00b5m)<br \/>\nRepetibilidade do curso do eixo Z: 0,010 mm (velocidade de 30mm\/min, captura de pontos de 1\u00b5m)<br \/>\nRepetibilidade do curso do eixo XY: 0,01 mm<br \/>\nPrecis\u00e3o do curso do eixo XY: 0,02%L + 0,024 mm do valor indicado<br \/>\nFaixa de velocidade de teste do eixo Z: 0\uff5e600mm\/min Faixa de velocidade de deslocamento do eixo XY: 0\uff5e50mm\/s<br \/>\nAlcance m\u00e1ximo de ensaio do eixo Z: 50 mm<br \/>\nDist\u00e2ncia de desloca\u00e7\u00e3o do eixo XY: 50mm \u00d7 50mm<br \/>\nMecanismo de transmiss\u00e3o do eixo Z: fuso de esferas<br \/>\nMecanismo de transmiss\u00e3o do eixo XY: calha deslizante de precis\u00e3o<br \/>\nMotor de acionamento: motor sem escovas<br \/>\nDimens\u00f5es: 460 (L) \u00d7 520 (P) \u00d7 730 (A) mm<br \/>\nPeso: 80 kg<br \/>\nAlimenta\u00e7\u00e3o el\u00e9ctrica: 220V 50HZ 0.75KW<br \/>\nFun\u00e7\u00f5es da m\u00e1quina: Mede o valor de pico, o valor de vale, a sensa\u00e7\u00e3o, a altura, etc.<\/p>\n<p>Carater\u00edsticas da m\u00e1quina: Emprega a tecnologia DSP para controlar o sistema de aquisi\u00e7\u00e3o, com uma taxa de amostragem de at\u00e9 50000HZ (nossa inven\u00e7\u00e3o patenteada), e fortes capacidades anti-interfer\u00eancia.<\/p>\n<p>Testador de altura miniatura SA-5053B Aplica\u00e7\u00f5es e produtos test\u00e1veis: Adequado para ind\u00fastrias como telem\u00f3veis, computadores port\u00e1teis, tablets, conectores, bot\u00f5es, microinterruptores, c\u00e2maras digitais, fabrico de dobradi\u00e7as, pain\u00e9is t\u00e1cteis LCD, monitores LCD, pinos Pogo e molas.<\/p>\n<p>Especifica\u00e7\u00f5es da m\u00e1quina:<br \/>\nCapacidade de carga de medi\u00e7\u00e3o: 2kg\/5kg (selecionar uma)<br \/>\nResolu\u00e7\u00e3o m\u00ednima da for\u00e7a: 0.01g<br \/>\nResolu\u00e7\u00e3o m\u00ednima do curso (altura): 0,001mm<br \/>\nClasse de m\u00e1quina: Classe 0.2<br \/>\nPrecis\u00e3o da carga: \u00b1(0,2% + 0,004%FS do valor indicado) (at\u00e9 1\/200 da escala completa da c\u00e9lula de carga)<br \/>\nPrecis\u00e3o do curso do eixo Z: \u00b1(0,004 mm + 0,2% do valor indicado) (para calibres standard)<br \/>\n\u00b13\u00b5m (para blocos de 0,5mm)<br \/>\nPrecis\u00e3o da velocidade de teste do eixo Z: \u00b11%<br \/>\nRepetibilidade da carga: \u00b10,2% do valor indicado (m\u00ednimo de 0,04%FS) (velocidade de 30mm\/min, aperto de ponto de 1\u00b5m)<br \/>\nRepetibilidade do Curso do Eixo Z: 0,010 mm (velocidade de 30mm\/min, 1\u00b5m ponto de aperto) Dist\u00e2ncia m\u00e1xima de desloca\u00e7\u00e3o: 140mm<br \/>\nMecanismo de transmiss\u00e3o: Parafuso de esferas<br \/>\nMotor de acionamento: Motor sem escovas<br \/>\nDimens\u00f5es: 400 (L) \u00d7 330 (P) \u00d7 700 (A) mm<br \/>\nPeso: 65 kg<br \/>\nAlimenta\u00e7\u00e3o el\u00e9ctrica: 220V 50HZ 600VA<br \/>\nFun\u00e7\u00e3o da m\u00e1quina: Detecta a espessura de objectos macios, a altura da junta de soldadura, etc.<\/p>\n<p>Carater\u00edsticas da m\u00e1quina: Emprega a tecnologia DSP para controlar o sistema de aquisi\u00e7\u00e3o, com uma taxa de amostragem de at\u00e9 50000HZ (nossa inven\u00e7\u00e3o patenteada), e fortes capacidades anti-interfer\u00eancia.<\/p>\n<p>Carater\u00edsticas especiais da m\u00e1quina: Equipada com uma lupa de 50x.<\/p>\n<p>A nossa empresa investiga, desenvolve, fabrica e vende de forma independente v\u00e1rios instrumentos de teste de tra\u00e7\u00e3o, compress\u00e3o, tra\u00e7\u00e3o-compress\u00e3o e tor\u00e7\u00e3o, bem como m\u00e1quinas de teste de durabilidade e vida \u00fatil. A taxa de amostragem atinge 50.000 Hz, e a precis\u00e3o da carga pode atingir 0,2% (a 1\/200 da escala completa da c\u00e9lula de carga).<\/p>","protected":false},"author":1,"featured_media":348,"template":"","meta":{"_acf_changed":false},"product_category":[7],"class_list":["post-347","product","type-product","status-publish","has-post-thumbnail","hentry","product_category-reliability-life-test-series"],"acf":[],"_links":{"self":[{"href":"https:\/\/www.envsin-testchamber.com\/pt\/wp-json\/wp\/v2\/product\/347","targetHints":{"allow":["GET"]}}],"collection":[{"href":"https:\/\/www.envsin-testchamber.com\/pt\/wp-json\/wp\/v2\/product"}],"about":[{"href":"https:\/\/www.envsin-testchamber.com\/pt\/wp-json\/wp\/v2\/types\/product"}],"author":[{"embeddable":true,"href":"https:\/\/www.envsin-testchamber.com\/pt\/wp-json\/wp\/v2\/users\/1"}],"wp:featuredmedia":[{"embeddable":true,"href":"https:\/\/www.envsin-testchamber.com\/pt\/wp-json\/wp\/v2\/media\/348"}],"wp:attachment":[{"href":"https:\/\/www.envsin-testchamber.com\/pt\/wp-json\/wp\/v2\/media?parent=347"}],"wp:term":[{"taxonomy":"product_category","embeddable":true,"href":"https:\/\/www.envsin-testchamber.com\/pt\/wp-json\/wp\/v2\/product_category?post=347"}],"curies":[{"name":"wp","href":"https:\/\/api.w.org\/{rel}","templated":true}]}}