{"id":345,"date":"2026-03-23T14:18:49","date_gmt":"2026-03-23T06:18:49","guid":{"rendered":"https:\/\/www.envsin-testchamber.com\/?post_type=product&#038;p=345"},"modified":"2026-03-23T14:18:49","modified_gmt":"2026-03-23T06:18:49","slug":"milligram-strength-tester-sa-5051b","status":"publish","type":"product","link":"https:\/\/www.envsin-testchamber.com\/pt\/product\/milligram-strength-tester-sa-5051b\/","title":{"rendered":"Testador de resist\u00eancia em miligramas SA-5051B"},"content":{"rendered":"<p>Especifica\u00e7\u00f5es da m\u00e1quina<\/p>\n<p>Capacidade de carga medida: 2kg\/5kg (selecion\u00e1vel)<br \/>\nResolu\u00e7\u00e3o m\u00ednima da for\u00e7a: 0.01g<br \/>\nResolu\u00e7\u00e3o m\u00ednima do curso (altura): 0,001mm<br \/>\nClasse de m\u00e1quina: Classe 0.5<br \/>\nPrecis\u00e3o da carga: 0,5% + 0,004%FS do valor indicado (at\u00e9 1\/200 da escala completa da c\u00e9lula de carga)<br \/>\nPrecis\u00e3o de medi\u00e7\u00e3o do calibre de 0,5 mm do eixo Z: 0,004 mm<br \/>\nPrecis\u00e3o da velocidade de teste do eixo Z: \u00b11%<br \/>\nRepetibilidade da carga: 0,5% do valor indicado (m\u00ednimo 0,02%FS) (velocidade de 30mm\/min, captura de pontos de 1\u00b5m)<br \/>\nRepetibilidade do curso do eixo Z: 0,010 mm (velocidade de 30mm\/min, captura de pontos de 1\u00b5m)<br \/>\nRepetibilidade do curso do eixo XY: 0,01 mm<br \/>\nPrecis\u00e3o do curso do eixo XY: 0,02%L + 0,024 mm do valor indicado<br \/>\nFaixa de velocidade de teste do eixo Z: 0\uff5e600mm\/min<br \/>\nFaixa de velocidade de deslocamento do eixo XY: 0\uff5e50mm\/s<br \/>\nDist\u00e2ncia m\u00e1xima de ensaio do eixo Z: 50mm<br \/>\nDist\u00e2ncia de desloca\u00e7\u00e3o do eixo XY: Eixo X 50mm, eixo Y 50mm<br \/>\nMecanismo de transmiss\u00e3o do eixo Z: Parafuso de esferas<br \/>\nMecanismo de transmiss\u00e3o do eixo XY: Carril deslizante de precis\u00e3o<br \/>\nMotor de acionamento: Motor sem escovas<br \/>\nDimens\u00f5es: 460 (L) \u00d7 520 (P) \u00d7 730 (A) mm<br \/>\nPeso: 80 kg<br \/>\nAlimenta\u00e7\u00e3o el\u00e9ctrica: 220V 50HZ 0.75KW<\/p>\n<p>Fun\u00e7\u00f5es da m\u00e1quina: Mede valores de pico, valores de vale, feedback t\u00e1til, altura, etc.<\/p>\n<p>Carater\u00edsticas da m\u00e1quina: Emprega a tecnologia DSP para controlar o sistema de aquisi\u00e7\u00e3o, com uma taxa de amostragem de at\u00e9 50000Hz (nossa inven\u00e7\u00e3o patenteada), e fortes capacidades anti-interfer\u00eancia.<\/p>","protected":false},"author":1,"featured_media":346,"template":"","meta":{"_acf_changed":false},"product_category":[7],"class_list":["post-345","product","type-product","status-publish","has-post-thumbnail","hentry","product_category-reliability-life-test-series"],"acf":[],"_links":{"self":[{"href":"https:\/\/www.envsin-testchamber.com\/pt\/wp-json\/wp\/v2\/product\/345","targetHints":{"allow":["GET"]}}],"collection":[{"href":"https:\/\/www.envsin-testchamber.com\/pt\/wp-json\/wp\/v2\/product"}],"about":[{"href":"https:\/\/www.envsin-testchamber.com\/pt\/wp-json\/wp\/v2\/types\/product"}],"author":[{"embeddable":true,"href":"https:\/\/www.envsin-testchamber.com\/pt\/wp-json\/wp\/v2\/users\/1"}],"wp:featuredmedia":[{"embeddable":true,"href":"https:\/\/www.envsin-testchamber.com\/pt\/wp-json\/wp\/v2\/media\/346"}],"wp:attachment":[{"href":"https:\/\/www.envsin-testchamber.com\/pt\/wp-json\/wp\/v2\/media?parent=345"}],"wp:term":[{"taxonomy":"product_category","embeddable":true,"href":"https:\/\/www.envsin-testchamber.com\/pt\/wp-json\/wp\/v2\/product_category?post=345"}],"curies":[{"name":"wp","href":"https:\/\/api.w.org\/{rel}","templated":true}]}}