{"id":341,"date":"2026-03-23T14:12:55","date_gmt":"2026-03-23T06:12:55","guid":{"rendered":"https:\/\/www.envsin-testchamber.com\/?post_type=product&#038;p=341"},"modified":"2026-03-23T14:12:55","modified_gmt":"2026-03-23T06:12:55","slug":"spring-tension-and-compression-testing-machine-sa-3020b","status":"publish","type":"product","link":"https:\/\/www.envsin-testchamber.com\/pt\/product\/spring-tension-and-compression-testing-machine-sa-3020b\/","title":{"rendered":"M\u00e1quina de ensaio de tens\u00e3o e compress\u00e3o de molas SA-3020B"},"content":{"rendered":"<p>Especifica\u00e7\u00f5es<br \/>\nCarga de teste: 2kgf 20kgf 50kgf 100kgf 200kgf 500kgf 1000kgf 2000kgf<br \/>\nCarga do ecr\u00e3: 0,01gf 0,1gf 2gf 10gf 20gf 0,1kgf 0,1kgf 0,2kgf<br \/>\nUnidades de carga: gf, kgf, N, lb<br \/>\nCurso de ensaio: 200mm 800mm<br \/>\nPrecis\u00e3o da carga: \u00b10,2% +0,004FS (at\u00e9 1\/200 da escala completa)<br \/>\nPrecis\u00e3o da m\u00e1quina: 0,2 grau<br \/>\nCurso do ecr\u00e3: 0,001mm<br \/>\nMotor de acionamento: Servo motor<br \/>\nDi\u00e2metro da placa: \u222e60mm \u222e120mm \u222e200mm<br \/>\nDimens\u00f5es: w300\u00d7d410\u00d7h640 w790\u00d7d490\u00d7h1570 W930\u00d7D490\u00d7H2000 Peso da m\u00e1quina: 55kg Dimens\u00f5es: 130mm x 250mm Fonte de alimenta\u00e7\u00e3o: AC 220V Carater\u00edsticas da m\u00e1quina:<\/p>\n<p>1. As condi\u00e7\u00f5es de teste s\u00e3o todas definidas por escrito pelo computador e podem ser guardadas. (As defini\u00e7\u00f5es podem ser efectuadas selecionando op\u00e7\u00f5es de um menu pendente ou introduzindo diretamente os dados).<\/p>\n<p>2. A m\u00e1quina adopta um design estrutural de alta rigidez com um servo motor, resultando em alta precis\u00e3o e longa vida \u00fatil.<\/p>\n<p>3. O ecr\u00e3 da unidade de carga pode ser alternado livremente: N, lb, gf, kgf.<\/p>\n<p>4. Fun\u00e7\u00e3o de mem\u00f3ria de origem autom\u00e1tica; os dados s\u00e3o guardados mesmo durante a paragem da m\u00e1quina ou falha de energia.<\/p>\n<p>5. A fun\u00e7\u00e3o de prote\u00e7\u00e3o contra sobrecarga da c\u00e9lula de carga garante que esta n\u00e3o seja danificada.<\/p>\n<p>6. Pode armazenar e imprimir gr\u00e1ficos (curvas carga-curso e relat\u00f3rios de inspe\u00e7\u00e3o).<\/p>\n<p>7. Os relat\u00f3rios de inspe\u00e7\u00e3o s\u00e3o gerados automaticamente (podem ser impressos diretamente) e podem ser convertidos para exporta\u00e7\u00e3o ou exportados diretamente atrav\u00e9s da rede.<\/p>\n<p>8. Pode registar diretamente as altera\u00e7\u00f5es din\u00e2micas da curva carga-curso para cada ensaio.<\/p>\n<p>9. Introduzir valores de toler\u00e2ncia superior e inferior para o teste; determina automaticamente OK ou NG.<\/p>\n<p>10. Medi\u00e7\u00e3o totalmente autom\u00e1tica da carga em segmentos simples, duplos e triplos.<\/p>\n<p>11. Fun\u00e7\u00f5es de ensaio m\u00faltiplas: A. Definir a altura para medir a carga; B. Definir a carga para medir a altura; C. Definir a compress\u00e3o para medir a carga;<\/p>\n<p>D. Definir a carga para medir a compress\u00e3o; E. Ensaios de pontos multi-segmentos.<\/p>","protected":false},"author":1,"featured_media":342,"template":"","meta":{"_acf_changed":false},"product_category":[7],"class_list":["post-341","product","type-product","status-publish","has-post-thumbnail","hentry","product_category-reliability-life-test-series"],"acf":[],"_links":{"self":[{"href":"https:\/\/www.envsin-testchamber.com\/pt\/wp-json\/wp\/v2\/product\/341","targetHints":{"allow":["GET"]}}],"collection":[{"href":"https:\/\/www.envsin-testchamber.com\/pt\/wp-json\/wp\/v2\/product"}],"about":[{"href":"https:\/\/www.envsin-testchamber.com\/pt\/wp-json\/wp\/v2\/types\/product"}],"author":[{"embeddable":true,"href":"https:\/\/www.envsin-testchamber.com\/pt\/wp-json\/wp\/v2\/users\/1"}],"wp:featuredmedia":[{"embeddable":true,"href":"https:\/\/www.envsin-testchamber.com\/pt\/wp-json\/wp\/v2\/media\/342"}],"wp:attachment":[{"href":"https:\/\/www.envsin-testchamber.com\/pt\/wp-json\/wp\/v2\/media?parent=341"}],"wp:term":[{"taxonomy":"product_category","embeddable":true,"href":"https:\/\/www.envsin-testchamber.com\/pt\/wp-json\/wp\/v2\/product_category?post=341"}],"curies":[{"name":"wp","href":"https:\/\/api.w.org\/{rel}","templated":true}]}}