{"id":339,"date":"2026-03-23T14:11:09","date_gmt":"2026-03-23T06:11:09","guid":{"rendered":"https:\/\/www.envsin-testchamber.com\/?post_type=product&#038;p=339"},"modified":"2026-03-23T14:11:09","modified_gmt":"2026-03-23T06:11:09","slug":"x-y-z-triaxial-load-height-curve-testing-machine-sa-8205bh","status":"publish","type":"product","link":"https:\/\/www.envsin-testchamber.com\/pt\/product\/x-y-z-triaxial-load-height-curve-testing-machine-sa-8205bh\/","title":{"rendered":"M\u00e1quina de teste de curva de carga e altura triaxial X-Y-Z SA-8205BH"},"content":{"rendered":"<p>Fabricado de acordo com os requisitos t\u00e9cnicos estipulados na norma nacional para m\u00e1quinas de ensaio de molas, o sistema de controlo autom\u00e1tico e de aquisi\u00e7\u00e3o de dados concebido profissionalmente permite o ajuste totalmente digital do processo de aquisi\u00e7\u00e3o e controlo de dados.<\/p>\n<p>A nossa empresa investiga, desenvolve, fabrica e vende de forma independente v\u00e1rios instrumentos de teste de tra\u00e7\u00e3o, compress\u00e3o, tra\u00e7\u00e3o-compress\u00e3o e tor\u00e7\u00e3o, bem como m\u00e1quinas de teste de durabilidade e vida \u00fatil. A taxa de amostragem atinge 50.000 Hz, e a precis\u00e3o da carga pode atingir 0,2% (a 1\/200 da escala completa da c\u00e9lula de carga).<\/p>","protected":false},"author":1,"featured_media":340,"template":"","meta":{"_acf_changed":false},"product_category":[7],"class_list":["post-339","product","type-product","status-publish","has-post-thumbnail","hentry","product_category-reliability-life-test-series"],"acf":[],"_links":{"self":[{"href":"https:\/\/www.envsin-testchamber.com\/pt\/wp-json\/wp\/v2\/product\/339","targetHints":{"allow":["GET"]}}],"collection":[{"href":"https:\/\/www.envsin-testchamber.com\/pt\/wp-json\/wp\/v2\/product"}],"about":[{"href":"https:\/\/www.envsin-testchamber.com\/pt\/wp-json\/wp\/v2\/types\/product"}],"author":[{"embeddable":true,"href":"https:\/\/www.envsin-testchamber.com\/pt\/wp-json\/wp\/v2\/users\/1"}],"wp:featuredmedia":[{"embeddable":true,"href":"https:\/\/www.envsin-testchamber.com\/pt\/wp-json\/wp\/v2\/media\/340"}],"wp:attachment":[{"href":"https:\/\/www.envsin-testchamber.com\/pt\/wp-json\/wp\/v2\/media?parent=339"}],"wp:term":[{"taxonomy":"product_category","embeddable":true,"href":"https:\/\/www.envsin-testchamber.com\/pt\/wp-json\/wp\/v2\/product_category?post=339"}],"curies":[{"name":"wp","href":"https:\/\/api.w.org\/{rel}","templated":true}]}}