{"id":337,"date":"2026-03-23T14:09:45","date_gmt":"2026-03-23T06:09:45","guid":{"rendered":"https:\/\/www.envsin-testchamber.com\/?post_type=product&#038;p=337"},"modified":"2026-03-23T14:09:45","modified_gmt":"2026-03-23T06:09:45","slug":"x-y-z-four-head-load-displacement-curve-testing-machine-sa-8000b4","status":"publish","type":"product","link":"https:\/\/www.envsin-testchamber.com\/pt\/product\/x-y-z-four-head-load-displacement-curve-testing-machine-sa-8000b4\/","title":{"rendered":"M\u00e1quina de teste de curva de carga-deslocamento de quatro cabe\u00e7as X-Y-Z SA-8000B4"},"content":{"rendered":"<p>A m\u00e1quina de ensaio triaxial de curva de carga-altura \u00e9 uma atualiza\u00e7\u00e3o da m\u00e1quina de ensaio triaxial de curva de carga-deslocamento. Ela pode testar n\u00e3o apenas a sensa\u00e7\u00e3o de deslocamento de carga de produtos como interruptores de bot\u00e3o, mas tamb\u00e9m a altura e a espessura desses produtos.<\/p>\n<p>Este teste de altura resolve o problema da medi\u00e7\u00e3o da altura e da espessura que n\u00e3o pode ser feita atrav\u00e9s de m\u00e9todos de contacto ou \u00f3pticos. Por exemplo, a altura das juntas de soldadura em placas de circuito impresso e a altura dos componentes ap\u00f3s a soldadura podem ser testadas com esta m\u00e1quina.<\/p>\n<p>A nossa empresa investiga, desenvolve, fabrica e vende de forma independente v\u00e1rios instrumentos de teste de tra\u00e7\u00e3o, compress\u00e3o, tra\u00e7\u00e3o-compress\u00e3o e tor\u00e7\u00e3o, bem como m\u00e1quinas de teste de durabilidade e vida \u00fatil. A taxa de amostragem atinge 50.000 Hz, e a precis\u00e3o da carga pode atingir 0,2% (a 1\/200 da escala completa da c\u00e9lula de carga).<\/p>","protected":false},"author":1,"featured_media":338,"template":"","meta":{"_acf_changed":false},"product_category":[7],"class_list":["post-337","product","type-product","status-publish","has-post-thumbnail","hentry","product_category-reliability-life-test-series"],"acf":[],"_links":{"self":[{"href":"https:\/\/www.envsin-testchamber.com\/pt\/wp-json\/wp\/v2\/product\/337","targetHints":{"allow":["GET"]}}],"collection":[{"href":"https:\/\/www.envsin-testchamber.com\/pt\/wp-json\/wp\/v2\/product"}],"about":[{"href":"https:\/\/www.envsin-testchamber.com\/pt\/wp-json\/wp\/v2\/types\/product"}],"author":[{"embeddable":true,"href":"https:\/\/www.envsin-testchamber.com\/pt\/wp-json\/wp\/v2\/users\/1"}],"wp:featuredmedia":[{"embeddable":true,"href":"https:\/\/www.envsin-testchamber.com\/pt\/wp-json\/wp\/v2\/media\/338"}],"wp:attachment":[{"href":"https:\/\/www.envsin-testchamber.com\/pt\/wp-json\/wp\/v2\/media?parent=337"}],"wp:term":[{"taxonomy":"product_category","embeddable":true,"href":"https:\/\/www.envsin-testchamber.com\/pt\/wp-json\/wp\/v2\/product_category?post=337"}],"curies":[{"name":"wp","href":"https:\/\/api.w.org\/{rel}","templated":true}]}}