{"id":335,"date":"2026-03-23T14:08:47","date_gmt":"2026-03-23T06:08:47","guid":{"rendered":"https:\/\/www.envsin-testchamber.com\/?post_type=product&#038;p=335"},"modified":"2026-03-23T14:08:47","modified_gmt":"2026-03-23T06:08:47","slug":"pin-load-stroke-impedance-testing-machine-sa-505bd","status":"publish","type":"product","link":"https:\/\/www.envsin-testchamber.com\/pt\/product\/pin-load-stroke-impedance-testing-machine-sa-505bd\/","title":{"rendered":"M\u00e1quina de ensaio de imped\u00e2ncia de curso de carga de pino SA-505BD"},"content":{"rendered":"<p>The X-Y-Z four-head load-displacement curve testing machine places products of the same specifications on a testing platform, sets one coordinate system, and automatically generates coordinates for the other channels. During testing, the curves from each station are simultaneously displayed on the computer screen. Data is automatically stored and can be retrieved at any time. This greatly improves testing efficiency, reduces potential quality issues, and lowers quality costs. It is a load-displacement curve testing machine that combines efficiency and accuracy.<\/p>\n<p>A nossa empresa investiga, desenvolve, fabrica e vende de forma independente v\u00e1rios instrumentos de teste de tra\u00e7\u00e3o, compress\u00e3o, tra\u00e7\u00e3o-compress\u00e3o e tor\u00e7\u00e3o, bem como m\u00e1quinas de teste de durabilidade e vida \u00fatil. A taxa de amostragem atinge 50.000 Hz, e a precis\u00e3o da carga pode atingir 0,2% (a 1\/200 da escala completa da c\u00e9lula de carga).<\/p>","protected":false},"author":1,"featured_media":336,"template":"","meta":{"_acf_changed":false},"product_category":[7],"class_list":["post-335","product","type-product","status-publish","has-post-thumbnail","hentry","product_category-reliability-life-test-series"],"acf":[],"_links":{"self":[{"href":"https:\/\/www.envsin-testchamber.com\/pt\/wp-json\/wp\/v2\/product\/335","targetHints":{"allow":["GET"]}}],"collection":[{"href":"https:\/\/www.envsin-testchamber.com\/pt\/wp-json\/wp\/v2\/product"}],"about":[{"href":"https:\/\/www.envsin-testchamber.com\/pt\/wp-json\/wp\/v2\/types\/product"}],"author":[{"embeddable":true,"href":"https:\/\/www.envsin-testchamber.com\/pt\/wp-json\/wp\/v2\/users\/1"}],"wp:featuredmedia":[{"embeddable":true,"href":"https:\/\/www.envsin-testchamber.com\/pt\/wp-json\/wp\/v2\/media\/336"}],"wp:attachment":[{"href":"https:\/\/www.envsin-testchamber.com\/pt\/wp-json\/wp\/v2\/media?parent=335"}],"wp:term":[{"taxonomy":"product_category","embeddable":true,"href":"https:\/\/www.envsin-testchamber.com\/pt\/wp-json\/wp\/v2\/product_category?post=335"}],"curies":[{"name":"wp","href":"https:\/\/api.w.org\/{rel}","templated":true}]}}