{"id":333,"date":"2026-03-23T14:07:10","date_gmt":"2026-03-23T06:07:10","guid":{"rendered":"https:\/\/www.envsin-testchamber.com\/?post_type=product&#038;p=333"},"modified":"2026-03-23T14:07:10","modified_gmt":"2026-03-23T06:07:10","slug":"pin-load-stroke-impedance-life-tester-sa-505bds","status":"publish","type":"product","link":"https:\/\/www.envsin-testchamber.com\/pt\/product\/pin-load-stroke-impedance-life-tester-sa-505bds\/","title":{"rendered":"Testador de vida \u00fatil de imped\u00e2ncia de curso de carga de pino SA-505BDS"},"content":{"rendered":"<p>This machine can simultaneously test the load displacement resistance curve of the top pin, making it an excellent top pin probe testing machine. Both the testing head and the bottom testing fixture need to be finely processed to ensure the testing of small contact resistance. For products with multiple probes (top pins) in one version, our company can achieve fully automated testing, and we also have rich experience in testing small top pins<br \/>\nThe top pin probe ensures effective contact with electronic products through its elastic contact surface and force. Insufficient or excessive elasticity, high contact resistance, and unsatisfactory travel can all have an impact on testing. So it is necessary to test these data, or even conduct a full inspection.<\/p>\n<p>A nossa empresa investiga, desenvolve, fabrica e vende de forma independente v\u00e1rios instrumentos de teste de tra\u00e7\u00e3o, compress\u00e3o, tra\u00e7\u00e3o-compress\u00e3o e tor\u00e7\u00e3o, bem como m\u00e1quinas de teste de durabilidade e vida \u00fatil. A taxa de amostragem atinge 50.000 Hz, e a precis\u00e3o da carga pode atingir 0,2% (a 1\/200 da escala completa da c\u00e9lula de carga).<\/p>","protected":false},"author":1,"featured_media":334,"template":"","meta":{"_acf_changed":false},"product_category":[7],"class_list":["post-333","product","type-product","status-publish","has-post-thumbnail","hentry","product_category-reliability-life-test-series"],"acf":[],"_links":{"self":[{"href":"https:\/\/www.envsin-testchamber.com\/pt\/wp-json\/wp\/v2\/product\/333","targetHints":{"allow":["GET"]}}],"collection":[{"href":"https:\/\/www.envsin-testchamber.com\/pt\/wp-json\/wp\/v2\/product"}],"about":[{"href":"https:\/\/www.envsin-testchamber.com\/pt\/wp-json\/wp\/v2\/types\/product"}],"author":[{"embeddable":true,"href":"https:\/\/www.envsin-testchamber.com\/pt\/wp-json\/wp\/v2\/users\/1"}],"wp:featuredmedia":[{"embeddable":true,"href":"https:\/\/www.envsin-testchamber.com\/pt\/wp-json\/wp\/v2\/media\/334"}],"wp:attachment":[{"href":"https:\/\/www.envsin-testchamber.com\/pt\/wp-json\/wp\/v2\/media?parent=333"}],"wp:term":[{"taxonomy":"product_category","embeddable":true,"href":"https:\/\/www.envsin-testchamber.com\/pt\/wp-json\/wp\/v2\/product_category?post=333"}],"curies":[{"name":"wp","href":"https:\/\/api.w.org\/{rel}","templated":true}]}}