{"id":317,"date":"2026-03-23T13:48:39","date_gmt":"2026-03-23T05:48:39","guid":{"rendered":"https:\/\/www.envsin-testchamber.com\/?post_type=product&#038;p=317"},"modified":"2026-03-23T13:48:39","modified_gmt":"2026-03-23T05:48:39","slug":"high-speed-load-curve-tester-sa-205bk","status":"publish","type":"product","link":"https:\/\/www.envsin-testchamber.com\/pt\/product\/high-speed-load-curve-tester-sa-205bk\/","title":{"rendered":"Testador de curvas de carga de alta velocidade SA-205BK"},"content":{"rendered":"<p>Product Introduction: This machine utilizes a user-friendly Windows interface, making operation simple and convenient. All data can be saved (test conditions, load curves, test results, inspection reports, etc.). Employing a servo motor, it provides high-precision load-stroke measurement and obtains completely accurate button and switch curve tests.<\/p>\n<p>This testing machine is an improvement upon the load-displacement testing machine. While testing the load stroke and tactile conductivity of button switches, it can also test the lifespan of the switches.<\/p>\n<p>Compared to simple lifespan testing, this model is designed for lifespan tests with specific requirements. For example, it allows setting the test interval and the number of tests to automatically collect button switch data. Equipped with an imported servo motor, it can test once every 0.2 seconds with virtually no overshoot.<\/p>\n<p>A nossa empresa investiga, desenvolve, fabrica e vende de forma independente v\u00e1rios instrumentos de teste de tra\u00e7\u00e3o, compress\u00e3o, tra\u00e7\u00e3o-compress\u00e3o e tor\u00e7\u00e3o, bem como m\u00e1quinas de teste de durabilidade e vida \u00fatil. A taxa de amostragem atinge 50.000 Hz, e a precis\u00e3o da carga pode atingir 0,2% (a 1\/200 da escala completa da c\u00e9lula de carga).<\/p>","protected":false},"author":1,"featured_media":318,"template":"","meta":{"_acf_changed":false},"product_category":[7],"class_list":["post-317","product","type-product","status-publish","has-post-thumbnail","hentry","product_category-reliability-life-test-series"],"acf":[],"_links":{"self":[{"href":"https:\/\/www.envsin-testchamber.com\/pt\/wp-json\/wp\/v2\/product\/317","targetHints":{"allow":["GET"]}}],"collection":[{"href":"https:\/\/www.envsin-testchamber.com\/pt\/wp-json\/wp\/v2\/product"}],"about":[{"href":"https:\/\/www.envsin-testchamber.com\/pt\/wp-json\/wp\/v2\/types\/product"}],"author":[{"embeddable":true,"href":"https:\/\/www.envsin-testchamber.com\/pt\/wp-json\/wp\/v2\/users\/1"}],"wp:featuredmedia":[{"embeddable":true,"href":"https:\/\/www.envsin-testchamber.com\/pt\/wp-json\/wp\/v2\/media\/318"}],"wp:attachment":[{"href":"https:\/\/www.envsin-testchamber.com\/pt\/wp-json\/wp\/v2\/media?parent=317"}],"wp:term":[{"taxonomy":"product_category","embeddable":true,"href":"https:\/\/www.envsin-testchamber.com\/pt\/wp-json\/wp\/v2\/product_category?post=317"}],"curies":[{"name":"wp","href":"https:\/\/api.w.org\/{rel}","templated":true}]}}