{"id":307,"date":"2026-03-23T13:39:40","date_gmt":"2026-03-23T05:39:40","guid":{"rendered":"https:\/\/www.envsin-testchamber.com\/?post_type=product&#038;p=307"},"modified":"2026-03-23T13:39:40","modified_gmt":"2026-03-23T05:39:40","slug":"foldable-screen-phone-swing-lifespan-tester-sa-205bkc","status":"publish","type":"product","link":"https:\/\/www.envsin-testchamber.com\/pt\/product\/foldable-screen-phone-swing-lifespan-tester-sa-205bkc\/","title":{"rendered":"Aparelho de teste da vida \u00fatil do telefone com ecr\u00e3 dobr\u00e1vel SA-205BKC"},"content":{"rendered":"<p>Product Introduction: This hinge break-in torque and life testing machine is suitable for various tests including torque and lifespan testing of hinges, shafts, screws, torsion springs, transmission and automotive knobs, and electrical knobs. Through industrial computer analysis, it can accurately measure the torque and rotation angle of the test object, as well as the torque-speed curve. It can also accurately control the rotation angle, rotation speed, target number of measurements, and pause time for screw torque testing.<\/p>\n<p>This machine is a two-station testing machine, capable of testing two products simultaneously, increasing work efficiency. It uses PC computer control to ensure timely display of waveform data, timely data storage, and the ability to retrieve previous test data at any time. This solves the inconvenience of operation and data storage in touchscreen-controlled testing machines.<\/p>\n<p>Currently, our testing machines utilize an advanced DSP data acquisition system, industrial Ethernet data transmission, a sampling rate of up to 27000Hz, and strong anti-interference capabilities.<\/p>\n<p>A nossa empresa investiga, desenvolve, fabrica e vende de forma independente v\u00e1rios instrumentos de teste de tra\u00e7\u00e3o, compress\u00e3o, tra\u00e7\u00e3o-compress\u00e3o e tor\u00e7\u00e3o, bem como m\u00e1quinas de teste de durabilidade e vida \u00fatil. A taxa de amostragem atinge 50.000 Hz, e a precis\u00e3o da carga pode atingir 0,2% (a 1\/200 da escala completa da c\u00e9lula de carga).<\/p>","protected":false},"author":1,"featured_media":308,"template":"","meta":{"_acf_changed":false},"product_category":[7],"class_list":["post-307","product","type-product","status-publish","has-post-thumbnail","hentry","product_category-reliability-life-test-series"],"acf":[],"_links":{"self":[{"href":"https:\/\/www.envsin-testchamber.com\/pt\/wp-json\/wp\/v2\/product\/307","targetHints":{"allow":["GET"]}}],"collection":[{"href":"https:\/\/www.envsin-testchamber.com\/pt\/wp-json\/wp\/v2\/product"}],"about":[{"href":"https:\/\/www.envsin-testchamber.com\/pt\/wp-json\/wp\/v2\/types\/product"}],"author":[{"embeddable":true,"href":"https:\/\/www.envsin-testchamber.com\/pt\/wp-json\/wp\/v2\/users\/1"}],"wp:featuredmedia":[{"embeddable":true,"href":"https:\/\/www.envsin-testchamber.com\/pt\/wp-json\/wp\/v2\/media\/308"}],"wp:attachment":[{"href":"https:\/\/www.envsin-testchamber.com\/pt\/wp-json\/wp\/v2\/media?parent=307"}],"wp:term":[{"taxonomy":"product_category","embeddable":true,"href":"https:\/\/www.envsin-testchamber.com\/pt\/wp-json\/wp\/v2\/product_category?post=307"}],"curies":[{"name":"wp","href":"https:\/\/api.w.org\/{rel}","templated":true}]}}