{"id":301,"date":"2026-03-23T13:35:29","date_gmt":"2026-03-23T05:35:29","guid":{"rendered":"https:\/\/www.envsin-testchamber.com\/?post_type=product&#038;p=301"},"modified":"2026-03-23T13:35:29","modified_gmt":"2026-03-23T05:35:29","slug":"fully-automatic-torque-tester-sa-5000blg","status":"publish","type":"product","link":"https:\/\/www.envsin-testchamber.com\/pt\/product\/fully-automatic-torque-tester-sa-5000blg\/","title":{"rendered":"Verificador de bin\u00e1rio totalmente autom\u00e1tico SA-5000BLG"},"content":{"rendered":"<p>Product Introduction: This camera micro-torque testing machine is specifically designed for testing miniature cameras. Considering the slight displacement (very small displacement) and minimal torque of miniature cameras during focusing, and the need to ensure proper alignment of the upper and lower clamps, the testing machine&#8217;s mechanism has been modified. During torsion testing, the camera moves up and down with minimal external force. The upper and lower clamps are designed for easy alignment.<\/p>\n<p>The latest version adopts a DSP data acquisition and control system via an industrial computer and a Windows Chinese interface. All test conditions can be freely set, operation is simple and convenient, and all data can be stored.<\/p>\n<p>A nossa empresa investiga, desenvolve, fabrica e vende de forma independente v\u00e1rios instrumentos de teste de tra\u00e7\u00e3o, compress\u00e3o, tra\u00e7\u00e3o-compress\u00e3o e tor\u00e7\u00e3o, bem como m\u00e1quinas de teste de durabilidade e vida \u00fatil. A taxa de amostragem atinge 50.000 Hz, e a precis\u00e3o da carga pode atingir 0,2% (a 1\/200 da escala completa da c\u00e9lula de carga).<\/p>","protected":false},"author":1,"featured_media":302,"template":"","meta":{"_acf_changed":false},"product_category":[7],"class_list":["post-301","product","type-product","status-publish","has-post-thumbnail","hentry","product_category-reliability-life-test-series"],"acf":[],"_links":{"self":[{"href":"https:\/\/www.envsin-testchamber.com\/pt\/wp-json\/wp\/v2\/product\/301","targetHints":{"allow":["GET"]}}],"collection":[{"href":"https:\/\/www.envsin-testchamber.com\/pt\/wp-json\/wp\/v2\/product"}],"about":[{"href":"https:\/\/www.envsin-testchamber.com\/pt\/wp-json\/wp\/v2\/types\/product"}],"author":[{"embeddable":true,"href":"https:\/\/www.envsin-testchamber.com\/pt\/wp-json\/wp\/v2\/users\/1"}],"wp:featuredmedia":[{"embeddable":true,"href":"https:\/\/www.envsin-testchamber.com\/pt\/wp-json\/wp\/v2\/media\/302"}],"wp:attachment":[{"href":"https:\/\/www.envsin-testchamber.com\/pt\/wp-json\/wp\/v2\/media?parent=301"}],"wp:term":[{"taxonomy":"product_category","embeddable":true,"href":"https:\/\/www.envsin-testchamber.com\/pt\/wp-json\/wp\/v2\/product_category?post=301"}],"curies":[{"name":"wp","href":"https:\/\/api.w.org\/{rel}","templated":true}]}}