{"id":290,"date":"2026-03-23T11:39:09","date_gmt":"2026-03-23T03:39:09","guid":{"rendered":"https:\/\/www.envsin-testchamber.com\/?post_type=product&#038;p=290"},"modified":"2026-03-23T11:46:48","modified_gmt":"2026-03-23T03:46:48","slug":"mobile-phone-side-button-cr-tester-sa-8002bc","status":"publish","type":"product","link":"https:\/\/www.envsin-testchamber.com\/pt\/product\/mobile-phone-side-button-cr-tester-sa-8002bc\/","title":{"rendered":"Testador de CR de bot\u00e3o lateral de telem\u00f3vel SA-8002BC"},"content":{"rendered":"<p>Machine functions: Detects button peaks, valleys, tactile feedback, button height, etc.<\/p>\n<p>Machine Features:<br \/>\n1. Employs DSP technology to control the data acquisition system, with a sampling rate up to 50,000Hz (our patented invention), offering strong anti-interference capabilities;<br \/>\n2. Detection data and barcodes for each button can be uploaded;<br \/>\n3. Defective products can be automatically marked.<\/p>\n<p>A nossa empresa investiga, desenvolve, fabrica e vende de forma independente v\u00e1rios instrumentos de teste de tra\u00e7\u00e3o, compress\u00e3o, tra\u00e7\u00e3o-compress\u00e3o e tor\u00e7\u00e3o, bem como m\u00e1quinas de teste de durabilidade e vida \u00fatil. A taxa de amostragem atinge 50.000 Hz, e a precis\u00e3o da carga pode atingir 0,2% (a 1\/200 da escala completa da c\u00e9lula de carga).<\/p>","protected":false},"author":1,"featured_media":291,"template":"","meta":{"_acf_changed":false},"product_category":[7],"class_list":["post-290","product","type-product","status-publish","has-post-thumbnail","hentry","product_category-reliability-life-test-series"],"acf":[],"_links":{"self":[{"href":"https:\/\/www.envsin-testchamber.com\/pt\/wp-json\/wp\/v2\/product\/290","targetHints":{"allow":["GET"]}}],"collection":[{"href":"https:\/\/www.envsin-testchamber.com\/pt\/wp-json\/wp\/v2\/product"}],"about":[{"href":"https:\/\/www.envsin-testchamber.com\/pt\/wp-json\/wp\/v2\/types\/product"}],"author":[{"embeddable":true,"href":"https:\/\/www.envsin-testchamber.com\/pt\/wp-json\/wp\/v2\/users\/1"}],"wp:featuredmedia":[{"embeddable":true,"href":"https:\/\/www.envsin-testchamber.com\/pt\/wp-json\/wp\/v2\/media\/291"}],"wp:attachment":[{"href":"https:\/\/www.envsin-testchamber.com\/pt\/wp-json\/wp\/v2\/media?parent=290"}],"wp:term":[{"taxonomy":"product_category","embeddable":true,"href":"https:\/\/www.envsin-testchamber.com\/pt\/wp-json\/wp\/v2\/product_category?post=290"}],"curies":[{"name":"wp","href":"https:\/\/api.w.org\/{rel}","templated":true}]}}