{"id":282,"date":"2026-03-23T11:29:29","date_gmt":"2026-03-23T03:29:29","guid":{"rendered":"https:\/\/www.envsin-testchamber.com\/?post_type=product&#038;p=282"},"modified":"2026-03-23T11:29:29","modified_gmt":"2026-03-23T03:29:29","slug":"mobile-phone-button-load-online-detection-system-sa-9000blf","status":"publish","type":"product","link":"https:\/\/www.envsin-testchamber.com\/pt\/product\/mobile-phone-button-load-online-detection-system-sa-9000blf\/","title":{"rendered":"Mobile Phone Button Load Online Detection System SA-9000BLF"},"content":{"rendered":"<p>Machine Functions: Detects button peaks, valleys, tactile feedback, displacement, etc.<\/p>\n<p>Machine Features:<br \/>\n1. Employs DSP technology to control the data acquisition system, with a sampling rate of up to 50,000Hz (our patented invention), offering strong anti-interference capabilities;<br \/>\n2. Detection data and barcodes for each button can be uploaded;<br \/>\n3. Defective products can be automatically marked.<\/p>\n<p>Destaques da m\u00e1quina:<br \/>\n1. Fast testing speed: 90 buttons can be tested in 20 seconds, suitable for online full inspection;<br \/>\n2. Compatible with other user testing systems and automated production lines.<\/p>\n<p>A nossa empresa investiga, desenvolve, fabrica e vende de forma independente v\u00e1rios instrumentos de teste de tra\u00e7\u00e3o, compress\u00e3o, tra\u00e7\u00e3o-compress\u00e3o e tor\u00e7\u00e3o, bem como m\u00e1quinas de teste de durabilidade e vida \u00fatil. A taxa de amostragem atinge 50.000 Hz, e a precis\u00e3o da carga pode atingir 0,2% (a 1\/200 da escala completa da c\u00e9lula de carga).<\/p>","protected":false},"author":1,"featured_media":283,"template":"","meta":{"_acf_changed":false},"product_category":[7],"class_list":["post-282","product","type-product","status-publish","has-post-thumbnail","hentry","product_category-reliability-life-test-series"],"acf":[],"_links":{"self":[{"href":"https:\/\/www.envsin-testchamber.com\/pt\/wp-json\/wp\/v2\/product\/282","targetHints":{"allow":["GET"]}}],"collection":[{"href":"https:\/\/www.envsin-testchamber.com\/pt\/wp-json\/wp\/v2\/product"}],"about":[{"href":"https:\/\/www.envsin-testchamber.com\/pt\/wp-json\/wp\/v2\/types\/product"}],"author":[{"embeddable":true,"href":"https:\/\/www.envsin-testchamber.com\/pt\/wp-json\/wp\/v2\/users\/1"}],"wp:featuredmedia":[{"embeddable":true,"href":"https:\/\/www.envsin-testchamber.com\/pt\/wp-json\/wp\/v2\/media\/283"}],"wp:attachment":[{"href":"https:\/\/www.envsin-testchamber.com\/pt\/wp-json\/wp\/v2\/media?parent=282"}],"wp:term":[{"taxonomy":"product_category","embeddable":true,"href":"https:\/\/www.envsin-testchamber.com\/pt\/wp-json\/wp\/v2\/product_category?post=282"}],"curies":[{"name":"wp","href":"https:\/\/api.w.org\/{rel}","templated":true}]}}