{"id":271,"date":"2026-03-23T11:06:25","date_gmt":"2026-03-23T03:06:25","guid":{"rendered":"https:\/\/www.envsin-testchamber.com\/?post_type=product&#038;p=271"},"modified":"2026-05-08T15:10:29","modified_gmt":"2026-05-08T07:10:29","slug":"salt-spray-corrosion-test-chamber","status":"publish","type":"product","link":"https:\/\/www.envsin-testchamber.com\/pt\/product\/salt-spray-corrosion-test-chamber\/","title":{"rendered":"C\u00e2mara de ensaio de corros\u00e3o por proje\u00e7\u00e3o salina"},"content":{"rendered":"<p style=\"text-align: center;\"><strong>Par\u00e2metros do produto<\/strong><\/p>\n<table style=\"width: 100%; border-collapse: collapse; border: 1px solid #000; table-layout: fixed;\">\n<thead><\/thead>\n<tbody>\n<tr>\n<td style=\"border: 1px solid #000; padding: 8px; font-weight: bold; width: 40%;\">Volume de ensaio<\/td>\n<td style=\"border: 1px solid #000; padding: 8px; width: 60%;\">5 m\u00b3<\/td>\n<\/tr>\n<tr>\n<td style=\"border: 1px solid #000; padding: 8px; font-weight: bold;\">Dimens\u00f5es da c\u00e2mara (L\u00d7P\u00d7A)<\/td>\n<td style=\"border: 1px solid #000; padding: 8px;\">1700 mm \u00d7 1500 mm \u00d7 2000 mm<\/td>\n<\/tr>\n<tr>\n<td style=\"border: 1px solid #000; padding: 8px; font-weight: bold;\">Dimens\u00f5es gerais (L\u00d7P\u00d7A)<\/td>\n<td style=\"border: 1px solid #000; padding: 8px;\">Aprox. 2430 mm \u00d7 2300 mm \u00d7 3370 mm<br \/>\n(Excluindo pe\u00e7as salientes; conce\u00e7\u00e3o final sujeita a valida\u00e7\u00e3o de engenharia)<\/td>\n<\/tr>\n<tr>\n<td style=\"border: 1px solid #000; padding: 8px; font-weight: bold;\">Fonte de alimenta\u00e7\u00e3o<\/td>\n<td style=\"border: 1px solid #000; padding: 8px;\">AC380V \u00b110%, 50Hz \u00b11, trif\u00e1sico a 4 fios + liga\u00e7\u00e3o \u00e0 terra (3\/N\/PE), resist\u00eancia de liga\u00e7\u00e3o \u00e0 terra &lt;4\u03a9<\/td>\n<\/tr>\n<tr>\n<td style=\"border: 1px solid #000; padding: 8px; font-weight: bold;\">M\u00e1x. Pot\u00eancia do sistema<\/td>\n<td style=\"border: 1px solid #000; padding: 8px;\">Aprox. 21 kW (sujeito ao projeto final de engenharia)<\/td>\n<\/tr>\n<tr>\n<td style=\"border: 1px solid #000; padding: 8px; font-weight: bold;\">M\u00e1x. Corrente do sistema<\/td>\n<td style=\"border: 1px solid #000; padding: 8px;\">Aprox. 38 A (sujeito ao projeto final de engenharia)<\/td>\n<\/tr>\n<tr>\n<td style=\"border: 1px solid #000; padding: 8px; font-weight: bold;\">Gama de temperaturas<\/td>\n<td style=\"border: 1px solid #000; padding: 8px;\">0\u2103 ~ +100\u2103<br \/>\nTemperatura da c\u00e2mara de teste de pulveriza\u00e7\u00e3o de sal: RT ~ 55\u2103 (ajust\u00e1vel)<br \/>\nTemperatura do tanque de press\u00e3o: RT ~ 70\u2103 (ajust\u00e1vel)<br \/>\nUniformidade de temperatura: \u22642\u2103 (sem carga, estado estacion\u00e1rio)<br \/>\nFlutua\u00e7\u00e3o de temperatura: \u00b10,5\u2103 (sem carga, estado est\u00e1vel)<br \/>\nDesvio de temperatura: \u00b12\u2103 (sem carga, estado est\u00e1vel)<br \/>\nExcesso de temperatura: \u22642,5\u2103<br \/>\nTaxa de aquecimento: \u22651\u2103\/min (0\u2103 ~ +85\u2103, m\u00e9dia geral)<br \/>\nTaxa de arrefecimento: \u22651\u2103\/min (+85\u2103 ~ 0\u2103, m\u00e9dia geral)<\/td>\n<\/tr>\n<tr>\n<td style=\"border: 1px solid #000; padding: 8px; font-weight: bold;\">Gama de controlo da temperatura<\/td>\n<td style=\"border: 1px solid #000; padding: 8px;\">+20\u2103 ~ +85\u2103<\/td>\n<\/tr>\n<tr>\n<td style=\"border: 1px solid #000; padding: 8px; font-weight: bold;\">Gama de humidade<\/td>\n<td style=\"border: 1px solid #000; padding: 8px;\">20%RH ~ 98%RH<\/td>\n<\/tr>\n<tr>\n<td style=\"border: 1px solid #000; padding: 8px; font-weight: bold;\">Pontos cr\u00edticos de controlo da temperatura e humidade<\/td>\n<td style=\"border: 1px solid #000; padding: 8px;\">1. 20\u2103, 30%RH<br \/>\n2. 20\u2103, 95%RH<br \/>\n3. 40\u2103, 20%RH<br \/>\n4. 85\u2103, 20%RH<br \/>\n5. 85\u2103, 95%RH<\/td>\n<\/tr>\n<tr>\n<td style=\"border: 1px solid #000; padding: 8px; font-weight: bold;\">Taxa de deposi\u00e7\u00e3o de n\u00e9voa salina<\/td>\n<td style=\"border: 1px solid #000; padding: 8px;\">1 ~ 3 mL\/80cm\u00b2-h (ajust\u00e1vel; valor m\u00e9dio de, pelo menos, 16 horas de recolha)<br \/>\nN\u00famero de colectores de n\u00e9voa salina: pelo menos 4, instalados no interior da c\u00e2mara.<\/td>\n<\/tr>\n<tr>\n<td style=\"border: 1px solid #000; padding: 8px; font-weight: bold;\">Modo de pulveriza\u00e7\u00e3o<\/td>\n<td style=\"border: 1px solid #000; padding: 8px;\">Livremente selecion\u00e1vel e configur\u00e1vel: 1 min ~ 9999 h de funcionamento constante, funcionamento em ciclo program\u00e1vel; pulveriza\u00e7\u00e3o cont\u00ednua \/ pulveriza\u00e7\u00e3o intermitente programada.<\/td>\n<\/tr>\n<tr>\n<td style=\"border: 1px solid #000; padding: 8px; font-weight: bold;\">Solu\u00e7\u00e3o de teste de n\u00e9voa salina<\/td>\n<td style=\"border: 1px solid #000; padding: 8px;\">Preparado de acordo com as normas de ensaio relevantes.<\/td>\n<\/tr>\n<tr>\n<td style=\"border: 1px solid #000; padding: 8px; font-weight: bold;\">Fun\u00e7\u00e3o de enxaguamento por pulveriza\u00e7\u00e3o de sal<\/td>\n<td style=\"border: 1px solid #000; padding: 8px;\">Equipado com fun\u00e7\u00e3o de enxaguamento por pulveriza\u00e7\u00e3o de sal, capaz de efetuar pulveriza\u00e7\u00e3o de ar comprimido e sal e pulveriza\u00e7\u00e3o de ar comprimido e sal seco.<br \/>\nEquipado com fun\u00e7\u00f5es de limpeza por n\u00e9voa \u00e1cida e purga por pulveriza\u00e7\u00e3o de sal.<\/td>\n<\/tr>\n<tr>\n<td style=\"border: 1px solid #000; padding: 8px; font-weight: bold;\">M\u00e9todo de remo\u00e7\u00e3o de nevoeiro<\/td>\n<td style=\"border: 1px solid #000; padding: 8px;\">O nevoeiro \u00e9 expelido pela press\u00e3o do ar; a tampa da c\u00e2mara \u00e9 de conce\u00e7\u00e3o deslizante com um \u00e2ngulo de 120\u00b0 no \u00e1pice, impedindo que as gotas caiam diretamente sobre a amostra, garantindo a precis\u00e3o do ensaio.<\/td>\n<\/tr>\n<tr>\n<td style=\"border: 1px solid #000; padding: 8px; font-weight: bold;\">Polui\u00e7\u00e3o e radia\u00e7\u00e3o electromagn\u00e9tica<\/td>\n<td style=\"border: 1px solid #000; padding: 8px;\">Em conformidade com as normas aplic\u00e1veis.<\/td>\n<\/tr>\n<tr>\n<td style=\"border: 1px solid #000; padding: 8px; font-weight: bold;\">M\u00e9todos de ensaio aplic\u00e1veis<\/td>\n<td style=\"border: 1px solid #000; padding: 8px;\">- GB\/T2423.17-2008 Teste Ka: N\u00e9voa salina<br \/>\n- GB\/T2423.18-2008 \/ IEC 60068-2-11:1981 Teste Kb: Pulveriza\u00e7\u00e3o de sal, c\u00edclica (solu\u00e7\u00e3o de cloreto de s\u00f3dio)<br \/>\n- ASTM B117-2009 Ensaio de proje\u00e7\u00e3o salina<br \/>\n- JIS H8502 M\u00e9todo de ensaio de pulveriza\u00e7\u00e3o de sal<br \/>\n- GB\/T10125-2012 \/ ISO 9227-2006 M\u00e9todo de ensaio de n\u00e9voa salina<br \/>\n- GB\/T10587-2006 Especifica\u00e7\u00e3o t\u00e9cnica para c\u00e2maras de ensaio de n\u00e9voa salina<br \/>\n- GB10593.2-1990 M\u00e9todos de medi\u00e7\u00e3o dos par\u00e2metros ambientais de produtos el\u00e9ctricos e electr\u00f3nicos<br \/>\n- GB\/T1765-1979 Determina\u00e7\u00e3o da resist\u00eancia \u00e0 humidade, \u00e0 proje\u00e7\u00e3o de sal e \u00e0s intemp\u00e9ries (acelera\u00e7\u00e3o artificial) para pel\u00edculas de tinta<br \/>\n- GB\/T1771-2007 Determina\u00e7\u00e3o de indicadores de desempenho em tintas e vernizes<br \/>\n- GB\/T12967.3-2008 M\u00e9todos de ensaio para revestimentos de \u00f3xido an\u00f3dico em alum\u00ednio e ligas de alum\u00ednio - Parte 3: Ensaio de n\u00e9voa salina de \u00e1cido ac\u00e9tico acelerado com cobre<br \/>\n- GB\/T31467.3-2015 Requisitos de seguran\u00e7a e m\u00e9todos de ensaio para baterias de tra\u00e7\u00e3o e sistemas de ve\u00edculos el\u00e9ctricos<br \/>\n- IEC 60068-2-11:1981 Ensaio de proje\u00e7\u00e3o salina<br \/>\n- IEC68-2-52 1996 Ensaio de proje\u00e7\u00e3o salina<br \/>\n- GB\/T15101A-2009 M\u00e9todos de ensaio ambiental de laborat\u00f3rio para equipamento militar - Ensaio de proje\u00e7\u00e3o salina<\/td>\n<\/tr>\n<tr>\n<td style=\"border: 1px solid #000; padding: 8px; font-weight: bold;\">Metrologia e normas de ensaio<\/td>\n<td style=\"border: 1px solid #000; padding: 8px;\">- GB\/T5170.2-2008 M\u00e9todos de inspe\u00e7\u00e3o para equipamento de ensaio ambiental para produtos el\u00e9ctricos e electr\u00f3nicos - Equipamento de ensaio de temperatura<br \/>\n- GB\/T5170.5-2008 M\u00e9todos de inspe\u00e7\u00e3o para equipamento de ensaio ambiental para produtos el\u00e9ctricos e electr\u00f3nicos - Equipamento de ensaio de humidade<br \/>\n- GB\/T5170.8-2008 M\u00e9todos de inspe\u00e7\u00e3o para equipamento de ensaio ambiental para produtos el\u00e9ctricos e electr\u00f3nicos - Equipamento de ensaio de n\u00e9voa salina<\/td>\n<\/tr>\n<\/tbody>\n<\/table>\n<p><strong>Carater\u00edsticas do produto<\/strong><\/p>\n<p>1. Possui uma fun\u00e7\u00e3o de desembaciamento r\u00e1pido. Esta fun\u00e7\u00e3o pode ser utilizada quando o ensaio \u00e9 terminado ou temporariamente interrompido para for\u00e7ar a expuls\u00e3o para o exterior do g\u00e1s residual da n\u00e9voa salina existente na c\u00e2mara de ensaio.<\/p>\n<p>2. Os bicos de vidro de precis\u00e3o (PYREX) asseguram uma difus\u00e3o uniforme da n\u00e9voa e uma deposi\u00e7\u00e3o natural nos provetes de ensaio, garantindo que n\u00e3o h\u00e1 bloqueio da cristaliza\u00e7\u00e3o do sal mesmo ap\u00f3s 4000 horas de funcionamento cont\u00ednuo.<\/p>\n<p>3. O tanque de salmoura possui uma janela de observa\u00e7\u00e3o do n\u00edvel de \u00e1gua oculta; a tampa \u00e9 feita de vidro acr\u00edlico transparente, proporcionando um excelente isolamento e visibilidade direta do processo de pulveriza\u00e7\u00e3o.<\/p>\n<p>4. O reservat\u00f3rio de ar saturado \u00e9 feito de a\u00e7o inoxid\u00e1vel SUS304 com resist\u00eancia a altas temperaturas, proporcionando um excelente isolamento e a humidade necess\u00e1ria para a c\u00e2mara de ensaio.<\/p>\n<p>5. Utiliza um sistema autom\u00e1tico de enchimento de \u00e1gua que rep\u00f5e automaticamente a \u00e1gua quando o n\u00edvel est\u00e1 baixo. Sim, teste ininterrupto.<\/p>\n<p>6. A c\u00e2mara de ensaio utiliza aquecimento direto a vapor, o que resulta num aquecimento r\u00e1pido e uniforme, reduzindo o tempo de espera.<\/p>\n<p>7. A torre de pulveriza\u00e7\u00e3o est\u00e1 equipada com um difusor c\u00f3nico, que guia a n\u00e9voa, regula o volume da n\u00e9voa e assegura uma distribui\u00e7\u00e3o uniforme da mesma.<\/p>\n<p>8. O controlador de temperatura utiliza um visor digital e controlo PID, com um erro de \u00b10,3\u2103.<\/p>\n<p>9. \u00c9 utilizado um sistema de dete\u00e7\u00e3o total, com luzes indicadoras para indicar as ocorr\u00eancias de avarias.<\/p>\n<p>Aplica\u00e7\u00f5es e dom\u00ednios<\/p>\n<p>1. Ind\u00fastria autom\u00f3vel:<\/p>\n<p>Testes de componentes para autom\u00f3veis: Avalia a resist\u00eancia \u00e0 corros\u00e3o e a durabilidade de revestimentos de superf\u00edcies autom\u00f3veis, pe\u00e7as met\u00e1licas e componentes electr\u00f3nicos em ambientes de n\u00e9voa salina, alta temperatura e alta humidade, garantindo a vida \u00fatil dos autom\u00f3veis em climas marinhos ou regi\u00f5es de lagos salgados.<\/p>\n<p>Prote\u00e7\u00e3o de exteriores de autom\u00f3veis: Testa a resist\u00eancia \u00e0 corros\u00e3o e a estabilidade da cor de materiais exteriores de autom\u00f3veis (tais como tinta, cromagem, etc.) em ambientes de n\u00e9voa salina, assegurando a est\u00e9tica dos autom\u00f3veis a longo prazo.<\/p>\n<p>2. Aeroespacial:<\/p>\n<p>Ensaios de componentes de aeronaves: Avalia a resist\u00eancia \u00e0 corros\u00e3o e as propriedades mec\u00e2nicas de estruturas de aeronaves, componentes de motores, revestimentos, etc., em ambientes marinhos ou regi\u00f5es de lagos salgados, garantindo a seguran\u00e7a e a fiabilidade das aeronaves.<\/p>\n<p>Ensaios de componentes de naves espaciais: Testa a durabilidade e a fiabilidade de componentes de ve\u00edculos espaciais, como sat\u00e9lites e foguet\u00f5es, em condi\u00e7\u00f5es de n\u00e9voa salina, alta temperatura e alta humidade, para garantir a sua estabilidade durante o lan\u00e7amento e o funcionamento.<\/p>\n<p>3. Engenharia naval:<\/p>\n<p>Testes de equipamentos mar\u00edtimos: Avalia a resist\u00eancia \u00e0 corros\u00e3o e a durabilidade de plataformas, estruturas e equipamentos mar\u00edtimos em ambientes marinhos para garantir o seu funcionamento est\u00e1vel a longo prazo.<\/p>\n<p>Ensaios de materiais marinhos: Testa a resist\u00eancia \u00e0 corros\u00e3o de materiais marinhos (tais como revestimentos de prote\u00e7\u00e3o contra a \u00e1gua do mar e metais marinhos) sob condi\u00e7\u00f5es de n\u00e9voa salina e humidade elevada para garantir a sua fun\u00e7\u00e3o de prote\u00e7\u00e3o em ambientes marinhos.<\/p>\n<p>4. Ind\u00fastria da eletr\u00f3nica e dos aparelhos el\u00e9ctricos:<\/p>\n<p>Teste de componentes electr\u00f3nicos: Avalia a resist\u00eancia \u00e0 corros\u00e3o e a estabilidade funcional de componentes electr\u00f3nicos (tais como placas de circuitos e conectores) em ambientes de n\u00e9voa salina e humidade elevada para garantir a fiabilidade e a durabilidade dos produtos electr\u00f3nicos.<\/p>\n<p>Ensaio de equipamentos electr\u00f3nicos de exterior: Testes do desempenho de prote\u00e7\u00e3o de equipamentos electr\u00f3nicos exteriores (tais como c\u00e2maras de vigil\u00e2ncia e pain\u00e9is exteriores) em condi\u00e7\u00f5es meteorol\u00f3gicas adversas para garantir o seu funcionamento normal em ambientes exteriores.<\/p>\n<p>5. Ind\u00fastria de materiais met\u00e1licos:<\/p>\n<p>Ensaios de corros\u00e3o de metais: Avalia\u00e7\u00e3o da resist\u00eancia \u00e0 corros\u00e3o e da taxa de corros\u00e3o de materiais met\u00e1licos em ambientes de n\u00e9voa salina e de elevada humidade, fornecendo uma refer\u00eancia para a sele\u00e7\u00e3o e utiliza\u00e7\u00e3o de materiais met\u00e1licos.<\/p>\n<p>6. Ind\u00fastria de revestimentos e tratamento de superf\u00edcies:<\/p>\n<p>Ensaios de revestimentos anti-corros\u00e3o: Avalia\u00e7\u00e3o do efeito protetor e da durabilidade dos revestimentos anticorrosivos em condi\u00e7\u00f5es de n\u00e9voa salina e de humidade elevada, fornecendo orienta\u00e7\u00f5es para o desenvolvimento e aplica\u00e7\u00e3o de revestimentos.<\/p>","protected":false},"author":1,"featured_media":791,"template":"","meta":{"_acf_changed":false},"product_category":[8],"class_list":["post-271","product","type-product","status-publish","has-post-thumbnail","hentry","product_category-weather-resistance-test-series"],"acf":[],"_links":{"self":[{"href":"https:\/\/www.envsin-testchamber.com\/pt\/wp-json\/wp\/v2\/product\/271","targetHints":{"allow":["GET"]}}],"collection":[{"href":"https:\/\/www.envsin-testchamber.com\/pt\/wp-json\/wp\/v2\/product"}],"about":[{"href":"https:\/\/www.envsin-testchamber.com\/pt\/wp-json\/wp\/v2\/types\/product"}],"author":[{"embeddable":true,"href":"https:\/\/www.envsin-testchamber.com\/pt\/wp-json\/wp\/v2\/users\/1"}],"wp:featuredmedia":[{"embeddable":true,"href":"https:\/\/www.envsin-testchamber.com\/pt\/wp-json\/wp\/v2\/media\/791"}],"wp:attachment":[{"href":"https:\/\/www.envsin-testchamber.com\/pt\/wp-json\/wp\/v2\/media?parent=271"}],"wp:term":[{"taxonomy":"product_category","embeddable":true,"href":"https:\/\/www.envsin-testchamber.com\/pt\/wp-json\/wp\/v2\/product_category?post=271"}],"curies":[{"name":"wp","href":"https:\/\/api.w.org\/{rel}","templated":true}]}}