{"id":267,"date":"2026-03-23T11:02:09","date_gmt":"2026-03-23T03:02:09","guid":{"rendered":"https:\/\/www.envsin-testchamber.com\/?post_type=product&#038;p=267"},"modified":"2026-05-08T15:12:32","modified_gmt":"2026-05-08T07:12:32","slug":"temperature-humidity-altitude-light-fresh-air-and-weather-resistance-comprehensive-test-chamber","status":"publish","type":"product","link":"https:\/\/www.envsin-testchamber.com\/pt\/product\/temperature-humidity-altitude-light-fresh-air-and-weather-resistance-comprehensive-test-chamber\/","title":{"rendered":"C\u00e2mara de teste abrangente de temperatura, humidade, altitude, luz, ar fresco e resist\u00eancia \u00e0s intemp\u00e9ries"},"content":{"rendered":"<p style=\"text-align: center;\"><strong>Par\u00e2metros do produto<\/strong><\/p>\n<table style=\"width: 100%; border-collapse: collapse; border: 1px solid #ccc; table-layout: fixed;\">\n<thead>\n<tr>\n<th style=\"border: 1px solid #ccc; padding: 8px; text-align: center; font-weight: bold; background-color: #f0f0f0; width: 50%;\">Par\u00e2metro<\/th>\n<th style=\"border: 1px solid #ccc; padding: 8px; text-align: center; font-weight: bold; background-color: #f0f0f0; width: 50%;\">Especifica\u00e7\u00e3o \/ Valor<\/th>\n<\/tr>\n<\/thead>\n<tbody>\n<tr>\n<td style=\"border: 1px solid #ccc; padding: 8px; vertical-align: middle;\">Volume de ensaio<\/td>\n<td style=\"border: 1px solid #ccc; padding: 8px; vertical-align: middle;\">3m\u00b3, 6m\u00b3 (dimens\u00f5es personaliz\u00e1veis conforme necess\u00e1rio)<\/td>\n<\/tr>\n<tr>\n<td style=\"border: 1px solid #ccc; padding: 8px; vertical-align: middle;\">Fonte de alimenta\u00e7\u00e3o<\/td>\n<td style=\"border: 1px solid #ccc; padding: 8px; vertical-align: middle;\">AC380V \u00b110%, 50Hz \u00b11, trif\u00e1sico a quatro fios + fio de liga\u00e7\u00e3o \u00e0 terra (3\/N\/PE), resist\u00eancia de liga\u00e7\u00e3o \u00e0 terra &lt;4\u03a9<\/td>\n<\/tr>\n<tr>\n<td style=\"border: 1px solid #ccc; padding: 8px; vertical-align: middle;\">Pot\u00eancia m\u00e1xima do sistema<\/td>\n<td style=\"border: 1px solid #ccc; padding: 8px; vertical-align: middle;\">Aprox. 123,8KW (sujeito ao projeto final de engenharia)<\/td>\n<\/tr>\n<tr>\n<td style=\"border: 1px solid #ccc; padding: 8px; vertical-align: middle;\">Corrente m\u00e1xima do sistema<\/td>\n<td style=\"border: 1px solid #ccc; padding: 8px; vertical-align: middle;\">Aprox. 212,3A (sujeito ao projeto final de engenharia)<\/td>\n<\/tr>\n<tr>\n<td style=\"border: 1px solid #ccc; padding: 8px; vertical-align: middle;\">M\u00e9todo de arrefecimento<\/td>\n<td style=\"border: 1px solid #ccc; padding: 8px; vertical-align: middle;\">Arrefecimento a \u00e1gua<\/td>\n<\/tr>\n<tr>\n<td style=\"border: 1px solid #ccc; padding: 8px; vertical-align: middle;\">Gama de temperaturas<\/td>\n<td style=\"border: 1px solid #ccc; padding: 8px; vertical-align: middle;\">-20\u00b0C \/ -50\u00b0C \/ -70\u00b0C ~ +150\u00b0C<\/td>\n<\/tr>\n<tr>\n<td style=\"border: 1px solid #ccc; padding: 8px; vertical-align: middle;\">Uniformidade de temperatura<\/td>\n<td style=\"border: 1px solid #ccc; padding: 8px; vertical-align: middle;\">\u22642\u00b0C<\/td>\n<\/tr>\n<tr>\n<td style=\"border: 1px solid #ccc; padding: 8px; vertical-align: middle;\">Flutua\u00e7\u00e3o de temperatura<\/td>\n<td style=\"border: 1px solid #ccc; padding: 8px; vertical-align: middle;\">\u00b10.5\u00b0C<\/td>\n<\/tr>\n<tr>\n<td style=\"border: 1px solid #ccc; padding: 8px; vertical-align: middle;\">Desvio de temperatura<\/td>\n<td style=\"border: 1px solid #ccc; padding: 8px; vertical-align: middle;\">\u00b12\u00b0C<\/td>\n<\/tr>\n<tr>\n<td style=\"border: 1px solid #ccc; padding: 8px; vertical-align: middle;\">Taxa de aquecimento<\/td>\n<td style=\"border: 1px solid #ccc; padding: 8px; vertical-align: middle;\">5\u00b0C\/min (linear dentro do intervalo -70\u00b0C ~ +150\u00b0C)<\/td>\n<\/tr>\n<tr>\n<td style=\"border: 1px solid #ccc; padding: 8px; vertical-align: middle;\">Taxa de arrefecimento<\/td>\n<td style=\"border: 1px solid #ccc; padding: 8px; vertical-align: middle;\">5\u00b0C\/min (linear dentro do intervalo -70\u00b0C ~ +150\u00b0C)<\/td>\n<\/tr>\n<tr>\n<td style=\"border: 1px solid #ccc; padding: 8px; vertical-align: middle;\">Teste clim\u00e1tico de temperatura e humidade<\/td>\n<td style=\"border: 1px solid #ccc; padding: 8px; vertical-align: middle;\">Gama de humidade: 15%RH ~ 98%RH (\u00b13%RH)<\/td>\n<\/tr>\n<tr>\n<td style=\"border: 1px solid #ccc; padding: 8px; vertical-align: middle;\">Baixa press\u00e3o Gama extrema<\/td>\n<td style=\"border: 1px solid #ccc; padding: 8px; vertical-align: middle;\">&lt;7,6kPa<\/td>\n<\/tr>\n<tr>\n<td style=\"border: 1px solid #ccc; padding: 8px; vertical-align: middle;\">Volume de ar fresco<\/td>\n<td style=\"border: 1px solid #ccc; padding: 8px; vertical-align: middle;\">500 ~ 2000 L\/min (ajust\u00e1vel)<\/td>\n<\/tr>\n<tr>\n<td style=\"border: 1px solid #ccc; padding: 8px; vertical-align: middle;\">Temperatura do ar fresco<\/td>\n<td style=\"border: 1px solid #ccc; padding: 8px; vertical-align: middle;\">0\u00b0C ~ 60\u00b0C, -20\u00b0C ~ 60\u00b0C, -40\u00b0C ~ 60\u00b0C (opcional)<\/td>\n<\/tr>\n<tr>\n<td style=\"border: 1px solid #ccc; padding: 8px; vertical-align: middle;\">Comprimento de onda da luz<\/td>\n<td style=\"border: 1px solid #ccc; padding: 8px; vertical-align: middle;\">280nm ~ 3000nm<\/td>\n<\/tr>\n<tr>\n<td style=\"border: 1px solid #ccc; padding: 8px; vertical-align: middle;\">Intensidade de Irradi\u00e2ncia<\/td>\n<td style=\"border: 1px solid #ccc; padding: 8px; vertical-align: middle;\">55 ~ 1200 W\/m\u00b2<\/td>\n<\/tr>\n<\/tbody>\n<\/table>\n<p><strong>Aplica\u00e7\u00f5es e cen\u00e1rios<\/strong><\/p>\n<p>1. Aeroespacial:<\/p>\n<p>Componentes de aeronaves: Testa o impacto das altera\u00e7\u00f5es de vibra\u00e7\u00e3o, temperatura e humidade no desempenho e fiabilidade dos componentes de aeronaves durante o voo.<\/p>\n<p>Equipamento de sat\u00e9lite: Avalia a estabilidade e a durabilidade do equipamento de sat\u00e9lite sob vibra\u00e7\u00e3o, temperatura e mudan\u00e7as de humidade no ambiente espacial.<\/p>\n<p>2. Ind\u00fastria autom\u00f3vel:<\/p>\n<p>Componentes para autom\u00f3veis: Testa o impacto da vibra\u00e7\u00e3o, temperaturas altas e baixas e ambientes h\u00famidos em componentes autom\u00f3veis durante o funcionamento, avaliando a sua durabilidade e fiabilidade.<\/p>\n<p>Ensaios de ve\u00edculos inteiros: Realiza ensaios de vibra\u00e7\u00e3o, temperatura e altera\u00e7\u00f5es de humidade em ve\u00edculos completos em condi\u00e7\u00f5es de estrada simuladas, avaliando o desempenho do ve\u00edculo em v\u00e1rios ambientes complexos.<\/p>\n<p>3. Ind\u00fastria da eletr\u00f3nica e dos aparelhos el\u00e9ctricos:<\/p>\n<p>Produtos electr\u00f3nicos: Testa os efeitos da vibra\u00e7\u00e3o, temperaturas altas e baixas e ambientes h\u00famidos em produtos electr\u00f3nicos durante o transporte, armazenamento e utiliza\u00e7\u00e3o, avaliando a sua durabilidade e fiabilidade.<\/p>\n<p>Componentes electr\u00f3nicos: Avalia o impacto das varia\u00e7\u00f5es de vibra\u00e7\u00e3o, temperatura e humidade no desempenho dos componentes electr\u00f3nicos em condi\u00e7\u00f5es reais de utiliza\u00e7\u00e3o, garantindo um funcionamento est\u00e1vel.<\/p>\n<p>4. Ind\u00fastria de constru\u00e7\u00e3o naval:<\/p>\n<p>Equipamento mar\u00edtimo: Testa os efeitos da vibra\u00e7\u00e3o, corros\u00e3o da \u00e1gua do mar e condi\u00e7\u00f5es clim\u00e1ticas marinhas em equipamentos marinhos durante viagens mar\u00edtimas, avaliando a sua durabilidade e estabilidade.<\/p>\n<p>4. Militar e Defesa:<\/p>\n<p>Equipamento militar: Avalia o desempenho de equipamentos militares em combate e em ambientes extremos com varia\u00e7\u00f5es de vibra\u00e7\u00e3o, temperatura e humidade, garantindo a sua fiabilidade e estabilidade em condi\u00e7\u00f5es de campo de batalha.<\/p>\n<p>5. Produtos farmac\u00eauticos e biotecnologia:<\/p>\n<p>Estabilidade farmac\u00eautica: Testa os efeitos das varia\u00e7\u00f5es de vibra\u00e7\u00e3o, temperatura e humidade na estabilidade e efic\u00e1cia dos produtos farmac\u00eauticos durante o transporte, armazenamento e utiliza\u00e7\u00e3o.<\/p>\n<p>Produtos biofarmac\u00eauticos: Avalia a estabilidade e a efic\u00e1cia de produtos biol\u00f3gicos em condi\u00e7\u00f5es ambientais complexas, garantindo a sua qualidade e seguran\u00e7a durante o transporte e o armazenamento.<\/p>","protected":false},"author":1,"featured_media":794,"template":"","meta":{"_acf_changed":false},"product_category":[8],"class_list":["post-267","product","type-product","status-publish","has-post-thumbnail","hentry","product_category-weather-resistance-test-series"],"acf":[],"_links":{"self":[{"href":"https:\/\/www.envsin-testchamber.com\/pt\/wp-json\/wp\/v2\/product\/267","targetHints":{"allow":["GET"]}}],"collection":[{"href":"https:\/\/www.envsin-testchamber.com\/pt\/wp-json\/wp\/v2\/product"}],"about":[{"href":"https:\/\/www.envsin-testchamber.com\/pt\/wp-json\/wp\/v2\/types\/product"}],"author":[{"embeddable":true,"href":"https:\/\/www.envsin-testchamber.com\/pt\/wp-json\/wp\/v2\/users\/1"}],"wp:featuredmedia":[{"embeddable":true,"href":"https:\/\/www.envsin-testchamber.com\/pt\/wp-json\/wp\/v2\/media\/794"}],"wp:attachment":[{"href":"https:\/\/www.envsin-testchamber.com\/pt\/wp-json\/wp\/v2\/media?parent=267"}],"wp:term":[{"taxonomy":"product_category","embeddable":true,"href":"https:\/\/www.envsin-testchamber.com\/pt\/wp-json\/wp\/v2\/product_category?post=267"}],"curies":[{"name":"wp","href":"https:\/\/api.w.org\/{rel}","templated":true}]}}