{"id":265,"date":"2026-03-23T11:00:27","date_gmt":"2026-03-23T03:00:27","guid":{"rendered":"https:\/\/www.envsin-testchamber.com\/?post_type=product&#038;p=265"},"modified":"2026-05-08T15:13:44","modified_gmt":"2026-05-08T07:13:44","slug":"sand-and-dust-test-chamber","status":"publish","type":"product","link":"https:\/\/www.envsin-testchamber.com\/pt\/product\/sand-and-dust-test-chamber\/","title":{"rendered":"C\u00e2mara de teste de areia e poeira"},"content":{"rendered":"<p>A c\u00e2mara de ensaio de sopro de poeira\/sopro de areia\/assentamento de poeira de padr\u00e3o militar inclui principalmente uma unidade de ensaio de sopro de poeira e equipamento auxiliar para controlar a quantidade de assentamento de poeira, a velocidade do vento, a temperatura e a humidade do ar. A quantidade de poeira em circula\u00e7\u00e3o na c\u00e2mara de ensaio \u00e9 mantida e verificada por meio de instrumentos calibrados. O fluxo de ar que entra na c\u00e2mara de ensaio para impactar o esp\u00e9cime deve ser o mais pr\u00f3ximo poss\u00edvel de um fluxo laminar ou, pelo menos, evitar a forma\u00e7\u00e3o de redemoinhos. Este sistema experimental \u00e9 adequado para a realiza\u00e7\u00e3o de ensaios de sopro de poeiras em provetes.<\/p>\n<p style=\"text-align: center;\"><span style=\"font-family: arial, helvetica, sans-serif;\"><strong>Par\u00e2metros do produto<\/strong><\/span><\/p>\n<div class=\"sand-dust-table-wrapper\">\n<table style=\"width: 100%; border-collapse: collapse; border: 1px solid #ccc; font-family: Arial, sans-serif;\">\n<thead>\n<tr style=\"background-color: #f0f4f8;\">\n<th style=\"border: 1px solid #ccc; padding: 12px; text-align: left; font-weight: bold;\">Par\u00e2metro<\/th>\n<th style=\"border: 1px solid #ccc; padding: 12px; text-align: left; font-weight: bold;\">Especifica\u00e7\u00e3o \/ Valor<\/th>\n<\/tr>\n<\/thead>\n<tbody>\n<tr>\n<td style=\"border: 1px solid #ccc; padding: 10px;\">Volume da c\u00e2mara<\/td>\n<td style=\"border: 1px solid #ccc; padding: 10px;\">3375 L<\/td>\n<\/tr>\n<tr>\n<td style=\"border: 1px solid #ccc; padding: 10px;\">Dimens\u00f5es internas (L \u00d7 P \u00d7 A)<\/td>\n<td style=\"border: 1px solid #ccc; padding: 10px;\">1500 mm \u00d7 1500 mm \u00d7 1500 mm<\/td>\n<\/tr>\n<tr>\n<td style=\"border: 1px solid #ccc; padding: 10px;\">Dimens\u00f5es externas (L \u00d7 P \u00d7 A)<\/td>\n<td style=\"border: 1px solid #ccc; padding: 10px;\">Aprox. 4800 mm \u00d7 2000 mm \u00d7 2450 mm<br \/>\nReal sujeito a projeto de engenharia<\/td>\n<\/tr>\n<tr>\n<td style=\"border: 1px solid #ccc; padding: 10px;\">Fonte de alimenta\u00e7\u00e3o<\/td>\n<td style=\"border: 1px solid #ccc; padding: 10px;\">AC380V \u00b15%, 50Hz \u00b11, trif\u00e1sico a quatro fios + liga\u00e7\u00e3o \u00e0 terra (3\/N\/PE), resist\u00eancia de liga\u00e7\u00e3o \u00e0 terra &lt;4\u03a9<\/td>\n<\/tr>\n<tr>\n<td style=\"border: 1px solid #ccc; padding: 10px;\">Pot\u00eancia m\u00e1xima de funcionamento<\/td>\n<td style=\"border: 1px solid #ccc; padding: 10px;\">Aprox. 42,1 KW (sujeito a projeto de engenharia)<\/td>\n<\/tr>\n<tr>\n<td style=\"border: 1px solid #ccc; padding: 10px;\">Corrente m\u00e1xima de funcionamento<\/td>\n<td style=\"border: 1px solid #ccc; padding: 10px;\">Aprox. 72 A (sujeito a projeto de engenharia)<\/td>\n<\/tr>\n<tr>\n<td style=\"border: 1px solid #ccc; padding: 10px;\">Gama de temperaturas<\/td>\n<td style=\"border: 1px solid #ccc; padding: 10px;\">23\u00b0C ~ 80\u00b0C<\/td>\n<\/tr>\n<tr>\n<td style=\"border: 1px solid #ccc; padding: 10px;\">Uniformidade de temperatura<\/td>\n<td style=\"border: 1px solid #ccc; padding: 10px;\">\u22642\u00b0C<\/td>\n<\/tr>\n<tr>\n<td style=\"border: 1px solid #ccc; padding: 10px;\">Flutua\u00e7\u00e3o de temperatura<\/td>\n<td style=\"border: 1px solid #ccc; padding: 10px;\">\u00b10.5\u00b0C<\/td>\n<\/tr>\n<tr>\n<td style=\"border: 1px solid #ccc; padding: 10px;\">Desvio de temperatura<\/td>\n<td style=\"border: 1px solid #ccc; padding: 10px;\">\u00b12\u00b0C<\/td>\n<\/tr>\n<tr>\n<td style=\"border: 1px solid #ccc; padding: 10px;\">Taxa de aquecimento \/ arrefecimento<\/td>\n<td style=\"border: 1px solid #ccc; padding: 10px;\">\u22651\u00b0C\/min<\/td>\n<\/tr>\n<tr>\n<td style=\"border: 1px solid #ccc; padding: 10px;\">Quantidade de queda de poeira<\/td>\n<td style=\"border: 1px solid #ccc; padding: 10px;\">10,6 g\/m\u00b3 \u00b1 7 g\/m\u00b3<\/td>\n<\/tr>\n<tr>\n<td style=\"border: 1px solid #ccc; padding: 10px;\">Velocidade do vento de sopro de poeira<\/td>\n<td style=\"border: 1px solid #ccc; padding: 10px;\">1,5 ~ 8,9 m\/s<\/td>\n<\/tr>\n<tr>\n<td style=\"border: 1px solid #ccc; padding: 10px;\">Composi\u00e7\u00e3o da poeira de ensaio<\/td>\n<td style=\"border: 1px solid #ccc; padding: 10px;\">97% ~ 99% di\u00f3xido de s\u00edlica (areia de quartzo)<\/td>\n<\/tr>\n<tr>\n<td style=\"border: 1px solid #ccc; padding: 10px;\">Di\u00e2metro das part\u00edculas de poeira<\/td>\n<td style=\"border: 1px solid #ccc; padding: 10px;\">\u2264149 \u03bcm<\/td>\n<\/tr>\n<tr>\n<td style=\"border: 1px solid #ccc; padding: 10px;\">Velocidade do fluxo de ar de poeiras<\/td>\n<td style=\"border: 1px solid #ccc; padding: 10px;\">1,5 ~ 8,9 m\/s (ajust\u00e1vel, medido na sa\u00edda de ar)<\/td>\n<\/tr>\n<tr>\n<td style=\"border: 1px solid #ccc; padding: 10px;\">Gama de humidade<\/td>\n<td style=\"border: 1px solid #ccc; padding: 10px;\">Inferior a 30% RH (durante todo o processo de ensaio de poeiras)<\/td>\n<\/tr>\n<tr>\n<td style=\"border: 1px solid #ccc; padding: 10px;\">\u00c1rea da sec\u00e7\u00e3o transversal efectiva (fluxo de ar)<\/td>\n<td style=\"border: 1px solid #ccc; padding: 10px;\">\u2265800 mm \u00d7 800 mm<\/td>\n<\/tr>\n<tr>\n<td style=\"border: 1px solid #ccc; padding: 10px;\">Dimens\u00f5es do gira-discos<\/td>\n<td style=\"border: 1px solid #ccc; padding: 10px;\">\u2265\u03a6700 mm<\/td>\n<\/tr>\n<tr>\n<td style=\"border: 1px solid #ccc; padding: 10px;\">Gira-discos<\/td>\n<td style=\"border: 1px solid #ccc; padding: 10px;\">Capacidade de carga: \u2265200 kg<br \/>\nVelocidade de rota\u00e7\u00e3o: 3 ~ 7 r\/min<\/td>\n<\/tr>\n<tr>\n<td style=\"border: 1px solid #ccc; padding: 10px;\">Normas aplic\u00e1veis<\/td>\n<td style=\"border: 1px solid #ccc; padding: 10px;\">GJB 150.12A-2009 M\u00e9todos de ensaio ambiental para laborat\u00f3rios de material militar, Parte 12: Ensaio de poeiras<\/td>\n<\/tr>\n<\/tbody>\n<\/table>\n<\/div>\n<p>&nbsp;<\/p>\n<p><strong>Aplica\u00e7\u00f5es\u00a0<\/strong><\/p>\n<p class=\"ds-markdown-paragraph\">1. ind\u00fastria autom\u00f3vel<\/p>\n<p class=\"ds-markdown-paragraph\">Utilizado para testar o desempenho da veda\u00e7\u00e3o e a capacidade de prote\u00e7\u00e3o de componentes como far\u00f3is, pain\u00e9is de instrumentos, sistemas de admiss\u00e3o do motor, sistemas de ar condicionado, unidades de controlo eletr\u00f3nico a bordo, coberturas el\u00e9ctricas contra poeiras e sistemas de dire\u00e7\u00e3o. Estes ensaios previnem eficazmente as falhas causadas pela entrada de poeiras, garantindo a estabilidade e a seguran\u00e7a do ve\u00edculo em condi\u00e7\u00f5es de estrada poeirentas.<\/p>\n<p class=\"ds-markdown-paragraph\">2. eletr\u00f3nica, engenharia el\u00e9ctrica e telecomunica\u00e7\u00f5es<\/p>\n<p class=\"ds-markdown-paragraph\">Utilizado para testar os n\u00edveis de prote\u00e7\u00e3o contra a entrada de poeiras (por exemplo, IP5X, IP6X) de produtos como telem\u00f3veis, routers, c\u00e2maras, ecr\u00e3s LED exteriores, equipamento de esta\u00e7\u00f5es de base de comunica\u00e7\u00f5es, arm\u00e1rios exteriores, aparelhos de baixa tens\u00e3o, conectores e electrodom\u00e9sticos. Ao simular ambientes carregados de p\u00f3, o teste verifica o desempenho de veda\u00e7\u00e3o dos produtos para evitar a entrada de p\u00f3 que poderia causar curto-circuitos ou degrada\u00e7\u00e3o do desempenho.<\/p>\n<p class=\"ds-markdown-paragraph\">3. militar e aeroespacial<\/p>\n<p class=\"ds-markdown-paragraph\">Utilizados para verificar a fiabilidade operacional e a durabilidade do equipamento militar (por exemplo, dispositivos de comunica\u00e7\u00e3o, instrumentos de reconhecimento) e dos componentes aeroespaciais (por exemplo, pe\u00e7as de sat\u00e9lites, componentes de aeronaves) em condi\u00e7\u00f5es adversas, como desertos e terrenos de gobi. Esses testes seguem rigorosamente as normas militares nacionais (por exemplo, GJB 150) ou internacionais (por exemplo, MIL-STD-810) para garantir a capacidade de combate cont\u00ednua do equipamento e a seguran\u00e7a de voo em ambientes extremos de poeira\/areia.<\/p>\n<p class=\"ds-markdown-paragraph\">4. nova ind\u00fastria energ\u00e9tica<\/p>\n<p class=\"ds-markdown-paragraph\">Utilizada para validar o desempenho \u00e0 prova de poeiras de componentes cr\u00edticos, tais como m\u00f3dulos fotovoltaicos (backsheets, caixas de jun\u00e7\u00e3o), inversores fotovoltaicos, baterias de ve\u00edculos el\u00e9ctricos e controladores de motores, pilhas de carregamento, sistemas de passo de turbinas e\u00f3licas e unidades de armazenamento de energia. Uma vez que os novos equipamentos de energia s\u00e3o amplamente utilizados em ambientes adversos, como desertos e regi\u00f5es gobi, a c\u00e2mara de ensaio de areia\/poeira torna-se uma ferramenta essencial para garantir a estabilidade operacional a longo prazo e a efici\u00eancia da produ\u00e7\u00e3o de energia.<\/p>\n<p class=\"ds-markdown-paragraph\">5. transporte ferrovi\u00e1rio<\/p>\n<p class=\"ds-markdown-paragraph\">Utilizado para simular ambientes de areia\/poeira que os sistemas de tr\u00e2nsito ferrovi\u00e1rio podem encontrar (especialmente em zonas \u00e1ridas e propensas a tempestades de areia) e para realizar ensaios \u00e0 prova de poeira em componentes-chave, tais como estruturas mec\u00e2nicas das portas dos comboios, sistemas de travagem, sistemas de controlo eletr\u00f3nico a bordo, equipamento de sinaliza\u00e7\u00e3o e sistemas de ar condicionado\/ventila\u00e7\u00e3o. Estes ensaios avaliam a durabilidade, a fiabilidade e o desempenho de veda\u00e7\u00e3o do equipamento em condi\u00e7\u00f5es de poeira, garantindo a seguran\u00e7a do tr\u00e1fego e a efici\u00eancia operacional.<\/p>\n<p class=\"ds-markdown-paragraph\">6. equipamento industrial e produtos de exterior<\/p>\n<p class=\"ds-markdown-paragraph\">Utilizado para inspecionar o desempenho da veda\u00e7\u00e3o contra poeiras de controladores industriais, arm\u00e1rios de distribui\u00e7\u00e3o, dispositivos de ilumina\u00e7\u00e3o exterior (por exemplo, candeeiros de rua, luzes de t\u00fanel), fechaduras, vedantes, contadores el\u00e9ctricos e outros produtos. Isto assegura que o equipamento exposto a ambientes exteriores durante longos per\u00edodos pode efetivamente impedir a entrada de p\u00f3 e manter o funcionamento normal e a vida \u00fatil.<\/p>\n<p class=\"ds-markdown-paragraph\">7.Materiais I&amp;D<\/p>\n<p class=\"ds-markdown-paragraph\">Utilizado para avaliar a resist\u00eancia ao desgaste, a resist\u00eancia ao envelhecimento e a resist\u00eancia \u00e0 corros\u00e3o de novos revestimentos, materiais de veda\u00e7\u00e3o, materiais comp\u00f3sitos, etc., sob a eros\u00e3o de areia soprada pelo vento. Isto fornece dados-chave de apoio \u00e0 investiga\u00e7\u00e3o cient\u00edfica de materiais e \u00e0 otimiza\u00e7\u00e3o da conce\u00e7\u00e3o de produtos.<\/p>","protected":false},"author":1,"featured_media":795,"template":"","meta":{"_acf_changed":false},"product_category":[8],"class_list":["post-265","product","type-product","status-publish","has-post-thumbnail","hentry","product_category-weather-resistance-test-series"],"acf":[],"_links":{"self":[{"href":"https:\/\/www.envsin-testchamber.com\/pt\/wp-json\/wp\/v2\/product\/265","targetHints":{"allow":["GET"]}}],"collection":[{"href":"https:\/\/www.envsin-testchamber.com\/pt\/wp-json\/wp\/v2\/product"}],"about":[{"href":"https:\/\/www.envsin-testchamber.com\/pt\/wp-json\/wp\/v2\/types\/product"}],"author":[{"embeddable":true,"href":"https:\/\/www.envsin-testchamber.com\/pt\/wp-json\/wp\/v2\/users\/1"}],"wp:featuredmedia":[{"embeddable":true,"href":"https:\/\/www.envsin-testchamber.com\/pt\/wp-json\/wp\/v2\/media\/795"}],"wp:attachment":[{"href":"https:\/\/www.envsin-testchamber.com\/pt\/wp-json\/wp\/v2\/media?parent=265"}],"wp:term":[{"taxonomy":"product_category","embeddable":true,"href":"https:\/\/www.envsin-testchamber.com\/pt\/wp-json\/wp\/v2\/product_category?post=265"}],"curies":[{"name":"wp","href":"https:\/\/api.w.org\/{rel}","templated":true}]}}