{"id":261,"date":"2026-03-23T10:57:32","date_gmt":"2026-03-23T02:57:32","guid":{"rendered":"https:\/\/www.envsin-testchamber.com\/?post_type=product&#038;p=261"},"modified":"2026-05-08T15:14:45","modified_gmt":"2026-05-08T07:14:45","slug":"high-and-low-temperature-humidity-low-air-pressure-test-chamber","status":"publish","type":"product","link":"https:\/\/www.envsin-testchamber.com\/pt\/product\/high-and-low-temperature-humidity-low-air-pressure-test-chamber\/","title":{"rendered":"C\u00e2mara de teste de alta e baixa temperatura Humidade Baixa press\u00e3o de ar"},"content":{"rendered":"<p>Uma c\u00e2mara de teste de alta\/baixa temperatura e baixa press\u00e3o \u00e9 um dispositivo especificamente concebido para simular o desempenho de materiais, componentes ou produtos em ambientes de altitude elevada. Esta c\u00e2mara pode funcionar em condi\u00e7\u00f5es vari\u00e1veis de temperatura e baixa press\u00e3o, ajudando os investigadores e os programadores a compreender a fiabilidade e a durabilidade dos produtos em ambientes de altitude elevada, baixa press\u00e3o e temperaturas extremas.<\/p>\n<p>Esta c\u00e2mara de teste \u00e9 adequada para simular testes ambientais em dispositivos completos, componentes e materiais sob um \u00fanico ou m\u00faltiplos factores clim\u00e1ticos (alta temperatura, baixa temperatura, calor h\u00famido, baixa press\u00e3o). \u00c9 utilizada para avaliar a fiabilidade de produtos ou componentes de materiais em ambientes de temperatura correspondente, calor h\u00famido e baixa press\u00e3o para utiliza\u00e7\u00e3o, armazenamento e transporte. Tamb\u00e9m pode testar simultaneamente os par\u00e2metros de desempenho el\u00e9trico dos esp\u00e9cimes de teste enquanto estes est\u00e3o ligados.<\/p>\n<p style=\"text-align: center;\"><strong>Par\u00e2metros do produto<\/strong><\/p>\n<table style=\"width: 100%; border-collapse: collapse; border: 1px solid #000; font-family: Arial, sans-serif; font-size: 14px;\">\n<thead>\n<tr>\n<th style=\"border: 1px solid #000; padding: 8px; text-align: left; background-color: #f0f0f0; font-weight: bold;\">Par\u00e2metro<\/th>\n<th style=\"border: 1px solid #000; padding: 8px; text-align: left; background-color: #f0f0f0; font-weight: bold;\">ETQ7025<\/th>\n<th style=\"border: 1px solid #000; padding: 8px; text-align: left; background-color: #f0f0f0; font-weight: bold;\">ETQ7050<\/th>\n<th style=\"border: 1px solid #000; padding: 8px; text-align: left; background-color: #f0f0f0; font-weight: bold;\">ETQ7100<\/th>\n<th style=\"border: 1px solid #000; padding: 8px; text-align: left; background-color: #f0f0f0; font-weight: bold;\">ETQ7200<\/th>\n<\/tr>\n<\/thead>\n<tbody>\n<tr>\n<td style=\"border: 1px solid #000; padding: 8px; vertical-align: top; font-weight: bold;\">Volume de ensaio<\/td>\n<td style=\"border: 1px solid #000; padding: 8px; vertical-align: top;\">250 litros<\/td>\n<td style=\"border: 1px solid #000; padding: 8px; vertical-align: top;\">500 litros<\/td>\n<td style=\"border: 1px solid #000; padding: 8px; vertical-align: top;\">1000 litros<\/td>\n<td style=\"border: 1px solid #000; padding: 8px; vertical-align: top;\">2000 litros<\/td>\n<\/tr>\n<tr>\n<td style=\"border: 1px solid #000; padding: 8px; vertical-align: top; font-weight: bold;\">Dimens\u00f5es da c\u00e2mara<br \/>\n(L\u00d7D\u00d7H)<\/td>\n<td style=\"border: 1px solid #000; padding: 8px; vertical-align: top;\">600mm \u00d7 600mm \u00d7<br \/>\n700 mm<\/td>\n<td style=\"border: 1px solid #000; padding: 8px; vertical-align: top;\">800mm \u00d7 700mm \u00d7<br \/>\n900 mm<\/td>\n<td style=\"border: 1px solid #000; padding: 8px; vertical-align: top;\">1000mm \u00d7 1000mm \u00d7<br \/>\n1000mm<\/td>\n<td style=\"border: 1px solid #000; padding: 8px; vertical-align: top;\">1400mm \u00d7 1200mm \u00d7<br \/>\n1200mm<\/td>\n<\/tr>\n<tr>\n<td style=\"border: 1px solid #000; padding: 8px; vertical-align: top; font-weight: bold;\">Dimens\u00f5es gerais<br \/>\n(L\u00d7D\u00d7H)<\/td>\n<td style=\"border: 1px solid #000; padding: 8px; vertical-align: top;\">1000mm \u00d7 1800mm \u00d7<br \/>\n1880mm<\/td>\n<td style=\"border: 1px solid #000; padding: 8px; vertical-align: top;\">1500mm \u00d7 2750mm \u00d7<br \/>\n1900mm<\/td>\n<td style=\"border: 1px solid #000; padding: 8px; vertical-align: top;\">1400mm \u00d7 3250mm \u00d7<br \/>\n2000mm<\/td>\n<td style=\"border: 1px solid #000; padding: 8px; vertical-align: top;\">1810mm \u00d7 3710mm \u00d7<br \/>\n2310 mm<\/td>\n<\/tr>\n<tr>\n<td style=\"border: 1px solid #000; padding: 8px; vertical-align: top; font-weight: bold;\">Fonte de alimenta\u00e7\u00e3o<\/td>\n<td style=\"border: 1px solid #000; padding: 8px; vertical-align: top;\" colspan=\"4\">AC380V \u00b110%, 50Hz \u00b11, trif\u00e1sico a 4 fios + liga\u00e7\u00e3o \u00e0 terra (3\/N\/PE), resist\u00eancia de liga\u00e7\u00e3o \u00e0 terra &lt;4\u03a9<\/td>\n<\/tr>\n<tr>\n<td style=\"border: 1px solid #000; padding: 8px; vertical-align: top; font-weight: bold;\">M\u00e1x. Pot\u00eancia do sistema<\/td>\n<td style=\"border: 1px solid #000; padding: 8px; vertical-align: top;\">Aprox. 29,4 kW<\/td>\n<td style=\"border: 1px solid #000; padding: 8px; vertical-align: top;\">Aprox. 39,4 kW<\/td>\n<td style=\"border: 1px solid #000; padding: 8px; vertical-align: top;\">Aprox. 54,7 kW<\/td>\n<td style=\"border: 1px solid #000; padding: 8px; vertical-align: top;\">Aprox. 60,7 kW<\/td>\n<\/tr>\n<tr>\n<td style=\"border: 1px solid #000; padding: 8px; vertical-align: top; font-weight: bold;\">M\u00e1x. Corrente do sistema<\/td>\n<td style=\"border: 1px solid #000; padding: 8px; vertical-align: top;\">Aprox. 47,2 A<\/td>\n<td style=\"border: 1px solid #000; padding: 8px; vertical-align: top;\">Aprox. 77,2 A<\/td>\n<td style=\"border: 1px solid #000; padding: 8px; vertical-align: top;\">Aprox. 95 A<\/td>\n<td style=\"border: 1px solid #000; padding: 8px; vertical-align: top;\">Aprox. 102,5 A<\/td>\n<\/tr>\n<tr>\n<td style=\"border: 1px solid #000; padding: 8px; vertical-align: top; font-weight: bold;\">M\u00e9todo de arrefecimento<\/td>\n<td style=\"border: 1px solid #000; padding: 8px; vertical-align: top;\" colspan=\"4\">Tipo arrefecido a \u00e1gua (unidade de refrigera\u00e7\u00e3o)<\/td>\n<\/tr>\n<tr>\n<td style=\"border: 1px solid #000; padding: 8px; vertical-align: top; font-weight: bold;\">Local de instala\u00e7\u00e3o<br \/>\nRequisitos<\/td>\n<td style=\"border: 1px solid #000; padding: 8px; vertical-align: top;\" colspan=\"4\">1. Piso nivelado, boa ventila\u00e7\u00e3o, isento de gases\/poeiras inflam\u00e1veis, explosivos ou corrosivos.<br \/>\n2. Instala\u00e7\u00e3o de drenagem a menos de 2 m da unidade de refrigera\u00e7\u00e3o para a remo\u00e7\u00e3o dos condensados.<br \/>\n3. Capacidade de carga do pavimento \u2265 60 kg\/m\u00b2.<br \/>\n4. Fonte de alimenta\u00e7\u00e3o em conformidade com os requisitos da c\u00e2mara.<br \/>\n5. Se for necess\u00e1rio fornecer \u00e1gua ou ar, pr\u00e9-instalar as liga\u00e7\u00f5es.<br \/>\n6. Temperatura ambiente: 5\u00b0C~25\u00b0C para um desempenho \u00f3timo; 25\u00b0C~35\u00b0C para funcionamento normal (tipo arrefecido a ar); 5\u00b0C~40\u00b0C para funcionamento normal (tipo arrefecido a \u00e1gua com sistema de \u00e1gua de arrefecimento adequado).<br \/>\n7. Humidade ambiente: \u226485% RH.<br \/>\n8. Press\u00e3o atmosf\u00e9rica: 86kPa~106kPa.<br \/>\n9. Espa\u00e7o suficiente para a manuten\u00e7\u00e3o \u00e0 volta da unidade.<\/td>\n<\/tr>\n<tr>\n<td style=\"border: 1px solid #000; padding: 8px; vertical-align: top; font-weight: bold;\">Arrefecimento Fonte de \u00e1gua<\/td>\n<td style=\"border: 1px solid #000; padding: 8px; vertical-align: top;\" colspan=\"4\"><strong>Temperatura da \u00e1gua:<\/strong> 5\u00b0C ~ 28\u00b0C assegura um desempenho total; 28\u00b0C ~ 33\u00b0C permitido (a taxa de arrefecimento pode variar). Se utilizar \u00e1gua do ar condicionado \u226410\u2103, tome medidas contra a condensa\u00e7\u00e3o.<br \/>\n<strong>Se for selecionada a vers\u00e3o arrefecida a ar:<\/strong> n\u00e3o \u00e9 necess\u00e1ria \u00e1gua de arrefecimento.<br \/>\n<strong>Se for necess\u00e1rio um novo sistema de circula\u00e7\u00e3o da \u00e1gua de arrefecimento:<\/strong> capacidade da torre de resfriamento \u226550 toneladas ou capacidade de resfriamento do chiller \u226560 kW (a 20 \u2103); o sistema deve estar em conformidade com GB50050-1995 \u201cPadr\u00e3o para Projeto de Tratamento de \u00c1gua de Resfriamento Circulante Industrial\u201d.<\/td>\n<\/tr>\n<tr>\n<td style=\"border: 1px solid #000; padding: 8px; vertical-align: top; font-weight: bold;\">Teste de temperatura<br \/>\nPar\u00e2metros<\/td>\n<td style=\"border: 1px solid #000; padding: 8px; vertical-align: top;\">\u00c1gua de entrada: \u226538 toneladas\/hora<br \/>\nDi\u00e2metro do tubo: G2.5 polegadas \u00d7 2<br \/>\nPress\u00e3o de entrada: 0,3MPa ~ 0,6MPa<br \/>\nDiferen\u00e7a de press\u00e3o (entrada-sa\u00edda):\u22650,2MPa<br \/>\nQualidade da \u00e1gua: em conformidade com a norma GB50050-1995<\/td>\n<td style=\"border: 1px solid #000; padding: 8px; vertical-align: top;\" colspan=\"3\"><strong>Gama de temperaturas:<\/strong> -72\u00b0C ~ +180\u00b0C<br \/>\n<strong>Uniformidade da temperatura:<\/strong> \u00b12.0\u00b0C<br \/>\n<strong>Flutua\u00e7\u00e3o de temperatura:<\/strong> \u00b10.5\u00b0C<br \/>\n<strong>Taxa de aquecimento:<\/strong> \u226510\u2103\/min linear ponto-a-ponto (press\u00e3o ambiente, -65\u2103~+125\u2103)<br \/>\n<strong>Taxa de arrefecimento:<\/strong> \u226510\u2103\/min linear ponto-a-ponto (press\u00e3o ambiente, -65\u2103~+125\u2103)<br \/>\n<strong>Gama de humidade:<\/strong> 10%RH ~ 98%RH<br \/>\n<strong>Uniformidade da humidade:<\/strong> \u00b13,0%RH<br \/>\n<strong>Desvio de humidade:<\/strong> \u00b13,0%RH<br \/>\n<strong>Gama de controlo da press\u00e3o:<\/strong> press\u00e3o ambiente ~ 5kPa, ajust\u00e1vel; capacidade para baixas temperaturas (-55\u2103, 2,7kPa)<br \/>\n<strong>Tempo de redu\u00e7\u00e3o da press\u00e3o:<\/strong> &lt;45 min (press\u00e3o ambiente \u2192 0,5kPa)<\/td>\n<\/tr>\n<\/tbody>\n<\/table>\n<p><strong>Carater\u00edsticas do produto<\/strong><\/p>\n<p>1. Gest\u00e3o expans\u00edvel da plataforma m\u00f3vel atrav\u00e9s da APP<\/p>\n<p>2. Tecnologia de controlo de baixa press\u00e3o com anel de \u00e1gua especialmente concebida para um controlo eficiente e equilibrado da press\u00e3o.<\/p>\n<p>3. Instala\u00e7\u00f5es de prote\u00e7\u00e3o m\u00faltipla, equipadas com um dispositivo de alarme remoto sem fios.<\/p>\n<p>4. Utiliza um ecr\u00e3 t\u00e1til LCD com um menu de di\u00e1logo de falhas e um menu de diagrama de falhas e de resolu\u00e7\u00e3o de problemas.<\/p>\n<p>5. A conce\u00e7\u00e3o do escudo contra radia\u00e7\u00f5es incorporado assegura eficazmente a uniformidade da temperatura em condi\u00e7\u00f5es de baixa press\u00e3o.<\/p>\n<p>6. Tecnologia inteligente e eficiente de controlo do fluxo de arrefecimento servo, poupan\u00e7a de energia e subida e descida r\u00e1pida e precisa da temperatura.<\/p>\n<p>7. O equipamento pode ser expandido com fun\u00e7\u00f5es de assist\u00eancia remota e fornece CDs de forma\u00e7\u00e3o sobre a m\u00e1quina.<\/p>\n<p>8. O programa de teste tem fun\u00e7\u00f5es inteligentes de reinicializa\u00e7\u00e3o de desligamento, liga\u00e7\u00e3o autom\u00e1tica de mem\u00f3ria e in\u00edcio autom\u00e1tico de origem.<\/p>\n<p><strong>Aplica\u00e7\u00f5es e cen\u00e1rios<\/strong><\/p>\n<p>1. Aeroespacial:<\/p>\n<p>Ensaios de componentes de aeronaves: Avalia o desempenho de componentes de aeronaves (tais como equipamento eletr\u00f3nico, materiais estruturais, vedantes, etc.) em condi\u00e7\u00f5es de grande altitude, baixa temperatura e baixa press\u00e3o para garantir a sua fiabilidade e seguran\u00e7a durante o voo a grande altitude.<\/p>\n<p>Ensaios de equipamento de ve\u00edculos espaciais: Testes de durabilidade e estabilidade de componentes de ve\u00edculos espaciais (tais como equipamento eletr\u00f3nico de sat\u00e9lites, pain\u00e9is solares, etc.) no ambiente espacial para garantir o seu funcionamento normal em \u00f3rbita.<\/p>\n<p>2. Ind\u00fastria eletr\u00f3nica e el\u00e9ctrica:<\/p>\n<p>Teste de componentes electr\u00f3nicos: Avalia o desempenho e a fiabilidade de componentes electr\u00f3nicos (como pastilhas semicondutoras, condensadores, resist\u00eancias, etc.) em ambientes de temperatura extrema e baixa press\u00e3o. Ensaios de eletr\u00f3nica de consumo: Testa a estabilidade de produtos electr\u00f3nicos de consumo, como smartphones, computadores port\u00e1teis e tablets, em condi\u00e7\u00f5es de alta e baixa temperatura e baixa press\u00e3o, para garantir o seu funcionamento normal em \u00e1reas de elevada altitude.<\/p>\n<p>3. Ind\u00fastria autom\u00f3vel:<\/p>\n<p>Eletr\u00f3nica autom\u00f3vel: Avalia o desempenho do equipamento eletr\u00f3nico de bordo (como sistemas de navega\u00e7\u00e3o, sensores e unidades de controlo) em ambientes de alta altitude e baixa temperatura para garantir a sua fiabilidade em v\u00e1rias condi\u00e7\u00f5es geogr\u00e1ficas.<\/p>\n<p>Ensaio de motores: Ensaia o desempenho do arranque e a estabilidade operacional dos motores e componentes relacionados em condi\u00e7\u00f5es de baixa press\u00e3o e baixa temperatura para garantir o funcionamento normal dos ve\u00edculos em \u00e1reas de elevada altitude.<\/p>\n<p>4. Equipamento militar:<\/p>\n<p>Equipamento eletr\u00f3nico militar: Avalia o desempenho e a fiabilidade do equipamento eletr\u00f3nico militar (como equipamento de comunica\u00e7\u00f5es, dispositivos de navega\u00e7\u00e3o e radares) em condi\u00e7\u00f5es ambientais extremas para garantir o seu funcionamento normal em v\u00e1rios ambientes de combate.<\/p>\n<p>Equipamento pessoal: Testa a durabilidade do equipamento port\u00e1til utilizado pelos soldados (tais como dispositivos de vis\u00e3o nocturna, lanternas e equipamento de comunica\u00e7\u00e3o) em ambientes de elevada altitude e baixa temperatura.<\/p>\n<p>5. Produtos farmac\u00eauticos e biotecnologia:<\/p>\n<p>Ensaios de estabilidade farmac\u00eautica: Avalia a estabilidade e a efic\u00e1cia dos produtos farmac\u00eauticos em ambientes de temperatura extrema e baixa press\u00e3o para garantir a sua qualidade em diferentes condi\u00e7\u00f5es de armazenamento e transporte.<\/p>\n<p>Testes de produtos biol\u00f3gicos: Testar a estabilidade e a atividade de vacinas e outros produtos biol\u00f3gicos em condi\u00e7\u00f5es de baixa temperatura e baixa press\u00e3o para garantir a sua efic\u00e1cia em zonas de altitude elevada.<\/p>\n<p>6. Ci\u00eancia dos materiais:<\/p>\n<p>Ensaios de durabilidade de materiais: Avalia\u00e7\u00e3o das propriedades f\u00edsicas e qu\u00edmicas de novos materiais (tais como materiais comp\u00f3sitos de elevado desempenho e materiais de revestimento) em ambientes de temperatura extrema e baixa press\u00e3o.<\/p>\n<p>Ensaio de materiais de veda\u00e7\u00e3o: Ensaio do desempenho de veda\u00e7\u00e3o de v\u00e1rios materiais de veda\u00e7\u00e3o em condi\u00e7\u00f5es de baixa press\u00e3o e temperaturas extremas para garantir a sua fiabilidade em aplica\u00e7\u00f5es pr\u00e1ticas.<\/p>\n<p>7. Setor das telecomunica\u00e7\u00f5es:<\/p>\n<p>Teste de equipamentos de comunica\u00e7\u00e3o: Avalia\u00e7\u00e3o do desempenho de esta\u00e7\u00f5es de base, antenas, equipamento de comunica\u00e7\u00f5es por sat\u00e9lite, etc., em condi\u00e7\u00f5es de altitude elevada e de temperaturas extremas, para garantir o seu funcionamento est\u00e1vel em ambientes adversos.<\/p>\n<p>Teste de fibras \u00f3pticas e conectores: Ensaio do desempenho da liga\u00e7\u00e3o e da durabilidade das fibras \u00f3pticas e dos conectores em condi\u00e7\u00f5es de baixa press\u00e3o e de temperaturas extremas.<\/p>","protected":false},"author":1,"featured_media":796,"template":"","meta":{"_acf_changed":false},"product_category":[8],"class_list":["post-261","product","type-product","status-publish","has-post-thumbnail","hentry","product_category-weather-resistance-test-series"],"acf":[],"_links":{"self":[{"href":"https:\/\/www.envsin-testchamber.com\/pt\/wp-json\/wp\/v2\/product\/261","targetHints":{"allow":["GET"]}}],"collection":[{"href":"https:\/\/www.envsin-testchamber.com\/pt\/wp-json\/wp\/v2\/product"}],"about":[{"href":"https:\/\/www.envsin-testchamber.com\/pt\/wp-json\/wp\/v2\/types\/product"}],"author":[{"embeddable":true,"href":"https:\/\/www.envsin-testchamber.com\/pt\/wp-json\/wp\/v2\/users\/1"}],"wp:featuredmedia":[{"embeddable":true,"href":"https:\/\/www.envsin-testchamber.com\/pt\/wp-json\/wp\/v2\/media\/796"}],"wp:attachment":[{"href":"https:\/\/www.envsin-testchamber.com\/pt\/wp-json\/wp\/v2\/media?parent=261"}],"wp:term":[{"taxonomy":"product_category","embeddable":true,"href":"https:\/\/www.envsin-testchamber.com\/pt\/wp-json\/wp\/v2\/product_category?post=261"}],"curies":[{"name":"wp","href":"https:\/\/api.w.org\/{rel}","templated":true}]}}