{"id":257,"date":"2026-03-23T10:51:56","date_gmt":"2026-03-23T02:51:56","guid":{"rendered":"https:\/\/www.envsin-testchamber.com\/?post_type=product&#038;p=257"},"modified":"2026-05-08T14:51:19","modified_gmt":"2026-05-08T06:51:19","slug":"stress-screening-composite-test-chamber","status":"publish","type":"product","link":"https:\/\/www.envsin-testchamber.com\/pt\/product\/stress-screening-composite-test-chamber\/","title":{"rendered":"C\u00e2mara de ensaio composta de rastreio do stress"},"content":{"rendered":"<p style=\"text-align: center;\"><strong>Par\u00e2metros do produto<\/strong><\/p>\n<table style=\"width: 100%; border-collapse: collapse; border: 1px solid #ccc;\" border=\"1\" cellspacing=\"0\" cellpadding=\"8\">\n<thead>\n<tr style=\"background-color: #f0f4f9;\">\n<th style=\"border: 1px solid #ccc; text-align: left; padding: 10px;\">Item<\/th>\n<th style=\"border: 1px solid #ccc; text-align: left; padding: 10px;\">Description \/ Parameters<\/th>\n<\/tr>\n<\/thead>\n<tbody>\n<tr>\n<td style=\"border: 1px solid #ccc; padding: 10px;\">Volume de ensaio<\/td>\n<td style=\"border: 1px solid #ccc; padding: 10px;\">100 L<\/td>\n<\/tr>\n<tr>\n<td style=\"border: 1px solid #ccc; padding: 10px;\">Working Chamber Dimensions<\/td>\n<td style=\"border: 1px solid #ccc; padding: 10px;\">500 mm \u00d7 500 mm \u00d7 400 mm (W\u00d7D\u00d7H)<\/td>\n<\/tr>\n<tr>\n<td style=\"border: 1px solid #ccc; padding: 10px;\">Dimens\u00f5es gerais<\/td>\n<td style=\"border: 1px solid #ccc; padding: 10px;\">1170 mm \u00d7 2700 mm \u00d7 2000 mm (W\u00d7D\u00d7H)<\/td>\n<\/tr>\n<tr>\n<td style=\"border: 1px solid #ccc; padding: 10px;\">Fonte de alimenta\u00e7\u00e3o<\/td>\n<td style=\"border: 1px solid #ccc; padding: 10px;\">AC380V\u00b110%, 50Hz\u00b11, three-phase four-wire + grounding wire (3\/N\/PE), grounding resistance &lt;4\u03a9<\/td>\n<\/tr>\n<tr>\n<td style=\"border: 1px solid #ccc; padding: 10px;\">Pot\u00eancia m\u00e1xima do sistema<\/td>\n<td style=\"border: 1px solid #ccc; padding: 10px;\">Approx.: 49KW (Actual design subject to final engineering design)<\/td>\n<\/tr>\n<tr>\n<td style=\"border: 1px solid #ccc; padding: 10px;\">Corrente m\u00e1xima do sistema<\/td>\n<td style=\"border: 1px solid #ccc; padding: 10px;\">Approx.: 85A (Actual design subject to final engineering design)<\/td>\n<\/tr>\n<tr>\n<td style=\"border: 1px solid #ccc; padding: 10px;\">M\u00e9todo de arrefecimento<\/td>\n<td style=\"border: 1px solid #ccc; padding: 10px;\">Air-cooled type<\/td>\n<\/tr>\n<tr>\n<td style=\"border: 1px solid #ccc; padding: 10px;\">Working Chamber Temperature Shock Test Parameters<\/td>\n<td style=\"border: 1px solid #ccc; padding: 10px;\">Two-chamber test method:<br \/>\nLow temperature shock range: -55\u2103 to -10\u2103<br \/>\nHigh temperature shock range: +60\u2103 to +150\u2103<br \/>\nUniformidade da temperatura: \u22642\u2103<br \/>\nFlutua\u00e7\u00e3o de temperatura: \u00b10.5\u2103<br \/>\nDesvio de temperatura: \u00b12\u2103<br \/>\nLow temperature rapid change range: -20\u2103 to -10\u2103<br \/>\nHigh temperature rapid change range: 60\u2103 to 100\u2103<br \/>\nStress speed time: &lt;10sec (measured at air outlet)<\/td>\n<\/tr>\n<tr>\n<td style=\"border: 1px solid #ccc; padding: 10px;\">Preheating Zone Temperature Setting<\/td>\n<td style=\"border: 1px solid #ccc; padding: 10px;\">Temperature setting range: +50\u2103 to +200\u2103<br \/>\n(Heating time: ambient \u2192 +200\u2103 approx. 40min)<\/td>\n<\/tr>\n<tr>\n<td style=\"border: 1px solid #ccc; padding: 10px;\">Pre-cooling Zone Temperature Setting<\/td>\n<td style=\"border: 1px solid #ccc; padding: 10px;\">Temperature setting range: -80\u2103 to +70\u2103<br \/>\n(Cooling time: ambient \u2192 -80\u2103 approx. 80min)<\/td>\n<\/tr>\n<tr>\n<td style=\"border: 1px solid #ccc; padding: 10px;\">Tempo de recupera\u00e7\u00e3o da temperatura<\/td>\n<td style=\"border: 1px solid #ccc; padding: 10px;\">&lt;5min (measured at air outlet)<\/td>\n<\/tr>\n<tr>\n<td style=\"border: 1px solid #ccc; padding: 10px;\">Temperatura Tempo de transfer\u00eancia<\/td>\n<td style=\"border: 1px solid #ccc; padding: 10px;\">&lt;10sec<\/td>\n<\/tr>\n<tr>\n<td style=\"border: 1px solid #ccc; padding: 10px;\">Normas de ensaio aplic\u00e1veis<\/td>\n<td style=\"border: 1px solid #ccc; padding: 10px;\">Two-chamber test method specifications:<br \/>\n1. GB\/T2423.22<br \/>\n2. MIL STD 202F, method 107G<br \/>\n3. IEC 60068-2-14, Test Na<br \/>\n4. BS 2011<br \/>\n5. DIN 40046, Test Na<br \/>\n6. JESD22-A101-A<\/td>\n<\/tr>\n<\/tbody>\n<tfoot><\/tfoot>\n<\/table>\n<p><strong>Carater\u00edsticas do produto<\/strong><\/p>\n<p>1. Design moderno, a mais recente tecnologia de fabrico modular e capacidades de controlo perfeitas.<br \/>\n2. Conce\u00e7\u00e3o inteligente e independente de sobrecarga, sobreaquecimento, anomalia de energia, sobrepress\u00e3o e monitoriza\u00e7\u00e3o e prote\u00e7\u00e3o de falhas do atuador.<br \/>\n3. A c\u00e2mara de ensaio \u00e9 descongelada uma vez em cada 700 horas ou mais.<br \/>\n4. Fun\u00e7\u00e3o anti-condensa\u00e7\u00e3o independente para a amostra de ensaio e fun\u00e7\u00f5es de prote\u00e7\u00e3o contra sobreaquecimento, aus\u00eancia de vento e fumo.<br \/>\n5. Conce\u00e7\u00e3o inovadora com um tempo de mudan\u00e7a r\u00e1pida de tens\u00e3o de temperatura at\u00e9 10 segundos.<br \/>\n6. Tecnologia inteligente e eficiente de controlo do fluxo de arrefecimento servo, poupan\u00e7a de energia e subida e descida r\u00e1pida e precisa da temperatura.<br \/>\n7. Sistema de controlo de 32 bits com ecr\u00e3 a cores e fun\u00e7\u00f5es de gest\u00e3o Ethernet E e de acesso a dados USB.<br \/>\n8. Conce\u00e7\u00e3o \u00fanica do modo de funcionamento; ap\u00f3s o ensaio, a c\u00e2mara regressa \u00e0 temperatura ambiente para proteger a amostra de ensaio.<br \/>\n9. Gest\u00e3o da plataforma m\u00f3vel APP expans\u00edvel.<br \/>\n10. Lembretes autom\u00e1ticos para a manuten\u00e7\u00e3o do equipamento e conce\u00e7\u00e3o de software de registo de falhas para o sistema de controlo.<br \/>\n11. O programa de teste inclui fun\u00e7\u00f5es de reinicializa\u00e7\u00e3o inteligente do desligamento, continua\u00e7\u00e3o autom\u00e1tica da mem\u00f3ria e arranque autom\u00e1tico da origem, f\u00e1ceis de utilizar.<br \/>\n12. O equipamento pode ser expandido com capacidades de servi\u00e7o remoto e fornece um CD-ROM de forma\u00e7\u00e3o para o funcionamento da m\u00e1quina.<\/p>\n<p><strong>Aplica\u00e7\u00f5es e cen\u00e1rios<\/strong><\/p>\n<p>1. Componentes electr\u00f3nicos e ensaio de placas de circuitos:<\/p>\n<p>Avaliar a resposta ao stress t\u00e9rmico de componentes electr\u00f3nicos e placas de circuitos sob r\u00e1pidas mudan\u00e7as de temperatura e testar a sua estabilidade e fiabilidade sob temperaturas alternadamente altas e baixas.<\/p>\n<p>Testar a degrada\u00e7\u00e3o do desempenho e o tempo de vida de componentes como chips, condensadores, resist\u00eancias e d\u00edodos em condi\u00e7\u00f5es de stress t\u00e9rmico r\u00e1pido.<\/p>\n<p>2. Ind\u00fastria autom\u00f3vel:<\/p>\n<p>Avaliar a resposta ao stress t\u00e9rmico de pe\u00e7as autom\u00f3veis e sistemas de ve\u00edculos sob r\u00e1pidas mudan\u00e7as de temperatura e testar a sua estabilidade e durabilidade em ambientes de temperaturas extremas.<\/p>\n<p>Testar o desempenho dos componentes do motor, dos sistemas de transmiss\u00e3o e das estruturas da carro\u00e7aria em condi\u00e7\u00f5es de stress t\u00e9rmico r\u00e1pido.<\/p>\n<p>3. Aeroespacial:<\/p>\n<p>Avaliar a resposta \u00e0s tens\u00f5es t\u00e9rmicas dos componentes aeroespaciais e dos materiais de naves espaciais sob r\u00e1pidas mudan\u00e7as de temperatura, garantindo a sua estabilidade e fiabilidade no espa\u00e7o ou em ambientes de elevada altitude.<\/p>\n<p>Ensaiar o desempenho de componentes de aeronaves, pe\u00e7as de ve\u00edculos espaciais e revestimentos externos em condi\u00e7\u00f5es de stress t\u00e9rmico r\u00e1pido. 4. Ci\u00eancia dos materiais:<\/p>\n<p>Avaliar a resposta ao stress t\u00e9rmico de novos materiais sob r\u00e1pidas mudan\u00e7as de temperatura e estudar a sua estabilidade e fiabilidade em aplica\u00e7\u00f5es pr\u00e1ticas de engenharia.<\/p>\n<p>Testar o desempenho de materiais comp\u00f3sitos, materiais met\u00e1licos, materiais polim\u00e9ricos, etc., sob condi\u00e7\u00f5es de stress t\u00e9rmico r\u00e1pido.<\/p>\n<p>5. Produtos farmac\u00eauticos e biotecnologia:<\/p>\n<p>Avaliar a estabilidade e a atividade de produtos farmac\u00eauticos e biol\u00f3gicos sob r\u00e1pidas mudan\u00e7as de temperatura, garantindo a sua qualidade e efic\u00e1cia durante o armazenamento e o transporte.<\/p>\n<p>Testar o desempenho de vacinas, produtos biofarmac\u00eauticos, amostras biol\u00f3gicas, etc., em condi\u00e7\u00f5es de stress t\u00e9rmico r\u00e1pido.<\/p>\n<p>6. Materiais de constru\u00e7\u00e3o e de constru\u00e7\u00e3o:<\/p>\n<p>Avaliar a resposta ao stress t\u00e9rmico dos materiais de constru\u00e7\u00e3o sob r\u00e1pidas mudan\u00e7as de temperatura e testar a sua estabilidade e durabilidade sob diferentes condi\u00e7\u00f5es clim\u00e1ticas.<\/p>\n<p>Testar o desempenho dos materiais de constru\u00e7\u00e3o, como o bet\u00e3o, o vidro e as estruturas met\u00e1licas, em condi\u00e7\u00f5es de stress t\u00e9rmico r\u00e1pido.<\/p>","protected":false},"author":1,"featured_media":781,"template":"","meta":{"_acf_changed":false},"product_category":[6],"class_list":["post-257","product","type-product","status-publish","has-post-thumbnail","hentry","product_category-environmental-stress-screening-ess-series"],"acf":[],"_links":{"self":[{"href":"https:\/\/www.envsin-testchamber.com\/pt\/wp-json\/wp\/v2\/product\/257","targetHints":{"allow":["GET"]}}],"collection":[{"href":"https:\/\/www.envsin-testchamber.com\/pt\/wp-json\/wp\/v2\/product"}],"about":[{"href":"https:\/\/www.envsin-testchamber.com\/pt\/wp-json\/wp\/v2\/types\/product"}],"author":[{"embeddable":true,"href":"https:\/\/www.envsin-testchamber.com\/pt\/wp-json\/wp\/v2\/users\/1"}],"wp:featuredmedia":[{"embeddable":true,"href":"https:\/\/www.envsin-testchamber.com\/pt\/wp-json\/wp\/v2\/media\/781"}],"wp:attachment":[{"href":"https:\/\/www.envsin-testchamber.com\/pt\/wp-json\/wp\/v2\/media?parent=257"}],"wp:term":[{"taxonomy":"product_category","embeddable":true,"href":"https:\/\/www.envsin-testchamber.com\/pt\/wp-json\/wp\/v2\/product_category?post=257"}],"curies":[{"name":"wp","href":"https:\/\/api.w.org\/{rel}","templated":true}]}}