{"id":255,"date":"2026-03-23T10:49:50","date_gmt":"2026-03-23T02:49:50","guid":{"rendered":"https:\/\/www.envsin-testchamber.com\/?post_type=product&#038;p=255"},"modified":"2026-05-08T14:59:51","modified_gmt":"2026-05-08T06:59:51","slug":"liquid-bath-shock-test-chamber","status":"publish","type":"product","link":"https:\/\/www.envsin-testchamber.com\/pt\/product\/liquid-bath-shock-test-chamber\/","title":{"rendered":"C\u00e2mara de teste de choque de banho l\u00edquido"},"content":{"rendered":"<p style=\"text-align: center;\"><span style=\"font-family: arial, helvetica, sans-serif;\"><strong>Par\u00e2metros do produto<\/strong><\/span><\/p>\n<table style=\"width: 100%; border-collapse: collapse; border: 1px solid #ccc;\" border=\"1\" cellspacing=\"0\" cellpadding=\"8\">\n<thead>\n<tr style=\"background-color: #f0f4f9;\">\n<th style=\"border: 1px solid #ccc; text-align: left; padding: 10px;\">Par\u00e2metro \/ Item<\/th>\n<th style=\"border: 1px solid #ccc; text-align: left; padding: 10px;\">EYC603S2<\/th>\n<th style=\"border: 1px solid #ccc; text-align: left; padding: 10px;\">EYC605S2<\/th>\n<\/tr>\n<\/thead>\n<tbody>\n<tr>\n<td style=\"border: 1px solid #ccc; padding: 10px;\">Volume de teste (litros)<\/td>\n<td style=\"border: 1px solid #ccc; padding: 10px;\">2.6 L<\/td>\n<td style=\"border: 1px solid #ccc; padding: 10px;\">4.5 L<\/td>\n<\/tr>\n<tr>\n<td style=\"border: 1px solid #ccc; padding: 10px;\">Estrutura do sistema<\/td>\n<td style=\"border: 1px solid #ccc; padding: 10px;\" colspan=\"2\">Tipo de transfer\u00eancia autom\u00e1tica de suspens\u00e3o mec\u00e2nica, banho l\u00edquido a alta temperatura, banho l\u00edquido a baixa temperatura, c\u00e2mara de ar frio<\/td>\n<\/tr>\n<tr>\n<td style=\"border: 1px solid #ccc; padding: 10px;\">Meio de teste l\u00edquido<\/td>\n<td style=\"border: 1px solid #ccc; padding: 10px;\" colspan=\"2\">\u00d3leo de fluorocarbono, imers\u00e3o por agita\u00e7\u00e3o em banho de \u00f3leo<\/td>\n<\/tr>\n<tr>\n<td style=\"border: 1px solid #ccc; padding: 10px;\">Gama de temperaturas do tanque de alta temperatura<\/td>\n<td style=\"border: 1px solid #ccc; padding: 10px;\">+70\u2103 ~ +150\u2103<\/td>\n<td style=\"border: 1px solid #ccc; padding: 10px;\">+70\u2103 ~ +150\u2103<\/td>\n<\/tr>\n<tr>\n<td style=\"border: 1px solid #ccc; padding: 10px;\">Gama de temperaturas do tanque de baixa temperatura<\/td>\n<td style=\"border: 1px solid #ccc; padding: 10px;\">-65\u2103 ~ 0\u2103<\/td>\n<td style=\"border: 1px solid #ccc; padding: 10px;\">-65\u2103 ~ 0\u2103<\/td>\n<\/tr>\n<tr>\n<td style=\"border: 1px solid #ccc; padding: 10px;\">Flutua\u00e7\u00e3o de temperatura<\/td>\n<td style=\"border: 1px solid #ccc; padding: 10px;\">\u2264 \u00b10.5\u2103<\/td>\n<td style=\"border: 1px solid #ccc; padding: 10px;\">\u2264 \u00b10.5\u2103<\/td>\n<\/tr>\n<tr>\n<td style=\"border: 1px solid #ccc; padding: 10px;\">Uniformidade de temperatura<\/td>\n<td style=\"border: 1px solid #ccc; padding: 10px;\">\u2264 2.0\u2103<\/td>\n<td style=\"border: 1px solid #ccc; padding: 10px;\">\u2264 2.0\u2103<\/td>\n<\/tr>\n<tr>\n<td style=\"border: 1px solid #ccc; padding: 10px;\">Desvio de temperatura<\/td>\n<td style=\"border: 1px solid #ccc; padding: 10px;\">\u2264 \u00b12.0\u2103<\/td>\n<td style=\"border: 1px solid #ccc; padding: 10px;\">\u2264 \u00b12.0\u2103<\/td>\n<\/tr>\n<tr>\n<td style=\"border: 1px solid #ccc; padding: 10px;\">Desempenho do banho de alta e baixa temperatura<br \/>\n(pr\u00e9-aquecimento \/ pr\u00e9-arrefecimento)<\/td>\n<td style=\"border: 1px solid #ccc; padding: 10px;\"><strong>Pr\u00e9-aquecimento a alta temperatura:<\/strong> +70\u2103 ~ +200\u2103<br \/>\nTempo de aquecimento: ambiente \u2192 +200\u2103 aprox. 80 min<br \/>\n<strong>Pr\u00e9-refrigera\u00e7\u00e3o a baixa temperatura:<\/strong> -70\u2103 ~ 0\u2103<br \/>\nTempo de arrefecimento: ambiente \u2192 -70\u2103 aprox. 90 min<\/td>\n<td style=\"border: 1px solid #ccc; padding: 10px;\"><strong>Pr\u00e9-aquecimento a alta temperatura:<\/strong> +70\u2103 ~ +200\u2103<br \/>\nTempo de aquecimento: ambiente \u2192 +200\u2103 aprox. 80 min<br \/>\n<strong>Pr\u00e9-refrigera\u00e7\u00e3o a baixa temperatura:<\/strong> -70\u2103 ~ 0\u2103<br \/>\nTempo de arrefecimento: ambiente \u2192 -70\u2103 aprox. 90 min<\/td>\n<\/tr>\n<tr>\n<td style=\"border: 1px solid #ccc; padding: 10px;\">Ambiente da c\u00e2mara de ar frio<\/td>\n<td style=\"border: 1px solid #ccc; padding: 10px;\" colspan=\"2\">Temperatura &lt; 25\u2103; Humidade relativa &lt; 65% RH<\/td>\n<\/tr>\n<tr>\n<td style=\"border: 1px solid #ccc; padding: 10px;\">Tempo de recupera\u00e7\u00e3o da temperatura<\/td>\n<td style=\"border: 1px solid #ccc; padding: 10px;\">&lt; 5 min<\/td>\n<td style=\"border: 1px solid #ccc; padding: 10px;\">&lt; 5 min<\/td>\n<\/tr>\n<tr>\n<td style=\"border: 1px solid #ccc; padding: 10px;\">Temperatura Tempo de transfer\u00eancia<\/td>\n<td style=\"border: 1px solid #ccc; padding: 10px;\">&lt; 10 segundos<\/td>\n<td style=\"border: 1px solid #ccc; padding: 10px;\">&lt; 10 segundos<\/td>\n<\/tr>\n<tr>\n<td style=\"border: 1px solid #ccc; padding: 10px;\">Tamanho do cesto de amostras (C\u00d7L\u00d7A)<\/td>\n<td style=\"border: 1px solid #ccc; padding: 10px;\">120 \u00d7 120 \u00d7 180 mm<\/td>\n<td style=\"border: 1px solid #ccc; padding: 10px;\">150 \u00d7 150 \u00d7 200 mm<\/td>\n<\/tr>\n<tr>\n<td style=\"border: 1px solid #ccc; padding: 10px;\">Dimens\u00f5es internas do banho de l\u00edquido (C\u00d7L\u00d7A)<\/td>\n<td style=\"border: 1px solid #ccc; padding: 10px;\">250 \u00d7 350 \u00d7 400 mm<\/td>\n<td style=\"border: 1px solid #ccc; padding: 10px;\">280 \u00d7 380 \u00d7 420 mm<\/td>\n<\/tr>\n<tr>\n<td style=\"border: 1px solid #ccc; padding: 10px;\">Dimens\u00f5es externas (C\u00d7L\u00d7A)<\/td>\n<td style=\"border: 1px solid #ccc; padding: 10px;\">1000 \u00d7 1750 \u00d7 1910 mm<\/td>\n<td style=\"border: 1px solid #ccc; padding: 10px;\">1160 \u00d7 2020 \u00d7 2210 mm<\/td>\n<\/tr>\n<tr>\n<td style=\"border: 1px solid #ccc; padding: 10px;\">Fonte de alimenta\u00e7\u00e3o<\/td>\n<td style=\"border: 1px solid #ccc; padding: 10px;\" colspan=\"2\">AC380V \u00b110%, 50Hz \u00b11, trif\u00e1sico a 4 fios + liga\u00e7\u00e3o \u00e0 terra (3\/N\/PE), resist\u00eancia de liga\u00e7\u00e3o \u00e0 terra &lt; 4\u03a9<\/td>\n<\/tr>\n<tr>\n<td style=\"border: 1px solid #ccc; padding: 10px;\">M\u00e9todo de arrefecimento<\/td>\n<td style=\"border: 1px solid #ccc; padding: 10px;\" colspan=\"2\">Tipo arrefecido a \u00e1gua<\/td>\n<\/tr>\n<\/tbody>\n<\/table>\n<p>&nbsp;<\/p>\n<p><strong>Carater\u00edsticas do produto<\/strong><\/p>\n<p>1. Design moderno, a mais recente tecnologia de fabrico modular e capacidades de controlo perfeitas.<br \/>\n2. A conce\u00e7\u00e3o \u00fanica do meio l\u00edquido satisfaz requisitos de ensaio mais rigorosos, melhorando a efici\u00eancia dos ensaios.<br \/>\n3. O design de veda\u00e7\u00e3o refor\u00e7ado reduz a perda por evapora\u00e7\u00e3o do meio; design eficiente e pr\u00e1tico de separa\u00e7\u00e3o e recupera\u00e7\u00e3o de \u00f3leo-l\u00edquido.<br \/>\n4. A conce\u00e7\u00e3o de uma janela de visualiza\u00e7\u00e3o independente de f\u00e1cil utiliza\u00e7\u00e3o na \u00e1rea de ensaio facilita a monitoriza\u00e7\u00e3o em tempo real das amostras de ensaio.<br \/>\n5. Sistema de controlo de 32 bits com ecr\u00e3 a cores e fun\u00e7\u00f5es de gest\u00e3o Ethernet E e de acesso a dados USB.<br \/>\n6. Gest\u00e3o da plataforma m\u00f3vel APP expans\u00edvel.<br \/>\n7. O programa de ensaio inclui fun\u00e7\u00f5es de reinicializa\u00e7\u00e3o inteligente e f\u00e1cil de utilizar, continua\u00e7\u00e3o autom\u00e1tica da mem\u00f3ria e in\u00edcio autom\u00e1tico da origem. O equipamento disp\u00f5e de uma conce\u00e7\u00e3o inteligente e independente de monitoriza\u00e7\u00e3o e prote\u00e7\u00e3o contra sobrecargas, sobreaquecimento, anomalias de energia, sobrepress\u00e3o e falhas do atuador.<br \/>\n8. Fun\u00e7\u00e3o de monitoriza\u00e7\u00e3o de v\u00eddeo em rede expans\u00edvel, sincronizada com o teste de dados.<br \/>\n9. Tecnologia inteligente e eficiente de controlo do fluxo de arrefecimento servo, poupan\u00e7a de energia e subida e descida r\u00e1pida e precisa da temperatura.<br \/>\n10. Lembrete autom\u00e1tico do tempo de manuten\u00e7\u00e3o do equipamento e fun\u00e7\u00e3o de conce\u00e7\u00e3o do software de registo de falhas para o sistema de controlo.<br \/>\n11. O equipamento pode ser expandido com capacidades de servi\u00e7o remoto e fornece CDs instrutivos para utiliza\u00e7\u00e3o integrada.<\/p>\n<p><strong>Aplica\u00e7\u00f5es e cen\u00e1rios<\/strong><\/p>\n<p>Adequado para testes de adaptabilidade (impacto) de equipamento na ind\u00fastria da defesa, ind\u00fastria aeroespacial, ind\u00fastria militar, componentes de automa\u00e7\u00e3o, pe\u00e7as para autom\u00f3veis, energia nova, componentes de instrumentos electr\u00f3nicos e el\u00e9ctricos, produtos el\u00e9ctricos, pl\u00e1sticos, ind\u00fastria qu\u00edmica, ind\u00fastria alimentar, BGA, substrato de PCB, chip eletr\u00f3nico IC, ind\u00fastria de cer\u00e2mica de semicondutores e produtos relacionados em condi\u00e7\u00f5es de mudan\u00e7as r\u00e1pidas na temperatura ambiente atmosf\u00e9rica. Adequado para ensaios repetidos de tens\u00e3o de tra\u00e7\u00e3o de instrumentos, medidores, produtos el\u00e9ctricos e electr\u00f3nicos e componentes sob mudan\u00e7as r\u00e1pidas ou graduais de temperatura, bem como altera\u00e7\u00f5es qu\u00edmicas ou danos f\u00edsicos causados pela expans\u00e3o e contra\u00e7\u00e3o t\u00e9rmicas, para confirmar a qualidade do produto.<\/p>","protected":false},"author":1,"featured_media":782,"template":"","meta":{"_acf_changed":false},"product_category":[6],"class_list":["post-255","product","type-product","status-publish","has-post-thumbnail","hentry","product_category-environmental-stress-screening-ess-series"],"acf":[],"_links":{"self":[{"href":"https:\/\/www.envsin-testchamber.com\/pt\/wp-json\/wp\/v2\/product\/255","targetHints":{"allow":["GET"]}}],"collection":[{"href":"https:\/\/www.envsin-testchamber.com\/pt\/wp-json\/wp\/v2\/product"}],"about":[{"href":"https:\/\/www.envsin-testchamber.com\/pt\/wp-json\/wp\/v2\/types\/product"}],"author":[{"embeddable":true,"href":"https:\/\/www.envsin-testchamber.com\/pt\/wp-json\/wp\/v2\/users\/1"}],"wp:featuredmedia":[{"embeddable":true,"href":"https:\/\/www.envsin-testchamber.com\/pt\/wp-json\/wp\/v2\/media\/782"}],"wp:attachment":[{"href":"https:\/\/www.envsin-testchamber.com\/pt\/wp-json\/wp\/v2\/media?parent=255"}],"wp:term":[{"taxonomy":"product_category","embeddable":true,"href":"https:\/\/www.envsin-testchamber.com\/pt\/wp-json\/wp\/v2\/product_category?post=255"}],"curies":[{"name":"wp","href":"https:\/\/api.w.org\/{rel}","templated":true}]}}