{"id":253,"date":"2026-03-23T10:48:05","date_gmt":"2026-03-23T02:48:05","guid":{"rendered":"https:\/\/www.envsin-testchamber.com\/?post_type=product&#038;p=253"},"modified":"2026-05-08T14:53:59","modified_gmt":"2026-05-08T06:53:59","slug":"rapid-temperature-change-humidity-test-chamber","status":"publish","type":"product","link":"https:\/\/www.envsin-testchamber.com\/pt\/product\/rapid-temperature-change-humidity-test-chamber\/","title":{"rendered":"C\u00e2mara de teste de humidade com mudan\u00e7a r\u00e1pida de temperatura"},"content":{"rendered":"<p style=\"text-align: center;\"><span style=\"font-family: arial, helvetica, sans-serif;\"><strong>Par\u00e2metros do produto<\/strong><\/span><\/p>\n<table style=\"width: 100%; border-collapse: collapse; border: 1px solid #000; font-family: Arial, sans-serif;\">\n<thead>\n<tr style=\"background-color: #e6edf7;\">\n<th style=\"border: 1px solid #000; padding: 10px; text-align: left;\">Par\u00e2metro<\/th>\n<th style=\"border: 1px solid #000; padding: 10px; text-align: left;\">Especifica\u00e7\u00e3o<\/th>\n<\/tr>\n<\/thead>\n<tbody>\n<tr>\n<td style=\"border: 1px solid #000; padding: 10px; font-weight: bold;\">Volume de ensaio<\/td>\n<td style=\"border: 1px solid #000; padding: 10px;\">990 litros<\/td>\n<\/tr>\n<tr>\n<td style=\"border: 1px solid #000; padding: 10px;\">Dimens\u00f5es da c\u00e2mara (L\u00d7P\u00d7A)<\/td>\n<td style=\"border: 1px solid #000; padding: 10px;\">1100 mm \u00d7 950 mm \u00d7 950 mm<\/td>\n<\/tr>\n<tr>\n<td style=\"border: 1px solid #000; padding: 10px;\">Dimens\u00f5es gerais (L\u00d7P\u00d7A)<\/td>\n<td style=\"border: 1px solid #000; padding: 10px;\">1300 mm \u00d7 2770 mm \u00d7 2140 mm<\/td>\n<\/tr>\n<tr>\n<td style=\"border: 1px solid #000; padding: 10px;\">Fonte de alimenta\u00e7\u00e3o<\/td>\n<td style=\"border: 1px solid #000; padding: 10px;\">AC380V \u00b110%, 50Hz \u00b11, trif\u00e1sico a 4 fios + liga\u00e7\u00e3o \u00e0 terra (3\/N\/PE),<br \/>\nresist\u00eancia de liga\u00e7\u00e3o \u00e0 terra &lt;4\u03a9<\/td>\n<\/tr>\n<tr>\n<td style=\"border: 1px solid #000; padding: 10px;\">M\u00e1x. Pot\u00eancia do sistema<\/td>\n<td style=\"border: 1px solid #000; padding: 10px;\">Aprox. 84,6 kW (sujeito ao projeto final de engenharia)<\/td>\n<\/tr>\n<tr>\n<td style=\"border: 1px solid #000; padding: 10px;\">M\u00e1x. Corrente do sistema<\/td>\n<td style=\"border: 1px solid #000; padding: 10px;\">Aprox. 146 A (sujeito ao projeto final de engenharia)<\/td>\n<\/tr>\n<tr>\n<td style=\"border: 1px solid #000; padding: 10px;\">M\u00e9todo de arrefecimento<\/td>\n<td style=\"border: 1px solid #000; padding: 10px;\">Tipo arrefecido a \u00e1gua<\/td>\n<\/tr>\n<tr>\n<td style=\"border: 1px solid #000; padding: 10px;\">Gama de temperaturas<\/td>\n<td style=\"border: 1px solid #000; padding: 10px;\">-72\u2103 ~ +150\u2103<\/td>\n<\/tr>\n<tr>\n<td style=\"border: 1px solid #000; padding: 10px;\">Uniformidade de temperatura<\/td>\n<td style=\"border: 1px solid #000; padding: 10px;\">\u22642\u2103<\/td>\n<\/tr>\n<tr>\n<td style=\"border: 1px solid #000; padding: 10px;\">Flutua\u00e7\u00e3o de temperatura<\/td>\n<td style=\"border: 1px solid #000; padding: 10px;\">\u00b10.5\u2103<\/td>\n<\/tr>\n<tr>\n<td style=\"border: 1px solid #000; padding: 10px;\">Desvio de temperatura<\/td>\n<td style=\"border: 1px solid #000; padding: 10px;\">\u00b12\u2103<\/td>\n<\/tr>\n<tr>\n<td style=\"border: 1px solid #000; padding: 10px;\">Taxa de aquecimento<\/td>\n<td style=\"border: 1px solid #000; padding: 10px;\">15\u2103\/min (linear dentro da faixa de -55\u2103 ~ +125\u2103)<\/td>\n<\/tr>\n<tr>\n<td style=\"border: 1px solid #000; padding: 10px;\">Taxa de arrefecimento<\/td>\n<td style=\"border: 1px solid #000; padding: 10px;\">15\u2103\/min (linear dentro da faixa de -55\u2103 ~ +125\u2103)<\/td>\n<\/tr>\n<\/tbody>\n<\/table>\n<p>&nbsp;<\/p>\n<table style=\"width: 100%; border-collapse: collapse; border: 1px solid #000; font-family: Arial, sans-serif; margin-top: 20px;\">\n<thead>\n<tr style=\"background-color: #e6edf7;\">\n<th style=\"border: 1px solid #000; padding: 10px; text-align: left;\">Normas de ensaio aplic\u00e1veis<\/th>\n<th style=\"border: 1px solid #000; padding: 10px; text-align: left;\"><\/th>\n<\/tr>\n<tr style=\"background-color: #e6edf7;\">\n<th style=\"border: 1px solid #000; padding: 10px; text-align: left;\">Norma \/ M\u00e9todo<\/th>\n<th style=\"border: 1px solid #000; padding: 10px; text-align: left;\"><\/th>\n<\/tr>\n<\/thead>\n<tbody>\n<tr>\n<td style=\"border: 1px solid #000; padding: 10px;\"><\/td>\n<td style=\"border: 1px solid #000; padding: 10px;\">\n<ul style=\"margin: 0; padding-left: 20px; list-style-type: disc;\">\n<li>GB\/T 2423.1 - M\u00e9todo de ensaio a baixa temperatura<\/li>\n<li>GB\/T 2423.2 - M\u00e9todo de ensaio a alta temperatura<\/li>\n<li>GB\/T 2423.22 - M\u00e9todo de ensaio de ciclo de temperatura<\/li>\n<li>GJB 150.3 - Ensaio a alta temperatura<\/li>\n<li>GJB 150.4 - Ensaio a baixa temperatura<\/li>\n<li>IEC 60068-2 - M\u00e9todos de ensaio de temperatura<\/li>\n<\/ul>\n<\/td>\n<\/tr>\n<\/tbody>\n<\/table>\n<p><strong>Fun\u00e7\u00f5es principais:<\/strong><\/p>\n<p>1. Mudan\u00e7a r\u00e1pida de temperatura: Permite subidas e descidas significativas de temperatura num curto espa\u00e7o de tempo.<br \/>\n2. Controlo preciso: Equipado com um sistema preciso de controlo da temperatura para garantir a estabilidade e a uniformidade durante as mudan\u00e7as de temperatura.<br \/>\n3. Fun\u00e7\u00e3o program\u00e1vel: Permite pr\u00e9-definir v\u00e1rias curvas de mudan\u00e7a de temperatura e programas de loop para satisfazer diversas necessidades de teste.<br \/>\n4. Registo e monitoriza\u00e7\u00e3o de dados: Inclui um sistema avan\u00e7ado de registo e monitoriza\u00e7\u00e3o de dados que regista os dados de altera\u00e7\u00e3o da temperatura em tempo real, facilitando a an\u00e1lise subsequente e a resolu\u00e7\u00e3o de problemas.<\/p>\n<p><strong>Carater\u00edsticas do produto:<\/strong><\/p>\n<p>1. Primeira c\u00e2mara de teste de mudan\u00e7a r\u00e1pida de temperatura da ind\u00fastria com taxas de mudan\u00e7a de temperatura de 3-30 \u2103 \/ min e 10-40 \u2103 \/ min.<br \/>\n2. Taxa de c\u00e2mara de teste de mudan\u00e7a r\u00e1pida de temperatura ajust\u00e1vel linearmente e n\u00e3o linearmente de 5 \u2103 \/ min a 20 \u2103 \/ min.<br \/>\n3. Ecr\u00e3 a cores, sistema de controlo de 32 bits com gest\u00e3o eletr\u00f3nica Ethernet, acesso a dados USB e gest\u00e3o de plataforma m\u00f3vel APP.<br \/>\n4. Fonte de alimenta\u00e7\u00e3o de carga program\u00e1vel com controlo de sa\u00edda ON\/OFF de 4 canais para proteger a amostra e o equipamento de ensaio.<br \/>\n5. Purga de ar seco especialmente concebida para evitar a condensa\u00e7\u00e3o na superf\u00edcie da amostra de ensaio durante as r\u00e1pidas mudan\u00e7as de temperatura.<br \/>\n6. Design \u00fanico e patenteado de circula\u00e7\u00e3o de ar. O sistema de an\u00e9is proporciona precis\u00e3o para a amostra de teste.<br \/>\n7. Fun\u00e7\u00e3o anti-condensa\u00e7\u00e3o independente para a amostra de ensaio e prote\u00e7\u00e3o contra sobreaquecimento, falta de fluxo de ar e fumo.<br \/>\n8. Conce\u00e7\u00e3o \u00fanica do modo de funcionamento; ap\u00f3s o ensaio, a c\u00e2mara regressa \u00e0 temperatura ambiente para proteger a amostra de ensaio.<br \/>\n9. O controlo do fluxo de arrefecimento mais ecol\u00f3gico, com poupan\u00e7a de energia e com taxas de aquecimento e arrefecimento r\u00e1pidas.<br \/>\n10. Lembretes autom\u00e1ticos para o tempo de manuten\u00e7\u00e3o do equipamento e fun\u00e7\u00f5es de conce\u00e7\u00e3o de software de registo de falhas para o sistema de controlo.<\/p>\n<p><strong>Aplica\u00e7\u00f5es e cen\u00e1rios<\/strong><\/p>\n<p>1. Ind\u00fastria eletr\u00f3nica e de semicondutores:<\/p>\n<p>Teste de componentes electr\u00f3nicos: Avalia a fiabilidade e a durabilidade de componentes electr\u00f3nicos (tais como chips, condensadores, resist\u00eancias, sensores, etc.) em condi\u00e7\u00f5es de mudan\u00e7a r\u00e1pida de temperatura.<\/p>\n<p>Teste de placas de circuitos: Testa o desempenho e a fiabilidade das juntas de soldadura das placas de circuitos impressos (PCB) em condi\u00e7\u00f5es de mudan\u00e7a r\u00e1pida de temperatura, garantindo a sua estabilidade na utiliza\u00e7\u00e3o real.<\/p>\n<p>2. Ind\u00fastria autom\u00f3vel:<\/p>\n<p>Ensaios de componentes autom\u00f3veis: Avalia a durabilidade e a estabilidade de componentes autom\u00f3veis (tais como pe\u00e7as de motor, unidades de controlo eletr\u00f3nico, ilumina\u00e7\u00e3o, etc.) em condi\u00e7\u00f5es de mudan\u00e7a r\u00e1pida de temperatura.<\/p>\n<p>Ensaio de todo o ve\u00edculo: Ensaia o desempenho de todo o ve\u00edculo em condi\u00e7\u00f5es extremas de mudan\u00e7a de temperatura, avaliando a adaptabilidade e a fiabilidade do ve\u00edculo em diferentes condi\u00e7\u00f5es clim\u00e1ticas.<\/p>\n<p>3.Aeroespacial:<\/p>\n<p>Ensaios de componentes de aeronaves: Avalia o desempenho de componentes de aeronaves (tais como eletr\u00f3nica de bordo, sensores, materiais estruturais, etc.) sob r\u00e1pidas mudan\u00e7as de temperatura, assegurando a sua fiabilidade em ambientes de altitude elevada e clima extremo.<\/p>\n<p>Ensaios de materiais de naves espaciais: Testa a estabilidade e a durabilidade dos materiais dos ve\u00edculos espaciais sob r\u00e1pidas mudan\u00e7as de temperatura no ambiente espacial.<\/p>\n<p>4. Setor das telecomunica\u00e7\u00f5es:<\/p>\n<p>Teste de equipamento de telecomunica\u00e7\u00f5es: Avalia o desempenho e a fiabilidade do equipamento de comunica\u00e7\u00e3o (como routers, esta\u00e7\u00f5es de base, equipamento de fibra \u00f3tica, etc.) sob r\u00e1pidas mudan\u00e7as de temperatura, garantindo o seu funcionamento est\u00e1vel em v\u00e1rias condi\u00e7\u00f5es ambientais.<\/p>\n<p>Teste de fibras \u00f3pticas e conectores: Testa a durabilidade e o desempenho da liga\u00e7\u00e3o de fibras \u00f3pticas e conectores sob r\u00e1pidas mudan\u00e7as de temperatura.<\/p>\n<p>5. Electrodom\u00e9sticos e eletr\u00f3nica de consumo:<\/p>\n<p>Ensaios de electrodom\u00e9sticos: Avalia o desempenho e a durabilidade de electrodom\u00e9sticos (como frigor\u00edficos, m\u00e1quinas de lavar roupa, aparelhos de ar condicionado, etc.) sob r\u00e1pidas mudan\u00e7as de temperatura, garantindo a sua estabilidade em diferentes condi\u00e7\u00f5es clim\u00e1ticas.<\/p>\n<p>Ensaios de eletr\u00f3nica de consumo: Testa a fiabilidade e a durabilidade de produtos electr\u00f3nicos de consumo (como smartphones, tablets, dispositivos port\u00e1teis, etc.) sob r\u00e1pidas mudan\u00e7as de temperatura.<\/p>\n<p>6. Produtos farmac\u00eauticos e biotecnologia:<\/p>\n<p>Ensaios de estabilidade farmac\u00eautica: Avalia\u00e7\u00e3o da estabilidade e efic\u00e1cia de produtos farmac\u00eauticos sob r\u00e1pidas mudan\u00e7as de temperatura para garantir a sua qualidade durante o armazenamento e o transporte.<\/p>\n<p>Ensaios biofarmac\u00eauticos: Testar a estabilidade e a atividade de produtos biol\u00f3gicos (como vacinas e reagentes de diagn\u00f3stico) sob r\u00e1pidas mudan\u00e7as de temperatura.<\/p>\n<p>7. Ci\u00eancia dos materiais:<\/p>\n<p>Investiga\u00e7\u00e3o de novos materiais: Avalia\u00e7\u00e3o das propriedades f\u00edsicas e qu\u00edmicas de novos materiais sob r\u00e1pidas mudan\u00e7as de temperatura para garantir a sua estabilidade em aplica\u00e7\u00f5es pr\u00e1ticas.<\/p>\n<p>Ensaio de materiais comp\u00f3sitos: Ensaio da resist\u00eancia e durabilidade de materiais comp\u00f3sitos sob r\u00e1pidas mudan\u00e7as de temperatura para avaliar a sua fiabilidade em v\u00e1rias aplica\u00e7\u00f5es de engenharia.<\/p>","protected":false},"author":1,"featured_media":783,"template":"","meta":{"_acf_changed":false},"product_category":[6],"class_list":["post-253","product","type-product","status-publish","has-post-thumbnail","hentry","product_category-environmental-stress-screening-ess-series"],"acf":[],"_links":{"self":[{"href":"https:\/\/www.envsin-testchamber.com\/pt\/wp-json\/wp\/v2\/product\/253","targetHints":{"allow":["GET"]}}],"collection":[{"href":"https:\/\/www.envsin-testchamber.com\/pt\/wp-json\/wp\/v2\/product"}],"about":[{"href":"https:\/\/www.envsin-testchamber.com\/pt\/wp-json\/wp\/v2\/types\/product"}],"author":[{"embeddable":true,"href":"https:\/\/www.envsin-testchamber.com\/pt\/wp-json\/wp\/v2\/users\/1"}],"wp:featuredmedia":[{"embeddable":true,"href":"https:\/\/www.envsin-testchamber.com\/pt\/wp-json\/wp\/v2\/media\/783"}],"wp:attachment":[{"href":"https:\/\/www.envsin-testchamber.com\/pt\/wp-json\/wp\/v2\/media?parent=253"}],"wp:term":[{"taxonomy":"product_category","embeddable":true,"href":"https:\/\/www.envsin-testchamber.com\/pt\/wp-json\/wp\/v2\/product_category?post=253"}],"curies":[{"name":"wp","href":"https:\/\/api.w.org\/{rel}","templated":true}]}}