{"id":245,"date":"2026-03-23T10:38:12","date_gmt":"2026-03-23T02:38:12","guid":{"rendered":"https:\/\/www.envsin-testchamber.com\/?post_type=product&#038;p=245"},"modified":"2026-05-08T15:20:03","modified_gmt":"2026-05-08T07:20:03","slug":"high-and-low-temperature-test-chamber","status":"publish","type":"product","link":"https:\/\/www.envsin-testchamber.com\/pt\/product\/high-and-low-temperature-test-chamber\/","title":{"rendered":"C\u00e2mara de ensaio a alta e baixa temperatura"},"content":{"rendered":"<div style=\"overflow-x: auto; margin: 20px 0;\">\n<div style=\"overflow-x: auto; margin: 20px 0;\">\n<h3 class=\"mb-3 h4 border-bottom pb-3\" style=\"text-align: center;\"><span style=\"font-family: arial, helvetica, sans-serif; font-size: 16px;\">Par\u00e2metros do produto<\/span><\/h3>\n<table class=\"wp-block-table\" style=\"width: 100%; border-collapse: collapse; border: 1px solid #ccc !important;\">\n<thead>\n<tr style=\"background: #f2f2f2; text-align: center; font-weight: bold;\">\n<th style=\"border: 1px solid #ccc !important; padding: 6px;\">Modelo de teste<\/th>\n<th style=\"border: 1px solid #ccc !important; padding: 6px;\">Teste<\/th>\n<th style=\"border: 1px solid #ccc !important; padding: 6px;\">ET4008<\/th>\n<th style=\"border: 1px solid #ccc !important; padding: 6px;\">ET7008<\/th>\n<th style=\"border: 1px solid #ccc !important; padding: 6px;\">ET4018<\/th>\n<th style=\"border: 1px solid #ccc !important; padding: 6px;\">ET7018<\/th>\n<th style=\"border: 1px solid #ccc !important; padding: 6px;\">ET4034<\/th>\n<th style=\"border: 1px solid #ccc !important; padding: 6px;\">ET7034<\/th>\n<th style=\"border: 1px solid #ccc !important; padding: 6px;\">ET4060<\/th>\n<th style=\"border: 1px solid #ccc !important; padding: 6px;\">ET7060<\/th>\n<th style=\"border: 1px solid #ccc !important; padding: 6px;\">ET4100<\/th>\n<td style=\"border: 1px solid #ccc !important; padding: 6px;\">ET7100<\/td>\n<\/tr>\n<\/thead>\n<tbody>\n<tr>\n<td style=\"border: 1px solid #ccc !important; padding: 6px;\">Volume interno (L)<\/td>\n<td style=\"border: 1px solid #ccc !important; padding: 6px;\">L<\/td>\n<td style=\"border: 1px solid #ccc !important; padding: 6px;\">80<\/td>\n<td style=\"border: 1px solid #ccc !important; padding: 6px;\">80<\/td>\n<td style=\"border: 1px solid #ccc !important; padding: 6px;\">190<\/td>\n<td style=\"border: 1px solid #ccc !important; padding: 6px;\">190<\/td>\n<td style=\"border: 1px solid #ccc !important; padding: 6px;\">335<\/td>\n<td style=\"border: 1px solid #ccc !important; padding: 6px;\">335<\/td>\n<td style=\"border: 1px solid #ccc !important; padding: 6px;\">600<\/td>\n<td style=\"border: 1px solid #ccc !important; padding: 6px;\">600<\/td>\n<td style=\"border: 1px solid #ccc !important; padding: 6px;\">990<\/td>\n<td style=\"border: 1px solid #ccc !important; padding: 6px;\">990<\/td>\n<\/tr>\n<tr>\n<td style=\"border: 1px solid #ccc !important; padding: 6px;\">Gama de temperaturas de funcionamento<\/td>\n<td style=\"border: 1px solid #ccc !important; padding: 6px;\"><\/td>\n<td style=\"border: 1px solid #ccc !important; padding: 6px;\">-40\/+180<\/td>\n<td style=\"border: 1px solid #ccc !important; padding: 6px;\">-70\/+180<\/td>\n<td style=\"border: 1px solid #ccc !important; padding: 6px;\">-40\/+180<\/td>\n<td style=\"border: 1px solid #ccc !important; padding: 6px;\">-70\/+180<\/td>\n<td style=\"border: 1px solid #ccc !important; padding: 6px;\">-40\/+180<\/td>\n<td style=\"border: 1px solid #ccc !important; padding: 6px;\">-70\/+180<\/td>\n<td style=\"border: 1px solid #ccc !important; padding: 6px;\">-40\/+180<\/td>\n<td style=\"border: 1px solid #ccc !important; padding: 6px;\">-70\/+180<\/td>\n<td style=\"border: 1px solid #ccc !important; padding: 6px;\">-40\/+180<\/td>\n<td style=\"border: 1px solid #ccc !important; padding: 6px;\">-70\/+180<\/td>\n<\/tr>\n<tr>\n<td style=\"border: 1px solid #ccc !important; padding: 6px;\">Flutua\u00e7\u00e3o de temperatura<\/td>\n<td style=\"border: 1px solid #ccc !important; padding: 6px;\"><\/td>\n<td style=\"border: 1px solid #ccc !important; padding: 6px;\">\u00b10.5<\/td>\n<td style=\"border: 1px solid #ccc !important; padding: 6px;\"><\/td>\n<td style=\"border: 1px solid #ccc !important; padding: 6px;\"><\/td>\n<td style=\"border: 1px solid #ccc !important; padding: 6px;\"><\/td>\n<td style=\"border: 1px solid #ccc !important; padding: 6px;\"><\/td>\n<td style=\"border: 1px solid #ccc !important; padding: 6px;\"><\/td>\n<td style=\"border: 1px solid #ccc !important; padding: 6px;\"><\/td>\n<td style=\"border: 1px solid #ccc !important; padding: 6px;\"><\/td>\n<td style=\"border: 1px solid #ccc !important; padding: 6px;\"><\/td>\n<\/tr>\n<tr>\n<td style=\"border: 1px solid #ccc !important; padding: 6px;\">Uniformidade de temperatura<\/td>\n<td style=\"border: 1px solid #ccc !important; padding: 6px;\"><\/td>\n<td style=\"border: 1px solid #ccc !important; padding: 6px;\">\u00b12.0<\/td>\n<td style=\"border: 1px solid #ccc !important; padding: 6px;\"><\/td>\n<td style=\"border: 1px solid #ccc !important; padding: 6px;\"><\/td>\n<td style=\"border: 1px solid #ccc !important; padding: 6px;\"><\/td>\n<td style=\"border: 1px solid #ccc !important; padding: 6px;\"><\/td>\n<td style=\"border: 1px solid #ccc !important; padding: 6px;\"><\/td>\n<td style=\"border: 1px solid #ccc !important; padding: 6px;\"><\/td>\n<td style=\"border: 1px solid #ccc !important; padding: 6px;\"><\/td>\n<td style=\"border: 1px solid #ccc !important; padding: 6px;\"><\/td>\n<td style=\"border: 1px solid #ccc !important; padding: 6px;\"><\/td>\n<\/tr>\n<tr>\n<td style=\"border: 1px solid #ccc !important; padding: 6px;\">Taxa de aquecimento (\u00e0 temperatura ambiente de 25\u2103)<\/td>\n<td style=\"border: 1px solid #ccc !important; padding: 6px;\"><\/td>\n<td style=\"border: 1px solid #ccc !important; padding: 6px;\">5.0<\/td>\n<td style=\"border: 1px solid #ccc !important; padding: 6px;\">5.0<\/td>\n<td style=\"border: 1px solid #ccc !important; padding: 6px;\">5.0<\/td>\n<td style=\"border: 1px solid #ccc !important; padding: 6px;\">5.0<\/td>\n<td style=\"border: 1px solid #ccc !important; padding: 6px;\">5.0<\/td>\n<td style=\"border: 1px solid #ccc !important; padding: 6px;\">5.0<\/td>\n<td style=\"border: 1px solid #ccc !important; padding: 6px;\">4.0<\/td>\n<td style=\"border: 1px solid #ccc !important; padding: 6px;\">4.0<\/td>\n<td style=\"border: 1px solid #ccc !important; padding: 6px;\">4.0<\/td>\n<td style=\"border: 1px solid #ccc !important; padding: 6px;\">4.0<\/td>\n<\/tr>\n<tr>\n<td style=\"border: 1px solid #ccc !important; padding: 6px;\">Taxa de arrefecimento (\u00e0 temperatura ambiente de 25\u2103)<\/td>\n<td style=\"border: 1px solid #ccc !important; padding: 6px;\"><\/td>\n<td style=\"border: 1px solid #ccc !important; padding: 6px;\">3.0<\/td>\n<td style=\"border: 1px solid #ccc !important; padding: 6px;\">3.0<\/td>\n<td style=\"border: 1px solid #ccc !important; padding: 6px;\">3.0<\/td>\n<td style=\"border: 1px solid #ccc !important; padding: 6px;\">3.0<\/td>\n<td style=\"border: 1px solid #ccc !important; padding: 6px;\">3.0<\/td>\n<td style=\"border: 1px solid #ccc !important; padding: 6px;\">3.0<\/td>\n<td style=\"border: 1px solid #ccc !important; padding: 6px;\">3.0<\/td>\n<td style=\"border: 1px solid #ccc !important; padding: 6px;\">3.0<\/td>\n<td style=\"border: 1px solid #ccc !important; padding: 6px;\">3.0<\/td>\n<td style=\"border: 1px solid #ccc !important; padding: 6px;\">3.0<\/td>\n<\/tr>\n<tr>\n<td style=\"border: 1px solid #ccc !important; padding: 6px;\">Dimens\u00f5es internas<\/td>\n<td style=\"border: 1px solid #ccc !important; padding: 6px;\"><\/td>\n<td style=\"border: 1px solid #ccc !important; padding: 6px;\"><\/td>\n<td style=\"border: 1px solid #ccc !important; padding: 6px;\"><\/td>\n<td style=\"border: 1px solid #ccc !important; padding: 6px;\"><\/td>\n<td style=\"border: 1px solid #ccc !important; padding: 6px;\"><\/td>\n<td style=\"border: 1px solid #ccc !important; padding: 6px;\"><\/td>\n<td style=\"border: 1px solid #ccc !important; padding: 6px;\"><\/td>\n<td style=\"border: 1px solid #ccc !important; padding: 6px;\"><\/td>\n<td style=\"border: 1px solid #ccc !important; padding: 6px;\"><\/td>\n<td style=\"border: 1px solid #ccc !important; padding: 6px;\"><\/td>\n<\/tr>\n<tr>\n<td style=\"border: 1px solid #ccc !important; padding: 6px;\">Largura<\/td>\n<td style=\"border: 1px solid #ccc !important; padding: 6px;\">mm<\/td>\n<td style=\"border: 1px solid #ccc !important; padding: 6px;\">400<\/td>\n<td style=\"border: 1px solid #ccc !important; padding: 6px;\"><\/td>\n<td style=\"border: 1px solid #ccc !important; padding: 6px;\">580<\/td>\n<td style=\"border: 1px solid #ccc !important; padding: 6px;\"><\/td>\n<td style=\"border: 1px solid #ccc !important; padding: 6px;\">580<\/td>\n<td style=\"border: 1px solid #ccc !important; padding: 6px;\"><\/td>\n<td style=\"border: 1px solid #ccc !important; padding: 6px;\">800<\/td>\n<td style=\"border: 1px solid #ccc !important; padding: 6px;\"><\/td>\n<td style=\"border: 1px solid #ccc !important; padding: 6px;\">1100<\/td>\n<\/tr>\n<tr>\n<td style=\"border: 1px solid #ccc !important; padding: 6px;\">Profundidade<\/td>\n<td style=\"border: 1px solid #ccc !important; padding: 6px;\">mm<\/td>\n<td style=\"border: 1px solid #ccc !important; padding: 6px;\">400<\/td>\n<td style=\"border: 1px solid #ccc !important; padding: 6px;\"><\/td>\n<td style=\"border: 1px solid #ccc !important; padding: 6px;\">450<\/td>\n<td style=\"border: 1px solid #ccc !important; padding: 6px;\"><\/td>\n<td style=\"border: 1px solid #ccc !important; padding: 6px;\">765<\/td>\n<td style=\"border: 1px solid #ccc !important; padding: 6px;\"><\/td>\n<td style=\"border: 1px solid #ccc !important; padding: 6px;\">800<\/td>\n<td style=\"border: 1px solid #ccc !important; padding: 6px;\"><\/td>\n<td style=\"border: 1px solid #ccc !important; padding: 6px;\">950<\/td>\n<\/tr>\n<tr>\n<td style=\"border: 1px solid #ccc !important; padding: 6px;\">Altura<\/td>\n<td style=\"border: 1px solid #ccc !important; padding: 6px;\">mm<\/td>\n<td style=\"border: 1px solid #ccc !important; padding: 6px;\">500<\/td>\n<td style=\"border: 1px solid #ccc !important; padding: 6px;\"><\/td>\n<td style=\"border: 1px solid #ccc !important; padding: 6px;\">750<\/td>\n<td style=\"border: 1px solid #ccc !important; padding: 6px;\"><\/td>\n<td style=\"border: 1px solid #ccc !important; padding: 6px;\">750<\/td>\n<td style=\"border: 1px solid #ccc !important; padding: 6px;\"><\/td>\n<td style=\"border: 1px solid #ccc !important; padding: 6px;\">950<\/td>\n<td style=\"border: 1px solid #ccc !important; padding: 6px;\"><\/td>\n<td style=\"border: 1px solid #ccc !important; padding: 6px;\">950<\/td>\n<\/tr>\n<tr style=\"background: #f2f2f2; font-weight: bold;\">\n<td style=\"border: 1px solid #ccc !important; padding: 6px 10px;\" colspan=\"11\">Fonte de alimenta\u00e7\u00e3o<\/td>\n<\/tr>\n<tr>\n<td style=\"border: 1px solid #ccc !important; padding: 6px;\">Fonte de alimenta\u00e7\u00e3o<\/td>\n<td style=\"border: 1px solid #ccc !important; padding: 6px;\"><\/td>\n<td style=\"border: 1px solid #ccc !important; padding: 6px;\" colspan=\"9\">AC380V\u00b110%,50Hz\u00b11% liga\u00e7\u00e3o trif\u00e1sica a cinco fios (3\/N\/PE) com liga\u00e7\u00e3o \u00e0 terra comprimento do fio 24,0<\/td>\n<\/tr>\n<tr>\n<td style=\"border: 1px solid #ccc !important; padding: 6px;\">Fonte de alimenta\u00e7\u00e3o<\/td>\n<td style=\"border: 1px solid #ccc !important; padding: 6px;\"><\/td>\n<td style=\"border: 1px solid #ccc !important; padding: 6px;\" colspan=\"9\">AC380V\u00b110%,50Hz\u00b11% liga\u00e7\u00e3o trif\u00e1sica a cinco fios (3\/N\/PE)<\/td>\n<\/tr>\n<tr>\n<td style=\"border: 1px solid #ccc !important; padding: 6px;\">Dimens\u00f5es externas<\/td>\n<td style=\"border: 1px solid #ccc !important; padding: 6px;\">Largura<\/td>\n<td style=\"border: 1px solid #ccc !important; padding: 6px;\">620<\/td>\n<td style=\"border: 1px solid #ccc !important; padding: 6px;\"><\/td>\n<td style=\"border: 1px solid #ccc !important; padding: 6px;\">820<\/td>\n<td style=\"border: 1px solid #ccc !important; padding: 6px;\"><\/td>\n<td style=\"border: 1px solid #ccc !important; padding: 6px;\">820<\/td>\n<td style=\"border: 1px solid #ccc !important; padding: 6px;\"><\/td>\n<td style=\"border: 1px solid #ccc !important; padding: 6px;\">1000<\/td>\n<td style=\"border: 1px solid #ccc !important; padding: 6px;\"><\/td>\n<td style=\"border: 1px solid #ccc !important; padding: 6px;\">1300<\/td>\n<td style=\"border: 1px solid #ccc !important; padding: 6px;\"><\/td>\n<\/tr>\n<tr>\n<td style=\"border: 1px solid #ccc !important; padding: 6px;\"><\/td>\n<td style=\"border: 1px solid #ccc !important; padding: 6px;\">Profundidade<\/td>\n<td style=\"border: 1px solid #ccc !important; padding: 6px;\">990<\/td>\n<td style=\"border: 1px solid #ccc !important; padding: 6px;\"><\/td>\n<td style=\"border: 1px solid #ccc !important; padding: 6px;\">1560<\/td>\n<td style=\"border: 1px solid #ccc !important; padding: 6px;\"><\/td>\n<td style=\"border: 1px solid #ccc !important; padding: 6px;\">1780<\/td>\n<td style=\"border: 1px solid #ccc !important; padding: 6px;\"><\/td>\n<td style=\"border: 1px solid #ccc !important; padding: 6px;\">1810<\/td>\n<td style=\"border: 1px solid #ccc !important; padding: 6px;\"><\/td>\n<td style=\"border: 1px solid #ccc !important; padding: 6px;\">1960<\/td>\n<td style=\"border: 1px solid #ccc !important; padding: 6px;\"><\/td>\n<\/tr>\n<tr>\n<td style=\"border: 1px solid #ccc !important; padding: 6px;\"><\/td>\n<td style=\"border: 1px solid #ccc !important; padding: 6px;\">Altura<\/td>\n<td style=\"border: 1px solid #ccc !important; padding: 6px;\">1580<\/td>\n<td style=\"border: 1px solid #ccc !important; padding: 6px;\"><\/td>\n<td style=\"border: 1px solid #ccc !important; padding: 6px;\">1850<\/td>\n<td style=\"border: 1px solid #ccc !important; padding: 6px;\"><\/td>\n<td style=\"border: 1px solid #ccc !important; padding: 6px;\">1850<\/td>\n<td style=\"border: 1px solid #ccc !important; padding: 6px;\"><\/td>\n<td style=\"border: 1px solid #ccc !important; padding: 6px;\">2020<\/td>\n<td style=\"border: 1px solid #ccc !important; padding: 6px;\"><\/td>\n<td style=\"border: 1px solid #ccc !important; padding: 6px;\">2030<\/td>\n<td style=\"border: 1px solid #ccc !important; padding: 6px;\"><\/td>\n<\/tr>\n<tr style=\"background: #f2f2f2; font-weight: bold;\">\n<td style=\"border: 1px solid #ccc !important; padding: 6px 10px;\" colspan=\"11\">M\u00e9todo de arrefecimento<\/td>\n<\/tr>\n<tr>\n<td style=\"border: 1px solid #ccc !important; padding: 6px;\">M\u00e9todo de arrefecimento<\/td>\n<td style=\"border: 1px solid #ccc !important; padding: 6px;\"><\/td>\n<td style=\"border: 1px solid #ccc !important; padding: 6px;\" colspan=\"9\">Arrefecimento por ar<\/td>\n<\/tr>\n<tr style=\"background: #f2f2f2; font-weight: bold;\">\n<td style=\"border: 1px solid #ccc !important; padding: 6px 10px;\" colspan=\"11\">Normas aplic\u00e1veis<\/td>\n<\/tr>\n<tr>\n<td style=\"border: 1px solid #ccc !important; padding: 6px;\">Normas aplic\u00e1veis<\/td>\n<td style=\"border: 1px solid #ccc !important; padding: 6px;\"><\/td>\n<td style=\"border: 1px solid #ccc !important; padding: 6px;\" colspan=\"9\">1. GB\/T 2423.1 Norma de baixa temperatura<br \/>\n2. Norma de alta temperatura GB\/T 2423.2<br \/>\n3. Norma de ensaio de humidade GB\/T2423.3<br \/>\n4. IEC60068-2-1<br \/>\n5. GB\/T10586 - Norma de ensaio de humidade<br \/>\n6. Norma de seguran\u00e7a GB 15093<\/td>\n<\/tr>\n<\/tbody>\n<\/table>\n<\/div>\n<p>&nbsp;<\/p>\n<p><strong>Carater\u00edsticas do produto<\/strong><\/p>\n<\/div>\n<p>1. Capaz de lidar com grandes \u00e1reas de armazenamento e gera\u00e7\u00e3o de calor de alta carga dentro do mesmo volume.<br \/>\n2. Utiliza a avan\u00e7ada tecnologia americana de controlo do fluido frigorig\u00e9neo PWM para um funcionamento a baixa temperatura com poupan\u00e7a de energia.<br \/>\n3. Evita a condensa\u00e7\u00e3o nas amostras de ensaio em condi\u00e7\u00f5es controladas.<br \/>\n4. A configura\u00e7\u00e3o da comunica\u00e7\u00e3o inclui a interface RS232 e a fun\u00e7\u00e3o de armazenamento\/descarregamento USB.<br \/>\n5. Sistemas de monitoriza\u00e7\u00e3o de alarmes m\u00faltiplos com fun\u00e7\u00e3o de alarme remoto sem fios.<br \/>\n6. Sistema de \u00e1gua mais segura e sistema de circula\u00e7\u00e3o de \u00e1gua reciclada.<\/p>\n<p><strong>Aplica\u00e7\u00f5es<\/strong><\/p>\n<p>1. Ind\u00fastria da eletr\u00f3nica e dos aparelhos el\u00e9ctricos<br \/>\nTeste de componentes: Avalia o desempenho e a fiabilidade de componentes electr\u00f3nicos, tais como resist\u00eancias, condensadores e dispositivos semicondutores, em ambientes de alta e baixa temperatura.<br \/>\nTeste de equipamentos completos: Testa o estado de funcionamento de equipamentos completos, como telem\u00f3veis, computadores e televisores, em diferentes ambientes de temperatura e humidade, garantindo a sua estabilidade em condi\u00e7\u00f5es extremas.<\/p>\n<p>2. Ind\u00fastria autom\u00f3vel<br \/>\nTeste de componentes: Testa a durabilidade e o desempenho de motores de autom\u00f3veis, sistemas de controlo eletr\u00f3nico, pain\u00e9is de instrumentos e outros componentes em ambientes de alta e baixa temperatura.<br \/>\nTeste de ve\u00edculos: Simula o desempenho do ve\u00edculo em diferentes condi\u00e7\u00f5es clim\u00e1ticas para avaliar o arranque, o funcionamento e o desempenho do estacionamento do ve\u00edculo em ambientes extremos.<\/p>\n<p>3. Aeroespacial<br \/>\nEnsaios de equipamentos: Avalia a fiabilidade de equipamentos e materiais aeroespaciais (tais como sistemas de controlo de aeronaves e equipamentos de navega\u00e7\u00e3o) em ambientes de alta e baixa temperatura.<br \/>\nEnsaios de materiais: Testa as propriedades f\u00edsicas e a estabilidade qu\u00edmica dos materiais aeroespaciais em diferentes condi\u00e7\u00f5es de temperatura.<\/p>\n<p>4. Produtos farmac\u00eauticos e biotecnologia<br \/>\nTestes de estabilidade farmac\u00eautica: Avalia a estabilidade de produtos farmac\u00eauticos em diferentes ambientes de temperatura e humidade para determinar o prazo de validade e as condi\u00e7\u00f5es de armazenamento.<br \/>\nEnsaios biofarmac\u00eauticos: Testa a efic\u00e1cia e a seguran\u00e7a de produtos biol\u00f3gicos, tais como vacinas e soros, em diferentes condi\u00e7\u00f5es ambientais.<\/p>\n<p>5. Ci\u00eancia dos materiais<br \/>\nEnsaios de durabilidade de materiais: Avalia a durabilidade e as carater\u00edsticas de envelhecimento de metais, pl\u00e1sticos e materiais compostos em ambientes de alta e baixa temperatura.<br \/>\nEnsaios de revestimentos e materiais de prote\u00e7\u00e3o: Testa o desempenho de revestimentos anti-corros\u00e3o, materiais de isolamento, etc., em diferentes ambientes.<\/p>\n<p>6. Militar e Defesa<br \/>\nTestes de armamento: Avalia o desempenho e a fiabilidade dos sistemas de armas e do equipamento de prote\u00e7\u00e3o em condi\u00e7\u00f5es ambientais extremas.<br \/>\nEnsaios de equipamentos electr\u00f3nicos militares: Ensaio da estabilidade operacional de equipamento de comunica\u00e7\u00e3o militar, sistemas de navega\u00e7\u00e3o, etc., em ambientes de alta e baixa temperatura.<\/p>\n<p>7. Novas energias<br \/>\nTeste de equipamento solar: Avalia\u00e7\u00e3o da efici\u00eancia e durabilidade de pain\u00e9is solares e equipamentos relacionados sob diferentes condi\u00e7\u00f5es de temperatura.<br \/>\nTeste de equipamentos de armazenamento de energia: Testes de desempenho e seguran\u00e7a de baterias e sistemas de armazenamento de energia em ambientes de alta e baixa temperatura.<\/p>\n<p>8. Constru\u00e7\u00e3o e engenharia civil<br \/>\nEnsaios de materiais de constru\u00e7\u00e3o: Avaliar o desempenho e a durabilidade de materiais de constru\u00e7\u00e3o como o bet\u00e3o, o a\u00e7o e os materiais de isolamento em diferentes condi\u00e7\u00f5es ambientais.<br \/>\nEnsaios estruturais: Simula\u00e7\u00e3o do comportamento de estruturas de edif\u00edcios em condi\u00e7\u00f5es extremas de temperatura para garantir a sua estabilidade e seguran\u00e7a em v\u00e1rias condi\u00e7\u00f5es climat\u00e9ricas.<\/p>\n<p>9. Produtos alimentares e de consumo<br \/>\nTeste do prazo de validade dos alimentos: Avalia\u00e7\u00e3o do prazo de validade e das altera\u00e7\u00f5es de qualidade de alimentos e bebidas sob diferentes condi\u00e7\u00f5es de temperatura.<br \/>\nEnsaio de materiais de embalagem: Testar o desempenho dos materiais de embalagem em ambientes de alta e baixa temperatura para garantir a seguran\u00e7a do produto durante o transporte e o armazenamento.<\/p>\n<p>10. Investiga\u00e7\u00e3o acad\u00e9mica<br \/>\nSimula\u00e7\u00e3o ambiental: Utilizada na investiga\u00e7\u00e3o clim\u00e1tica, na investiga\u00e7\u00e3o do ambiente ecol\u00f3gico e noutros dom\u00ednios para simular diferentes condi\u00e7\u00f5es ambientais naturais e estudar o seu impacto nos organismos e materiais.<br \/>\nInvestiga\u00e7\u00e3o cient\u00edfica fundamental: Simula\u00e7\u00e3o de condi\u00e7\u00f5es ambientais extremas para experi\u00eancias e testes em investiga\u00e7\u00e3o cient\u00edfica fundamental, como a f\u00edsica e a qu\u00edmica.<\/p>\n<p>11. Ind\u00fastria t\u00eaxtil e do vestu\u00e1rio<br \/>\nEnsaios de materiais: Avalia\u00e7\u00e3o da durabilidade e estabilidade de materiais t\u00eaxteis em ambientes de alta temperatura, baixa temperatura e h\u00famidos.<br \/>\nTestes de vestu\u00e1rio: Testar o conforto e o desempenho do vestu\u00e1rio em diferentes condi\u00e7\u00f5es de temperatura e humidade.<\/p>\n<p>12. Log\u00edstica e transportes<br \/>\nSimula\u00e7\u00e3o do ambiente de transporte: Simula\u00e7\u00e3o de condi\u00e7\u00f5es extremas de temperatura e humidade que podem ser encontradas durante o transporte para avaliar a resist\u00eancia e a seguran\u00e7a dos produtos durante o transporte.<br \/>\nEnsaios de embalagens: Testar o desempenho de prote\u00e7\u00e3o de materiais e concep\u00e7\u00f5es de embalagens em diferentes condi\u00e7\u00f5es ambientais.<\/p>\n<p>&nbsp;<\/p>","protected":false},"author":1,"featured_media":776,"template":"","meta":{"_acf_changed":false},"product_category":[20,15],"class_list":["post-245","product","type-product","status-publish","has-post-thumbnail","hentry","product_category-popular-products","product_category-temperature-humidity-test-series"],"acf":[],"_links":{"self":[{"href":"https:\/\/www.envsin-testchamber.com\/pt\/wp-json\/wp\/v2\/product\/245","targetHints":{"allow":["GET"]}}],"collection":[{"href":"https:\/\/www.envsin-testchamber.com\/pt\/wp-json\/wp\/v2\/product"}],"about":[{"href":"https:\/\/www.envsin-testchamber.com\/pt\/wp-json\/wp\/v2\/types\/product"}],"author":[{"embeddable":true,"href":"https:\/\/www.envsin-testchamber.com\/pt\/wp-json\/wp\/v2\/users\/1"}],"wp:featuredmedia":[{"embeddable":true,"href":"https:\/\/www.envsin-testchamber.com\/pt\/wp-json\/wp\/v2\/media\/776"}],"wp:attachment":[{"href":"https:\/\/www.envsin-testchamber.com\/pt\/wp-json\/wp\/v2\/media?parent=245"}],"wp:term":[{"taxonomy":"product_category","embeddable":true,"href":"https:\/\/www.envsin-testchamber.com\/pt\/wp-json\/wp\/v2\/product_category?post=245"}],"curies":[{"name":"wp","href":"https:\/\/api.w.org\/{rel}","templated":true}]}}