{"id":237,"date":"2026-03-23T10:28:52","date_gmt":"2026-03-23T02:28:52","guid":{"rendered":"https:\/\/www.envsin-testchamber.com\/?post_type=product&#038;p=237"},"modified":"2026-04-11T22:15:14","modified_gmt":"2026-04-11T14:15:14","slug":"walk-in-high-and-low-temperature-laboratory","status":"publish","type":"product","link":"https:\/\/www.envsin-testchamber.com\/pt\/product\/walk-in-high-and-low-temperature-laboratory\/","title":{"rendered":"Laborat\u00f3rio de alta e baixa temperatura"},"content":{"rendered":"<p><strong>Carater\u00edsticas do produto<\/strong><\/p>\n<p>1. Ado\u00e7\u00e3o da mais avan\u00e7ada tecnologia internacional de processamento de armaz\u00e9ns, design moderno e capacidade de controlo perfeita.<br \/>\n2. Processo de tecnologia de instala\u00e7\u00e3o de soldadura completa de combina\u00e7\u00e3o l\u00edder, alta temperatura permanente e alta humidade ou alta temperatura sem deforma\u00e7\u00e3o.<br \/>\n3. Conce\u00e7\u00e3o de seguran\u00e7a especial com fun\u00e7\u00f5es de prote\u00e7\u00e3o de ventila\u00e7\u00e3o contra temperatura excessiva, fumo, aus\u00eancia de vento e corte de energia.<br \/>\n4. O design patenteado expans\u00edvel do sistema de humidifica\u00e7\u00e3o por ultra-sons assegura a gama de aplica\u00e7\u00f5es de carga t\u00e9rmica ultra-alta.<br \/>\n5. Ecr\u00e3 a cores Sistema de controlo de 32 bits com gest\u00e3o Ethernet E e fun\u00e7\u00e3o de acesso a dados USB.<br \/>\n6. Gest\u00e3o escal\u00e1vel da plataforma m\u00f3vel APP.<br \/>\n7. Fonte de alimenta\u00e7\u00e3o de carga program\u00e1vel com controlo de sa\u00edda ON\/OFF de 4 canais, protegendo a seguran\u00e7a do produto e do equipamento testado.<br \/>\n8. A conce\u00e7\u00e3o patenteada de um sistema \u00fanico de circula\u00e7\u00e3o de ar proporciona precis\u00e3o ao produto testado.<br \/>\n9. A fun\u00e7\u00e3o anti-condensa\u00e7\u00e3o e a fun\u00e7\u00e3o de prote\u00e7\u00e3o contra temperatura excessiva, sem vento e fumo da amostra de teste independente.<br \/>\n10. Pode expandir a fun\u00e7\u00e3o de monitoriza\u00e7\u00e3o de v\u00eddeo em rede e sincronizar-se com o teste de dados.<br \/>\n11. Equipado com abastecimento autom\u00e1tico de \u00e1gua com sistema de filtragem ultra puro e fun\u00e7\u00e3o de aviso de falta de \u00e1gua.<br \/>\n12. O controlo do fluxo de arrefecimento mais ecol\u00f3gico, a poupan\u00e7a de energia e a r\u00e1pida subida e descida da temperatura.<br \/>\n13. O \u00fanico funcionamento a baixa temperatura a longo prazo da ind\u00fastria sem fun\u00e7\u00e3o de descongela\u00e7\u00e3o.<br \/>\n14. Design \u00fanico do modo de funcionamento, a caixa volta \u00e0 temperatura ambiente ap\u00f3s a experi\u00eancia para proteger o estado do objeto de teste.<br \/>\n15. Lembrete autom\u00e1tico do tempo de manuten\u00e7\u00e3o do equipamento do sistema de controlo e fun\u00e7\u00e3o de conce\u00e7\u00e3o de software para registos m\u00e9dicos de falhas.<br \/>\n16. O dispositivo pode expandir as fun\u00e7\u00f5es de servi\u00e7o remoto e fornecer CDs de ensino para a utiliza\u00e7\u00e3o da m\u00e1quina.<\/p>\n<p style=\"text-align: center;\"><strong>Par\u00e2metros do produto<\/strong><\/p>\n<div style=\"overflow-x: auto; margin: 20px 0;\">\n<table class=\"wp-block-table\" style=\"width: 100%; border-collapse: collapse; border: 1px solid #ccc !important;\">\n<thead>\n<tr style=\"background: #f2f2f2; text-align: center; font-weight: bold;\">\n<th style=\"border: 1px solid #ccc !important; padding: 6px;\">Par\u00e2metro<\/th>\n<th style=\"border: 1px solid #ccc !important; padding: 6px;\">Description \/ Unit<\/th>\n<th style=\"border: 1px solid #ccc !important; padding: 6px;\">ETCZ8\/4010<\/th>\n<th style=\"border: 1px solid #ccc !important; padding: 6px;\">ETCZ12\/4010<\/th>\n<th style=\"border: 1px solid #ccc !important; padding: 6px;\">ETCZ17\/4010<\/th>\n<th style=\"border: 1px solid #ccc !important; padding: 6px;\">ETCZ22\/4010<\/th>\n<th style=\"border: 1px solid #ccc !important; padding: 6px;\">ETCZ28\/4010<\/th>\n<\/tr>\n<\/thead>\n<tbody>\n<tr>\n<td style=\"border: 1px solid #ccc !important; padding: 6px;\">Working Volume<\/td>\n<td style=\"border: 1px solid #ccc !important; padding: 6px;\">m\u00b3<\/td>\n<td style=\"border: 1px solid #ccc !important; padding: 6px;\">8<\/td>\n<td style=\"border: 1px solid #ccc !important; padding: 6px;\">12<\/td>\n<td style=\"border: 1px solid #ccc !important; padding: 6px;\">17<\/td>\n<td style=\"border: 1px solid #ccc !important; padding: 6px;\">22<\/td>\n<td style=\"border: 1px solid #ccc !important; padding: 6px;\">28<\/td>\n<\/tr>\n<tr>\n<td style=\"border: 1px solid #ccc !important; padding: 6px;\">Gama de temperaturas<\/td>\n<td style=\"border: 1px solid #ccc !important; padding: 6px;\">\u00b0C<\/td>\n<td style=\"border: 1px solid #ccc !important; padding: 6px;\">-40\/+100<\/td>\n<td style=\"border: 1px solid #ccc !important; padding: 6px;\">-40\/+100<\/td>\n<td style=\"border: 1px solid #ccc !important; padding: 6px;\">-40\/+100<\/td>\n<td style=\"border: 1px solid #ccc !important; padding: 6px;\">-40\/+100<\/td>\n<td style=\"border: 1px solid #ccc !important; padding: 6px;\">40\/+100<\/td>\n<\/tr>\n<tr>\n<td style=\"border: 1px solid #ccc !important; padding: 6px;\">Temperature Variation<\/td>\n<td style=\"border: 1px solid #ccc !important; padding: 6px;\">Fluctuation: \u00b10.5\u00b0C ; Uniformity: \u22642.0\u00b0C<\/td>\n<td style=\"border: 1px solid #ccc !important; padding: 6px;\" colspan=\"5\">\u2014 Applicable to all models \u2014<\/td>\n<\/tr>\n<tr>\n<td style=\"border: 1px solid #ccc !important; padding: 6px;\">Temperature Tolerance<\/td>\n<td style=\"border: 1px solid #ccc !important; padding: 6px;\">\u00b12.0\u00b0C<\/td>\n<td style=\"border: 1px solid #ccc !important; padding: 6px;\" colspan=\"5\">\u2014<\/td>\n<\/tr>\n<tr>\n<td style=\"border: 1px solid #ccc !important; padding: 6px;\">Taxa de aquecimento<\/td>\n<td style=\"border: 1px solid #ccc !important; padding: 6px;\">\u00b0C\/min<\/td>\n<td style=\"border: 1px solid #ccc !important; padding: 6px;\">\u2014<\/td>\n<td style=\"border: 1px solid #ccc !important; padding: 6px;\">3.0<\/td>\n<td style=\"border: 1px solid #ccc !important; padding: 6px;\">3.0<\/td>\n<td style=\"border: 1px solid #ccc !important; padding: 6px;\">3.0<\/td>\n<td style=\"border: 1px solid #ccc !important; padding: 6px;\">3.0<\/td>\n<\/tr>\n<tr>\n<td style=\"border: 1px solid #ccc !important; padding: 6px;\">Taxa de arrefecimento<\/td>\n<td style=\"border: 1px solid #ccc !important; padding: 6px;\">\u00b0C\/min<\/td>\n<td style=\"border: 1px solid #ccc !important; padding: 6px;\">\u2014<\/td>\n<td style=\"border: 1px solid #ccc !important; padding: 6px;\">2.0<\/td>\n<td style=\"border: 1px solid #ccc !important; padding: 6px;\">2.0<\/td>\n<td style=\"border: 1px solid #ccc !important; padding: 6px;\">2.0<\/td>\n<td style=\"border: 1px solid #ccc !important; padding: 6px;\">2.0<\/td>\n<\/tr>\n<tr>\n<td style=\"border: 1px solid #ccc !important; padding: 6px;\">Temp. Range (Humidity Test)<\/td>\n<td style=\"border: 1px solid #ccc !important; padding: 6px;\">\u00b0C<\/td>\n<td style=\"border: 1px solid #ccc !important; padding: 6px;\" colspan=\"5\">+10 ~ +85<\/td>\n<\/tr>\n<tr>\n<td style=\"border: 1px solid #ccc !important; padding: 6px;\">Gama de humidade<\/td>\n<td style=\"border: 1px solid #ccc !important; padding: 6px;\">%RH<\/td>\n<td style=\"border: 1px solid #ccc !important; padding: 6px;\" colspan=\"5\">10 ~ 98<\/td>\n<\/tr>\n<tr>\n<td style=\"border: 1px solid #ccc !important; padding: 6px;\" rowspan=\"3\">Temp. &amp; Humidity Climate Test<\/td>\n<td style=\"border: 1px solid #ccc !important; padding: 6px;\">Humidity Fluctuation: \u00b13.0%RH<\/td>\n<td style=\"border: 1px solid #ccc !important; padding: 6px;\" colspan=\"5\">\u2014<\/td>\n<\/tr>\n<tr>\n<td style=\"border: 1px solid #ccc !important; padding: 6px;\">Humidity Uniformity: \u00b15.0%RH<\/td>\n<td style=\"border: 1px solid #ccc !important; padding: 6px;\" colspan=\"5\">\u2014<\/td>\n<\/tr>\n<tr>\n<td style=\"border: 1px solid #ccc !important; padding: 6px;\">Humidity Deviation: +2% ~ -3% (&gt;75%RH) ; \u00b15.0% (&lt;75%RH)<\/td>\n<td style=\"border: 1px solid #ccc !important; padding: 6px;\" colspan=\"5\">\u2014<\/td>\n<\/tr>\n<tr>\n<td style=\"border: 1px solid #ccc !important; padding: 6px;\">Interior Dimensions (Width)<\/td>\n<td style=\"border: 1px solid #ccc !important; padding: 6px;\">mm<\/td>\n<td style=\"border: 1px solid #ccc !important; padding: 6px;\">2000<\/td>\n<td style=\"border: 1px solid #ccc !important; padding: 6px;\">2000<\/td>\n<td style=\"border: 1px solid #ccc !important; padding: 6px;\">2500<\/td>\n<td style=\"border: 1px solid #ccc !important; padding: 6px;\">2500<\/td>\n<td style=\"border: 1px solid #ccc !important; padding: 6px;\">2500<\/td>\n<\/tr>\n<tr>\n<td style=\"border: 1px solid #ccc !important; padding: 6px;\">Interior Dimensions (Depth)<\/td>\n<td style=\"border: 1px solid #ccc !important; padding: 6px;\">mm<\/td>\n<td style=\"border: 1px solid #ccc !important; padding: 6px;\">2000<\/td>\n<td style=\"border: 1px solid #ccc !important; padding: 6px;\">3000<\/td>\n<td style=\"border: 1px solid #ccc !important; padding: 6px;\">3000<\/td>\n<td style=\"border: 1px solid #ccc !important; padding: 6px;\">4000<\/td>\n<td style=\"border: 1px solid #ccc !important; padding: 6px;\">5000<\/td>\n<\/tr>\n<tr>\n<td style=\"border: 1px solid #ccc !important; padding: 6px;\">Interior Dimensions (Height)<\/td>\n<td style=\"border: 1px solid #ccc !important; padding: 6px;\">mm<\/td>\n<td style=\"border: 1px solid #ccc !important; padding: 6px;\">2000<\/td>\n<td style=\"border: 1px solid #ccc !important; padding: 6px;\">2000<\/td>\n<td style=\"border: 1px solid #ccc !important; padding: 6px;\">2250<\/td>\n<td style=\"border: 1px solid #ccc !important; padding: 6px;\">2250<\/td>\n<td style=\"border: 1px solid #ccc !important; padding: 6px;\">2250<\/td>\n<\/tr>\n<tr>\n<td style=\"border: 1px solid #ccc !important; padding: 6px;\">Exterior Dimensions (Width)<\/td>\n<td style=\"border: 1px solid #ccc !important; padding: 6px;\">mm<\/td>\n<td style=\"border: 1px solid #ccc !important; padding: 6px;\">3800<\/td>\n<td style=\"border: 1px solid #ccc !important; padding: 6px;\">3800<\/td>\n<td style=\"border: 1px solid #ccc !important; padding: 6px;\">4400<\/td>\n<td style=\"border: 1px solid #ccc !important; padding: 6px;\">4400<\/td>\n<td style=\"border: 1px solid #ccc !important; padding: 6px;\">4400<\/td>\n<\/tr>\n<tr>\n<td style=\"border: 1px solid #ccc !important; padding: 6px;\">Exterior Dimensions (Depth)<\/td>\n<td style=\"border: 1px solid #ccc !important; padding: 6px;\">mm<\/td>\n<td style=\"border: 1px solid #ccc !important; padding: 6px;\">2480<\/td>\n<td style=\"border: 1px solid #ccc !important; padding: 6px;\">3480<\/td>\n<td style=\"border: 1px solid #ccc !important; padding: 6px;\">3480<\/td>\n<td style=\"border: 1px solid #ccc !important; padding: 6px;\">4480<\/td>\n<td style=\"border: 1px solid #ccc !important; padding: 6px;\">5480<\/td>\n<\/tr>\n<tr>\n<td style=\"border: 1px solid #ccc !important; padding: 6px;\">Exterior Dimensions (Height)<\/td>\n<td style=\"border: 1px solid #ccc !important; padding: 6px;\">mm<\/td>\n<td style=\"border: 1px solid #ccc !important; padding: 6px;\">2380<\/td>\n<td style=\"border: 1px solid #ccc !important; padding: 6px;\">2380<\/td>\n<td style=\"border: 1px solid #ccc !important; padding: 6px;\">2650<\/td>\n<td style=\"border: 1px solid #ccc !important; padding: 6px;\">2650<\/td>\n<td style=\"border: 1px solid #ccc !important; padding: 6px;\">2650<\/td>\n<\/tr>\n<tr>\n<td style=\"border: 1px solid #ccc !important; padding: 6px;\">Fonte de alimenta\u00e7\u00e3o<\/td>\n<td style=\"border: 1px solid #ccc !important; padding: 6px;\" colspan=\"6\">AC380V\u00b110%, 50Hz\u00b11, 3 Phase + Neutral + PE (3\/N\/PE), Grounding resistance &lt;4\u03a9<\/td>\n<\/tr>\n<tr>\n<td style=\"border: 1px solid #ccc !important; padding: 6px;\">M\u00e9todo de arrefecimento<\/td>\n<td style=\"border: 1px solid #ccc !important; padding: 6px;\" colspan=\"6\">Water-cooled<\/td>\n<\/tr>\n<tr>\n<td style=\"border: 1px solid #ccc !important; padding: 6px;\">Normas de ensaio aplic\u00e1veis<\/td>\n<td style=\"border: 1px solid #ccc !important; padding: 6px;\" colspan=\"6\">1. GB\/T 2423.1-2008 Test A: Low Temperature Test Method<br \/>\n2. GB\/T 2423.2-2008 Test B: High Temperature Test Method<br \/>\n3. GB\/T 2423.3-2008 Test C: Damp Heat Steady State Test<br \/>\n4. GB\/T 2423.4-2008 Test D: Damp Heat Cyclic Test<br \/>\n5. GB150.3A-2009 High Temperature Test<br \/>\n6. GB150.4A-2009 Low Temperature Test<br \/>\n7. GB150.9A-2009 Damp Heat Test<br \/>\n8. GB\/T 5170.2-2008 Temperature Test Equipment<br \/>\n9. GB\/T 5170.5-2008 Humidity Test Equipment<\/td>\n<\/tr>\n<\/tbody>\n<\/table>\n<\/div>\n<p><strong>Aplica\u00e7\u00e3o<\/strong><\/p>\n<p>1. Ind\u00fastria eletr\u00f3nica e el\u00e9ctrica:<br \/>\nTestar o desempenho de componentes electr\u00f3nicos, circuitos integrados e placas de circuitos em condi\u00e7\u00f5es de alta, baixa e humidade para garantir que os produtos funcionam corretamente em v\u00e1rios ambientes.<\/p>\n<p>2. Ind\u00fastria autom\u00f3vel:<br \/>\nRealizar ensaios de ciclos t\u00e9rmicos h\u00famidos e a altas e baixas temperaturas em componentes autom\u00f3veis, tais como motores, pain\u00e9is de instrumentos, baterias, etc., para avaliar a sua fiabilidade e tempo de vida em ambientes extremos.<\/p>\n<p>3. Aeroespacial:<br \/>\nRealizar ensaios de simula\u00e7\u00e3o ambiental em componentes-chave de aeronaves e naves espaciais para garantir o seu desempenho em condi\u00e7\u00f5es de altitude elevada, temperatura e humidade extremas.<\/p>\n<p>4. Ci\u00eancia dos materiais:<br \/>\nRealizar ensaios de alta e baixa temperatura e de calor h\u00famido em novos materiais para avaliar as suas propriedades f\u00edsicas e qu\u00edmicas, como a resist\u00eancia \u00e0 tra\u00e7\u00e3o, a resist\u00eancia \u00e0 corros\u00e3o e a expans\u00e3o t\u00e9rmica.<\/p>\n<p>5. Farmac\u00eautica e Biotecnologia:<br \/>\nUtilizado para testar a estabilidade de medicamentos, simulando o ambiente de armazenamento de medicamentos em diferentes condi\u00e7\u00f5es de temperatura e humidade, garantindo a efic\u00e1cia e a seguran\u00e7a dos medicamentos dentro do seu prazo de validade.<\/p>\n<p>6. Materiais de constru\u00e7\u00e3o:<br \/>\nTestar o desempenho dos materiais de constru\u00e7\u00e3o, como o bet\u00e3o, o a\u00e7o e a madeira, em ambientes altos, baixos e h\u00famidos, para garantir a seguran\u00e7a e a durabilidade das estruturas de constru\u00e7\u00e3o em v\u00e1rias condi\u00e7\u00f5es clim\u00e1ticas.<\/p>\n<p>7. Militar e Defesa:<br \/>\nRealizar testes de simula\u00e7\u00e3o ambiental em sistemas de armas, equipamento de comunica\u00e7\u00e3o, etc., para garantir a sua fiabilidade em condi\u00e7\u00f5es de campo de batalha.<\/p>","protected":false},"author":1,"featured_media":424,"template":"","meta":{"_acf_changed":false},"product_category":[15],"class_list":["post-237","product","type-product","status-publish","has-post-thumbnail","hentry","product_category-temperature-humidity-test-series"],"acf":[],"_links":{"self":[{"href":"https:\/\/www.envsin-testchamber.com\/pt\/wp-json\/wp\/v2\/product\/237","targetHints":{"allow":["GET"]}}],"collection":[{"href":"https:\/\/www.envsin-testchamber.com\/pt\/wp-json\/wp\/v2\/product"}],"about":[{"href":"https:\/\/www.envsin-testchamber.com\/pt\/wp-json\/wp\/v2\/types\/product"}],"author":[{"embeddable":true,"href":"https:\/\/www.envsin-testchamber.com\/pt\/wp-json\/wp\/v2\/users\/1"}],"wp:featuredmedia":[{"embeddable":true,"href":"https:\/\/www.envsin-testchamber.com\/pt\/wp-json\/wp\/v2\/media\/424"}],"wp:attachment":[{"href":"https:\/\/www.envsin-testchamber.com\/pt\/wp-json\/wp\/v2\/media?parent=237"}],"wp:term":[{"taxonomy":"product_category","embeddable":true,"href":"https:\/\/www.envsin-testchamber.com\/pt\/wp-json\/wp\/v2\/product_category?post=237"}],"curies":[{"name":"wp","href":"https:\/\/api.w.org\/{rel}","templated":true}]}}