{"id":178,"date":"2026-03-20T13:47:41","date_gmt":"2026-03-20T05:47:41","guid":{"rendered":"http:\/\/www.envsin-testchamber.com\/?post_type=product&#038;p=178"},"modified":"2026-05-08T15:08:14","modified_gmt":"2026-05-08T07:08:14","slug":"rapid-temperature-change-humidity-and-vibration-comprehensive-test-chamber","status":"publish","type":"product","link":"https:\/\/www.envsin-testchamber.com\/pt\/product\/rapid-temperature-change-humidity-and-vibration-comprehensive-test-chamber\/","title":{"rendered":"C\u00e2mara de teste abrangente para mudan\u00e7as r\u00e1pidas de temperatura, humidade e vibra\u00e7\u00e3o"},"content":{"rendered":"<p><strong>Fun\u00e7\u00f5es principais:<\/strong><br \/>\n1. Mudan\u00e7as r\u00e1pidas de temperatura: capazes de atingir flutua\u00e7\u00f5es significativas de temperatura num curto per\u00edodo de tempo.<br \/>\n2. Controlo preciso: Equipado com um sistema preciso de controlo da temperatura para garantir a estabilidade e a uniformidade durante as mudan\u00e7as de temperatura.<br \/>\n3. Fun\u00e7\u00e3o de programa\u00e7\u00e3o: Podem ser predefinidas v\u00e1rias curvas de mudan\u00e7a de temperatura e programas c\u00edclicos para satisfazer diferentes necessidades de ensaio.<br \/>\n4. Registo e monitoriza\u00e7\u00e3o de dados: Equipados com sistemas avan\u00e7ados de registo e monitoriza\u00e7\u00e3o de dados, os dados relativos \u00e0s altera\u00e7\u00f5es de temperatura em tempo real s\u00e3o registados para posterior an\u00e1lise e resolu\u00e7\u00e3o de problemas.<\/p>\n<p style=\"text-align: center;\"><span style=\"font-family: arial, helvetica, sans-serif;\"><strong>Par\u00e2metros do produto<\/strong><\/span><\/p>\n<div style=\"width: 100%; overflow-x: auto; margin: 20px 0;\">\n<table style=\"width: 100%; border-collapse: collapse; border: 2px solid #003366; font-family: Arial, sans-serif;\">\n<thead>\n<tr style=\"background-color: #f0f4f9;\">\n<th style=\"border: 1px solid #003366; padding: 12px 15px; text-align: left; font-weight: bold;\">Par\u00e2metro<\/th>\n<th style=\"border: 1px solid #003366; padding: 12px 15px; text-align: left; font-weight: bold;\">Especifica\u00e7\u00e3o<\/th>\n<\/tr>\n<\/thead>\n<tbody>\n<tr>\n<td style=\"border: 1px solid #003366; padding: 10px 15px;\">Volume de ensaio<\/td>\n<td style=\"border: 1px solid #003366; padding: 10px 15px;\">3300 Liters<\/td>\n<\/tr>\n<tr>\n<td style=\"border: 1px solid #003366; padding: 10px 15px;\">Dimens\u00f5es da c\u00e2mara (L\u00d7P\u00d7A)<\/td>\n<td style=\"border: 1px solid #003366; padding: 10px 15px;\">1500 mm \u00d7 1500 mm \u00d7 1500 mm<\/td>\n<\/tr>\n<tr>\n<td style=\"border: 1px solid #003366; padding: 10px 15px;\">Dimens\u00f5es gerais (L\u00d7P\u00d7A)<\/td>\n<td style=\"border: 1px solid #003366; padding: 10px 15px;\">5000 mm \u00d7 1960 mm \u00d7 2800 mm<\/td>\n<\/tr>\n<tr>\n<td style=\"border: 1px solid #003366; padding: 10px 15px;\">Fonte de alimenta\u00e7\u00e3o<\/td>\n<td style=\"border: 1px solid #003366; padding: 10px 15px;\">AC380V \u00b110%, 50Hz \u00b11, trif\u00e1sico a 4 fios + liga\u00e7\u00e3o \u00e0 terra (3\/N\/PE),<br \/>\nresist\u00eancia de liga\u00e7\u00e3o \u00e0 terra &lt;4\u03a9<\/td>\n<\/tr>\n<tr>\n<td style=\"border: 1px solid #003366; padding: 10px 15px;\">M\u00e1x. Pot\u00eancia do sistema<\/td>\n<td style=\"border: 1px solid #003366; padding: 10px 15px;\">Approx. 123.8 kW (subject to final engineering design)<\/td>\n<\/tr>\n<tr>\n<td style=\"border: 1px solid #003366; padding: 10px 15px;\">M\u00e1x. Corrente do sistema<\/td>\n<td style=\"border: 1px solid #003366; padding: 10px 15px;\">Approx. 212.3 A (subject to final engineering design)<\/td>\n<\/tr>\n<tr>\n<td style=\"border: 1px solid #003366; padding: 10px 15px;\">M\u00e9todo de arrefecimento<\/td>\n<td style=\"border: 1px solid #003366; padding: 10px 15px;\">Tipo arrefecido a \u00e1gua<\/td>\n<\/tr>\n<tr>\n<td style=\"border: 1px solid #003366; padding: 10px 15px;\">Gama de temperaturas<\/td>\n<td style=\"border: 1px solid #003366; padding: 10px 15px;\">-72\u2103 ~ +150\u2103<\/td>\n<\/tr>\n<tr>\n<td style=\"border: 1px solid #003366; padding: 10px 15px;\">Uniformidade de temperatura<\/td>\n<td style=\"border: 1px solid #003366; padding: 10px 15px;\">\u22642\u2103<\/td>\n<\/tr>\n<tr>\n<td style=\"border: 1px solid #003366; padding: 10px 15px;\">Flutua\u00e7\u00e3o de temperatura<\/td>\n<td style=\"border: 1px solid #003366; padding: 10px 15px;\">\u00b10.5\u2103<\/td>\n<\/tr>\n<tr>\n<td style=\"border: 1px solid #003366; padding: 10px 15px;\">Desvio de temperatura<\/td>\n<td style=\"border: 1px solid #003366; padding: 10px 15px;\">\u00b12\u2103<\/td>\n<\/tr>\n<tr>\n<td style=\"border: 1px solid #003366; padding: 10px 15px;\">Taxa de aquecimento<\/td>\n<td style=\"border: 1px solid #003366; padding: 10px 15px;\">5\u2103\/min (linear within -55\u2103 ~ +125\u2103 range)<\/td>\n<\/tr>\n<tr>\n<td style=\"border: 1px solid #003366; padding: 10px 15px;\">Taxa de arrefecimento<\/td>\n<td style=\"border: 1px solid #003366; padding: 10px 15px;\">5\u2103\/min (linear within -55\u2103 ~ +125\u2103 range)<\/td>\n<\/tr>\n<tr>\n<td style=\"border: 1px solid #003366; padding: 10px 15px;\">Gama de controlo da temperatura<\/td>\n<td style=\"border: 1px solid #003366; padding: 10px 15px;\">+10\u2103 ~ +90\u2103<\/td>\n<\/tr>\n<tr>\n<td style=\"border: 1px solid #003366; padding: 10px 15px;\">Gama de humidade<\/td>\n<td style=\"border: 1px solid #003366; padding: 10px 15px;\">10%RH ~ 98%RH (\u00b13%RH)<\/td>\n<\/tr>\n<tr>\n<td style=\"border: 1px solid #003366; padding: 10px 15px;\">Humidity Uniformity<\/td>\n<td style=\"border: 1px solid #003366; padding: 10px 15px;\">\u00b15.0%RH<\/td>\n<\/tr>\n<tr>\n<td style=\"border: 1px solid #003366; padding: 10px 15px;\">Humidity Fluctuation<\/td>\n<td style=\"border: 1px solid #003366; padding: 10px 15px;\">\u00b13,0%RH<\/td>\n<\/tr>\n<tr>\n<td style=\"border: 1px solid #003366; padding: 10px 15px;\">Humidity Deviation<\/td>\n<td style=\"border: 1px solid #003366; padding: 10px 15px;\">+2% ~ -3% (&gt;75%RH)<\/td>\n<\/tr>\n<\/tbody>\n<\/table>\n<p><!-- Applicable Test Standards \u8868\u683c --><\/p>\n<table style=\"width: 100%; border-collapse: collapse; border: 2px solid #003366; font-family: Arial, sans-serif; margin-top: 20px;\">\n<tbody>\n<tr>\n<td style=\"border: 1px solid #003366; padding: 15px; width: 30%; background-color: #f0f4f9; vertical-align: top;\">\n<h3 style=\"margin: 0; font-weight: bold; text-align: center;\">Normas de ensaio aplic\u00e1veis<\/h3>\n<\/td>\n<td style=\"border: 1px solid #003366; padding: 15px; vertical-align: top; line-height: 1.8;\">\u2022 GB\/T 2423.1 \u2013 Low temperature test method<br \/>\n\u2022 GB\/T 2423.2 \u2013 High temperature test method<br \/>\n\u2022 GB\/T 2423.22 \u2013 Temperature change test method<br \/>\n\u2022 GB\/T 2423.34 \u2013 Damp heat cyclic test method<br \/>\n\u2022 GB 150.3 \u2013 High temperature test<br \/>\n\u2022 GB 150.4 \u2013 Low temperature test<br \/>\n\u2022 GB 150.9 \u2013 Damp heat test<br \/>\n\u2022 IEC60068-2 \u2013 Temperature test methods<br \/>\n\u2022 MIL-STD-202G-103B \u2013 Humidity test<br \/>\n\u2022 GB899A \u2013 Ship &amp; submarine test profiles<\/td>\n<\/tr>\n<\/tbody>\n<\/table>\n<\/div>\n<p><strong>Carater\u00edsticas do produto<\/strong><br \/>\n1. A primeira c\u00e2mara de teste de mudan\u00e7a r\u00e1pida de temperatura da ind\u00fastria tem uma taxa de mudan\u00e7a de temperatura de 3-30 \u2103 \/ min e 10-40 \u2103 \/ min<br \/>\n2. Velocidade da c\u00e2mara de teste de mudan\u00e7a r\u00e1pida de temperatura: 5 \u2103\/min a 20 \u2103\/min, ajust\u00e1vel linearmente e n\u00e3o linearmente<br \/>\n3. Ecr\u00e3 a cores, sistema de controlo de 32 bits, gest\u00e3o Ethernet E, fun\u00e7\u00e3o de acesso a dados USB, gest\u00e3o da plataforma m\u00f3vel APP<br \/>\n4. Fonte de alimenta\u00e7\u00e3o de carga program\u00e1vel com controlo de sa\u00edda ON\/OFF de 4 canais, protegendo a seguran\u00e7a do produto e do equipamento testado<br \/>\n5. Sopro de ar seco especialmente concebido para proteger a condensa\u00e7\u00e3o da superf\u00edcie da amostra de ensaio durante as r\u00e1pidas mudan\u00e7as de temperatura<br \/>\n6. A conce\u00e7\u00e3o patenteada de um sistema \u00fanico de circula\u00e7\u00e3o de ar proporciona precis\u00e3o ao produto testado<br \/>\n7. A fun\u00e7\u00e3o anti-condensa\u00e7\u00e3o e a prote\u00e7\u00e3o contra temperaturas excessivas, sem vento e fumo da amostra de ensaio independente<br \/>\n8. Conce\u00e7\u00e3o \u00fanica do modo de funcionamento, ap\u00f3s a conclus\u00e3o da experi\u00eancia, a caixa regressa \u00e0 temperatura ambiente para proteger o estado do objeto de ensaio<br \/>\n9. O controlo do fluxo de arrefecimento mais amigo do ambiente, poupan\u00e7a de energia e r\u00e1pida subida e descida da temperatura<br \/>\n10. Lembrete autom\u00e1tico do tempo de manuten\u00e7\u00e3o do equipamento do sistema de controlo e fun\u00e7\u00e3o de conce\u00e7\u00e3o de software para registos m\u00e9dicos de falhas<\/p>\n<p><strong>Cen\u00e1rios de aplica\u00e7\u00e3o<\/strong><\/p>\n<p>1. Ind\u00fastria eletr\u00f3nica e de semicondutores:<br \/>\nEnsaio de componentes electr\u00f3nicos: Avalia\u00e7\u00e3o da fiabilidade e durabilidade de componentes electr\u00f3nicos (tais como chips, condensadores, resist\u00eancias, sensores, etc.) sob r\u00e1pidas mudan\u00e7as de temperatura.<br \/>\nEnsaio de placas de circuitos impressos: Testar o desempenho e a fiabilidade das juntas de soldadura das placas de circuitos impressos (PCB) sob r\u00e1pidas mudan\u00e7as de temperatura para garantir a sua estabilidade na utiliza\u00e7\u00e3o pr\u00e1tica.<\/p>\n<p>2. Ind\u00fastria autom\u00f3vel:<br \/>\nEnsaios de componentes autom\u00f3veis: Avalia\u00e7\u00e3o da durabilidade e estabilidade de componentes autom\u00f3veis (tais como pe\u00e7as de motor, unidades de controlo eletr\u00f3nico, dispositivos de ilumina\u00e7\u00e3o, etc.) sob r\u00e1pidas mudan\u00e7as de temperatura.<br \/>\nEnsaio do ve\u00edculo: testar o desempenho do ve\u00edculo em condi\u00e7\u00f5es extremas de temperatura, avaliar a adaptabilidade e a fiabilidade do ve\u00edculo em diferentes condi\u00e7\u00f5es clim\u00e1ticas.<\/p>\n<p>3. Aeroespacial:<br \/>\nEnsaios de componentes de aeronaves: Avalia\u00e7\u00e3o do desempenho de componentes de aeronaves (como equipamento eletr\u00f3nico de bordo, sensores, materiais estruturais, etc.) sob r\u00e1pidas mudan\u00e7as de temperatura para garantir a sua fiabilidade em ambientes de altitude elevada e condi\u00e7\u00f5es meteorol\u00f3gicas extremas.<br \/>\nEnsaio de materiais de ve\u00edculos espaciais: ensaio da estabilidade e durabilidade dos materiais de ve\u00edculos espaciais sob r\u00e1pidas mudan\u00e7as de temperatura no ambiente espacial.<\/p>\n<p>4. Setor da comunica\u00e7\u00e3o:<br \/>\nTeste de equipamento de comunica\u00e7\u00e3o: Avaliar o desempenho e a fiabilidade do equipamento de comunica\u00e7\u00e3o (como routers, esta\u00e7\u00f5es de base, equipamento de fibra \u00f3tica, etc.) sob r\u00e1pidas mudan\u00e7as de temperatura, garantindo o seu funcionamento est\u00e1vel em v\u00e1rias condi\u00e7\u00f5es ambientais.<br \/>\nEnsaios de fibras \u00f3pticas e conectores: Testar a durabilidade e o desempenho da liga\u00e7\u00e3o de fibras e conectores sob r\u00e1pidas mudan\u00e7as de temperatura.<\/p>\n<p>5. Electrodom\u00e9sticos e eletr\u00f3nica de consumo:<br \/>\nEnsaios de electrodom\u00e9sticos: Avaliar o desempenho e a durabilidade dos electrodom\u00e9sticos (como frigor\u00edficos, m\u00e1quinas de lavar roupa, aparelhos de ar condicionado, etc.) sob r\u00e1pidas mudan\u00e7as de temperatura para garantir a sua estabilidade em diferentes condi\u00e7\u00f5es clim\u00e1ticas.<br \/>\nEnsaios de produtos electr\u00f3nicos de consumo: Testes de fiabilidade e durabilidade de produtos electr\u00f3nicos de consumo (como smartphones, tablets, dispositivos port\u00e1teis, etc.) sob r\u00e1pidas mudan\u00e7as de temperatura.<\/p>\n<p>6. Farmac\u00eautica e Biotecnologia:<br \/>\nTestes de estabilidade de medicamentos: Avalia\u00e7\u00e3o da estabilidade e efic\u00e1cia dos medicamentos sob r\u00e1pidas mudan\u00e7as de temperatura para garantir a sua qualidade durante o armazenamento e o transporte.<br \/>\nEnsaios de produtos biol\u00f3gicos: Testar a estabilidade e a atividade de produtos biol\u00f3gicos (tais como vacinas, reagentes de diagn\u00f3stico, etc.) sob r\u00e1pidas mudan\u00e7as de temperatura.<\/p>\n<p>7. Ci\u00eancia dos materiais:<br \/>\nInvestiga\u00e7\u00e3o de novos materiais: Avaliar as propriedades f\u00edsicas e qu\u00edmicas de novos materiais sob r\u00e1pidas mudan\u00e7as de temperatura para garantir a sua estabilidade em aplica\u00e7\u00f5es pr\u00e1ticas.<br \/>\nEnsaios de materiais comp\u00f3sitos: testar a resist\u00eancia e a durabilidade de materiais comp\u00f3sitos sob r\u00e1pidas mudan\u00e7as de temperatura e avaliar a sua fiabilidade em v\u00e1rias aplica\u00e7\u00f5es de engenharia.<\/p>","protected":false},"author":1,"featured_media":789,"template":"","meta":{"_acf_changed":false},"product_category":[6],"class_list":["post-178","product","type-product","status-publish","has-post-thumbnail","hentry","product_category-environmental-stress-screening-ess-series"],"acf":[],"_links":{"self":[{"href":"https:\/\/www.envsin-testchamber.com\/pt\/wp-json\/wp\/v2\/product\/178","targetHints":{"allow":["GET"]}}],"collection":[{"href":"https:\/\/www.envsin-testchamber.com\/pt\/wp-json\/wp\/v2\/product"}],"about":[{"href":"https:\/\/www.envsin-testchamber.com\/pt\/wp-json\/wp\/v2\/types\/product"}],"author":[{"embeddable":true,"href":"https:\/\/www.envsin-testchamber.com\/pt\/wp-json\/wp\/v2\/users\/1"}],"wp:featuredmedia":[{"embeddable":true,"href":"https:\/\/www.envsin-testchamber.com\/pt\/wp-json\/wp\/v2\/media\/789"}],"wp:attachment":[{"href":"https:\/\/www.envsin-testchamber.com\/pt\/wp-json\/wp\/v2\/media?parent=178"}],"wp:term":[{"taxonomy":"product_category","embeddable":true,"href":"https:\/\/www.envsin-testchamber.com\/pt\/wp-json\/wp\/v2\/product_category?post=178"}],"curies":[{"name":"wp","href":"https:\/\/api.w.org\/{rel}","templated":true}]}}