{"id":176,"date":"2026-03-20T13:41:17","date_gmt":"2026-03-20T05:41:17","guid":{"rendered":"http:\/\/www.envsin-testchamber.com\/?post_type=product&#038;p=176"},"modified":"2026-05-08T15:02:07","modified_gmt":"2026-05-08T07:02:07","slug":"high-and-low-temperature-three-zone-thermal-shock-test-chamber","status":"publish","type":"product","link":"https:\/\/www.envsin-testchamber.com\/pt\/product\/high-and-low-temperature-three-zone-thermal-shock-test-chamber\/","title":{"rendered":"C\u00e2mara de teste de choque t\u00e9rmico de tr\u00eas zonas | M\u00e9todos MIL-STD"},"content":{"rendered":"<p><strong>Fun\u00e7\u00f5es principais:<\/strong><br \/>\nConvers\u00e3o r\u00e1pida de temperatura: Pode alcan\u00e7ar uma convers\u00e3o r\u00e1pida entre temperaturas altas e baixas num curto per\u00edodo de tempo, normalmente conclu\u00edda em poucos segundos.<br \/>\nControlo preciso: Com um controlo preciso da temperatura e uma distribui\u00e7\u00e3o uniforme da temperatura, garante a precis\u00e3o e a repetibilidade dos resultados dos testes.<br \/>\nFiabilidade e durabilidade: Concebido para ser robusto e capaz de suportar testes de choque a frio e a quente de alta intensidade durante muito tempo, garantindo o funcionamento est\u00e1vel do equipamento a longo prazo.<br \/>\nTestes multi-funcionais: Podem ser efectuados v\u00e1rios ensaios, incluindo ensaios de choque t\u00e9rmico, choque a frio e ensaios cont\u00ednuos de ciclo quente e frio, adequados \u00e0s necessidades de ensaio de v\u00e1rios materiais e produtos.<\/p>\n<p style=\"text-align: center;\"><span style=\"font-family: arial, helvetica, sans-serif;\"><strong>Par\u00e2metros do produto<\/strong><\/span><\/p>\n<table style=\"width: 100%; border-collapse: collapse; border: 1px solid #000; font-family: Arial, sans-serif;\">\n<tbody>\n<tr style=\"background-color: #f0f4f9;\">\n<th style=\"border: 1px solid #000; padding: 10px; text-align: left; font-weight: bold;\">Volume de ensaio<\/th>\n<td style=\"border: 1px solid #000; padding: 10px;\">500 litros<\/td>\n<\/tr>\n<tr style=\"background-color: #ffffff;\">\n<th style=\"border: 1px solid #000; padding: 10px; text-align: left; font-weight: bold;\">Dimens\u00f5es da c\u00e2mara (L\u00d7P\u00d7A)<\/th>\n<td style=\"border: 1px solid #000; padding: 10px;\">900mm \u00d7 800mm \u00d7 700mm<\/td>\n<\/tr>\n<tr style=\"background-color: #f0f4f9;\">\n<th style=\"border: 1px solid #000; padding: 10px; text-align: left; font-weight: bold;\">Overall External Dimensions (W\u00d7D\u00d7H)<\/th>\n<td style=\"border: 1px solid #000; padding: 10px;\">Approx. 1950mm \u00d7 2350mm \u00d7 2400mm<br \/>\n(Excluindo pe\u00e7as salientes; conce\u00e7\u00e3o final sujeita a valida\u00e7\u00e3o de engenharia)<\/td>\n<\/tr>\n<tr style=\"background-color: #ffffff;\">\n<th style=\"border: 1px solid #000; padding: 10px; text-align: left; font-weight: bold;\">Fonte de alimenta\u00e7\u00e3o<\/th>\n<td style=\"border: 1px solid #000; padding: 10px;\">AC380V \u00b110%, 50Hz \u00b11, trif\u00e1sico a 4 fios + liga\u00e7\u00e3o \u00e0 terra (3\/N\/PE), resist\u00eancia de liga\u00e7\u00e3o \u00e0 terra &lt;4\u03a9<\/td>\n<\/tr>\n<tr style=\"background-color: #f0f4f9;\">\n<th style=\"border: 1px solid #000; padding: 10px; text-align: left; font-weight: bold;\">M\u00e1x. Pot\u00eancia do sistema<\/th>\n<td style=\"border: 1px solid #000; padding: 10px;\">Approx. 75.5 kW (subject to final engineering design)<\/td>\n<\/tr>\n<tr style=\"background-color: #ffffff;\">\n<th style=\"border: 1px solid #000; padding: 10px; text-align: left; font-weight: bold;\">M\u00e1x. Corrente do sistema<\/th>\n<td style=\"border: 1px solid #000; padding: 10px;\">Approx. 123.3 A (subject to final engineering design)<\/td>\n<\/tr>\n<tr style=\"background-color: #f0f4f9;\">\n<th style=\"border: 1px solid #000; padding: 10px; text-align: left; font-weight: bold;\">M\u00e9todo de arrefecimento<\/th>\n<td style=\"border: 1px solid #000; padding: 10px;\">Tipo arrefecido a \u00e1gua (unidade de refrigera\u00e7\u00e3o)<\/td>\n<\/tr>\n<tr style=\"background-color: #ffffff;\">\n<th style=\"border: 1px solid #000; padding: 10px; text-align: left; font-weight: bold;\">Estrutura do sistema<\/th>\n<td style=\"border: 1px solid #000; padding: 10px;\">Fixed independent test zone, pre-heating zone, and pre-cooling zone (three-zone configuration)<\/td>\n<\/tr>\n<tr style=\"background-color: #f0f4f9;\">\n<th style=\"border: 1px solid #000; padding: 10px; text-align: left; font-weight: bold;\">Fonte de ar comprimido<\/th>\n<td style=\"border: 1px solid #000; padding: 10px;\">Press\u00e3o de alimenta\u00e7\u00e3o de ar comprimido: 0,6 MPa ~ 0,7 MPa;<br \/>\nTeor de humidade do ar comprimido para utiliza\u00e7\u00e3o pneum\u00e1tica: \u226430g\/m\u00b3;<br \/>\nTeor de humidade do ar comprimido para utiliza\u00e7\u00e3o com ar seco: \u22641,5 g\/m\u00b3 (opcional)<\/td>\n<\/tr>\n<tr style=\"background-color: #ffffff;\">\n<th style=\"border: 1px solid #000; padding: 10px; text-align: left; font-weight: bold;\">Par\u00e2metros do ensaio de choque t\u00e9rmico da c\u00e2mara<\/th>\n<td style=\"border: 1px solid #000; padding: 10px;\">Low temperature shock range: -65\u2103 ~ -10\u2103<br \/>\nFaixa de choque de alta temperatura: +60\u2103 ~ +150\u2103<\/td>\n<\/tr>\n<tr style=\"background-color: #f0f4f9;\">\n<th style=\"border: 1px solid #000; padding: 10px; text-align: left; font-weight: bold;\"><\/th>\n<td style=\"border: 1px solid #000; padding: 10px;\">Uniformidade da temperatura: \u22642\u2103<br \/>\nFlutua\u00e7\u00e3o de temperatura: \u00b10.5\u2103<\/td>\n<\/tr>\n<tr style=\"background-color: #ffffff;\">\n<th style=\"border: 1px solid #000; padding: 10px; text-align: left; font-weight: bold;\">Defini\u00e7\u00f5es da zona de pr\u00e9-aquecimento<\/th>\n<td style=\"border: 1px solid #000; padding: 10px;\">Desvio de temperatura: \u00b12\u2103<br \/>\nFaixa de ajuste de temperatura: +50\u2103 ~ +200\u2103<br \/>\n(Heat-up time: ambient \u2192 +200\u2103 approx. 50 min)<\/td>\n<\/tr>\n<tr style=\"background-color: #f0f4f9;\">\n<th style=\"border: 1px solid #000; padding: 10px; text-align: left; font-weight: bold;\">Defini\u00e7\u00f5es da zona de pr\u00e9-arrefecimento<\/th>\n<td style=\"border: 1px solid #000; padding: 10px;\">Faixa de ajuste de temperatura: -80\u2103 ~ +70\u2103<br \/>\n(Tempo de arrefecimento: ambiente \u2192 -80\u2103 aprox. 80 min)<\/td>\n<\/tr>\n<tr style=\"background-color: #ffffff;\">\n<th style=\"border: 1px solid #000; padding: 10px; text-align: left; font-weight: bold;\">Tempo de recupera\u00e7\u00e3o da temperatura<\/th>\n<td style=\"border: 1px solid #000; padding: 10px;\">\u22645 min (medido \u00e0 sa\u00edda de ar)<\/td>\n<\/tr>\n<tr style=\"background-color: #f0f4f9;\">\n<th style=\"border: 1px solid #000; padding: 10px; text-align: left; font-weight: bold;\">Normas de ensaio aplic\u00e1veis<\/th>\n<td style=\"border: 1px solid #000; padding: 10px;\">\n<ul style=\"margin: 0; padding-left: 20px; list-style-type: disc;\">\n<li>GJB 150.5-1986<\/li>\n<li>MIL STD 883H<\/li>\n<li>MIL STD 202G<\/li>\n<li>IEC 60068-2-14<\/li>\n<li>JIS C 60068-2-14<\/li>\n<li>JASO D 014-4<\/li>\n<li>EIA JED-2531A<\/li>\n<\/ul>\n<\/td>\n<\/tr>\n<\/tbody>\n<\/table>\n<p><strong>Carater\u00edsticas do produto<\/strong><br \/>\n1. Design moderno, tecnologia de fabrico modular mais recente, capacidade de controlo perfeita.<br \/>\n2. A c\u00e2mara de ensaio deve ser descongelada uma vez ap\u00f3s um ciclo de 700 horas ou mais.<br \/>\n3. A conce\u00e7\u00e3o patenteada foi pioneira na utiliza\u00e7\u00e3o de janelas de observa\u00e7\u00e3o para obter efeitos visuais na medi\u00e7\u00e3o de objectos.<br \/>\n4. O sistema de controlo de 32 bits com ecr\u00e3 a cores \u00e9 gerido atrav\u00e9s de Ethernet e tem uma fun\u00e7\u00e3o de acesso a dados USB.<br \/>\n5. Fonte de alimenta\u00e7\u00e3o de carga program\u00e1vel com controlo de sa\u00edda ON\/OFF de 4 canais, protegendo a seguran\u00e7a do produto e do equipamento testado.<br \/>\n6. A fun\u00e7\u00e3o anti-condensa\u00e7\u00e3o e a fun\u00e7\u00e3o de prote\u00e7\u00e3o contra o excesso de temperatura, sem vento e fumo da amostra de teste independente.<br \/>\n7. Pode expandir a fun\u00e7\u00e3o de monitoriza\u00e7\u00e3o de v\u00eddeo em rede e sincronizar com o teste de dados.<br \/>\n8. Gest\u00e3o escal\u00e1vel da integra\u00e7\u00e3o m\u00f3vel APP.<br \/>\n9. O controlo do fluxo de arrefecimento mais amigo do ambiente, poupan\u00e7a de energia e r\u00e1pida subida e descida da temperatura<br \/>\n10. Design \u00fanico do modo de funcionamento, a caixa volta \u00e0 temperatura ambiente ap\u00f3s a experi\u00eancia para proteger o estado do objeto de teste.<br \/>\n11. Lembrete autom\u00e1tico do tempo de manuten\u00e7\u00e3o do equipamento do sistema de controlo e fun\u00e7\u00e3o de conce\u00e7\u00e3o de software para registos m\u00e9dicos de falhas.<br \/>\n12. O dispositivo pode expandir as fun\u00e7\u00f5es de servi\u00e7o remoto e fornecer CDs de ensino para a utiliza\u00e7\u00e3o da m\u00e1quina.<\/p>\n<p><strong>Cen\u00e1rios de aplica\u00e7\u00e3o<\/strong><\/p>\n<p>1. Ind\u00fastria eletr\u00f3nica e el\u00e9ctrica:<br \/>\nComponentes electr\u00f3nicos: Testar o desempenho de chips, condensadores, resist\u00eancias, d\u00edodos, etc. sob r\u00e1pidas mudan\u00e7as de temperatura para garantir que podem suportar mudan\u00e7as bruscas de temperatura na utiliza\u00e7\u00e3o pr\u00e1tica.<br \/>\nPlaca de circuitos: Avaliar a tens\u00e3o t\u00e9rmica e mec\u00e2nica das placas de circuitos impressos (PCB) sob choques frios e quentes e detetar a fiabilidade das juntas de soldadura e dos conectores.<br \/>\nProdutos electr\u00f3nicos de consumo: Realizar ensaios de choque t\u00e9rmico em telem\u00f3veis, computadores, c\u00e2maras, etc., para garantir o seu funcionamento normal sob diferentes temperaturas ambientais.<\/p>\n<p>2. Ind\u00fastria autom\u00f3vel:<br \/>\nEletr\u00f3nica autom\u00f3vel: Testar o desempenho de dispositivos electr\u00f3nicos, como computadores de bordo, sensores e ecr\u00e3s, sob r\u00e1pidas mudan\u00e7as de temperatura para garantir a sua fiabilidade em diferentes condi\u00e7\u00f5es clim\u00e1ticas.<br \/>\nComponentes autom\u00f3veis: Efetuar ensaios de choque t\u00e9rmico em componentes do motor, far\u00f3is, painel de instrumentos, etc., para avaliar a sua durabilidade e estabilidade sob mudan\u00e7as de temperatura extremas.<\/p>\n<p>3. Aeroespacial:<br \/>\nComponentes do ve\u00edculo espacial: Testar a resist\u00eancia ao choque t\u00e9rmico dos componentes internos e externos do ve\u00edculo espacial em condi\u00e7\u00f5es simuladas de ambiente espacial.<br \/>\nEquipamento eletr\u00f3nico da avia\u00e7\u00e3o: Avaliar a fiabilidade dos sistemas electr\u00f3nicos das aeronaves em mudan\u00e7as de temperatura a grande altitude para garantir a seguran\u00e7a dos voos.<\/p>\n<p>4. Ci\u00eancia dos materiais:<br \/>\nInvestiga\u00e7\u00e3o de novos materiais: Ensaio das propriedades f\u00edsicas e qu\u00edmicas dos materiais sob r\u00e1pidas mudan\u00e7as de temperatura, como o coeficiente de expans\u00e3o t\u00e9rmica, a resist\u00eancia a fissuras, etc.<br \/>\nMateriais comp\u00f3sitos: Avaliar a resist\u00eancia da liga\u00e7\u00e3o interfacial e a durabilidade dos materiais comp\u00f3sitos em condi\u00e7\u00f5es de choque t\u00e9rmico.<\/p>\n<p>5. Setor das comunica\u00e7\u00f5es:<br \/>\nEquipamento de comunica\u00e7\u00e3o: Testar o desempenho das esta\u00e7\u00f5es de base, routers, switches, etc. em diferentes condi\u00e7\u00f5es de temperatura para garantir o funcionamento est\u00e1vel do equipamento de comunica\u00e7\u00e3o em v\u00e1rias condi\u00e7\u00f5es clim\u00e1ticas.<br \/>\nComponentes de fibra \u00f3tica: Avaliar o desempenho de fibras \u00f3pticas e amplificadores de fibra em flutua\u00e7\u00f5es de temperatura para garantir a qualidade da comunica\u00e7\u00e3o.<\/p>\n<p>6. Farmac\u00eautica e Biotecnologia:<br \/>\nEstabilidade dos medicamentos: Realizar testes de choque t\u00e9rmico em medicamentos para avaliar o impacto das altera\u00e7\u00f5es de temperatura que podem sofrer durante o transporte e armazenamento na sua efic\u00e1cia.<br \/>\nProdutos biol\u00f3gicos: testar a estabilidade e a efic\u00e1cia de vacinas e reagentes em diferentes condi\u00e7\u00f5es de temperatura.<\/p>\n<p>7. Militar e Defesa:<br \/>\nSistema de armas: Testar o desempenho de equipamento militar, como m\u00edsseis e radares, em mudan\u00e7as de temperatura extremas para garantir a sua fiabilidade em v\u00e1rios ambientes de campo de batalha.<br \/>\nEquipamento eletr\u00f3nico militar: Avaliar a estabilidade do equipamento de comunica\u00e7\u00e3o, sistemas de navega\u00e7\u00e3o, etc., em caso de mudan\u00e7as r\u00e1pidas de temperatura.<\/p>","protected":false},"author":1,"featured_media":786,"template":"","meta":{"_acf_changed":false},"product_category":[6,20],"class_list":["post-176","product","type-product","status-publish","has-post-thumbnail","hentry","product_category-environmental-stress-screening-ess-series","product_category-popular-products"],"acf":[],"_links":{"self":[{"href":"https:\/\/www.envsin-testchamber.com\/pt\/wp-json\/wp\/v2\/product\/176","targetHints":{"allow":["GET"]}}],"collection":[{"href":"https:\/\/www.envsin-testchamber.com\/pt\/wp-json\/wp\/v2\/product"}],"about":[{"href":"https:\/\/www.envsin-testchamber.com\/pt\/wp-json\/wp\/v2\/types\/product"}],"author":[{"embeddable":true,"href":"https:\/\/www.envsin-testchamber.com\/pt\/wp-json\/wp\/v2\/users\/1"}],"wp:featuredmedia":[{"embeddable":true,"href":"https:\/\/www.envsin-testchamber.com\/pt\/wp-json\/wp\/v2\/media\/786"}],"wp:attachment":[{"href":"https:\/\/www.envsin-testchamber.com\/pt\/wp-json\/wp\/v2\/media?parent=176"}],"wp:term":[{"taxonomy":"product_category","embeddable":true,"href":"https:\/\/www.envsin-testchamber.com\/pt\/wp-json\/wp\/v2\/product_category?post=176"}],"curies":[{"name":"wp","href":"https:\/\/api.w.org\/{rel}","templated":true}]}}