{"id":165,"date":"2026-03-20T11:09:07","date_gmt":"2026-03-20T03:09:07","guid":{"rendered":"http:\/\/www.envsin-testchamber.com\/?post_type=product&#038;p=165"},"modified":"2026-05-08T15:05:10","modified_gmt":"2026-05-08T07:05:10","slug":"high-temperature-aging-test-chamber","status":"publish","type":"product","link":"https:\/\/www.envsin-testchamber.com\/pt\/product\/high-temperature-aging-test-chamber\/","title":{"rendered":"C\u00e2mara de ensaio de envelhecimento a alta temperatura"},"content":{"rendered":"<p style=\"text-align: center;\"><strong><span style=\"font-family: arial, helvetica, sans-serif;\">Par\u00e2metros do produto<\/span><\/strong><\/p>\n<table style=\"width: 100%; border-collapse: collapse; border: 2px solid #333; font-family: Arial, sans-serif;\">\n<thead>\n<tr>\n<th style=\"border: 1px solid #333; background-color: #6699cc; color: #fff; padding: 8px; text-align: left;\">C\u00e2maras de envelhecimento<\/th>\n<th style=\"border: 1px solid #333; background-color: #6699cc; color: #fff; padding: 8px; text-align: center;\">EWG2003<\/th>\n<th style=\"border: 1px solid #333; background-color: #6699cc; color: #fff; padding: 8px; text-align: center;\">EWG3003<\/th>\n<th style=\"border: 1px solid #333; background-color: #6699cc; color: #fff; padding: 8px; text-align: center;\">EWG2010<\/th>\n<th style=\"border: 1px solid #333; background-color: #6699cc; color: #fff; padding: 8px; text-align: center;\">EWG3010<\/th>\n<\/tr>\n<\/thead>\n<tbody>\n<tr>\n<td style=\"border: 1px solid #333; padding: 8px; background-color: #f0f0f0;\">Volume do espa\u00e7o de ensaio (L)<\/td>\n<td style=\"border: 1px solid #333; padding: 8px; text-align: center;\" colspan=\"2\">270<\/td>\n<td style=\"border: 1px solid #333; padding: 8px; text-align: center;\" colspan=\"2\">1000<\/td>\n<\/tr>\n<tr>\n<td style=\"border: 1px solid #333; padding: 8px; background-color: #f0f0f0;\">Temp. (\u00b0C)<\/td>\n<td style=\"border: 1px solid #333; padding: 8px; text-align: center;\">R. T+20~200<\/td>\n<td style=\"border: 1px solid #333; padding: 8px; text-align: center;\">R. T+20~300<\/td>\n<td style=\"border: 1px solid #333; padding: 8px; text-align: center;\">R. T+20~200<\/td>\n<td style=\"border: 1px solid #333; padding: 8px; text-align: center;\">R. T+20~300<\/td>\n<\/tr>\n<tr>\n<td style=\"border: 1px solid #333; padding: 8px; background-color: #f0f0f0;\">Temp. Const\u00e2ncia de temperatura (\u00b0C)<\/td>\n<td style=\"border: 1px solid #333; padding: 8px; text-align: center;\" colspan=\"4\">\u00b10. 1~\u00b10. 8<\/td>\n<\/tr>\n<tr>\n<td style=\"border: 1px solid #333; padding: 8px; background-color: #f0f0f0;\">Temp. Homogeneidade (\u00b0C)<\/td>\n<td style=\"border: 1px solid #333; padding: 8px; text-align: center;\" colspan=\"4\">\u00b10. 5~\u00b12. 0 (RT+20\u00b0C~+200\u00b0C) , \u00b11. 5~\u00b13. 5 (200\u00b0C~+300\u00b0C)<\/td>\n<\/tr>\n<tr>\n<td style=\"border: 1px solid #333; padding: 8px; background-color: #f0f0f0;\">Temp. Desvio (\u00b0C)<\/td>\n<td style=\"border: 1px solid #333; padding: 8px; text-align: center;\" colspan=\"4\">\u00b10. 5~\u00b12. 0 (RT+20\u00b0C~+200\u00b0C) , \u00b10. 5~\u00b12. 0 (200t~+300\u00b0C)<\/td>\n<\/tr>\n<tr>\n<td style=\"border: 1px solid #333; padding: 8px; background-color: #f0f0f0;\">Tempo de aquecimento (min)<\/td>\n<td style=\"border: 1px solid #333; padding: 8px; text-align: center;\" colspan=\"4\">50 (RT\u2192+200\u00b0C) , 90 (RT\u2192+300\u00b0C)<\/td>\n<\/tr>\n<tr>\n<td style=\"border: 1px solid #333; padding: 8px; background-color: #f0f0f0;\">Dimens\u00e3o do espa\u00e7o de ensaio (mm)<\/td>\n<td style=\"border: 1px solid #333; padding: 8px; text-align: center;\" colspan=\"2\">600Wx500Dx900H<\/td>\n<td style=\"border: 1px solid #333; padding: 8px; text-align: center;\" colspan=\"2\">850Wx700Dx1000H<\/td>\n<\/tr>\n<tr>\n<td style=\"border: 1px solid #333; padding: 8px; background-color: #f0f0f0;\">Dimens\u00e3o externa (mm)<\/td>\n<td style=\"border: 1px solid #333; padding: 8px; text-align: center;\" colspan=\"2\">1000Wx780Dx1710H<\/td>\n<td style=\"border: 1px solid #333; padding: 8px; text-align: center;\" colspan=\"2\">1250Wx980Dx1850H<\/td>\n<\/tr>\n<tr>\n<td style=\"border: 1px solid #333; padding: 8px; background-color: #fff2cc;\">Pot\u00eancia<\/td>\n<td style=\"border: 1px solid #333; padding: 8px; text-align: center; background-color: #fff2cc;\" colspan=\"4\">AC380V\u00b110%, 50HZ, 3\/N\/PE<\/td>\n<\/tr>\n<tr>\n<th style=\"border: 1px solid #333; background-color: #6699cc; color: #fff; padding: 8px; text-align: left;\">Salas de envelhecimento<\/th>\n<th style=\"border: 1px solid #333; background-color: #6699cc; color: #fff; padding: 8px; text-align: center;\">EWG25<\/th>\n<th style=\"border: 1px solid #333; background-color: #6699cc; color: #fff; padding: 8px; text-align: center;\">EWG45<\/th>\n<th style=\"border: 1px solid #333; background-color: #6699cc; color: #fff; padding: 8px; text-align: center;\">EWG100<\/th>\n<th style=\"border: 1px solid #333; background-color: #6699cc; color: #fff; padding: 8px; text-align: center;\">EWG120<\/th>\n<\/tr>\n<tr>\n<td style=\"border: 1px solid #333; padding: 8px; background-color: #f0f0f0;\">Volume do espa\u00e7o de ensaio (m3)<\/td>\n<td style=\"border: 1px solid #333; padding: 8px; text-align: center;\">25<\/td>\n<td style=\"border: 1px solid #333; padding: 8px; text-align: center;\">45<\/td>\n<td style=\"border: 1px solid #333; padding: 8px; text-align: center;\">100<\/td>\n<td style=\"border: 1px solid #333; padding: 8px; text-align: center;\">120<\/td>\n<\/tr>\n<tr>\n<td style=\"border: 1px solid #333; padding: 8px; background-color: #f0f0f0;\">Temp. (\u00b0C)<\/td>\n<td style=\"border: 1px solid #333; padding: 8px; text-align: center;\" colspan=\"4\">RT+10~85<\/td>\n<\/tr>\n<tr>\n<td style=\"border: 1px solid #333; padding: 8px; background-color: #f0f0f0;\">Temp. Const\u00e2ncia de temperatura (\u00b0C )<\/td>\n<td style=\"border: 1px solid #333; padding: 8px; text-align: center;\" colspan=\"4\">\u00b10. 5~\u00b11. 0<\/td>\n<\/tr>\n<tr>\n<td style=\"border: 1px solid #333; padding: 8px; background-color: #f0f0f0;\">Temp. Homogeneidade (\u00b0C)<\/td>\n<td style=\"border: 1px solid #333; padding: 8px; text-align: center;\" colspan=\"4\">\u00b11. 5~\u00b13. 0<\/td>\n<\/tr>\n<tr>\n<td style=\"border: 1px solid #333; padding: 8px; background-color: #f0f0f0;\">Temp. Desvio (\u00b0C)<\/td>\n<td style=\"border: 1px solid #333; padding: 8px; text-align: center;\" colspan=\"4\">\u00b11. 5~\u00b13. 0<\/td>\n<\/tr>\n<tr>\n<td style=\"border: 1px solid #333; padding: 8px; background-color: #f0f0f0;\">Taxa de aquecimento (\u00b0C\/min)<\/td>\n<td style=\"border: 1px solid #333; padding: 8px; text-align: center;\" colspan=\"4\">2\u00b0C\/min em m\u00e9dia<\/td>\n<\/tr>\n<tr>\n<td style=\"border: 1px solid #333; padding: 8px; background-color: #fff2cc;\">Pot\u00eancia<\/td>\n<td style=\"border: 1px solid #333; padding: 8px; text-align: center; background-color: #fff2cc;\" colspan=\"4\">AC380V\u00b110%, 50HZ, 3\/N\/PE<\/td>\n<\/tr>\n<\/tbody>\n<\/table>\n<p>&nbsp;<\/p>\n<p><strong>Carater\u00edsticas principais:<\/strong><br \/>\nControlo preciso da temperatura: A c\u00e2mara fornece temperaturas elevadas consistentes, normalmente superiores a 100 \u00b0 C, e possui capacidades avan\u00e7adas de regula\u00e7\u00e3o da temperatura para uma simula\u00e7\u00e3o precisa.<br \/>\nAmbiente est\u00e1vel e uniforme: Assegura que a temperatura \u00e9 distribu\u00edda uniformemente por toda a \u00e1rea de teste, proporcionando resultados fi\u00e1veis e reprodut\u00edveis.<br \/>\nMecanismos de seguran\u00e7a avan\u00e7ados: incluindo fun\u00e7\u00f5es incorporadas, tais como prote\u00e7\u00e3o contra temperaturas excessivas, alarmes e mecanismos de seguran\u00e7a contra falhas para garantir um funcionamento seguro.<br \/>\nEfici\u00eancia energ\u00e9tica: tem por objetivo minimizar o consumo de energia, mantendo as condi\u00e7\u00f5es de temperatura exigidas.<br \/>\nSistema de controlo program\u00e1vel: permite aos utilizadores definir dura\u00e7\u00f5es de teste espec\u00edficas, intervalos de temperatura e outros par\u00e2metros, conforme necess\u00e1rio.<\/p>\n<p><strong>Aplica\u00e7\u00e3o:<\/strong><br \/>\nEnsaio de envelhecimento de materiais: utilizado para testar o desempenho do envelhecimento de borracha, pl\u00e1stico, revestimentos e outros materiais que podem degradar-se com o tempo devido ao calor.<br \/>\nEnsaios electr\u00f3nicos: podem ser utilizados para testar o desempenho de componentes e dispositivos electr\u00f3nicos, assegurando que podem suportar o calor de ambientes de funcionamento reais.<br \/>\nInd\u00fastria autom\u00f3vel: Ajudar a avaliar a durabilidade a longo prazo de componentes autom\u00f3veis (tais como vedantes, juntas e materiais interiores) em condi\u00e7\u00f5es de temperatura elevada.<br \/>\nTeste de baterias: Avalia\u00e7\u00e3o da estabilidade e do tempo de vida das baterias, especialmente das baterias de ve\u00edculos el\u00e9ctricos, atrav\u00e9s da simula\u00e7\u00e3o de uma exposi\u00e7\u00e3o prolongada a temperaturas elevadas.<br \/>\nProdutos electr\u00f3nicos de consumo: utilizados para testar a elasticidade t\u00e9rmica de smartphones, computadores port\u00e1teis e outros produtos electr\u00f3nicos de consumo que podem ser expostos a temperaturas elevadas durante a utiliza\u00e7\u00e3o.<br \/>\nAeroespacial e Defesa: Assegurar que os componentes cumprem as rigorosas normas de desempenho a altas temperaturas utilizadas em aeronaves, naves espaciais e equipamento de defesa.<\/p>","protected":false},"author":1,"featured_media":788,"template":"","meta":{"_acf_changed":false},"product_category":[5,20],"class_list":["post-165","product","type-product","status-publish","has-post-thumbnail","hentry","product_category-high-temperature-aging-test-series","product_category-popular-products"],"acf":[],"_links":{"self":[{"href":"https:\/\/www.envsin-testchamber.com\/pt\/wp-json\/wp\/v2\/product\/165","targetHints":{"allow":["GET"]}}],"collection":[{"href":"https:\/\/www.envsin-testchamber.com\/pt\/wp-json\/wp\/v2\/product"}],"about":[{"href":"https:\/\/www.envsin-testchamber.com\/pt\/wp-json\/wp\/v2\/types\/product"}],"author":[{"embeddable":true,"href":"https:\/\/www.envsin-testchamber.com\/pt\/wp-json\/wp\/v2\/users\/1"}],"wp:featuredmedia":[{"embeddable":true,"href":"https:\/\/www.envsin-testchamber.com\/pt\/wp-json\/wp\/v2\/media\/788"}],"wp:attachment":[{"href":"https:\/\/www.envsin-testchamber.com\/pt\/wp-json\/wp\/v2\/media?parent=165"}],"wp:term":[{"taxonomy":"product_category","embeddable":true,"href":"https:\/\/www.envsin-testchamber.com\/pt\/wp-json\/wp\/v2\/product_category?post=165"}],"curies":[{"name":"wp","href":"https:\/\/api.w.org\/{rel}","templated":true}]}}