{"id":583,"date":"2026-04-03T21:52:18","date_gmt":"2026-04-03T13:52:18","guid":{"rendered":"https:\/\/www.envsin-testchamber.com\/?page_id=583"},"modified":"2026-04-03T22:21:29","modified_gmt":"2026-04-03T14:21:29","slug":"privacy-policy","status":"publish","type":"page","link":"https:\/\/www.envsin-testchamber.com\/pt\/privacy-policy\/","title":{"rendered":"Pol\u00edtica de privacidade"},"content":{"rendered":"<p style=\"text-align: center;\"><strong>Pol\u00edtica de privacidade <\/strong><\/p>\n<p>Na Envsin, estamos empenhados em proteger a privacidade e a seguran\u00e7a de todas as informa\u00e7\u00f5es pessoais e comerciais que partilha connosco.<\/p>\n<p>1. Informa\u00e7\u00f5es que recolhemos<br \/>\nPodemos recolher as seguintes informa\u00e7\u00f5es quando o utilizador nos contacta, envia pedidos de informa\u00e7\u00e3o, solicita or\u00e7amentos ou faz encomendas:<br \/>\n- Nome da empresa, nome da pessoa de contacto, cargo<br \/>\n- Endere\u00e7o de correio eletr\u00f3nico, n\u00famero de telefone<br \/>\nDados de contacto WhatsApp \/ LinkedIn<br \/>\n- Endere\u00e7o de envio, endere\u00e7o de fatura\u00e7\u00e3o e informa\u00e7\u00f5es comerciais conexas<br \/>\n- Dados de acesso ao s\u00edtio Web, como o endere\u00e7o IP, o tipo de browser e as p\u00e1ginas de navega\u00e7\u00e3o<\/p>\n<p>2. Como utilizamos as suas informa\u00e7\u00f5es<br \/>\nTodos os dados recolhidos ser\u00e3o utilizados apenas para fins comerciais leg\u00edtimos:<br \/>\n- Responder ao seu pedido de informa\u00e7\u00e3o sobre o produto e prestar apoio t\u00e9cnico<br \/>\n- Enviar or\u00e7amentos, especifica\u00e7\u00f5es do produto e informa\u00e7\u00f5es sobre o servi\u00e7o p\u00f3s-venda<br \/>\n- Processar a organiza\u00e7\u00e3o das encomendas, a organiza\u00e7\u00e3o da produ\u00e7\u00e3o e a organiza\u00e7\u00e3o da expedi\u00e7\u00e3o<br \/>\n- Melhorar o conte\u00fado do nosso s\u00edtio Web, a qualidade dos produtos e o servi\u00e7o ao cliente<br \/>\n- Cumprir os requisitos legais e regulamentares aplic\u00e1veis<\/p>\n<p>3. Partilha de informa\u00e7\u00f5es<br \/>\nNunca venderemos, alugaremos ou partilharemos as suas informa\u00e7\u00f5es pessoais ou comerciais com terceiros irrelevantes.<br \/>\nOs seus dados s\u00f3 podem ser partilhados com parceiros autorizados para o cumprimento de encomendas, tais como empresas de log\u00edstica, agentes de expedi\u00e7\u00e3o e prestadores de servi\u00e7os de pagamento, e estes tamb\u00e9m s\u00e3o obrigados a manter as informa\u00e7\u00f5es confidenciais.<\/p>\n<p>4. Seguran\u00e7a dos dados<br \/>\nAdoptamos medidas de prote\u00e7\u00e3o t\u00e9cnica padr\u00e3o para proteger os seus dados contra o acesso n\u00e3o autorizado, a divulga\u00e7\u00e3o ou a utiliza\u00e7\u00e3o indevida.<\/p>\n<p>5. Os seus direitos<br \/>\nO utilizador tem o direito de consultar, modificar ou solicitar a elimina\u00e7\u00e3o das suas informa\u00e7\u00f5es pessoais irrelevantes armazenadas por n\u00f3s.<\/p>\n<p>6. Contactar-nos<br \/>\nSe tiver alguma d\u00favida sobre esta Pol\u00edtica de Privacidade, contacte-nos:<\/p>","protected":false},"excerpt":{"rendered":"<p>Privacy Policy At Envsin, we are committed to protecting the privacy and security of all personal and business information you share with us. 1. Information We Collect We may collect the following information when you contact us, submit inquiries, request quotations or place orders: &#8211; Company name, contact person name, job title &#8211; Email address, [&hellip;]<\/p>\n","protected":false},"author":1,"featured_media":362,"parent":0,"menu_order":0,"comment_status":"closed","ping_status":"closed","template":"page-about.php","meta":{"_acf_changed":false,"footnotes":""},"class_list":["post-583","page","type-page","status-publish","has-post-thumbnail","hentry"],"acf":[],"_links":{"self":[{"href":"https:\/\/www.envsin-testchamber.com\/pt\/wp-json\/wp\/v2\/pages\/583","targetHints":{"allow":["GET"]}}],"collection":[{"href":"https:\/\/www.envsin-testchamber.com\/pt\/wp-json\/wp\/v2\/pages"}],"about":[{"href":"https:\/\/www.envsin-testchamber.com\/pt\/wp-json\/wp\/v2\/types\/page"}],"author":[{"embeddable":true,"href":"https:\/\/www.envsin-testchamber.com\/pt\/wp-json\/wp\/v2\/users\/1"}],"replies":[{"embeddable":true,"href":"https:\/\/www.envsin-testchamber.com\/pt\/wp-json\/wp\/v2\/comments?post=583"}],"version-history":[{"count":3,"href":"https:\/\/www.envsin-testchamber.com\/pt\/wp-json\/wp\/v2\/pages\/583\/revisions"}],"predecessor-version":[{"id":588,"href":"https:\/\/www.envsin-testchamber.com\/pt\/wp-json\/wp\/v2\/pages\/583\/revisions\/588"}],"wp:featuredmedia":[{"embeddable":true,"href":"https:\/\/www.envsin-testchamber.com\/pt\/wp-json\/wp\/v2\/media\/362"}],"wp:attachment":[{"href":"https:\/\/www.envsin-testchamber.com\/pt\/wp-json\/wp\/v2\/media?parent=583"}],"curies":[{"name":"wp","href":"https:\/\/api.w.org\/{rel}","templated":true}]}}