{"id":17,"date":"2026-03-17T09:30:52","date_gmt":"2026-03-17T01:30:52","guid":{"rendered":"http:\/\/www.envsin-testchamber.com\/?page_id=17"},"modified":"2026-05-08T16:16:17","modified_gmt":"2026-05-08T08:16:17","slug":"about-us","status":"publish","type":"page","link":"https:\/\/www.envsin-testchamber.com\/pt\/about-us\/","title":{"rendered":"Sobre n\u00f3s"},"content":{"rendered":"<p><span style=\"font-family: arial, helvetica, sans-serif; font-size: 14px;\"><strong>Sobre n\u00f3s:<\/strong><\/span><\/p>\n<p><span style=\"font-family: arial, helvetica, sans-serif; font-size: 14px;\">As a brand of Envsin Instrument Equipment Co., Ltd, Envsin is a leading test equipment manufacturer in China. Envsin is committed to environmental and climatic test technology.Our main products include high and low temperature test chambers, temperature and humidity test chambers, walk-in test chambers, intelligent temperature test chambers, environmental stress test chambers, liquid-to-liquid thermal shock test chambers, rapid temperature change and humidity test chambers, combined rapid temperature change (with humidity) and vibration test chambers, high and low temperature thermal shock test chambers, high and low temperature\/low air pressure test chambers, high altitude test chambers, salt spray corrosion test chambers, rain test chambers, sand and dust test chambers, high temperature aging test chambers, solar radiation aging test chambers, and more.<\/span><\/p>\n<p><span style=\"font-family: arial, helvetica, sans-serif; font-size: 14px;\"><strong>O nosso valor:<\/strong><\/span><br \/>\n<span style=\"font-family: arial, helvetica, sans-serif; font-size: 14px;\">- Inovador - estar empenhado na inova\u00e7\u00e3o tecnol\u00f3gica e de servi\u00e7os;<\/span><br \/>\n<span style=\"font-family: arial, helvetica, sans-serif; font-size: 14px;\">- Fi\u00e1vel - para fornecer uma solu\u00e7\u00e3o de teste segura e de qualidade;<\/span><br \/>\n<span style=\"font-family: arial, helvetica, sans-serif; font-size: 14px;\">- Capacidade de rea\u00e7\u00e3o - para responder \u00e0 evolu\u00e7\u00e3o das exig\u00eancias do mercado;<\/span><br \/>\n<span style=\"font-family: arial, helvetica, sans-serif; font-size: 14px;\">- Cultivativo - cultivar uma equipa leal e com esp\u00edrito de equipa;<\/span><br \/>\n<span style=\"font-family: arial, helvetica, sans-serif; font-size: 14px;\">- Prometer - oferecer aos nossos empregados oportunidades de carreira<\/span><br \/>\n<span style=\"font-family: arial, helvetica, sans-serif; font-size: 14px;\">- Ganhar - criar valores para os nossos clientes e para a sociedade<\/span><\/p>\n<p><span style=\"font-family: arial, helvetica, sans-serif; font-size: 14px;\"><img loading=\"lazy\" decoding=\"async\" class=\"size-full wp-image-570 aligncenter\" src=\"https:\/\/www.envsin-testchamber.com\/wp-content\/uploads\/2026\/04\/About-us.jpg\" alt=\"\" width=\"1000\" height=\"558\" srcset=\"https:\/\/www.envsin-testchamber.com\/wp-content\/uploads\/2026\/04\/About-us.jpg 1000w, https:\/\/www.envsin-testchamber.com\/wp-content\/uploads\/2026\/04\/About-us-300x167.jpg 300w, https:\/\/www.envsin-testchamber.com\/wp-content\/uploads\/2026\/04\/About-us-768x429.jpg 768w, https:\/\/www.envsin-testchamber.com\/wp-content\/uploads\/2026\/04\/About-us-18x10.jpg 18w\" sizes=\"auto, (max-width: 1000px) 100vw, 1000px\" \/><\/span><\/p>","protected":false},"excerpt":{"rendered":"<p>About Us: As a brand of Envsin Instrument Equipment Co., Ltd, Envsin is a leading test equipment manufacturer in China. Envsin is committed to environmental and climatic test technology.Our main products include high and low temperature test chambers, temperature and humidity test chambers, walk-in test chambers, intelligent temperature test chambers, environmental stress test chambers, liquid-to-liquid [&hellip;]<\/p>\n","protected":false},"author":1,"featured_media":362,"parent":0,"menu_order":0,"comment_status":"closed","ping_status":"closed","template":"page-about.php","meta":{"_acf_changed":false,"footnotes":""},"class_list":["post-17","page","type-page","status-publish","has-post-thumbnail","hentry"],"acf":[],"_links":{"self":[{"href":"https:\/\/www.envsin-testchamber.com\/pt\/wp-json\/wp\/v2\/pages\/17","targetHints":{"allow":["GET"]}}],"collection":[{"href":"https:\/\/www.envsin-testchamber.com\/pt\/wp-json\/wp\/v2\/pages"}],"about":[{"href":"https:\/\/www.envsin-testchamber.com\/pt\/wp-json\/wp\/v2\/types\/page"}],"author":[{"embeddable":true,"href":"https:\/\/www.envsin-testchamber.com\/pt\/wp-json\/wp\/v2\/users\/1"}],"replies":[{"embeddable":true,"href":"https:\/\/www.envsin-testchamber.com\/pt\/wp-json\/wp\/v2\/comments?post=17"}],"version-history":[{"count":29,"href":"https:\/\/www.envsin-testchamber.com\/pt\/wp-json\/wp\/v2\/pages\/17\/revisions"}],"predecessor-version":[{"id":828,"href":"https:\/\/www.envsin-testchamber.com\/pt\/wp-json\/wp\/v2\/pages\/17\/revisions\/828"}],"wp:featuredmedia":[{"embeddable":true,"href":"https:\/\/www.envsin-testchamber.com\/pt\/wp-json\/wp\/v2\/media\/362"}],"wp:attachment":[{"href":"https:\/\/www.envsin-testchamber.com\/pt\/wp-json\/wp\/v2\/media?parent=17"}],"curies":[{"name":"wp","href":"https:\/\/api.w.org\/{rel}","templated":true}]}}