{"id":255,"date":"2026-03-23T10:49:50","date_gmt":"2026-03-23T02:49:50","guid":{"rendered":"https:\/\/www.envsin-testchamber.com\/?post_type=product&#038;p=255"},"modified":"2026-04-12T08:54:27","modified_gmt":"2026-04-12T00:54:27","slug":"liquid-bath-shock-test-chamber","status":"publish","type":"product","link":"https:\/\/www.envsin-testchamber.com\/pl\/product\/liquid-bath-shock-test-chamber\/","title":{"rendered":"Komora testowa do wstrz\u0105s\u00f3w w k\u0105pieli ciek\u0142ej"},"content":{"rendered":"<p style=\"text-align: center;\"><span style=\"font-family: arial, helvetica, sans-serif;\"><strong>Parametry produktu<\/strong><\/span><\/p>\n<table style=\"width: 100%; border-collapse: collapse; border: 1px solid #ccc;\" border=\"1\" cellspacing=\"0\" cellpadding=\"8\">\n<thead>\n<tr style=\"background-color: #f0f4f9;\">\n<th style=\"border: 1px solid #ccc; text-align: left; padding: 10px;\">Parameter \/ Item<\/th>\n<th style=\"border: 1px solid #ccc; text-align: left; padding: 10px;\">EYC603S2<\/th>\n<th style=\"border: 1px solid #ccc; text-align: left; padding: 10px;\">EYC605S2<\/th>\n<\/tr>\n<\/thead>\n<tbody>\n<tr>\n<td style=\"border: 1px solid #ccc; padding: 10px;\">Test Volume (Liters)<\/td>\n<td style=\"border: 1px solid #ccc; padding: 10px;\">2.6 L<\/td>\n<td style=\"border: 1px solid #ccc; padding: 10px;\">4.5 L<\/td>\n<\/tr>\n<tr>\n<td style=\"border: 1px solid #ccc; padding: 10px;\">System Structure<\/td>\n<td style=\"border: 1px solid #ccc; padding: 10px;\" colspan=\"2\">Automatic mechanical suspension transfer type, high-temperature liquid bath, low-temperature liquid bath, cold air chamber<\/td>\n<\/tr>\n<tr>\n<td style=\"border: 1px solid #ccc; padding: 10px;\">Liquid Test Medium<\/td>\n<td style=\"border: 1px solid #ccc; padding: 10px;\" colspan=\"2\">Fluorocarbon oil, oil bath agitation immersion<\/td>\n<\/tr>\n<tr>\n<td style=\"border: 1px solid #ccc; padding: 10px;\">High-Temp Tank Temperature Range<\/td>\n<td style=\"border: 1px solid #ccc; padding: 10px;\">+70\u2103 ~ +150\u2103<\/td>\n<td style=\"border: 1px solid #ccc; padding: 10px;\">+70\u2103 ~ +150\u2103<\/td>\n<\/tr>\n<tr>\n<td style=\"border: 1px solid #ccc; padding: 10px;\">Low-Temp Tank Temperature Range<\/td>\n<td style=\"border: 1px solid #ccc; padding: 10px;\">-65\u2103 ~ 0\u2103<\/td>\n<td style=\"border: 1px solid #ccc; padding: 10px;\">-65\u2103 ~ 0\u2103<\/td>\n<\/tr>\n<tr>\n<td style=\"border: 1px solid #ccc; padding: 10px;\">Wahania temperatury<\/td>\n<td style=\"border: 1px solid #ccc; padding: 10px;\">\u2264 \u00b10.5\u2103<\/td>\n<td style=\"border: 1px solid #ccc; padding: 10px;\">\u2264 \u00b10.5\u2103<\/td>\n<\/tr>\n<tr>\n<td style=\"border: 1px solid #ccc; padding: 10px;\">R\u00f3wnomierno\u015b\u0107 temperatury<\/td>\n<td style=\"border: 1px solid #ccc; padding: 10px;\">\u2264 2.0\u2103<\/td>\n<td style=\"border: 1px solid #ccc; padding: 10px;\">\u2264 2.0\u2103<\/td>\n<\/tr>\n<tr>\n<td style=\"border: 1px solid #ccc; padding: 10px;\">Temperature Deviation<\/td>\n<td style=\"border: 1px solid #ccc; padding: 10px;\">\u2264 \u00b12.0\u2103<\/td>\n<td style=\"border: 1px solid #ccc; padding: 10px;\">\u2264 \u00b12.0\u2103<\/td>\n<\/tr>\n<tr>\n<td style=\"border: 1px solid #ccc; padding: 10px;\">High-Temp &amp; Low-Temp Bath Performance<br \/>\n(preheating \/ pre-cooling)<\/td>\n<td style=\"border: 1px solid #ccc; padding: 10px;\"><strong>High-temp preheat:<\/strong> +70\u2103 ~ +200\u2103<br \/>\nHeat-up time: ambient \u2192 +200\u2103 approx. 80 min<br \/>\n<strong>Low-temp pre-cool:<\/strong> -70\u2103 ~ 0\u2103<br \/>\nCool-down time: ambient \u2192 -70\u2103 approx. 90 min<\/td>\n<td style=\"border: 1px solid #ccc; padding: 10px;\"><strong>High-temp preheat:<\/strong> +70\u2103 ~ +200\u2103<br \/>\nHeat-up time: ambient \u2192 +200\u2103 approx. 80 min<br \/>\n<strong>Low-temp pre-cool:<\/strong> -70\u2103 ~ 0\u2103<br \/>\nCool-down time: ambient \u2192 -70\u2103 approx. 90 min<\/td>\n<\/tr>\n<tr>\n<td style=\"border: 1px solid #ccc; padding: 10px;\">Cold Air Chamber Environment<\/td>\n<td style=\"border: 1px solid #ccc; padding: 10px;\" colspan=\"2\">Temperature &lt; 25\u2103; Relative Humidity &lt; 65% RH<\/td>\n<\/tr>\n<tr>\n<td style=\"border: 1px solid #ccc; padding: 10px;\">Temperature Recovery Time<\/td>\n<td style=\"border: 1px solid #ccc; padding: 10px;\">&lt; 5 min<\/td>\n<td style=\"border: 1px solid #ccc; padding: 10px;\">&lt; 5 min<\/td>\n<\/tr>\n<tr>\n<td style=\"border: 1px solid #ccc; padding: 10px;\">Temperature Transfer Time<\/td>\n<td style=\"border: 1px solid #ccc; padding: 10px;\">&lt; 10 sec<\/td>\n<td style=\"border: 1px solid #ccc; padding: 10px;\">&lt; 10 sec<\/td>\n<\/tr>\n<tr>\n<td style=\"border: 1px solid #ccc; padding: 10px;\">Specimen Basket Size (L\u00d7W\u00d7H)<\/td>\n<td style=\"border: 1px solid #ccc; padding: 10px;\">120 \u00d7 120 \u00d7 180 mm<\/td>\n<td style=\"border: 1px solid #ccc; padding: 10px;\">150 \u00d7 150 \u00d7 200 mm<\/td>\n<\/tr>\n<tr>\n<td style=\"border: 1px solid #ccc; padding: 10px;\">Liquid Bath Internal Dimensions (L\u00d7W\u00d7H)<\/td>\n<td style=\"border: 1px solid #ccc; padding: 10px;\">250 \u00d7 350 \u00d7 400 mm<\/td>\n<td style=\"border: 1px solid #ccc; padding: 10px;\">280 \u00d7 380 \u00d7 420 mm<\/td>\n<\/tr>\n<tr>\n<td style=\"border: 1px solid #ccc; padding: 10px;\">External Dimensions (L\u00d7W\u00d7H)<\/td>\n<td style=\"border: 1px solid #ccc; padding: 10px;\">1000 \u00d7 1750 \u00d7 1910 mm<\/td>\n<td style=\"border: 1px solid #ccc; padding: 10px;\">1160 \u00d7 2020 \u00d7 2210 mm<\/td>\n<\/tr>\n<tr>\n<td style=\"border: 1px solid #ccc; padding: 10px;\">Zasilanie<\/td>\n<td style=\"border: 1px solid #ccc; padding: 10px;\" colspan=\"2\">AC380V \u00b110%, 50Hz \u00b11, 3-phase 4-wire + grounding (3\/N\/PE), grounding resistance &lt; 4\u03a9<\/td>\n<\/tr>\n<tr>\n<td style=\"border: 1px solid #ccc; padding: 10px;\">Metoda ch\u0142odzenia<\/td>\n<td style=\"border: 1px solid #ccc; padding: 10px;\" colspan=\"2\">Water-cooled type<\/td>\n<\/tr>\n<\/tbody>\n<\/table>\n<p>&nbsp;<\/p>\n<p><strong>Product Features<\/strong><\/p>\n<p>1. Modern design, latest modular manufacturing technology, and perfect control capabilities.<br \/>\n2. Unique liquid medium design meets more stringent testing requirements, improving testing efficiency.<br \/>\n3. Reinforced sealing design reduces media evaporation loss; efficient and practical oil-liquid separation and recovery design.<br \/>\n4. User-friendly independent viewing window design in the test area facilitates real-time monitoring of test samples.<br \/>\n5. Color screen 32-bit control system with Ethernet E-management and USB data access functions.<br \/>\n6. Expandable APP mobile platform management.<br \/>\n7. The test program features user-friendly intelligent power-off reset, automatic memory continuation, and automatic origin start functions. The equipment has intelligent and independent overload, overheat, power abnormality, overpressure, and actuator fault monitoring and protection designs.<br \/>\n8. Expandable network video monitoring function, synchronized with data testing.<br \/>\n9. Intelligent and efficient servo cooling flow control technology, energy-saving, and rapid and precise temperature rise and fall.<br \/>\n10. Automatic reminder of equipment maintenance time and fault record software design function for the control system.<br \/>\n11. The equipment can be expanded with remote service capabilities and provides instructional CDs for integrated use.<\/p>\n<p><strong>Applications &amp; Scenarios<\/strong><\/p>\n<p>Suitable for adaptability testing (impact) of equipment in defense industry, aerospace industry, military industry, automation components, automotive parts, new energy, electronic and electrical instrument components, electrical products, plastics, chemical industry, food industry, BGA, PCB substrate, electronic chip IC, semiconductor ceramics industry and related products under conditions of rapid changes in ambient atmospheric temperature. Suitable for repeated tensile stress testing of instruments, meters, electrical and electronic products and components under rapid or gradual temperature changes, as well as chemical changes or physical damage caused by thermal expansion and contraction, to confirm product quality.<\/p>","protected":false},"author":1,"featured_media":655,"template":"","meta":{"_acf_changed":false},"product_category":[6,20],"class_list":["post-255","product","type-product","status-publish","has-post-thumbnail","hentry","product_category-environmental-stress-screening-ess-series","product_category-popular-products"],"acf":[],"_links":{"self":[{"href":"https:\/\/www.envsin-testchamber.com\/pl\/wp-json\/wp\/v2\/product\/255","targetHints":{"allow":["GET"]}}],"collection":[{"href":"https:\/\/www.envsin-testchamber.com\/pl\/wp-json\/wp\/v2\/product"}],"about":[{"href":"https:\/\/www.envsin-testchamber.com\/pl\/wp-json\/wp\/v2\/types\/product"}],"author":[{"embeddable":true,"href":"https:\/\/www.envsin-testchamber.com\/pl\/wp-json\/wp\/v2\/users\/1"}],"wp:featuredmedia":[{"embeddable":true,"href":"https:\/\/www.envsin-testchamber.com\/pl\/wp-json\/wp\/v2\/media\/655"}],"wp:attachment":[{"href":"https:\/\/www.envsin-testchamber.com\/pl\/wp-json\/wp\/v2\/media?parent=255"}],"wp:term":[{"taxonomy":"product_category","embeddable":true,"href":"https:\/\/www.envsin-testchamber.com\/pl\/wp-json\/wp\/v2\/product_category?post=255"}],"curies":[{"name":"wp","href":"https:\/\/api.w.org\/{rel}","templated":true}]}}