{"id":165,"date":"2026-03-20T11:09:07","date_gmt":"2026-03-20T03:09:07","guid":{"rendered":"http:\/\/www.envsin-testchamber.com\/?post_type=product&#038;p=165"},"modified":"2026-04-12T10:44:19","modified_gmt":"2026-04-12T02:44:19","slug":"high-temperature-aging-test-chamber","status":"publish","type":"product","link":"https:\/\/www.envsin-testchamber.com\/pl\/product\/high-temperature-aging-test-chamber\/","title":{"rendered":"Komora testowa starzenia w wysokiej temperaturze"},"content":{"rendered":"<p style=\"text-align: center;\"><strong><span style=\"font-family: arial, helvetica, sans-serif;\">Parametry produktu<\/span><\/strong><\/p>\n<table style=\"width: 100%; border-collapse: collapse; border: 2px solid #333; font-family: Arial, sans-serif;\">\n<thead>\n<tr>\n<th style=\"border: 1px solid #333; background-color: #6699cc; color: #fff; padding: 8px; text-align: left;\">Starzej\u0105ce si\u0119 komory<\/th>\n<th style=\"border: 1px solid #333; background-color: #6699cc; color: #fff; padding: 8px; text-align: center;\">EWG2003<\/th>\n<th style=\"border: 1px solid #333; background-color: #6699cc; color: #fff; padding: 8px; text-align: center;\">EWG3003<\/th>\n<th style=\"border: 1px solid #333; background-color: #6699cc; color: #fff; padding: 8px; text-align: center;\">EWG2010<\/th>\n<th style=\"border: 1px solid #333; background-color: #6699cc; color: #fff; padding: 8px; text-align: center;\">EWG3010<\/th>\n<\/tr>\n<\/thead>\n<tbody>\n<tr>\n<td style=\"border: 1px solid #333; padding: 8px; background-color: #f0f0f0;\">Obj\u0119to\u015b\u0107 przestrzeni testowej (L)<\/td>\n<td style=\"border: 1px solid #333; padding: 8px; text-align: center;\" colspan=\"2\">270<\/td>\n<td style=\"border: 1px solid #333; padding: 8px; text-align: center;\" colspan=\"2\">1000<\/td>\n<\/tr>\n<tr>\n<td style=\"border: 1px solid #333; padding: 8px; background-color: #f0f0f0;\">Temp. Zakres (\u00b0C)<\/td>\n<td style=\"border: 1px solid #333; padding: 8px; text-align: center;\">R. T+20~200<\/td>\n<td style=\"border: 1px solid #333; padding: 8px; text-align: center;\">R. T+20~300<\/td>\n<td style=\"border: 1px solid #333; padding: 8px; text-align: center;\">R. T+20~200<\/td>\n<td style=\"border: 1px solid #333; padding: 8px; text-align: center;\">R. T+20~300<\/td>\n<\/tr>\n<tr>\n<td style=\"border: 1px solid #333; padding: 8px; background-color: #f0f0f0;\">Temp. Sta\u0142o\u015b\u0107 (\u00b0C)<\/td>\n<td style=\"border: 1px solid #333; padding: 8px; text-align: center;\" colspan=\"4\">\u00b10. 1~\u00b10. 8<\/td>\n<\/tr>\n<tr>\n<td style=\"border: 1px solid #333; padding: 8px; background-color: #f0f0f0;\">Temp. Jednorodno\u015b\u0107 (\u00b0C)<\/td>\n<td style=\"border: 1px solid #333; padding: 8px; text-align: center;\" colspan=\"4\">\u00b10. 5~\u00b12. 0 (RT+20\u00b0C~+200\u00b0C), \u00b11. 5~\u00b13. 5 (200\u00b0C~+300\u00b0C)<\/td>\n<\/tr>\n<tr>\n<td style=\"border: 1px solid #333; padding: 8px; background-color: #f0f0f0;\">Temp. Odchylenie (\u00b0C)<\/td>\n<td style=\"border: 1px solid #333; padding: 8px; text-align: center;\" colspan=\"4\">\u00b10. 5~\u00b12. 0 (RT+20\u00b0C~+200\u00b0C), \u00b10. 5~\u00b12. 0 (200t~+300\u00b0C)<\/td>\n<\/tr>\n<tr>\n<td style=\"border: 1px solid #333; padding: 8px; background-color: #f0f0f0;\">Czas nagrzewania (min)<\/td>\n<td style=\"border: 1px solid #333; padding: 8px; text-align: center;\" colspan=\"4\">50 (RT\u2192+200\u00b0C), 90 (RT\u2192+300\u00b0C)<\/td>\n<\/tr>\n<tr>\n<td style=\"border: 1px solid #333; padding: 8px; background-color: #f0f0f0;\">Wymiar przestrzeni testowej (mm)<\/td>\n<td style=\"border: 1px solid #333; padding: 8px; text-align: center;\" colspan=\"2\">600Wx500Dx900H<\/td>\n<td style=\"border: 1px solid #333; padding: 8px; text-align: center;\" colspan=\"2\">850Wx700Dx1000H<\/td>\n<\/tr>\n<tr>\n<td style=\"border: 1px solid #333; padding: 8px; background-color: #f0f0f0;\">Wymiar zewn\u0119trzny (mm)<\/td>\n<td style=\"border: 1px solid #333; padding: 8px; text-align: center;\" colspan=\"2\">1000Wx780Dx1710H<\/td>\n<td style=\"border: 1px solid #333; padding: 8px; text-align: center;\" colspan=\"2\">1250Wx980Dx1850H<\/td>\n<\/tr>\n<tr>\n<td style=\"border: 1px solid #333; padding: 8px; background-color: #fff2cc;\">Moc<\/td>\n<td style=\"border: 1px solid #333; padding: 8px; text-align: center; background-color: #fff2cc;\" colspan=\"4\">AC380V\u00b110%, 50HZ, 3\/N\/PE<\/td>\n<\/tr>\n<tr>\n<th style=\"border: 1px solid #333; background-color: #6699cc; color: #fff; padding: 8px; text-align: left;\">Starzej\u0105ce si\u0119 pokoje<\/th>\n<th style=\"border: 1px solid #333; background-color: #6699cc; color: #fff; padding: 8px; text-align: center;\">EWG25<\/th>\n<th style=\"border: 1px solid #333; background-color: #6699cc; color: #fff; padding: 8px; text-align: center;\">EWG45<\/th>\n<th style=\"border: 1px solid #333; background-color: #6699cc; color: #fff; padding: 8px; text-align: center;\">EWG100<\/th>\n<th style=\"border: 1px solid #333; background-color: #6699cc; color: #fff; padding: 8px; text-align: center;\">EWG120<\/th>\n<\/tr>\n<tr>\n<td style=\"border: 1px solid #333; padding: 8px; background-color: #f0f0f0;\">Obj\u0119to\u015b\u0107 przestrzeni testowej (m3)<\/td>\n<td style=\"border: 1px solid #333; padding: 8px; text-align: center;\">25<\/td>\n<td style=\"border: 1px solid #333; padding: 8px; text-align: center;\">45<\/td>\n<td style=\"border: 1px solid #333; padding: 8px; text-align: center;\">100<\/td>\n<td style=\"border: 1px solid #333; padding: 8px; text-align: center;\">120<\/td>\n<\/tr>\n<tr>\n<td style=\"border: 1px solid #333; padding: 8px; background-color: #f0f0f0;\">Temp. Zakres (\u00b0C)<\/td>\n<td style=\"border: 1px solid #333; padding: 8px; text-align: center;\" colspan=\"4\">RT+10~85<\/td>\n<\/tr>\n<tr>\n<td style=\"border: 1px solid #333; padding: 8px; background-color: #f0f0f0;\">Temp. Sta\u0142o\u015b\u0107 (\u00b0C)<\/td>\n<td style=\"border: 1px solid #333; padding: 8px; text-align: center;\" colspan=\"4\">\u00b10. 5~\u00b11. 0<\/td>\n<\/tr>\n<tr>\n<td style=\"border: 1px solid #333; padding: 8px; background-color: #f0f0f0;\">Temp. Jednorodno\u015b\u0107 (\u00b0C)<\/td>\n<td style=\"border: 1px solid #333; padding: 8px; text-align: center;\" colspan=\"4\">\u00b11. 5~\u00b13. 0<\/td>\n<\/tr>\n<tr>\n<td style=\"border: 1px solid #333; padding: 8px; background-color: #f0f0f0;\">Temp. Odchylenie (\u00b0C)<\/td>\n<td style=\"border: 1px solid #333; padding: 8px; text-align: center;\" colspan=\"4\">\u00b11. 5~\u00b13. 0<\/td>\n<\/tr>\n<tr>\n<td style=\"border: 1px solid #333; padding: 8px; background-color: #f0f0f0;\">Szybko\u015b\u0107 nagrzewania (\u00b0C\/min)<\/td>\n<td style=\"border: 1px solid #333; padding: 8px; text-align: center;\" colspan=\"4\">\u015arednio 2\u00b0C\/min<\/td>\n<\/tr>\n<tr>\n<td style=\"border: 1px solid #333; padding: 8px; background-color: #fff2cc;\">Moc<\/td>\n<td style=\"border: 1px solid #333; padding: 8px; text-align: center; background-color: #fff2cc;\" colspan=\"4\">AC380V\u00b110%, 50HZ, 3\/N\/PE<\/td>\n<\/tr>\n<\/tbody>\n<\/table>\n<p>&nbsp;<\/p>\n<p><strong>Kluczowe cechy:<\/strong><br \/>\nDok\u0142adna kontrola temperatury: Komora zapewnia sta\u0142\u0105 wysok\u0105 temperatur\u0119, zazwyczaj przekraczaj\u0105c\u0105 100 \u00b0 C, i ma zaawansowane mo\u017cliwo\u015bci regulacji temperatury w celu precyzyjnej symulacji.<br \/>\nStabilne i jednolite \u015brodowisko: Zapewnia r\u00f3wnomierny rozk\u0142ad temperatury w ca\u0142ym obszarze testowym, zapewniaj\u0105c wiarygodne i powtarzalne wyniki.<br \/>\nZaawansowane mechanizmy bezpiecze\u0144stwa: w tym wbudowane funkcje, takie jak ochrona przed przegrzaniem, alarmy i mechanizmy zabezpieczaj\u0105ce przed usterkami, zapewniaj\u0105ce bezpieczn\u0105 prac\u0119.<br \/>\nEfektywno\u015b\u0107 energetyczna: ma na celu zminimalizowanie zu\u017cycia energii przy jednoczesnym utrzymaniu wymaganych warunk\u00f3w temperaturowych.<br \/>\nProgramowalny system sterowania: pozwala u\u017cytkownikom ustawi\u0107 okre\u015blone czasy trwania testu, zakresy temperatur i inne parametry w zale\u017cno\u015bci od potrzeb.<\/p>\n<p><strong>Zastosowanie:<\/strong><br \/>\nTest starzenia materia\u0142u: u\u017cywany do testowania starzenia gumy, plastiku, pow\u0142ok i innych materia\u0142\u00f3w, kt\u00f3re mog\u0105 z czasem ulec degradacji pod wp\u0142ywem ciep\u0142a.<br \/>\nTesty elektroniczne: mog\u0105 by\u0107 wykorzystywane do testowania wydajno\u015bci komponent\u00f3w i urz\u0105dze\u0144 elektronicznych, zapewniaj\u0105c, \u017ce s\u0105 one w stanie wytrzyma\u0107 ciep\u0142o rzeczywistych \u015brodowisk operacyjnych.<br \/>\nPrzemys\u0142 motoryzacyjny: Pomoc w ocenie d\u0142ugoterminowej trwa\u0142o\u015bci komponent\u00f3w samochodowych (takich jak uszczelki, uszczelnienia i materia\u0142y wewn\u0119trzne) w warunkach wysokiej temperatury.<br \/>\nTestowanie akumulator\u00f3w: Ocena stabilno\u015bci i \u017cywotno\u015bci akumulator\u00f3w, zw\u0142aszcza akumulator\u00f3w pojazd\u00f3w elektrycznych, poprzez symulacj\u0119 d\u0142ugotrwa\u0142ej ekspozycji na wysokie temperatury.<br \/>\nProdukty elektroniki u\u017cytkowej: u\u017cywane do testowania elastyczno\u015bci termicznej smartfon\u00f3w, laptop\u00f3w i innych produkt\u00f3w elektroniki u\u017cytkowej, kt\u00f3re mog\u0105 by\u0107 nara\u017cone na dzia\u0142anie wysokich temperatur podczas u\u017cytkowania.<br \/>\nPrzemys\u0142 lotniczy i obronny: Zapewnienie, \u017ce komponenty spe\u0142niaj\u0105 rygorystyczne normy wydajno\u015bci w wysokich temperaturach stosowane w samolotach, statkach kosmicznych i sprz\u0119cie obronnym.<\/p>","protected":false},"author":1,"featured_media":456,"template":"","meta":{"_acf_changed":false},"product_category":[5,20],"class_list":["post-165","product","type-product","status-publish","has-post-thumbnail","hentry","product_category-high-temperature-aging-test-series","product_category-popular-products"],"acf":[],"_links":{"self":[{"href":"https:\/\/www.envsin-testchamber.com\/pl\/wp-json\/wp\/v2\/product\/165","targetHints":{"allow":["GET"]}}],"collection":[{"href":"https:\/\/www.envsin-testchamber.com\/pl\/wp-json\/wp\/v2\/product"}],"about":[{"href":"https:\/\/www.envsin-testchamber.com\/pl\/wp-json\/wp\/v2\/types\/product"}],"author":[{"embeddable":true,"href":"https:\/\/www.envsin-testchamber.com\/pl\/wp-json\/wp\/v2\/users\/1"}],"wp:featuredmedia":[{"embeddable":true,"href":"https:\/\/www.envsin-testchamber.com\/pl\/wp-json\/wp\/v2\/media\/456"}],"wp:attachment":[{"href":"https:\/\/www.envsin-testchamber.com\/pl\/wp-json\/wp\/v2\/media?parent=165"}],"wp:term":[{"taxonomy":"product_category","embeddable":true,"href":"https:\/\/www.envsin-testchamber.com\/pl\/wp-json\/wp\/v2\/product_category?post=165"}],"curies":[{"name":"wp","href":"https:\/\/api.w.org\/{rel}","templated":true}]}}