{"id":583,"date":"2026-04-03T21:52:18","date_gmt":"2026-04-03T13:52:18","guid":{"rendered":"https:\/\/www.envsin-testchamber.com\/?page_id=583"},"modified":"2026-04-03T22:21:29","modified_gmt":"2026-04-03T14:21:29","slug":"privacy-policy","status":"publish","type":"page","link":"https:\/\/www.envsin-testchamber.com\/pl\/privacy-policy\/","title":{"rendered":"Polityka prywatno\u015bci"},"content":{"rendered":"<p style=\"text-align: center;\"><strong>Polityka prywatno\u015bci <\/strong><\/p>\n<p>W Envsin jeste\u015bmy zobowi\u0105zani do ochrony prywatno\u015bci i bezpiecze\u0144stwa wszystkich danych osobowych i biznesowych, kt\u00f3re nam udost\u0119pniasz.<\/p>\n<p>1. Informacje, kt\u00f3re zbieramy<br \/>\nMo\u017cemy gromadzi\u0107 nast\u0119puj\u0105ce informacje, gdy u\u017cytkownik kontaktuje si\u0119 z nami, przesy\u0142a zapytania, prosi o wycen\u0119 lub sk\u0142ada zam\u00f3wienia:<br \/>\n- Nazwa firmy, imi\u0119 i nazwisko osoby kontaktowej, stanowisko<br \/>\n- Adres e-mail, numer telefonu<br \/>\nDane kontaktowe WhatsApp \/ LinkedIn<br \/>\n- Adres wysy\u0142ki, adres rozliczeniowy i powi\u0105zane informacje biznesowe<br \/>\n- Dane dost\u0119pu do witryny, takie jak adres IP, typ przegl\u0105darki i przegl\u0105dane strony<\/p>\n<p>2. Jak wykorzystujemy informacje o u\u017cytkowniku<br \/>\nWszystkie zebrane dane b\u0119d\u0105 wykorzystywane wy\u0142\u0105cznie do uzasadnionych cel\u00f3w biznesowych:<br \/>\n- Odpowiadanie na zapytania dotycz\u0105ce produkt\u00f3w i zapewnianie wsparcia technicznego<br \/>\n- Wysy\u0142anie ofert, specyfikacji produkt\u00f3w i informacji o us\u0142ugach posprzeda\u017cnych<br \/>\n- Przetwarzanie uzgodnie\u0144 dotycz\u0105cych zam\u00f3wie\u0144, produkcji i wysy\u0142ki<br \/>\n- Ulepszanie zawarto\u015bci naszej strony internetowej, jako\u015bci produkt\u00f3w i obs\u0142ugi klienta.<br \/>\n- Zgodno\u015b\u0107 z odpowiednimi wymogami prawnymi i regulacyjnymi<\/p>\n<p>3. Udost\u0119pnianie informacji<br \/>\nNigdy nie b\u0119dziemy sprzedawa\u0107, wynajmowa\u0107 ani udost\u0119pnia\u0107 danych osobowych lub biznesowych u\u017cytkownika nieistotnym stronom trzecim.<br \/>\nDane u\u017cytkownika mog\u0105 by\u0107 udost\u0119pniane wy\u0142\u0105cznie autoryzowanym partnerom w celu realizacji zam\u00f3wie\u0144, takim jak firmy logistyczne, agenci spedycyjni i dostawcy us\u0142ug p\u0142atniczych, kt\u00f3rzy s\u0105 r\u00f3wnie\u017c zobowi\u0105zani do zachowania poufno\u015bci informacji.<\/p>\n<p>4. Bezpiecze\u0144stwo danych<br \/>\nStosujemy standardowe techniczne \u015brodki ochrony w celu zabezpieczenia danych u\u017cytkownika przed nieuprawnionym dost\u0119pem, ujawnieniem lub niew\u0142a\u015bciwym wykorzystaniem.<\/p>\n<p>5. Prawa u\u017cytkownika<br \/>\nU\u017cytkownik ma prawo zapyta\u0107, zmodyfikowa\u0107 lub za\u017c\u0105da\u0107 od nas usuni\u0119cia jego nieistotnych danych osobowych przechowywanych przez nas.<\/p>\n<p>6. Kontakt<br \/>\nW przypadku jakichkolwiek pyta\u0144 dotycz\u0105cych niniejszej Polityki prywatno\u015bci prosimy o kontakt:<\/p>","protected":false},"excerpt":{"rendered":"<p>Privacy Policy At Envsin, we are committed to protecting the privacy and security of all personal and business information you share with us. 1. Information We Collect We may collect the following information when you contact us, submit inquiries, request quotations or place orders: &#8211; Company name, contact person name, job title &#8211; Email address, [&hellip;]<\/p>\n","protected":false},"author":1,"featured_media":362,"parent":0,"menu_order":0,"comment_status":"closed","ping_status":"closed","template":"page-about.php","meta":{"_acf_changed":false,"footnotes":""},"class_list":["post-583","page","type-page","status-publish","has-post-thumbnail","hentry"],"acf":[],"_links":{"self":[{"href":"https:\/\/www.envsin-testchamber.com\/pl\/wp-json\/wp\/v2\/pages\/583","targetHints":{"allow":["GET"]}}],"collection":[{"href":"https:\/\/www.envsin-testchamber.com\/pl\/wp-json\/wp\/v2\/pages"}],"about":[{"href":"https:\/\/www.envsin-testchamber.com\/pl\/wp-json\/wp\/v2\/types\/page"}],"author":[{"embeddable":true,"href":"https:\/\/www.envsin-testchamber.com\/pl\/wp-json\/wp\/v2\/users\/1"}],"replies":[{"embeddable":true,"href":"https:\/\/www.envsin-testchamber.com\/pl\/wp-json\/wp\/v2\/comments?post=583"}],"version-history":[{"count":3,"href":"https:\/\/www.envsin-testchamber.com\/pl\/wp-json\/wp\/v2\/pages\/583\/revisions"}],"predecessor-version":[{"id":588,"href":"https:\/\/www.envsin-testchamber.com\/pl\/wp-json\/wp\/v2\/pages\/583\/revisions\/588"}],"wp:featuredmedia":[{"embeddable":true,"href":"https:\/\/www.envsin-testchamber.com\/pl\/wp-json\/wp\/v2\/media\/362"}],"wp:attachment":[{"href":"https:\/\/www.envsin-testchamber.com\/pl\/wp-json\/wp\/v2\/media?parent=583"}],"curies":[{"name":"wp","href":"https:\/\/api.w.org\/{rel}","templated":true}]}}