{"id":151,"date":"2026-03-19T16:16:30","date_gmt":"2026-03-19T08:16:30","guid":{"rendered":"http:\/\/www.envsin-testchamber.com\/?page_id=151"},"modified":"2026-04-04T09:41:38","modified_gmt":"2026-04-04T01:41:38","slug":"quality-control","status":"publish","type":"page","link":"https:\/\/www.envsin-testchamber.com\/pl\/quality-control\/","title":{"rendered":"Certyfikacja jako\u015bci"},"content":{"rendered":"<p>Zaanga\u017cowana w koncepcj\u0119 spersonalizowanej obs\u0142ugi, firma d\u0105\u017cy do zapewnienia klientom najlepszej obs\u0142ugi i oferowania sprz\u0119tu do testowania niezawodno\u015bci \u015brodowiskowej zgodnie z r\u00f3\u017cnymi normami, takimi jak ISO, GB, GJB, IEC, MEL, ASTM, BS i innymi.<\/p>\n<p><strong>Nasze certyfikaty s\u0105 nast\u0119puj\u0105ce<\/strong><\/p>\n<p><img loading=\"lazy\" decoding=\"async\" class=\"alignnone size-full wp-image-560\" src=\"https:\/\/www.envsin-testchamber.com\/wp-content\/uploads\/2026\/04\/EVNSINs-ISO-certificate2.jpg\" alt=\"\" width=\"1000\" height=\"750\" srcset=\"https:\/\/www.envsin-testchamber.com\/wp-content\/uploads\/2026\/04\/EVNSINs-ISO-certificate2.jpg 1000w, https:\/\/www.envsin-testchamber.com\/wp-content\/uploads\/2026\/04\/EVNSINs-ISO-certificate2-300x225.jpg 300w, https:\/\/www.envsin-testchamber.com\/wp-content\/uploads\/2026\/04\/EVNSINs-ISO-certificate2-768x576.jpg 768w, https:\/\/www.envsin-testchamber.com\/wp-content\/uploads\/2026\/04\/EVNSINs-ISO-certificate2-16x12.jpg 16w\" sizes=\"auto, (max-width: 1000px) 100vw, 1000px\" \/><\/p>\n<p><img loading=\"lazy\" decoding=\"async\" class=\"alignnone size-full wp-image-554\" src=\"https:\/\/www.envsin-testchamber.com\/wp-content\/uploads\/2026\/04\/CE1-1.jpg\" alt=\"\" width=\"1200\" height=\"1840\" srcset=\"https:\/\/www.envsin-testchamber.com\/wp-content\/uploads\/2026\/04\/CE1-1.jpg 1200w, https:\/\/www.envsin-testchamber.com\/wp-content\/uploads\/2026\/04\/CE1-1-196x300.jpg 196w, https:\/\/www.envsin-testchamber.com\/wp-content\/uploads\/2026\/04\/CE1-1-668x1024.jpg 668w, https:\/\/www.envsin-testchamber.com\/wp-content\/uploads\/2026\/04\/CE1-1-768x1178.jpg 768w, https:\/\/www.envsin-testchamber.com\/wp-content\/uploads\/2026\/04\/CE1-1-1002x1536.jpg 1002w, https:\/\/www.envsin-testchamber.com\/wp-content\/uploads\/2026\/04\/CE1-1-8x12.jpg 8w\" sizes=\"auto, (max-width: 1200px) 100vw, 1200px\" \/><\/p>\n<p>&nbsp;<\/p>\n<p>&nbsp;<\/p>","protected":false},"excerpt":{"rendered":"<p>Committed to the personalized service concept, the company is dedicated to providing the best service to clients and offering environmental reliability testing equipment in accordance with various standards such as ISO, GB, GJB, IEC, MEL, ASTM, BS and other standards. Our certification certificates are as follows &nbsp; &nbsp;<\/p>","protected":false},"author":1,"featured_media":362,"parent":0,"menu_order":0,"comment_status":"closed","ping_status":"closed","template":"page-quality-control.php","meta":{"_acf_changed":false,"footnotes":""},"class_list":["post-151","page","type-page","status-publish","has-post-thumbnail","hentry"],"acf":[],"_links":{"self":[{"href":"https:\/\/www.envsin-testchamber.com\/pl\/wp-json\/wp\/v2\/pages\/151","targetHints":{"allow":["GET"]}}],"collection":[{"href":"https:\/\/www.envsin-testchamber.com\/pl\/wp-json\/wp\/v2\/pages"}],"about":[{"href":"https:\/\/www.envsin-testchamber.com\/pl\/wp-json\/wp\/v2\/types\/page"}],"author":[{"embeddable":true,"href":"https:\/\/www.envsin-testchamber.com\/pl\/wp-json\/wp\/v2\/users\/1"}],"replies":[{"embeddable":true,"href":"https:\/\/www.envsin-testchamber.com\/pl\/wp-json\/wp\/v2\/comments?post=151"}],"version-history":[{"count":7,"href":"https:\/\/www.envsin-testchamber.com\/pl\/wp-json\/wp\/v2\/pages\/151\/revisions"}],"predecessor-version":[{"id":591,"href":"https:\/\/www.envsin-testchamber.com\/pl\/wp-json\/wp\/v2\/pages\/151\/revisions\/591"}],"wp:featuredmedia":[{"embeddable":true,"href":"https:\/\/www.envsin-testchamber.com\/pl\/wp-json\/wp\/v2\/media\/362"}],"wp:attachment":[{"href":"https:\/\/www.envsin-testchamber.com\/pl\/wp-json\/wp\/v2\/media?parent=151"}],"curies":[{"name":"wp","href":"https:\/\/api.w.org\/{rel}","templated":true}]}}