{"id":341,"date":"2026-03-23T14:12:55","date_gmt":"2026-03-23T06:12:55","guid":{"rendered":"https:\/\/www.envsin-testchamber.com\/?post_type=product&#038;p=341"},"modified":"2026-03-23T14:12:55","modified_gmt":"2026-03-23T06:12:55","slug":"spring-tension-and-compression-testing-machine-sa-3020b","status":"publish","type":"product","link":"https:\/\/www.envsin-testchamber.com\/ko\/product\/spring-tension-and-compression-testing-machine-sa-3020b\/","title":{"rendered":"\uc2a4\ud504\ub9c1 \uc7a5\ub825 \ubc0f \uc555\ucd95 \uc2dc\ud5d8\uae30 SA-3020B"},"content":{"rendered":"<p>Specifications<br \/>\nTest Load: 2kgf 20kgf 50kgf 100kgf 200kgf 500kgf 1000kgf 2000kgf<br \/>\nDisplay Load: 0.01gf 0.1gf 2gf 10gf 20gf 0.1kgf 0.1kgf 0.2kgf<br \/>\nLoad Units: gf, kgf, N, lb<br \/>\nTest Stroke: 200mm 800mm<br \/>\nLoad Accuracy: \u00b10.2% +0.004FS (to 1\/200 of full scale)<br \/>\nMachine Accuracy: 0.2 grade<br \/>\nDisplay Stroke: 0.001mm<br \/>\nDrive Motor: Servo Motor<br \/>\nPlate Diameter: \u222e60mm \u222e120mm \u222e200mm<br \/>\nDimensions: w300\u00d7d410\u00d7h640 w790\u00d7d490\u00d7h1570 W930\u00d7D490\u00d7H2000 Machine Weight: 55kg Dimensions: 130mm x 250mm Power Supply: AC 220V Machine Features:<\/p>\n<p>1. Test conditions are all set in writing by the computer and can be stored. (Settings can be made by selecting options from a drop-down menu or by directly inputting data).<\/p>\n<p>2. The machine adopts a high-rigidity structural design with a servo motor, resulting in high precision and long service life.<\/p>\n<p>3. Load unit display can be freely switched: N, lb, gf, kgf.<\/p>\n<p>4. Automatic origin memory function; data is saved even during machine stoppage or power failure.<\/p>\n<p>5. Overload protection function for the load cell ensures that the load cell will not be damaged.<\/p>\n<p>6. Can store and print graphs (load-stroke curves and inspection reports).<\/p>\n<p>7. Inspection reports are automatically generated (can be printed directly) and can be converted for export or directly exported via network.<\/p>\n<p>8. Can directly record dynamic load-stroke curve changes for each test.<\/p>\n<p>9. Input upper and lower tolerance values \u200b\u200bfor testing; automatically determines OK or NG.<\/p>\n<p>10. Fully automatic measurement of load in single, double, and triple segments.<\/p>\n<p>11. Multiple testing functions: A. Set height to measure load; B. Set load to measure height; C. Set compression to measure load;<\/p>\n<p>D. Set load to measure compression; E. Multi-segment point testing.<\/p>","protected":false},"author":1,"featured_media":342,"template":"","meta":{"_acf_changed":false},"product_category":[7],"class_list":["post-341","product","type-product","status-publish","has-post-thumbnail","hentry","product_category-reliability-life-test-series"],"acf":[],"_links":{"self":[{"href":"https:\/\/www.envsin-testchamber.com\/ko\/wp-json\/wp\/v2\/product\/341","targetHints":{"allow":["GET"]}}],"collection":[{"href":"https:\/\/www.envsin-testchamber.com\/ko\/wp-json\/wp\/v2\/product"}],"about":[{"href":"https:\/\/www.envsin-testchamber.com\/ko\/wp-json\/wp\/v2\/types\/product"}],"author":[{"embeddable":true,"href":"https:\/\/www.envsin-testchamber.com\/ko\/wp-json\/wp\/v2\/users\/1"}],"wp:featuredmedia":[{"embeddable":true,"href":"https:\/\/www.envsin-testchamber.com\/ko\/wp-json\/wp\/v2\/media\/342"}],"wp:attachment":[{"href":"https:\/\/www.envsin-testchamber.com\/ko\/wp-json\/wp\/v2\/media?parent=341"}],"wp:term":[{"taxonomy":"product_category","embeddable":true,"href":"https:\/\/www.envsin-testchamber.com\/ko\/wp-json\/wp\/v2\/product_category?post=341"}],"curies":[{"name":"wp","href":"https:\/\/api.w.org\/{rel}","templated":true}]}}