{"id":565,"date":"2026-04-02T17:00:07","date_gmt":"2026-04-02T09:00:07","guid":{"rendered":"https:\/\/www.envsin-testchamber.com\/?post_type=product&#038;p=565"},"modified":"2026-04-11T22:09:16","modified_gmt":"2026-04-11T14:09:16","slug":"high-altitude-test-chamber","status":"publish","type":"product","link":"https:\/\/www.envsin-testchamber.com\/es\/product\/high-altitude-test-chamber\/","title":{"rendered":"High Altitude Test Chamber"},"content":{"rendered":"<p style=\"text-align: center;\"><strong><span style=\"font-family: arial, helvetica, sans-serif; font-size: 16px;\">Product Parameters<\/span><\/strong><\/p>\n<table style=\"width: 100%; border-collapse: collapse; border: 2px solid #000;\" border=\"1\" cellspacing=\"0\" cellpadding=\"6\">\n<tbody>\n<tr>\n<td style=\"border: 1px solid #000; font-weight: bold;\">Temperature Chambers:<\/td>\n<td style=\"border: 1px solid #000;\">ETQ7200<\/td>\n<\/tr>\n<tr>\n<td style=\"border: 1px solid #000; font-weight: bold;\">Climate Chambers:<\/td>\n<td style=\"border: 1px solid #000;\">ECQ7200<\/td>\n<\/tr>\n<tr>\n<td style=\"border: 1px solid #000; font-weight: bold;\">Test Space Volume (L)<\/td>\n<td style=\"border: 1px solid #000;\">2000<\/td>\n<\/tr>\n<tr>\n<td style=\"border: 1px solid #000; font-weight: bold;\">Temp. Test Parameters:<\/td>\n<td style=\"border: 1px solid #000;\"><\/td>\n<\/tr>\n<tr>\n<td style=\"border: 1px solid #000; font-weight: bold;\">Temp. Range (\u00b0C)<\/td>\n<td style=\"border: 1px solid #000;\">-70~+150<\/td>\n<\/tr>\n<tr>\n<td style=\"border: 1px solid #000; font-weight: bold;\">Temp. Constancy (\u00b0C)<\/td>\n<td style=\"border: 1px solid #000;\">\u00b10.1-\u00b10.8 (Atmospheric Pressure No Load)<\/td>\n<\/tr>\n<tr>\n<td style=\"border: 1px solid #000; font-weight: bold;\">Temp. Homogeneity(\u00b0C)<\/td>\n<td style=\"border: 1px solid #000;\">\u00b10.5-\u00b12.0 (Atmospheric Pressure No Load)<\/td>\n<\/tr>\n<tr>\n<td style=\"border: 1px solid #000; font-weight: bold;\">Temp. Accuracy (\u00b0C)<\/td>\n<td style=\"border: 1px solid #000;\">\u00b12.0 (Atmospheric Pressure No Load)<\/td>\n<\/tr>\n<tr>\n<td style=\"border: 1px solid #000; font-weight: bold;\">Heat Up Time (min) (+ 20\u00b0C to ~150\u00b0C)<\/td>\n<td style=\"border: 1px solid #000;\">60<\/td>\n<\/tr>\n<tr>\n<td style=\"border: 1px solid #000; font-weight: bold;\">Cooling Down Time (min) (+ 20\u00b0C to~60\u00b0C)<\/td>\n<td style=\"border: 1px solid #000;\">80<\/td>\n<\/tr>\n<tr>\n<td style=\"border: 1px solid #000; font-weight: bold;\">Pressure Range (Kpa)<\/td>\n<td style=\"border: 1px solid #000;\">Atmospheric Pressure ~1.0 Atmospheric Pressure ~0.5<\/td>\n<\/tr>\n<tr>\n<td style=\"border: 1px solid #000; font-weight: bold;\">Pressure Accuracy (Kpa)<\/td>\n<td style=\"border: 1px solid #000;\">\u00b12 (Atmospheric Pressure ~40KPa); \u00b15%(40KPa~4KPa); \u00b10.1(4KPa~1KPa)<\/td>\n<\/tr>\n<tr>\n<td style=\"border: 1px solid #000; font-weight: bold;\">Pressure Release Time (min)<\/td>\n<td style=\"border: 1px solid #000;\">45(Atmospheric Pressure\u21921KPa)<\/td>\n<\/tr>\n<tr>\n<td style=\"border: 1px solid #000; font-weight: bold;\">Rapid Release of Pressure Function (optional)<\/td>\n<td style=\"border: 1px solid #000;\">Pressure Release Range: 75.2KPa \u2192 18.8KPa; Pressure Release Time: 15sec<\/td>\n<\/tr>\n<tr>\n<td style=\"border: 1px solid #000; font-weight: bold;\">Climate Test Parameters for ECQ series:<\/td>\n<td style=\"border: 1px solid #000;\"><\/td>\n<\/tr>\n<tr>\n<td style=\"border: 1px solid #000; font-weight: bold;\">Temp. Range (\u00b0C)<\/td>\n<td style=\"border: 1px solid #000;\">+10~+95<\/td>\n<\/tr>\n<tr>\n<td style=\"border: 1px solid #000; font-weight: bold;\">Temp.Constancy (\u00b0C)<\/td>\n<td style=\"border: 1px solid #000;\">\u00b10.1~\u00b10.8 (Atmospheric Pressure No Load)<\/td>\n<\/tr>\n<tr>\n<td style=\"border: 1px solid #000; font-weight: bold;\">Temp. Homogeneity (\u00b0C)<\/td>\n<td style=\"border: 1px solid #000;\">\u00b10.1~\u00b12.0 (Atmospheric Pressure No Load)<\/td>\n<\/tr>\n<tr>\n<td style=\"border: 1px solid #000; font-weight: bold;\">Humid. Range (%RH)<\/td>\n<td style=\"border: 1px solid #000;\">(10) 20-98 (Atmospheric Pressure No Load)<\/td>\n<\/tr>\n<tr>\n<td style=\"border: 1px solid #000; font-weight: bold;\">Humid. Constancy (%RH)<\/td>\n<td style=\"border: 1px solid #000;\">\u00b11-\u00b13 (Atmospheric Pressure No Load)<\/td>\n<\/tr>\n<tr>\n<td style=\"border: 1px solid #000; font-weight: bold;\">Test Space Dimension (mm)<\/td>\n<td style=\"border: 1px solid #000;\">1400W*1200D*1200H<\/td>\n<\/tr>\n<tr>\n<td style=\"border: 1px solid #000; font-weight: bold;\">External Dimension (mm)<\/td>\n<td style=\"border: 1px solid #000;\">1810W*3710D*2310H<\/td>\n<\/tr>\n<tr>\n<td style=\"border: 1px solid #000; font-weight: bold;\">Power<\/td>\n<td style=\"border: 1px solid #000;\">AC380V\u00b110%, 50HZ, 3\/N\/PE<\/td>\n<\/tr>\n<tr>\n<td style=\"border: 1px solid #000; font-weight: bold;\">Cooling Methods<\/td>\n<td style=\"border: 1px solid #000;\">Water-Cooled<\/td>\n<\/tr>\n<\/tbody>\n<\/table>\n<p><strong>Caracter\u00edsticas del producto<\/strong><\/p>\n<p>Integral, (high altitude test chamber\u00a0door direction is in the front) for the studio, refrigeration unit\u00a0for the lower,\u00a0after the electric control cabinet and electric control device, the main control interface\u00a0is located in\u00a0front of the\u00a0high altitude test chamber\u00a0door, the expansion control panel is located in\u00a0the right back of the\u00a0high altitude test chamber. Wide open door, back and side of the studio for\u00a0circulating air\u00a0duct system and\u00a0air\u00a0conditioning system: air centrifugal fan, air diversion unit, low\u00a0pressure heat\u00a0radiation unit, heater,\u00a0humidifier, refrigeration heat exchanger, temperature\/low pressure\u00a0sensing unit.<\/p>\n<p><strong>Aplicaciones<\/strong><\/p>\n<p>1. Industria electr\u00f3nica y electrodom\u00e9sticos<br \/>\nPruebas de componentes: Eval\u00faa el rendimiento y la fiabilidad de componentes electr\u00f3nicos como resistencias, condensadores y dispositivos semiconductores en entornos de alta y baja temperatura.<br \/>\nPruebas de equipos completos: Prueba el estado de funcionamiento de equipos completos como tel\u00e9fonos m\u00f3viles, ordenadores y televisores en diferentes entornos de temperatura y humedad, garantizando su estabilidad en condiciones extremas.<\/p>\n<p>2. Industria del autom\u00f3vil<br \/>\nPruebas de componentes: Prueba la durabilidad y el rendimiento de motores de automoci\u00f3n, sistemas de control electr\u00f3nico, salpicaderos y otros componentes en entornos de altas y bajas temperaturas.<br \/>\nPruebas de veh\u00edculos: Simula el rendimiento del veh\u00edculo en diferentes condiciones clim\u00e1ticas para evaluar su arranque, funcionamiento y estacionamiento en entornos extremos.<\/p>\n<p>3. Aeroespacial<br \/>\nPruebas de equipos: Eval\u00faa la fiabilidad de equipos y materiales aeroespaciales (como sistemas de control de aeronaves y equipos de navegaci\u00f3n) en entornos de alta y baja temperatura.<br \/>\nEnsayos de materiales: Prueba las propiedades f\u00edsicas y la estabilidad qu\u00edmica de los materiales aeroespaciales en diferentes condiciones de temperatura.<\/p>\n<p>4. Productos farmac\u00e9uticos y biotecnolog\u00eda<br \/>\nPruebas de estabilidad farmac\u00e9utica: Eval\u00faa la estabilidad de los productos farmac\u00e9uticos en diferentes entornos de temperatura y humedad para determinar la vida \u00fatil y las condiciones de almacenamiento.<br \/>\nPruebas biofarmac\u00e9uticas: Prueba la eficacia y seguridad de productos biol\u00f3gicos como vacunas y sueros en diferentes condiciones ambientales.<\/p>\n<p>5. Ciencia de los materiales<br \/>\nPruebas de durabilidad de materiales: Eval\u00faa las caracter\u00edsticas de durabilidad y envejecimiento de metales, pl\u00e1sticos y materiales compuestos en entornos de alta y baja temperatura.<br \/>\nPruebas de revestimientos y materiales de protecci\u00f3n: Prueba el rendimiento de revestimientos anticorrosi\u00f3n, materiales aislantes, etc., en distintos entornos.<\/p>\n<p>6. Militar y Defensa<br \/>\nPruebas de armamento: Eval\u00faa el rendimiento y la fiabilidad de los sistemas de armas y equipos de protecci\u00f3n en condiciones ambientales extremas.<br \/>\nPruebas de equipos electr\u00f3nicos militares: Pruebas de estabilidad operativa de equipos militares de comunicaci\u00f3n, sistemas de navegaci\u00f3n, etc., en entornos de alta y baja temperatura.<\/p>\n<p>7. Nueva energ\u00eda<br \/>\nPruebas de equipos solares: Evaluaci\u00f3n de la eficiencia y durabilidad de paneles solares y equipos relacionados en diferentes condiciones de temperatura.<br \/>\nPruebas de equipos de almacenamiento de energ\u00eda: Pruebas de rendimiento y seguridad de bater\u00edas y sistemas de almacenamiento de energ\u00eda en entornos de alta y baja temperatura.<\/p>\n<p>8. Construcci\u00f3n e ingenier\u00eda civil<br \/>\nEnsayos de materiales de construcci\u00f3n: Evaluaci\u00f3n del rendimiento y la durabilidad de materiales de construcci\u00f3n como el hormig\u00f3n, el acero y los materiales aislantes en diferentes condiciones ambientales.<br \/>\nPruebas estructurales: Simulaci\u00f3n del comportamiento de las estructuras de los edificios en condiciones extremas de temperatura para garantizar su estabilidad y seguridad en diversas condiciones clim\u00e1ticas.<\/p>\n<p>9. Alimentaci\u00f3n y productos de consumo<br \/>\nPruebas de vida \u00fatil de los alimentos: Evaluaci\u00f3n de la vida \u00fatil y los cambios de calidad de alimentos y bebidas en diferentes condiciones de temperatura.<br \/>\nPruebas de materiales de envasado: Pruebas del rendimiento de los materiales de envasado en entornos de altas y bajas temperaturas para garantizar la seguridad de los productos durante su transporte y almacenamiento.<\/p>\n<p>10. Investigaci\u00f3n acad\u00e9mica<br \/>\nSimulaci\u00f3n medioambiental: Se utiliza en la investigaci\u00f3n del clima, el medio ambiente ecol\u00f3gico y otros campos para simular distintas condiciones ambientales naturales y estudiar su impacto en organismos y materiales.<br \/>\nInvestigaci\u00f3n cient\u00edfica b\u00e1sica: Simulaci\u00f3n de condiciones ambientales extremas para experimentos y pruebas en investigaci\u00f3n cient\u00edfica b\u00e1sica, como f\u00edsica y qu\u00edmica.<\/p>\n<p>11. Industria textil y de la confecci\u00f3n<br \/>\nPruebas de materiales: Evaluaci\u00f3n de la durabilidad y estabilidad de materiales textiles en ambientes de alta temperatura, baja temperatura y humedad.<br \/>\nPruebas de prendas de vestir: Pruebas de comodidad y rendimiento de la ropa en diferentes condiciones de temperatura y humedad.<\/p>\n<p>12. Log\u00edstica y transporte<br \/>\nSimulaci\u00f3n del entorno de transporte: Simulaci\u00f3n de condiciones extremas de temperatura y humedad que pueden darse durante el transporte para evaluar la resistencia y seguridad de los productos durante el transporte.<br \/>\nPruebas de envasado: Pruebas del rendimiento protector de los materiales y dise\u00f1os de los envases en diferentes condiciones ambientales.<\/p>","protected":false},"author":1,"featured_media":568,"template":"","meta":{"_acf_changed":false},"product_category":[6],"class_list":["post-565","product","type-product","status-publish","has-post-thumbnail","hentry","product_category-environmental-stress-screening-ess-series"],"acf":[],"_links":{"self":[{"href":"https:\/\/www.envsin-testchamber.com\/es\/wp-json\/wp\/v2\/product\/565","targetHints":{"allow":["GET"]}}],"collection":[{"href":"https:\/\/www.envsin-testchamber.com\/es\/wp-json\/wp\/v2\/product"}],"about":[{"href":"https:\/\/www.envsin-testchamber.com\/es\/wp-json\/wp\/v2\/types\/product"}],"author":[{"embeddable":true,"href":"https:\/\/www.envsin-testchamber.com\/es\/wp-json\/wp\/v2\/users\/1"}],"wp:featuredmedia":[{"embeddable":true,"href":"https:\/\/www.envsin-testchamber.com\/es\/wp-json\/wp\/v2\/media\/568"}],"wp:attachment":[{"href":"https:\/\/www.envsin-testchamber.com\/es\/wp-json\/wp\/v2\/media?parent=565"}],"wp:term":[{"taxonomy":"product_category","embeddable":true,"href":"https:\/\/www.envsin-testchamber.com\/es\/wp-json\/wp\/v2\/product_category?post=565"}],"curies":[{"name":"wp","href":"https:\/\/api.w.org\/{rel}","templated":true}]}}