{"id":357,"date":"2026-03-23T14:29:45","date_gmt":"2026-03-23T06:29:45","guid":{"rendered":"https:\/\/www.envsin-testchamber.com\/?post_type=product&#038;p=357"},"modified":"2026-03-23T14:29:45","modified_gmt":"2026-03-23T06:29:45","slug":"keyboard-feel-full-inspection-tester-sa-20aj64b","status":"publish","type":"product","link":"https:\/\/www.envsin-testchamber.com\/es\/product\/keyboard-feel-full-inspection-tester-sa-20aj64b\/","title":{"rendered":"Comprobador de inspecci\u00f3n completa del tacto del teclado SA-20AJ64B"},"content":{"rendered":"<p>Especificaciones de la m\u00e1quina:<br \/>\nSelecci\u00f3n de capacidad: 5kg\/10kgf\/20kg\/50kg\/100kg\/200kg (selectable);<br \/>\nConmutaci\u00f3n de unidades: gf, kgf, N, lbf, kN (puede convertirse arbitrariamente);<br \/>\nResoluci\u00f3n: 1\/1,000,000<br \/>\nClase de m\u00e1quina: 0.2<br \/>\nCarrera m\u00e1xima: 600mm (excluyendo pinzas);<br \/>\nVelocidad de prueba: 5-300 mm\/min, 10-300 mm\/min, 50-500 mm\/min (seleccionable en cualquiera de estos tres rangos de velocidad).<\/p>\n<p>(Velocidad ajustable dentro de cada marcha);<br \/>\nMotor: Motor de Taiw\u00e1n + convertidor de frecuencia<br \/>\nSistema de transmisi\u00f3n: Husillo de bolas de precisi\u00f3n de Taiw\u00e1n<br \/>\nSistema de control y software: Software de pruebas UTM<br \/>\nSensor de fuerza: Configurable seg\u00fan las necesidades del cliente<br \/>\nCarcasa de la m\u00e1quina y placa de presi\u00f3n: Acero est\u00e1ndar nacional 45# con acabado esmaltado al horno y perfil de aluminio.<br \/>\nFuncionamiento: Funcionamiento totalmente informatizado<br \/>\nTama\u00f1o de la m\u00e1quina: 500\u00d7500\u00d71150cm<br \/>\nPeso: Aprox. 60Kg<br \/>\nFuente de alimentaci\u00f3n: 220V\/50Hz<br \/>\nCaracter\u00edsticas de la m\u00e1quina:<br \/>\n1. Puede realizar ensayos de tracci\u00f3n, compresi\u00f3n, pelado, desgarro y fuerza de liberaci\u00f3n, y puede mostrar simult\u00e1neamente la fuerza y la deformaci\u00f3n;<br \/>\n2. Unidades m\u00e9tricas e imperiales incorporadas, que pueden cambiarse a voluntad;<br \/>\n3. Utiliza Taiwan Taibang motor + conductor; conector de liberaci\u00f3n r\u00e1pida, puede utilizar varias abrazaderas diferentes;<br \/>\n4. Puede conectarse directamente a una impresora para emitir informes, funcionamiento totalmente informatizado, para el control de la m\u00e1quina, el an\u00e1lisis de datos y la impresi\u00f3n de informes. Funciones;<\/p>\n<p>5. M\u00e9todo de transmisi\u00f3n: Tornillo de bolas de precisi\u00f3n con cubierta antipolvo para proteger el tornillo y aumentar la vida \u00fatil y la precisi\u00f3n;<\/p>\n<p>6. Protecci\u00f3n de seguridad del hardware: protecci\u00f3n del l\u00edmite superior e inferior y protecci\u00f3n del bot\u00f3n de parada de emergencia.<\/p>","protected":false},"author":1,"featured_media":358,"template":"","meta":{"_acf_changed":false},"product_category":[7],"class_list":["post-357","product","type-product","status-publish","has-post-thumbnail","hentry","product_category-reliability-life-test-series"],"acf":[],"_links":{"self":[{"href":"https:\/\/www.envsin-testchamber.com\/es\/wp-json\/wp\/v2\/product\/357","targetHints":{"allow":["GET"]}}],"collection":[{"href":"https:\/\/www.envsin-testchamber.com\/es\/wp-json\/wp\/v2\/product"}],"about":[{"href":"https:\/\/www.envsin-testchamber.com\/es\/wp-json\/wp\/v2\/types\/product"}],"author":[{"embeddable":true,"href":"https:\/\/www.envsin-testchamber.com\/es\/wp-json\/wp\/v2\/users\/1"}],"wp:featuredmedia":[{"embeddable":true,"href":"https:\/\/www.envsin-testchamber.com\/es\/wp-json\/wp\/v2\/media\/358"}],"wp:attachment":[{"href":"https:\/\/www.envsin-testchamber.com\/es\/wp-json\/wp\/v2\/media?parent=357"}],"wp:term":[{"taxonomy":"product_category","embeddable":true,"href":"https:\/\/www.envsin-testchamber.com\/es\/wp-json\/wp\/v2\/product_category?post=357"}],"curies":[{"name":"wp","href":"https:\/\/api.w.org\/{rel}","templated":true}]}}