{"id":353,"date":"2026-03-23T14:27:01","date_gmt":"2026-03-23T06:27:01","guid":{"rendered":"https:\/\/www.envsin-testchamber.com\/?post_type=product&#038;p=353"},"modified":"2026-03-23T14:27:01","modified_gmt":"2026-03-23T06:27:01","slug":"five-axis-continuity-tester-sa-8005b","status":"publish","type":"product","link":"https:\/\/www.envsin-testchamber.com\/es\/product\/five-axis-continuity-tester-sa-8005b\/","title":{"rendered":"Comprobador de continuidad de cinco ejes SA-8005B"},"content":{"rendered":"<p>Funciones de la m\u00e1quina: Detecta picos de teclas, valles, retroalimentaci\u00f3n t\u00e1ctil, desplazamiento, fuerza de contacto, resistencia de contacto, recorrido de contacto, etc.<\/p>\n<p>Caracter\u00edsticas de la m\u00e1quina: Emplea tecnolog\u00eda DSP para controlar el sistema de adquisici\u00f3n de datos, con una frecuencia de muestreo de hasta 50.000Hz (nuestra invenci\u00f3n patentada), ofreciendo una fuerte capacidad anti-interferencia.<\/p>\n<p>Se pueden cargar los datos de detecci\u00f3n y los c\u00f3digos de barras de cada llave.<\/p>\n<p>Los productos defectuosos pueden marcarse autom\u00e1ticamente.<\/p>\n<p>Lo m\u00e1s destacado de la m\u00e1quina:<\/p>\n<p>1. R\u00e1pida velocidad de prueba: una llave puede ser probada en 9 segundos, adecuado para la inspecci\u00f3n completa en l\u00ednea;<\/p>\n<p>2. Puede integrarse directamente con las l\u00edneas de producci\u00f3n de v\u00edas automatizadas.<\/p>","protected":false},"author":1,"featured_media":354,"template":"","meta":{"_acf_changed":false},"product_category":[7],"class_list":["post-353","product","type-product","status-publish","has-post-thumbnail","hentry","product_category-reliability-life-test-series"],"acf":[],"_links":{"self":[{"href":"https:\/\/www.envsin-testchamber.com\/es\/wp-json\/wp\/v2\/product\/353","targetHints":{"allow":["GET"]}}],"collection":[{"href":"https:\/\/www.envsin-testchamber.com\/es\/wp-json\/wp\/v2\/product"}],"about":[{"href":"https:\/\/www.envsin-testchamber.com\/es\/wp-json\/wp\/v2\/types\/product"}],"author":[{"embeddable":true,"href":"https:\/\/www.envsin-testchamber.com\/es\/wp-json\/wp\/v2\/users\/1"}],"wp:featuredmedia":[{"embeddable":true,"href":"https:\/\/www.envsin-testchamber.com\/es\/wp-json\/wp\/v2\/media\/354"}],"wp:attachment":[{"href":"https:\/\/www.envsin-testchamber.com\/es\/wp-json\/wp\/v2\/media?parent=353"}],"wp:term":[{"taxonomy":"product_category","embeddable":true,"href":"https:\/\/www.envsin-testchamber.com\/es\/wp-json\/wp\/v2\/product_category?post=353"}],"curies":[{"name":"wp","href":"https:\/\/api.w.org\/{rel}","templated":true}]}}