{"id":351,"date":"2026-03-23T14:25:18","date_gmt":"2026-03-23T06:25:18","guid":{"rendered":"https:\/\/www.envsin-testchamber.com\/?post_type=product&#038;p=351"},"modified":"2026-03-23T14:25:18","modified_gmt":"2026-03-23T06:25:18","slug":"keyboard-impact-life-testing-machine-sa-20j","status":"publish","type":"product","link":"https:\/\/www.envsin-testchamber.com\/es\/product\/keyboard-impact-life-testing-machine-sa-20j\/","title":{"rendered":"M\u00e1quina de ensayo de vida \u00fatil de impacto de teclados SA-20J"},"content":{"rendered":"<p>Funciones de la m\u00e1quina: Una vez agotada la vida \u00fatil del bot\u00f3n, detecta los puntos de pico y valle, la respuesta t\u00e1ctil, la fuerza de contacto y la resistencia, etc.<\/p>\n<p>Caracter\u00edsticas de la m\u00e1quina: Emplea tecnolog\u00eda DSP para controlar el sistema de adquisici\u00f3n, con una frecuencia de muestreo de hasta 50000Hz (nuestra invenci\u00f3n patentada), y fuertes capacidades anti-interferencia.<\/p>\n<p>Caracter\u00edsticas de la m\u00e1quina: R\u00e1pida velocidad de prueba, CT=16S.<\/p>\n<p>Nuestra empresa investiga, desarrolla, fabrica y vende de forma independiente diversos instrumentos de ensayo de tracci\u00f3n, compresi\u00f3n, tracci\u00f3n-compresi\u00f3n y torsi\u00f3n, as\u00ed como m\u00e1quinas de ensayo de durabilidad y vida \u00fatil. La frecuencia de muestreo alcanza los 50.000 Hz, y la precisi\u00f3n de la carga puede llegar a 0,2% (a 1\/200 de la escala completa de la c\u00e9lula de carga).<\/p>","protected":false},"author":1,"featured_media":352,"template":"","meta":{"_acf_changed":false},"product_category":[7],"class_list":["post-351","product","type-product","status-publish","has-post-thumbnail","hentry","product_category-reliability-life-test-series"],"acf":[],"_links":{"self":[{"href":"https:\/\/www.envsin-testchamber.com\/es\/wp-json\/wp\/v2\/product\/351","targetHints":{"allow":["GET"]}}],"collection":[{"href":"https:\/\/www.envsin-testchamber.com\/es\/wp-json\/wp\/v2\/product"}],"about":[{"href":"https:\/\/www.envsin-testchamber.com\/es\/wp-json\/wp\/v2\/types\/product"}],"author":[{"embeddable":true,"href":"https:\/\/www.envsin-testchamber.com\/es\/wp-json\/wp\/v2\/users\/1"}],"wp:featuredmedia":[{"embeddable":true,"href":"https:\/\/www.envsin-testchamber.com\/es\/wp-json\/wp\/v2\/media\/352"}],"wp:attachment":[{"href":"https:\/\/www.envsin-testchamber.com\/es\/wp-json\/wp\/v2\/media?parent=351"}],"wp:term":[{"taxonomy":"product_category","embeddable":true,"href":"https:\/\/www.envsin-testchamber.com\/es\/wp-json\/wp\/v2\/product_category?post=351"}],"curies":[{"name":"wp","href":"https:\/\/api.w.org\/{rel}","templated":true}]}}