{"id":349,"date":"2026-03-23T14:20:59","date_gmt":"2026-03-23T06:20:59","guid":{"rendered":"https:\/\/www.envsin-testchamber.com\/?post_type=product&#038;p=349"},"modified":"2026-03-23T14:20:59","modified_gmt":"2026-03-23T06:20:59","slug":"solder-joint-height-testing-machine-sa-505bh","status":"publish","type":"product","link":"https:\/\/www.envsin-testchamber.com\/es\/product\/solder-joint-height-testing-machine-sa-505bh\/","title":{"rendered":"M\u00e1quina de ensayo de altura de soldaduras SA-505BH"},"content":{"rendered":"<p>La m\u00e1quina de prueba de vida de impacto de teclado puede probar varios productos simult\u00e1neamente (cada producto puede probarse en m\u00faltiples puntos), y cada sonda clave puede ajustarse con diferentes presiones y alturas. Dispone de ciclos de ensayo y velocidad de ensayo ajustables, por lo que puede decirse que es la m\u00e1quina de ensayos de vida \u00fatil por impacto m\u00e1s rentable del mercado.<\/p>\n<p>Principio de la m\u00e1quina: La m\u00e1quina de prueba de la vida del impacto del teclado es accionada por un motor, utilizando una rueda exc\u00e9ntrica para crear un movimiento de intercambio. El dispositivo de la rueda exc\u00e9ntrica asegura que el motor gira solamente en una direcci\u00f3n, reduciendo perceptiblemente el \u00edndice de aver\u00edas del instrumento y aumentando velocidad de la prueba, ahorr\u00e1ndole tiempo valioso. El dispositivo de transmisi\u00f3n utiliza gu\u00edas lineales, eliminando el problema de la desalineaci\u00f3n tras repetidas pruebas.<\/p>","protected":false},"author":1,"featured_media":350,"template":"","meta":{"_acf_changed":false},"product_category":[7],"class_list":["post-349","product","type-product","status-publish","has-post-thumbnail","hentry","product_category-reliability-life-test-series"],"acf":[],"_links":{"self":[{"href":"https:\/\/www.envsin-testchamber.com\/es\/wp-json\/wp\/v2\/product\/349","targetHints":{"allow":["GET"]}}],"collection":[{"href":"https:\/\/www.envsin-testchamber.com\/es\/wp-json\/wp\/v2\/product"}],"about":[{"href":"https:\/\/www.envsin-testchamber.com\/es\/wp-json\/wp\/v2\/types\/product"}],"author":[{"embeddable":true,"href":"https:\/\/www.envsin-testchamber.com\/es\/wp-json\/wp\/v2\/users\/1"}],"wp:featuredmedia":[{"embeddable":true,"href":"https:\/\/www.envsin-testchamber.com\/es\/wp-json\/wp\/v2\/media\/350"}],"wp:attachment":[{"href":"https:\/\/www.envsin-testchamber.com\/es\/wp-json\/wp\/v2\/media?parent=349"}],"wp:term":[{"taxonomy":"product_category","embeddable":true,"href":"https:\/\/www.envsin-testchamber.com\/es\/wp-json\/wp\/v2\/product_category?post=349"}],"curies":[{"name":"wp","href":"https:\/\/api.w.org\/{rel}","templated":true}]}}