{"id":347,"date":"2026-03-23T14:20:01","date_gmt":"2026-03-23T06:20:01","guid":{"rendered":"https:\/\/www.envsin-testchamber.com\/?post_type=product&#038;p=347"},"modified":"2026-03-23T14:20:01","modified_gmt":"2026-03-23T06:20:01","slug":"triaxial-milligram-force-tester-sa-5053b","status":"publish","type":"product","link":"https:\/\/www.envsin-testchamber.com\/es\/product\/triaxial-milligram-force-tester-sa-5053b\/","title":{"rendered":"Comprobador triaxial de fuerza en miligramos SA-5053B"},"content":{"rendered":"<p>Especificaciones de la m\u00e1quina<\/p>\n<p>Capacidad de carga medida: 2kg\/5kg (seleccionable)<br \/>\nResoluci\u00f3n de fuerza m\u00ednima: 0.01g<br \/>\nResoluci\u00f3n m\u00ednima de carrera (altura): 0,001 mm<br \/>\nClase de m\u00e1quina: Clase 0.5<br \/>\nPrecisi\u00f3n de carga: 0,5% + 0,004%FS del valor indicado (hasta 1\/200 del fondo de escala de la c\u00e9lula de carga)<br \/>\nPrecisi\u00f3n de medici\u00f3n del calibre de 0,5 mm del eje Z: 0,004 mm<br \/>\nPrecisi\u00f3n de la velocidad de prueba del eje Z: \u00b11%<br \/>\nRepetibilidad de carga: 0,5% del valor indicado (m\u00ednimo 0,02%FS) (velocidad 30mm\/min, captura de puntos 1\u00b5m)<br \/>\nRepetibilidad de la carrera del eje Z: 0,010 mm (velocidad de 30 mm\/min, captura de puntos de 1 \u00b5m)<br \/>\nRepetibilidad de la carrera del eje XY: 0,01 mm<br \/>\nPrecisi\u00f3n del recorrido del eje XY: 0,02%L + 0,024 mm del valor indicado<br \/>\nRango de velocidad de prueba del eje Z: 0\uff5e600mm\/min Rango de velocidad de desplazamiento del eje XY: 0\uff5e50mm\/s<br \/>\nRango m\u00e1ximo de prueba del eje Z: 50mm<br \/>\nDistancia transversal del eje XY 50 mm \u00d7 50 mm<br \/>\nMecanismo de transmisi\u00f3n del eje Z: husillo de bolas<br \/>\nMecanismo de transmisi\u00f3n del eje XY: gu\u00eda de deslizamiento de precisi\u00f3n<br \/>\nMotor de accionamiento: motor sin escobillas<br \/>\nDimensiones: 460 (ancho) \u00d7 520 (fondo) \u00d7 730 (alto) mm<br \/>\nPeso: 80 kg<br \/>\nFuente de alimentaci\u00f3n: 220V 50HZ 0,75KW<br \/>\nFunciones de maquinaria: Mide valor pico, valor valle, tacto, altura, etc.<\/p>\n<p>Caracter\u00edsticas de la m\u00e1quina: Emplea tecnolog\u00eda DSP para controlar el sistema de adquisici\u00f3n, con una frecuencia de muestreo de hasta 50000HZ (nuestra invenci\u00f3n patentada), y fuertes capacidades anti-interferencia.<\/p>\n<p>Comprobador de altura en miniatura SA-5053B Aplicaciones y productos comprobables: Adecuado para industrias como tel\u00e9fonos m\u00f3viles, ordenadores port\u00e1tiles, tabletas, conectores, botones, microinterruptores, c\u00e1maras digitales, fabricaci\u00f3n de bisagras, paneles t\u00e1ctiles LCD, monitores LCD, pivotes Pogo y muelles.<\/p>\n<p>Especificaciones de la m\u00e1quina:<br \/>\nCapacidad de carga de medici\u00f3n: 2kg\/5kg (seleccione una)<br \/>\nResoluci\u00f3n de fuerza m\u00ednima: 0.01g<br \/>\nResoluci\u00f3n m\u00ednima de carrera (altura): 0,001 mm<br \/>\nClase de m\u00e1quina: Clase 0.2<br \/>\nPrecisi\u00f3n de carga: \u00b1(0,2% + 0,004%FS del valor indicado) (hasta 1\/200 del fondo de escala de la c\u00e9lula de carga)<br \/>\nPrecisi\u00f3n de la carrera del eje Z: \u00b1(0,004 mm + 0,2% del valor indicado) (para calibres est\u00e1ndar)<br \/>\n\u00b13\u00b5m (para bloques de calibre de 0,5 mm)<br \/>\nPrecisi\u00f3n de la velocidad de prueba del eje Z: \u00b11%<br \/>\nRepetibilidad de carga: \u00b10,2% del valor indicado (m\u00ednimo 0,04%FS) (velocidad 30mm\/min, sujeci\u00f3n por puntos de 1\u00b5m)<br \/>\nRepetibilidad de la carrera del eje Z: 0,010 mm (velocidad de 30 mm\/min, sujeci\u00f3n por puntos de 1 \u00b5m) Distancia m\u00e1xima de recorrido: 140 mm<br \/>\nMecanismo de transmisi\u00f3n: Husillo de bolas<br \/>\nMotor de accionamiento: Motor sin escobillas<br \/>\nDimensiones: 400 (ancho) \u00d7 330 (fondo) \u00d7 700 (alto) mm<br \/>\nPeso: 65 kg<br \/>\nFuente de alimentaci\u00f3n: 220V 50HZ 600VA<br \/>\nFunci\u00f3n de la m\u00e1quina: Detecta el grosor de los objetos blandos, la altura de la junta de soldadura, etc.<\/p>\n<p>Caracter\u00edsticas de la m\u00e1quina: Emplea tecnolog\u00eda DSP para controlar el sistema de adquisici\u00f3n, con una frecuencia de muestreo de hasta 50000HZ (nuestra invenci\u00f3n patentada), y fuertes capacidades anti-interferencia.<\/p>\n<p>Caracter\u00edsticas especiales de la m\u00e1quina: Equipada con una lupa de 50 aumentos.<\/p>\n<p>Nuestra empresa investiga, desarrolla, fabrica y vende de forma independiente diversos instrumentos de ensayo de tracci\u00f3n, compresi\u00f3n, tracci\u00f3n-compresi\u00f3n y torsi\u00f3n, as\u00ed como m\u00e1quinas de ensayo de durabilidad y vida \u00fatil. La frecuencia de muestreo alcanza los 50.000 Hz, y la precisi\u00f3n de la carga puede llegar a 0,2% (a 1\/200 de la escala completa de la c\u00e9lula de carga).<\/p>","protected":false},"author":1,"featured_media":348,"template":"","meta":{"_acf_changed":false},"product_category":[7],"class_list":["post-347","product","type-product","status-publish","has-post-thumbnail","hentry","product_category-reliability-life-test-series"],"acf":[],"_links":{"self":[{"href":"https:\/\/www.envsin-testchamber.com\/es\/wp-json\/wp\/v2\/product\/347","targetHints":{"allow":["GET"]}}],"collection":[{"href":"https:\/\/www.envsin-testchamber.com\/es\/wp-json\/wp\/v2\/product"}],"about":[{"href":"https:\/\/www.envsin-testchamber.com\/es\/wp-json\/wp\/v2\/types\/product"}],"author":[{"embeddable":true,"href":"https:\/\/www.envsin-testchamber.com\/es\/wp-json\/wp\/v2\/users\/1"}],"wp:featuredmedia":[{"embeddable":true,"href":"https:\/\/www.envsin-testchamber.com\/es\/wp-json\/wp\/v2\/media\/348"}],"wp:attachment":[{"href":"https:\/\/www.envsin-testchamber.com\/es\/wp-json\/wp\/v2\/media?parent=347"}],"wp:term":[{"taxonomy":"product_category","embeddable":true,"href":"https:\/\/www.envsin-testchamber.com\/es\/wp-json\/wp\/v2\/product_category?post=347"}],"curies":[{"name":"wp","href":"https:\/\/api.w.org\/{rel}","templated":true}]}}