{"id":345,"date":"2026-03-23T14:18:49","date_gmt":"2026-03-23T06:18:49","guid":{"rendered":"https:\/\/www.envsin-testchamber.com\/?post_type=product&#038;p=345"},"modified":"2026-03-23T14:18:49","modified_gmt":"2026-03-23T06:18:49","slug":"milligram-strength-tester-sa-5051b","status":"publish","type":"product","link":"https:\/\/www.envsin-testchamber.com\/es\/product\/milligram-strength-tester-sa-5051b\/","title":{"rendered":"Medidor de resistencia en miligramos SA-5051B"},"content":{"rendered":"<p>Especificaciones de la m\u00e1quina<\/p>\n<p>Capacidad de carga medida: 2kg\/5kg (seleccionable)<br \/>\nResoluci\u00f3n de fuerza m\u00ednima: 0.01g<br \/>\nResoluci\u00f3n m\u00ednima de carrera (altura): 0,001 mm<br \/>\nClase de m\u00e1quina: Clase 0.5<br \/>\nPrecisi\u00f3n de carga: 0,5% + 0,004%FS del valor indicado (hasta 1\/200 del fondo de escala de la c\u00e9lula de carga)<br \/>\nPrecisi\u00f3n de medici\u00f3n del calibre de 0,5 mm del eje Z: 0,004 mm<br \/>\nPrecisi\u00f3n de la velocidad de prueba del eje Z: \u00b11%<br \/>\nRepetibilidad de carga: 0,5% del valor indicado (m\u00ednimo 0,02%FS) (velocidad 30mm\/min, captura de puntos 1\u00b5m)<br \/>\nRepetibilidad de la carrera del eje Z: 0,010 mm (velocidad de 30 mm\/min, captura de puntos de 1 \u00b5m)<br \/>\nRepetibilidad de la carrera del eje XY: 0,01 mm<br \/>\nPrecisi\u00f3n del recorrido del eje XY: 0,02%L + 0,024 mm del valor indicado<br \/>\nRango de velocidad de prueba del eje Z: 0\uff5e600mm\/min<br \/>\nRango de velocidad de desplazamiento del eje XY: 0\uff5e50mm\/s<br \/>\nDistancia m\u00e1xima de prueba del eje Z: 50 mm<br \/>\nDistancia de desplazamiento del eje XY: Eje X 50 mm, eje Y 50 mm<br \/>\nMecanismo de transmisi\u00f3n del eje Z: Husillo de bolas<br \/>\nMecanismo de transmisi\u00f3n del eje XY: Gu\u00eda de deslizamiento de precisi\u00f3n<br \/>\nMotor de accionamiento: Motor sin escobillas<br \/>\nDimensiones: 460 (ancho) \u00d7 520 (fondo) \u00d7 730 (alto) mm<br \/>\nPeso: 80 kg<br \/>\nFuente de alimentaci\u00f3n: 220V 50HZ 0,75KW<\/p>\n<p>Funciones de la m\u00e1quina: Mide valores pico, valores valle, retroalimentaci\u00f3n t\u00e1ctil, altura, etc.<\/p>\n<p>Caracter\u00edsticas de la m\u00e1quina: Emplea tecnolog\u00eda DSP para controlar el sistema de adquisici\u00f3n, con una frecuencia de muestreo de hasta 50000Hz (nuestra invenci\u00f3n patentada), y fuertes capacidades anti-interferencia.<\/p>","protected":false},"author":1,"featured_media":346,"template":"","meta":{"_acf_changed":false},"product_category":[7],"class_list":["post-345","product","type-product","status-publish","has-post-thumbnail","hentry","product_category-reliability-life-test-series"],"acf":[],"_links":{"self":[{"href":"https:\/\/www.envsin-testchamber.com\/es\/wp-json\/wp\/v2\/product\/345","targetHints":{"allow":["GET"]}}],"collection":[{"href":"https:\/\/www.envsin-testchamber.com\/es\/wp-json\/wp\/v2\/product"}],"about":[{"href":"https:\/\/www.envsin-testchamber.com\/es\/wp-json\/wp\/v2\/types\/product"}],"author":[{"embeddable":true,"href":"https:\/\/www.envsin-testchamber.com\/es\/wp-json\/wp\/v2\/users\/1"}],"wp:featuredmedia":[{"embeddable":true,"href":"https:\/\/www.envsin-testchamber.com\/es\/wp-json\/wp\/v2\/media\/346"}],"wp:attachment":[{"href":"https:\/\/www.envsin-testchamber.com\/es\/wp-json\/wp\/v2\/media?parent=345"}],"wp:term":[{"taxonomy":"product_category","embeddable":true,"href":"https:\/\/www.envsin-testchamber.com\/es\/wp-json\/wp\/v2\/product_category?post=345"}],"curies":[{"name":"wp","href":"https:\/\/api.w.org\/{rel}","templated":true}]}}