{"id":341,"date":"2026-03-23T14:12:55","date_gmt":"2026-03-23T06:12:55","guid":{"rendered":"https:\/\/www.envsin-testchamber.com\/?post_type=product&#038;p=341"},"modified":"2026-03-23T14:12:55","modified_gmt":"2026-03-23T06:12:55","slug":"spring-tension-and-compression-testing-machine-sa-3020b","status":"publish","type":"product","link":"https:\/\/www.envsin-testchamber.com\/es\/product\/spring-tension-and-compression-testing-machine-sa-3020b\/","title":{"rendered":"M\u00e1quina de ensayos de tracci\u00f3n y compresi\u00f3n de muelles SA-3020B"},"content":{"rendered":"<p>Especificaciones<br \/>\nCarga de prueba: 2kgf 20kgf 50kgf 100kgf 200kgf 500kgf 1000kgf 2000kgf<br \/>\nCarga de la pantalla: 0,01gf 0,1gf 2gf 10gf 20gf 0,1kgf 0,1kgf 0,2kgf<br \/>\nUnidades de carga: gf, kgf, N, lb<br \/>\nCarrera de prueba: 200 mm 800 mm<br \/>\nPrecisi\u00f3n de carga: \u00b10,2% +0,004FS (a 1\/200 del fondo de escala)<br \/>\nPrecisi\u00f3n de la m\u00e1quina: 0,2 grados<br \/>\nCarrera de visualizaci\u00f3n: 0,001 mm<br \/>\nMotor de accionamiento: Servomotor<br \/>\nDi\u00e1metro de la placa: \u222e60mm \u222e120mm \u222e200mm<br \/>\nDimensiones: w300\u00d7d410\u00d7h640 w790\u00d7d490\u00d7h1570 W930\u00d7D490\u00d7H2000 Peso de la m\u00e1quina: 55kg Dimensiones: 130mm x 250mm Fuente de alimentaci\u00f3n: AC 220V Caracter\u00edsticas de la m\u00e1quina:<\/p>\n<p>1. El ordenador establece por escrito las condiciones de la prueba, que pueden almacenarse. (Los ajustes pueden realizarse seleccionando opciones de un men\u00fa desplegable o introduciendo directamente los datos).<\/p>\n<p>2. La m\u00e1quina adopta un dise\u00f1o estructural de alta rigidez con un servomotor, lo que da como resultado una alta precisi\u00f3n y una larga vida \u00fatil.<\/p>\n<p>3. La visualizaci\u00f3n de la unidad de carga puede cambiarse libremente: N, lb, gf, kgf.<\/p>\n<p>4. Funci\u00f3n de memoria de origen autom\u00e1tica; los datos se guardan incluso durante una parada de la m\u00e1quina o un fallo de alimentaci\u00f3n.<\/p>\n<p>5. La funci\u00f3n de protecci\u00f3n contra sobrecarga de la c\u00e9lula de carga garantiza que \u00e9sta no se da\u00f1e.<\/p>\n<p>6. Puede almacenar e imprimir gr\u00e1ficos (curvas carga-carrera e informes de inspecci\u00f3n).<\/p>\n<p>7. Los informes de inspecci\u00f3n se generan autom\u00e1ticamente (pueden imprimirse directamente) y pueden convertirse para la exportaci\u00f3n o exportarse directamente a trav\u00e9s de la red.<\/p>\n<p>8. Puede registrar directamente los cambios de la curva carga-carrera din\u00e1mica para cada prueba.<\/p>\n<p>9. Introduzca los valores de tolerancia superior e inferior para la prueba; determina autom\u00e1ticamente OK o NG.<\/p>\n<p>10. Medici\u00f3n totalmente autom\u00e1tica de la carga en segmentos simples, dobles y triples.<\/p>\n<p>11. M\u00faltiples funciones de prueba: A. Ajustar la altura para medir la carga; B. Ajustar la carga para medir la altura; C. Ajustar la compresi\u00f3n para medir la carga;<\/p>\n<p>D. Fijar la carga para medir la compresi\u00f3n; E. Prueba de puntos multisegmento.<\/p>","protected":false},"author":1,"featured_media":342,"template":"","meta":{"_acf_changed":false},"product_category":[7],"class_list":["post-341","product","type-product","status-publish","has-post-thumbnail","hentry","product_category-reliability-life-test-series"],"acf":[],"_links":{"self":[{"href":"https:\/\/www.envsin-testchamber.com\/es\/wp-json\/wp\/v2\/product\/341","targetHints":{"allow":["GET"]}}],"collection":[{"href":"https:\/\/www.envsin-testchamber.com\/es\/wp-json\/wp\/v2\/product"}],"about":[{"href":"https:\/\/www.envsin-testchamber.com\/es\/wp-json\/wp\/v2\/types\/product"}],"author":[{"embeddable":true,"href":"https:\/\/www.envsin-testchamber.com\/es\/wp-json\/wp\/v2\/users\/1"}],"wp:featuredmedia":[{"embeddable":true,"href":"https:\/\/www.envsin-testchamber.com\/es\/wp-json\/wp\/v2\/media\/342"}],"wp:attachment":[{"href":"https:\/\/www.envsin-testchamber.com\/es\/wp-json\/wp\/v2\/media?parent=341"}],"wp:term":[{"taxonomy":"product_category","embeddable":true,"href":"https:\/\/www.envsin-testchamber.com\/es\/wp-json\/wp\/v2\/product_category?post=341"}],"curies":[{"name":"wp","href":"https:\/\/api.w.org\/{rel}","templated":true}]}}