{"id":339,"date":"2026-03-23T14:11:09","date_gmt":"2026-03-23T06:11:09","guid":{"rendered":"https:\/\/www.envsin-testchamber.com\/?post_type=product&#038;p=339"},"modified":"2026-03-23T14:11:09","modified_gmt":"2026-03-23T06:11:09","slug":"x-y-z-triaxial-load-height-curve-testing-machine-sa-8205bh","status":"publish","type":"product","link":"https:\/\/www.envsin-testchamber.com\/es\/product\/x-y-z-triaxial-load-height-curve-testing-machine-sa-8205bh\/","title":{"rendered":"M\u00e1quina de ensayo de curvas de carga-peso triaxial X-Y-Z SA-8205BH"},"content":{"rendered":"<p>Fabricado de acuerdo con los requisitos t\u00e9cnicos estipulados en la norma nacional para m\u00e1quinas de ensayo de muelles, el sistema autom\u00e1tico de control y adquisici\u00f3n de datos dise\u00f1ado por profesionales realiza el ajuste totalmente digital del proceso de adquisici\u00f3n y control de datos.<\/p>\n<p>Nuestra empresa investiga, desarrolla, fabrica y vende de forma independiente diversos instrumentos de ensayo de tracci\u00f3n, compresi\u00f3n, tracci\u00f3n-compresi\u00f3n y torsi\u00f3n, as\u00ed como m\u00e1quinas de ensayo de durabilidad y vida \u00fatil. La frecuencia de muestreo alcanza los 50.000 Hz, y la precisi\u00f3n de la carga puede llegar a 0,2% (a 1\/200 de la escala completa de la c\u00e9lula de carga).<\/p>","protected":false},"author":1,"featured_media":340,"template":"","meta":{"_acf_changed":false},"product_category":[7],"class_list":["post-339","product","type-product","status-publish","has-post-thumbnail","hentry","product_category-reliability-life-test-series"],"acf":[],"_links":{"self":[{"href":"https:\/\/www.envsin-testchamber.com\/es\/wp-json\/wp\/v2\/product\/339","targetHints":{"allow":["GET"]}}],"collection":[{"href":"https:\/\/www.envsin-testchamber.com\/es\/wp-json\/wp\/v2\/product"}],"about":[{"href":"https:\/\/www.envsin-testchamber.com\/es\/wp-json\/wp\/v2\/types\/product"}],"author":[{"embeddable":true,"href":"https:\/\/www.envsin-testchamber.com\/es\/wp-json\/wp\/v2\/users\/1"}],"wp:featuredmedia":[{"embeddable":true,"href":"https:\/\/www.envsin-testchamber.com\/es\/wp-json\/wp\/v2\/media\/340"}],"wp:attachment":[{"href":"https:\/\/www.envsin-testchamber.com\/es\/wp-json\/wp\/v2\/media?parent=339"}],"wp:term":[{"taxonomy":"product_category","embeddable":true,"href":"https:\/\/www.envsin-testchamber.com\/es\/wp-json\/wp\/v2\/product_category?post=339"}],"curies":[{"name":"wp","href":"https:\/\/api.w.org\/{rel}","templated":true}]}}