{"id":337,"date":"2026-03-23T14:09:45","date_gmt":"2026-03-23T06:09:45","guid":{"rendered":"https:\/\/www.envsin-testchamber.com\/?post_type=product&#038;p=337"},"modified":"2026-03-23T14:09:45","modified_gmt":"2026-03-23T06:09:45","slug":"x-y-z-four-head-load-displacement-curve-testing-machine-sa-8000b4","status":"publish","type":"product","link":"https:\/\/www.envsin-testchamber.com\/es\/product\/x-y-z-four-head-load-displacement-curve-testing-machine-sa-8000b4\/","title":{"rendered":"M\u00e1quina de ensayo de curvas de carga-desplazamiento X-Y-Z de cuatro cabezales SA-8000B4"},"content":{"rendered":"<p>La m\u00e1quina de ensayo triaxial de curvas de carga-altura es una mejora de la m\u00e1quina de ensayo triaxial de curvas de carga-desplazamiento. Puede probar no s\u00f3lo la sensaci\u00f3n del viaje de la carga de productos tales como interruptores del bot\u00f3n, pero tambi\u00e9n la altura y el grueso de estos productos.<\/p>\n<p>Esta prueba de altura resuelve el problema de la medici\u00f3n de la altura y el grosor que no puede realizarse mediante m\u00e9todos \u00f3pticos o de contacto. Por ejemplo, con esta m\u00e1quina se puede comprobar la altura de las juntas de soldadura en placas de circuito impreso y la altura de los componentes tras la soldadura.<\/p>\n<p>Nuestra empresa investiga, desarrolla, fabrica y vende de forma independiente diversos instrumentos de ensayo de tracci\u00f3n, compresi\u00f3n, tracci\u00f3n-compresi\u00f3n y torsi\u00f3n, as\u00ed como m\u00e1quinas de ensayo de durabilidad y vida \u00fatil. La frecuencia de muestreo alcanza los 50.000 Hz, y la precisi\u00f3n de la carga puede llegar a 0,2% (a 1\/200 de la escala completa de la c\u00e9lula de carga).<\/p>","protected":false},"author":1,"featured_media":338,"template":"","meta":{"_acf_changed":false},"product_category":[7],"class_list":["post-337","product","type-product","status-publish","has-post-thumbnail","hentry","product_category-reliability-life-test-series"],"acf":[],"_links":{"self":[{"href":"https:\/\/www.envsin-testchamber.com\/es\/wp-json\/wp\/v2\/product\/337","targetHints":{"allow":["GET"]}}],"collection":[{"href":"https:\/\/www.envsin-testchamber.com\/es\/wp-json\/wp\/v2\/product"}],"about":[{"href":"https:\/\/www.envsin-testchamber.com\/es\/wp-json\/wp\/v2\/types\/product"}],"author":[{"embeddable":true,"href":"https:\/\/www.envsin-testchamber.com\/es\/wp-json\/wp\/v2\/users\/1"}],"wp:featuredmedia":[{"embeddable":true,"href":"https:\/\/www.envsin-testchamber.com\/es\/wp-json\/wp\/v2\/media\/338"}],"wp:attachment":[{"href":"https:\/\/www.envsin-testchamber.com\/es\/wp-json\/wp\/v2\/media?parent=337"}],"wp:term":[{"taxonomy":"product_category","embeddable":true,"href":"https:\/\/www.envsin-testchamber.com\/es\/wp-json\/wp\/v2\/product_category?post=337"}],"curies":[{"name":"wp","href":"https:\/\/api.w.org\/{rel}","templated":true}]}}