{"id":335,"date":"2026-03-23T14:08:47","date_gmt":"2026-03-23T06:08:47","guid":{"rendered":"https:\/\/www.envsin-testchamber.com\/?post_type=product&#038;p=335"},"modified":"2026-03-23T14:08:47","modified_gmt":"2026-03-23T06:08:47","slug":"pin-load-stroke-impedance-testing-machine-sa-505bd","status":"publish","type":"product","link":"https:\/\/www.envsin-testchamber.com\/es\/product\/pin-load-stroke-impedance-testing-machine-sa-505bd\/","title":{"rendered":"M\u00e1quina de ensayo de impedancia por carga de agujas SA-505BD"},"content":{"rendered":"<p>The X-Y-Z four-head load-displacement curve testing machine places products of the same specifications on a testing platform, sets one coordinate system, and automatically generates coordinates for the other channels. During testing, the curves from each station are simultaneously displayed on the computer screen. Data is automatically stored and can be retrieved at any time. This greatly improves testing efficiency, reduces potential quality issues, and lowers quality costs. It is a load-displacement curve testing machine that combines efficiency and accuracy.<\/p>\n<p>Nuestra empresa investiga, desarrolla, fabrica y vende de forma independiente diversos instrumentos de ensayo de tracci\u00f3n, compresi\u00f3n, tracci\u00f3n-compresi\u00f3n y torsi\u00f3n, as\u00ed como m\u00e1quinas de ensayo de durabilidad y vida \u00fatil. La frecuencia de muestreo alcanza los 50.000 Hz, y la precisi\u00f3n de la carga puede llegar a 0,2% (a 1\/200 de la escala completa de la c\u00e9lula de carga).<\/p>","protected":false},"author":1,"featured_media":336,"template":"","meta":{"_acf_changed":false},"product_category":[7],"class_list":["post-335","product","type-product","status-publish","has-post-thumbnail","hentry","product_category-reliability-life-test-series"],"acf":[],"_links":{"self":[{"href":"https:\/\/www.envsin-testchamber.com\/es\/wp-json\/wp\/v2\/product\/335","targetHints":{"allow":["GET"]}}],"collection":[{"href":"https:\/\/www.envsin-testchamber.com\/es\/wp-json\/wp\/v2\/product"}],"about":[{"href":"https:\/\/www.envsin-testchamber.com\/es\/wp-json\/wp\/v2\/types\/product"}],"author":[{"embeddable":true,"href":"https:\/\/www.envsin-testchamber.com\/es\/wp-json\/wp\/v2\/users\/1"}],"wp:featuredmedia":[{"embeddable":true,"href":"https:\/\/www.envsin-testchamber.com\/es\/wp-json\/wp\/v2\/media\/336"}],"wp:attachment":[{"href":"https:\/\/www.envsin-testchamber.com\/es\/wp-json\/wp\/v2\/media?parent=335"}],"wp:term":[{"taxonomy":"product_category","embeddable":true,"href":"https:\/\/www.envsin-testchamber.com\/es\/wp-json\/wp\/v2\/product_category?post=335"}],"curies":[{"name":"wp","href":"https:\/\/api.w.org\/{rel}","templated":true}]}}