{"id":331,"date":"2026-03-23T14:03:15","date_gmt":"2026-03-23T06:03:15","guid":{"rendered":"https:\/\/www.envsin-testchamber.com\/?post_type=product&#038;p=331"},"modified":"2026-03-23T14:03:15","modified_gmt":"2026-03-23T06:03:15","slug":"large-triaxial-pressure-testing-machine-sa-8815by","status":"publish","type":"product","link":"https:\/\/www.envsin-testchamber.com\/es\/product\/large-triaxial-pressure-testing-machine-sa-8815by\/","title":{"rendered":"Gran m\u00e1quina triaxial de ensayos de presi\u00f3n SA-8815BY"},"content":{"rendered":"<p>Product Introduction:<\/p>\n<p>This ejector pin load-stroke impedance life testing machine is custom-designed for testing ejector pins and probes. The three main test indicators are ejector pin and probe force, stroke, and contact resistance. This machine can simultaneously test the load-displacement-resistance curve of the ejector pin. The total number of life tests can be set, along with the interval between tests before resuming life testing.<\/p>\n<p>Data is stored via computer settings, making it an excellent ejector pin and probe testing machine. The test head and bottom test fixture require meticulous processing to ensure accurate testing of even minute contact resistance values.<\/p>\n<p>Nuestra empresa investiga, desarrolla, fabrica y vende de forma independiente diversos instrumentos de ensayo de tracci\u00f3n, compresi\u00f3n, tracci\u00f3n-compresi\u00f3n y torsi\u00f3n, as\u00ed como m\u00e1quinas de ensayo de durabilidad y vida \u00fatil. La frecuencia de muestreo alcanza los 50.000 Hz, y la precisi\u00f3n de la carga puede llegar a 0,2% (a 1\/200 de la escala completa de la c\u00e9lula de carga).<\/p>","protected":false},"author":1,"featured_media":332,"template":"","meta":{"_acf_changed":false},"product_category":[7],"class_list":["post-331","product","type-product","status-publish","has-post-thumbnail","hentry","product_category-reliability-life-test-series"],"acf":[],"_links":{"self":[{"href":"https:\/\/www.envsin-testchamber.com\/es\/wp-json\/wp\/v2\/product\/331","targetHints":{"allow":["GET"]}}],"collection":[{"href":"https:\/\/www.envsin-testchamber.com\/es\/wp-json\/wp\/v2\/product"}],"about":[{"href":"https:\/\/www.envsin-testchamber.com\/es\/wp-json\/wp\/v2\/types\/product"}],"author":[{"embeddable":true,"href":"https:\/\/www.envsin-testchamber.com\/es\/wp-json\/wp\/v2\/users\/1"}],"wp:featuredmedia":[{"embeddable":true,"href":"https:\/\/www.envsin-testchamber.com\/es\/wp-json\/wp\/v2\/media\/332"}],"wp:attachment":[{"href":"https:\/\/www.envsin-testchamber.com\/es\/wp-json\/wp\/v2\/media?parent=331"}],"wp:term":[{"taxonomy":"product_category","embeddable":true,"href":"https:\/\/www.envsin-testchamber.com\/es\/wp-json\/wp\/v2\/product_category?post=331"}],"curies":[{"name":"wp","href":"https:\/\/api.w.org\/{rel}","templated":true}]}}